{"id":3545,"date":"2020-11-17T16:18:06","date_gmt":"2020-11-17T15:18:06","guid":{"rendered":"https:\/\/mygreenbrands.com\/?post_type=product&#038;p=3545"},"modified":"2025-07-29T12:23:27","modified_gmt":"2025-07-29T10:23:27","slug":"terra-tonics-nettoyant-visage-detoxifiant-demaquillant-60-ml","status":"publish","type":"product","link":"https:\/\/awesomegreenbeauty.com\/en\/product\/terra-tonics-nettoyant-visage-detoxifiant-demaquillant-60-ml\/","title":{"rendered":"TERRA TONICS \u2013 Nettoyant visage, D\u00e9toxifiant &#038; D\u00e9maquillant &#8211; 50g"},"content":{"rendered":"<p>Elemental Cleanser est un nettoyant, d\u00e9toxifiant\u00a0 et d\u00e9maquillant doux sous forme de poudre qui mousse au contact de l\u2019eau. Sans eau ce nettoyant offre 100 % de principes actifs. Cette poudre nettoyante est recommand\u00e9e pour<a href=\"https:\/\/awesomegreenbeauty.com\/en\/routines-peaux-sensibles-reactives\/\" target=\"_blank\" rel=\"noopener\"> <strong>tous les types de peaux.<\/strong><\/a><\/p>\n<p>Le nettoyant, d\u00e9toxifiant d\u00e9maquillant Elemental Cleanser est formul\u00e9 avec des actifs qui s&rsquo;activent au contact de l&rsquo;eau.<\/p>\n<p>Ce m\u00e9lange hautement antioxydant compos\u00e9 de plantes et de min\u00e9raux nettoie, d\u00e9toxifie &amp; purifie votre peau.<\/p>\n<p>Cette poudre nettoyante absorbe les toxines et les radicaux libres tout en nourrissant et r\u00e9parant la peau.<\/p>\n<p>It also serves as a makeup remover.<\/p>\n<h3>The ingredient<\/h3>\n<ul>\n<li data-start=\"174\" data-end=\"282\"><strong data-start=\"176\" data-end=\"214\">Argile kaolin australienne blanche<\/strong> : Absorbe l&rsquo;exc\u00e8s de s\u00e9bum, nettoie en douceur et apaise la peau.<\/li>\n<li data-start=\"283\" data-end=\"390\"><strong data-start=\"285\" data-end=\"322\">Poudre de noix de coco biologique<\/strong> : Exfolie l\u00e9g\u00e8rement et nourrit gr\u00e2ce \u00e0 ses acides gras naturels.<\/li>\n<li data-start=\"391\" data-end=\"539\"><strong data-start=\"393\" data-end=\"429\">Is\u00e9thionate de cocoyle de sodium<\/strong> : Tensioactif doux d\u00e9riv\u00e9 de la noix de coco, id\u00e9al pour un nettoyage efficace mais respectueux de la peau.<\/li>\n<li data-start=\"540\" data-end=\"616\"><strong data-start=\"542\" data-end=\"575\">Poudre d&rsquo;Aloe Vera biologique<\/strong> : Hydrate, apaise et r\u00e9g\u00e9n\u00e8re la peau.<\/li>\n<\/ul>\n<h3>Les b\u00e9n\u00e9fices<\/h3>\n<p><strong>Argile kaolin australienne blanche<\/strong><br \/>\nL&rsquo;argile blanche, ou kaolin, est une poudre fine riche en min\u00e9raux tels que le silicium, le calcium, le magn\u00e9sium et le zinc. Elle est r\u00e9put\u00e9e pour ses propri\u00e9t\u00e9s purifiantes, apaisantes et remin\u00e9ralisantes, ce qui la rend particuli\u00e8rement adapt\u00e9e aux peaux sensibles et s\u00e8ches. Elle absorbe l&rsquo;exc\u00e8s de s\u00e9bum et les impuret\u00e9s sans agresser l&rsquo;\u00e9piderme, apaise les irritations et aide \u00e0 revitaliser la peau en douceur.<\/p>\n<p><a href=\"https:\/\/www.santemagazine.fr\/alimentation\/aliments-et-sante\/fruits\/la-noix-de-coco-est-elle-vraiment-un-aliment-healthy\" target=\"_blank\" rel=\"noopener\"><strong>Poudre de noix de coco biologique<\/strong><\/a><br \/>\nLa poudre de noix de coco biologique est utilis\u00e9e en cosm\u00e9tique pour ses propri\u00e9t\u00e9s exfoliantes douces. Elle aide \u00e0 \u00e9liminer les cellules mortes de la peau, favorisant ainsi un teint plus lumineux et une texture de peau plus lisse. De plus, elle est riche en acides gras essentiels qui nourrissent et hydratent la peau, contribuant \u00e0 maintenir son \u00e9lasticit\u00e9 et sa douceur.<\/p>\n<p><strong>Is\u00e9thionate de cocoyle de sodium<\/strong> (agent nettoyant \u00e0 la noix de coco)<br \/>\nL&rsquo;is\u00e9thionate de cocoyle de sodium est un tensioactif doux d\u00e9riv\u00e9 de l&rsquo;huile de coco. Il est largement utilis\u00e9 dans les produits de soins personnels pour sa capacit\u00e9 \u00e0 nettoyer efficacement la peau sans la dess\u00e9cher. Gr\u00e2ce \u00e0 sa douceur, il est particuli\u00e8rement adapt\u00e9 aux peaux sensibles, offrant une mousse cr\u00e9meuse qui laisse la peau douce et souple apr\u00e8s le rin\u00e7age.<br \/>\n<a href=\"https:\/\/trustmyscience.com\/bienfaits-de-l-aloe-vera\" target=\"_blank\" rel=\"noopener\"><strong>Poudre d&rsquo;Aloe Vera biologique<\/strong><\/a><br \/>\nL&rsquo;Aloe Vera est reconnue pour ses multiples bienfaits sur la peau. Sous forme de poudre biologique, elle conserve ses propri\u00e9t\u00e9s hydratantes, apaisantes et r\u00e9paratrices. Elle aide \u00e0 calmer les irritations, hydrate en profondeur et favorise la r\u00e9g\u00e9n\u00e9ration cellulaire, contribuant ainsi \u00e0 une peau plus saine et \u00e9clatante.<br \/>\nCes ingr\u00e9dients, combin\u00e9s dans une formulation cosm\u00e9tique, offrent une synergie b\u00e9n\u00e9fique pour la peau, alliant purification, exfoliation douce, hydratation et apaisement.<\/p>\n<h3>R\u00e9sultats<\/h3>\n<ul>\n<li><a href=\"https:\/\/awesomegreenbeauty.com\/en\/les-peaux-matures-2\/\" target=\"_blank\" rel=\"noopener\">\u00c9limine les radicaux libres |Anti-\u00e2ge<\/a> | \u00c9quilibre le PH de la peau |\u00a0\u00c9limine l&rsquo;exc\u00e8s de s\u00e9bum<\/li>\n<li>Prot\u00e8ge la barri\u00e8re cutan\u00e9e |\u00a0Resserre les pores |\u00a0<a href=\"https:\/\/awesomegreenbeauty.com\/en\/les-peaux-a-imperfections\/\" target=\"_blank\" rel=\"noopener\">Helps eliminate acne<\/a><\/li>\n<\/ul>\n<p>Note: Water-based skin care is less effective and has a much shorter shelf life.<\/p>\n<p>Combinez avec<a href=\"https:\/\/awesomegreenbeauty.com\/en\/product\/terra-tonics-serum-bio-antiage-vitamine-a-vitamine-c\/\" target=\"_blank\" rel=\"noopener\"> le s\u00e9rum Clean Collagen<\/a> and <a href=\"https:\/\/awesomegreenbeauty.com\/en\/product\/terra-tonics-cellular-hydration-serum-a-lacide-hyaluronique\/\" target=\"_blank\" rel=\"noopener\"><strong>le Cellular Hydration<\/strong><\/a> de Terra Tonics pour cr\u00e9er un rituel de soin extr\u00eamement performant \u00a0pour une peau \u00e9clatante.<\/p>\n<p>Each jar contains a 1 month supply.<\/p>\n<p>Note: Products that do not contain water are undiluted and 100% active. In most cases, they also require very little or no preservatives.<\/p>\n<div class=\"oceanwp-oembed-wrap clr\">\n<blockquote class=\"wp-embedded-content\" data-secret=\"OnlNXdKrg4\"><p><a href=\"https:\/\/awesomegreenbeauty.com\/en\/product\/okoko-nettoyant-4-en-1-beaute-majestique\/\">Beaut\u00e9 Majestique multi-fonctions Cleanser &amp; Exfoliant beauty Balm<\/a><\/p><\/blockquote>\n<p><iframe class=\"wp-embedded-content\" sandbox=\"allow-scripts\" security=\"restricted\" style=\"position: absolute; visibility: hidden;\" title=\"\u00ab\u00a0OKOKO Cosm\u00e9tiques &#8211; Nettoyant\/Hydratant &amp; Exfoliant 4-En-1 Beaut\u00e9 Majestique\u00a0\u00bb &#8212; Awesome Green Beauty\" src=\"https:\/\/awesomegreenbeauty.com\/produit\/okoko-nettoyant-4-en-1-beaute-majestique\/embed\/#?secret=k53TCi1WC1#?secret=OnlNXdKrg4\" data-secret=\"OnlNXdKrg4\" width=\"600\" height=\"338\" frameborder=\"0\" marginwidth=\"0\" marginheight=\"0\" scrolling=\"no\"><\/iframe><\/div>\n<div class=\"oceanwp-oembed-wrap clr\">\n<blockquote class=\"wp-embedded-content\" data-secret=\"yagwZWN20G\"><p><a href=\"https:\/\/awesomegreenbeauty.com\/en\/product\/josh-rosebrook-huile-visage-retinoide-et-vitamine-c-30-ml\/\">JOSH ROSEBROOK &#8211; Huile visage R\u00e9tinol et Vitamine C &#8211; 30 ml<\/a><\/p><\/blockquote>\n<p><iframe class=\"wp-embedded-content\" sandbox=\"allow-scripts\" security=\"restricted\" style=\"position: absolute; visibility: hidden;\" title=\"\u00ab\u00a0JOSH ROSEBROOK &#8211; Huile visage R\u00e9tinol et Vitamine C &#8211; 30 ml\u00a0\u00bb &#8212; Awesome Green Beauty\" src=\"https:\/\/awesomegreenbeauty.com\/produit\/josh-rosebrook-huile-visage-retinoide-et-vitamine-c-30-ml\/embed\/#?secret=11OHjE39Fh#?secret=yagwZWN20G\" data-secret=\"yagwZWN20G\" width=\"600\" height=\"338\" frameborder=\"0\" marginwidth=\"0\" marginheight=\"0\" scrolling=\"no\"><\/iframe><\/div>\n<div class=\"oceanwp-oembed-wrap clr\">\n<blockquote class=\"wp-embedded-content\" data-secret=\"70ZbC0zgMT\"><p><a href=\"https:\/\/awesomegreenbeauty.com\/en\/product\/dafnas-detoxify-mask-50-ml\/\">DAFNA&rsquo;S \u2013 Detoxify Mask &#8211; 50 ml<\/a><\/p><\/blockquote>\n<p><iframe class=\"wp-embedded-content\" sandbox=\"allow-scripts\" security=\"restricted\" style=\"position: absolute; visibility: hidden;\" title=\"\u00ab\u00a0DAFNA&rsquo;S \u2013 Detoxify Mask &#8211; 50 ml\u00a0\u00bb &#8212; Awesome Green Beauty\" src=\"https:\/\/awesomegreenbeauty.com\/produit\/dafnas-detoxify-mask-50-ml\/embed\/#?secret=oGhIDmFW8z#?secret=70ZbC0zgMT\" data-secret=\"70ZbC0zgMT\" width=\"600\" height=\"338\" frameborder=\"0\" marginwidth=\"0\" marginheight=\"0\" scrolling=\"no\"><\/iframe><\/div>","protected":false},"excerpt":{"rendered":"<p><strong>100 % Natural | Organic | Cleanser &amp; make-up remover<\/strong><\/p>\n<p>This highly antioxidant blend of botanicals and minerals cleanses, detoxifies &amp; purifies your skin. Benefits:<\/p>\n<ul>\n<li>Eliminates free radicals<\/li>\n<li>Anti-aging<\/li>\n<li>Balances the skin's pH<\/li>\n<li>Eliminate excess sebum<\/li>\n<li>Protects the skin barrier<\/li>\n<li>Tightens pores<\/li>\n<li>Helps eliminate acne<\/li>\n<\/ul>\n<p>You are offered the spoon to meet your exact needs!<\/p>\n<p>The bottle and the refill correspond to 1 month of use morning &amp; evening!<\/p>\n<p>BEST VEGAN SKINCARE BRAND 2022<\/p>\n<p><img decoding=\"async\" src=\"https:\/\/cdn.shopify.com\/s\/files\/1\/0257\/7255\/6322\/files\/Terra-Tonics-set-ec-awards-2022-60px.png?v=1666670816\" \/><\/p>","protected":false},"featured_media":12842,"template":"","meta":{"ocean_post_layout":"","ocean_both_sidebars_style":"","ocean_both_sidebars_content_width":0,"ocean_both_sidebars_sidebars_width":0,"ocean_sidebar":"0","ocean_second_sidebar":"0","ocean_disable_margins":"enable","ocean_add_body_class":"","ocean_shortcode_before_top_bar":"","ocean_shortcode_after_top_bar":"","ocean_shortcode_before_header":"","ocean_shortcode_after_header":"","ocean_has_shortcode":"","ocean_shortcode_after_title":"","ocean_shortcode_before_footer_widgets":"","ocean_shortcode_after_footer_widgets":"","ocean_shortcode_before_footer_bottom":"","ocean_shortcode_after_footer_bottom":"","ocean_display_top_bar":"default","ocean_display_header":"default","ocean_header_style":"","ocean_center_header_left_menu":"0","ocean_custom_header_template":"0","ocean_custom_logo":0,"ocean_custom_retina_logo":0,"ocean_custom_logo_max_width":0,"ocean_custom_logo_tablet_max_width":0,"ocean_custom_logo_mobile_max_width":0,"ocean_custom_logo_max_height":0,"ocean_custom_logo_tablet_max_height":0,"ocean_custom_logo_mobile_max_height":0,"ocean_header_custom_menu":"0","ocean_menu_typo_font_family":"0","ocean_menu_typo_font_subset":"","ocean_menu_typo_font_size":0,"ocean_menu_typo_font_size_tablet":0,"ocean_menu_typo_font_size_mobile":0,"ocean_menu_typo_font_size_unit":"px","ocean_menu_typo_font_weight":"","ocean_menu_typo_font_weight_tablet":"","ocean_menu_typo_font_weight_mobile":"","ocean_menu_typo_transform":"","ocean_menu_typo_transform_tablet":"","ocean_menu_typo_transform_mobile":"","ocean_menu_typo_line_height":0,"ocean_menu_typo_line_height_tablet":0,"ocean_menu_typo_line_height_mobile":0,"ocean_menu_typo_line_height_unit":"","ocean_menu_typo_spacing":0,"ocean_menu_typo_spacing_tablet":0,"ocean_menu_typo_spacing_mobile":0,"ocean_menu_typo_spacing_unit":"","ocean_menu_link_color":"","ocean_menu_link_color_hover":"","ocean_menu_link_color_active":"","ocean_menu_link_background":"","ocean_menu_link_hover_background":"","ocean_menu_link_active_background":"","ocean_menu_social_links_bg":"","ocean_menu_social_hover_links_bg":"","ocean_menu_social_links_color":"","ocean_menu_social_hover_links_color":"","ocean_disable_title":"default","ocean_disable_heading":"default","ocean_post_title":"","ocean_post_subheading":"","ocean_post_title_style":"","ocean_post_title_background_color":"","ocean_post_title_background":0,"ocean_post_title_bg_image_position":"","ocean_post_title_bg_image_attachment":"","ocean_post_title_bg_image_repeat":"","ocean_post_title_bg_image_size":"","ocean_post_title_height":0,"ocean_post_title_bg_overlay":0.5,"ocean_post_title_bg_overlay_color":"","ocean_disable_breadcrumbs":"default","ocean_breadcrumbs_color":"","ocean_breadcrumbs_separator_color":"","ocean_breadcrumbs_links_color":"","ocean_breadcrumbs_links_hover_color":"","ocean_display_footer_widgets":"default","ocean_display_footer_bottom":"default","ocean_custom_footer_template":"0"},"product_cat":[410,36,87,91,90,409,20],"product_tag":[],"class_list":{"0":"post-3545","1":"product","2":"type-product","3":"status-publish","4":"has-post-thumbnail","6":"product_brand-terra-tonics","7":"product_cat-hyperpigmentation-taches-pigmentaires","8":"product_cat-nettoyants-visage-bio-naturels","9":"product_cat-peaux-matures","10":"product_cat-tout-type-de-peau","11":"product_cat-peaux-seches-deshydratees","12":"product_cat-peaux-ternes","13":"product_cat-soins-du-visage","15":"entry","16":"has-media","18":"first","19":"instock","20":"featured","21":"taxable","22":"shipping-taxable","23":"purchasable","24":"product-type-variable","25":"has-default-attributes","26":"has-product-nav","27":"col","28":"span_1_of_4","29":"owp-content-center","30":"owp-thumbs-layout-horizontal","31":"owp-btn-normal","32":"owp-tabs-layout-horizontal"},"_links":{"self":[{"href":"https:\/\/awesomegreenbeauty.com\/en\/wp-json\/wp\/v2\/product\/3545","targetHints":{"allow":["GET"]}}],"collection":[{"href":"https:\/\/awesomegreenbeauty.com\/en\/wp-json\/wp\/v2\/product"}],"about":[{"href":"https:\/\/awesomegreenbeauty.com\/en\/wp-json\/wp\/v2\/types\/product"}],"version-history":[{"count":0,"href":"https:\/\/awesomegreenbeauty.com\/en\/wp-json\/wp\/v2\/product\/3545\/revisions"}],"wp:featuredmedia":[{"embeddable":true,"href":"https:\/\/awesomegreenbeauty.com\/en\/wp-json\/wp\/v2\/media\/12842"}],"wp:attachment":[{"href":"https:\/\/awesomegreenbeauty.com\/en\/wp-json\/wp\/v2\/media?parent=3545"}],"wp:term":[{"taxonomy":"product_cat","embeddable":true,"href":"https:\/\/awesomegreenbeauty.com\/en\/wp-json\/wp\/v2\/product_cat?post=3545"},{"taxonomy":"product_tag","embeddable":true,"href":"https:\/\/awesomegreenbeauty.com\/en\/wp-json\/wp\/v2\/product_tag?post=3545"}],"curies":[{"name":"wp","href":"https:\/\/api.w.org\/{rel}","templated":true}]}}