{"id":35588,"date":"2025-12-21T16:37:04","date_gmt":"2025-12-21T15:37:04","guid":{"rendered":"https:\/\/awesomegreenbeauty.com\/?post_type=product&#038;p=35588"},"modified":"2025-12-21T16:39:31","modified_gmt":"2025-12-21T15:39:31","slug":"evolve-beauty-lotion-exfoliante","status":"publish","type":"product","link":"https:\/\/awesomegreenbeauty.com\/en\/product\/evolve-beauty-lotion-exfoliante\/","title":{"rendered":"EVOLVE Beauty &#8211; Toner Radiance AHA &#8211; 100 ML"},"content":{"rendered":"<p>Une lotion exfoliante 100 % naturelle \u00e0 l&rsquo;acide glycolique, aux AHA et BHA issus de fruits, qui lisse le grain de peau et ravive l\u2019\u00e9clat d\u00e8s la premi\u00e8re application.<\/p>\n<p>Un exfoliant liquide pour r\u00e9v\u00e9ler instantan\u00e9ment une peau plus lisse et plus lumineuse. Notre m\u00e9lange d&rsquo;AHA de fruits comprend de l&rsquo;acide glycolique (canne \u00e0 sucre), de l&rsquo;acide malique (pommes) et de l&rsquo;acide citrique (agrumes), ainsi que de l&rsquo;acide salicylique BHA d&rsquo;\u00e9corce de saule. Associ\u00e9 au Galactoarabinan de m\u00e9l\u00e8zes, il aide \u00e0 stimuler l&rsquo;exfoliation, \u00e0 r\u00e9duire les irritations et la s\u00e9cheresse et \u00e0 am\u00e9liorer la texture de la peau. D\u00e9licatement parfum\u00e9 \u00e0 l&rsquo;eau de fleur d&rsquo;oranger bio.<\/p>\n<p>Formul\u00e9e \u00e0 base d\u2019AHA issus de fruits (acides glycolique, malique et citrique), elle exfolie en douceur tout en hydratant la peau. Son BHA naturel, l\u2019acide salicylique extrait de l\u2019\u00e9corce de saule, stimule le renouvellement cellulaire, purifie et apaise sans agresser. Enfin, le galactoarabinane issu du m\u00e9l\u00e8ze renforce l\u2019action exfoliante tout en limitant les irritations, permettant une tol\u00e9rance optimale m\u00eame sur les peaux sensibles.<\/p>\n<p>R\u00e9sultat : une peau plus lisse, plus \u00e9clatante, et un teint visiblement plus frais d\u00e8s les premi\u00e8res applications.<\/p>","protected":false},"excerpt":{"rendered":"<p><strong>Lotion Tonique exfoliante | Bio | V\u00e9gan | Peaux Ternes &amp; Fatigu\u00e9es<\/strong><\/p>\n<p>Ce produit exfolie<strong><em> la peau en douceur et est Hypoallerg\u00e9nique<\/em><\/strong> <strong> |<\/strong> R\u00e9v\u00e8le instantan\u00e9ment<em><strong> une peau plus lisse et lumineuse<\/strong><\/em> <strong> |<\/strong> Contient des AHA et des BHA pour stimuler<em><strong> l&rsquo;exfoliation et le renouvellement cellulaire<\/strong><\/em> <strong>|<\/strong> Les acides alpha-hydroxy (AHA) aident \u00e0 <em><strong>retain water in the skin<\/strong><\/em>, tandis que les acides b\u00eata-hydroxy (BHA) sont solubles dans l&rsquo;huile lissent le grain de peau<em><strong>.<\/strong><\/em><\/p>\n<p><strong>\u00c9corce de Saule<\/strong><br \/>\nAide \u00e0 stimuler le renouvellement cellulaire et exfolie.<\/p>\n<p><strong>Acides Alpha-Hydroxy (AHA)<\/strong><br \/>\nStimule la production de collag\u00e8ne et d\u2019acide hyaluronique.<\/p>\n<p><strong>Galactoarabinane<\/strong><br \/>\nPr\u00e9vient la d\u00e9shydratation.<\/p>","protected":false},"featured_media":39817,"template":"","meta":{"ocean_post_layout":"","ocean_both_sidebars_style":"","ocean_both_sidebars_content_width":0,"ocean_both_sidebars_sidebars_width":0,"ocean_sidebar":"0","ocean_second_sidebar":"0","ocean_disable_margins":"enable","ocean_add_body_class":"","ocean_shortcode_before_top_bar":"","ocean_shortcode_after_top_bar":"","ocean_shortcode_before_header":"","ocean_shortcode_after_header":"","ocean_has_shortcode":"","ocean_shortcode_after_title":"","ocean_shortcode_before_footer_widgets":"","ocean_shortcode_after_footer_widgets":"","ocean_shortcode_before_footer_bottom":"","ocean_shortcode_after_footer_bottom":"","ocean_display_top_bar":"default","ocean_display_header":"default","ocean_header_style":"","ocean_center_header_left_menu":"0","ocean_custom_header_template":"0","ocean_custom_logo":0,"ocean_custom_retina_logo":0,"ocean_custom_logo_max_width":0,"ocean_custom_logo_tablet_max_width":0,"ocean_custom_logo_mobile_max_width":0,"ocean_custom_logo_max_height":0,"ocean_custom_logo_tablet_max_height":0,"ocean_custom_logo_mobile_max_height":0,"ocean_header_custom_menu":"0","ocean_menu_typo_font_family":"0","ocean_menu_typo_font_subset":"","ocean_menu_typo_font_size":0,"ocean_menu_typo_font_size_tablet":0,"ocean_menu_typo_font_size_mobile":0,"ocean_menu_typo_font_size_unit":"px","ocean_menu_typo_font_weight":"","ocean_menu_typo_font_weight_tablet":"","ocean_menu_typo_font_weight_mobile":"","ocean_menu_typo_transform":"","ocean_menu_typo_transform_tablet":"","ocean_menu_typo_transform_mobile":"","ocean_menu_typo_line_height":0,"ocean_menu_typo_line_height_tablet":0,"ocean_menu_typo_line_height_mobile":0,"ocean_menu_typo_line_height_unit":"","ocean_menu_typo_spacing":0,"ocean_menu_typo_spacing_tablet":0,"ocean_menu_typo_spacing_mobile":0,"ocean_menu_typo_spacing_unit":"","ocean_menu_link_color":"","ocean_menu_link_color_hover":"","ocean_menu_link_color_active":"","ocean_menu_link_background":"","ocean_menu_link_hover_background":"","ocean_menu_link_active_background":"","ocean_menu_social_links_bg":"","ocean_menu_social_hover_links_bg":"","ocean_menu_social_links_color":"","ocean_menu_social_hover_links_color":"","ocean_disable_title":"default","ocean_disable_heading":"default","ocean_post_title":"","ocean_post_subheading":"","ocean_post_title_style":"","ocean_post_title_background_color":"","ocean_post_title_background":0,"ocean_post_title_bg_image_position":"","ocean_post_title_bg_image_attachment":"","ocean_post_title_bg_image_repeat":"","ocean_post_title_bg_image_size":"","ocean_post_title_height":0,"ocean_post_title_bg_overlay":0.5,"ocean_post_title_bg_overlay_color":"","ocean_disable_breadcrumbs":"default","ocean_breadcrumbs_color":"","ocean_breadcrumbs_separator_color":"","ocean_breadcrumbs_links_color":"","ocean_breadcrumbs_links_hover_color":"","ocean_display_footer_widgets":"default","ocean_display_footer_bottom":"default","ocean_custom_footer_template":"0"},"product_cat":[75,36,409,20],"product_tag":[],"class_list":{"0":"post-35588","1":"product","2":"type-product","3":"status-publish","4":"has-post-thumbnail","6":"product_brand-evolve","7":"product_cat-exfoliants-visage-naturels-bio","8":"product_cat-nettoyants-visage-bio-naturels","9":"product_cat-peaux-ternes","10":"product_cat-soins-du-visage","12":"entry","13":"has-media","15":"first","16":"instock","17":"taxable","18":"shipping-taxable","19":"purchasable","20":"product-type-simple","21":"has-product-nav","22":"col","23":"span_1_of_4","24":"owp-content-center","25":"owp-thumbs-layout-horizontal","26":"owp-btn-normal","27":"owp-tabs-layout-horizontal","28":"has-no-thumbnails"},"_links":{"self":[{"href":"https:\/\/awesomegreenbeauty.com\/en\/wp-json\/wp\/v2\/product\/35588","targetHints":{"allow":["GET"]}}],"collection":[{"href":"https:\/\/awesomegreenbeauty.com\/en\/wp-json\/wp\/v2\/product"}],"about":[{"href":"https:\/\/awesomegreenbeauty.com\/en\/wp-json\/wp\/v2\/types\/product"}],"version-history":[{"count":0,"href":"https:\/\/awesomegreenbeauty.com\/en\/wp-json\/wp\/v2\/product\/35588\/revisions"}],"wp:featuredmedia":[{"embeddable":true,"href":"https:\/\/awesomegreenbeauty.com\/en\/wp-json\/wp\/v2\/media\/39817"}],"wp:attachment":[{"href":"https:\/\/awesomegreenbeauty.com\/en\/wp-json\/wp\/v2\/media?parent=35588"}],"wp:term":[{"taxonomy":"product_cat","embeddable":true,"href":"https:\/\/awesomegreenbeauty.com\/en\/wp-json\/wp\/v2\/product_cat?post=35588"},{"taxonomy":"product_tag","embeddable":true,"href":"https:\/\/awesomegreenbeauty.com\/en\/wp-json\/wp\/v2\/product_tag?post=35588"}],"curies":[{"name":"wp","href":"https:\/\/api.w.org\/{rel}","templated":true}]}}