{"id":35842,"date":"2024-09-05T12:22:08","date_gmt":"2024-09-05T10:22:08","guid":{"rendered":"https:\/\/awesomegreenbeauty.com\/?post_type=product&#038;p=35842"},"modified":"2026-03-08T18:38:16","modified_gmt":"2026-03-08T17:38:16","slug":"evolve-beauty-peptide-360-serum-anti-age-30ml","status":"publish","type":"product","link":"https:\/\/awesomegreenbeauty.com\/en\/product\/evolve-beauty-peptide-360-serum-anti-age-30ml\/","title":{"rendered":"EVOLVE Beauty \u2013 Peptide 360 \u2013 Anti-aging serum \u2013 30ml"},"content":{"rendered":"<p>Peptide 360 agit sur tous les signes du vieillissement, des rides \u00e0 la fermet\u00e9 en passant par l'aspect terne de la peau. Il contient un m\u00e9lange sp\u00e9cial d'ingr\u00e9dients cl\u00e9s tels que les peptides de Sacha Inchi, la Maca p\u00e9ruvienne et l'huile de Cacay, qui aident \u00e0 r\u00e9duire les ridules et \u00e0 augmenter la luminosit\u00e9 de la peau tout en favorisant le renouvellement cellulaire.<\/p>\n<p><strong>Sacha Inchi Peptides :\u00a0\u00a0<\/strong>This Peruvian food helped the ancient Incas to live to over 100 years. It is clinically proven that natural Sacha Inchi peptides improve skin firmness, reduce wrinkle volume and smooth the skin, restructuring and improving dermal density.<\/p>\n<p><strong>Peruvian Maca :\u00a0<\/strong>\u00a0Used for centuries by Peruvian tribes to boost energy and stamina, Maca stimulates cell renewal to reduce the appearance of wrinkles while boosting the skin's brightness and radiance.<\/p>\n<p><strong>Cacay oil:<\/strong> The bio-retinol in Cacay oil helps to stimulate cell renewal, support the skin barrier and lock in moisture.<\/p>","protected":false},"excerpt":{"rendered":"<p><strong>Anti-ageing serum | 100% natural | Vegan | All skin types | All ages<\/strong><\/p>\n<p>Peptide 360 works on all the signs of ageing, from wrinkles and dullness to firmness. It contains a special blend of key ingredients such as Sacha Inchi peptides, Peruvian Maca and Cacay oil, which help to reduce fine lines and increase skin luminosity while promoting cell renewal.<\/p>","protected":false},"featured_media":35847,"template":"","meta":{"ocean_post_layout":"","ocean_both_sidebars_style":"","ocean_both_sidebars_content_width":0,"ocean_both_sidebars_sidebars_width":0,"ocean_sidebar":"0","ocean_second_sidebar":"0","ocean_disable_margins":"enable","ocean_add_body_class":"","ocean_shortcode_before_top_bar":"","ocean_shortcode_after_top_bar":"","ocean_shortcode_before_header":"","ocean_shortcode_after_header":"","ocean_has_shortcode":"","ocean_shortcode_after_title":"","ocean_shortcode_before_footer_widgets":"","ocean_shortcode_after_footer_widgets":"","ocean_shortcode_before_footer_bottom":"","ocean_shortcode_after_footer_bottom":"","ocean_display_top_bar":"default","ocean_display_header":"default","ocean_header_style":"","ocean_center_header_left_menu":"0","ocean_custom_header_template":"0","ocean_custom_logo":0,"ocean_custom_retina_logo":0,"ocean_custom_logo_max_width":0,"ocean_custom_logo_tablet_max_width":0,"ocean_custom_logo_mobile_max_width":0,"ocean_custom_logo_max_height":0,"ocean_custom_logo_tablet_max_height":0,"ocean_custom_logo_mobile_max_height":0,"ocean_header_custom_menu":"0","ocean_menu_typo_font_family":"0","ocean_menu_typo_font_subset":"","ocean_menu_typo_font_size":0,"ocean_menu_typo_font_size_tablet":0,"ocean_menu_typo_font_size_mobile":0,"ocean_menu_typo_font_size_unit":"px","ocean_menu_typo_font_weight":"","ocean_menu_typo_font_weight_tablet":"","ocean_menu_typo_font_weight_mobile":"","ocean_menu_typo_transform":"","ocean_menu_typo_transform_tablet":"","ocean_menu_typo_transform_mobile":"","ocean_menu_typo_line_height":0,"ocean_menu_typo_line_height_tablet":0,"ocean_menu_typo_line_height_mobile":0,"ocean_menu_typo_line_height_unit":"","ocean_menu_typo_spacing":0,"ocean_menu_typo_spacing_tablet":0,"ocean_menu_typo_spacing_mobile":0,"ocean_menu_typo_spacing_unit":"","ocean_menu_link_color":"","ocean_menu_link_color_hover":"","ocean_menu_link_color_active":"","ocean_menu_link_background":"","ocean_menu_link_hover_background":"","ocean_menu_link_active_background":"","ocean_menu_social_links_bg":"","ocean_menu_social_hover_links_bg":"","ocean_menu_social_links_color":"","ocean_menu_social_hover_links_color":"","ocean_disable_title":"default","ocean_disable_heading":"default","ocean_post_title":"","ocean_post_subheading":"","ocean_post_title_style":"","ocean_post_title_background_color":"","ocean_post_title_background":0,"ocean_post_title_bg_image_position":"","ocean_post_title_bg_image_attachment":"","ocean_post_title_bg_image_repeat":"","ocean_post_title_bg_image_size":"","ocean_post_title_height":0,"ocean_post_title_bg_overlay":0.5,"ocean_post_title_bg_overlay_color":"","ocean_disable_breadcrumbs":"default","ocean_breadcrumbs_color":"","ocean_breadcrumbs_separator_color":"","ocean_breadcrumbs_links_color":"","ocean_breadcrumbs_links_hover_color":"","ocean_display_footer_widgets":"default","ocean_display_footer_bottom":"default","ocean_custom_footer_template":"0"},"product_cat":[34,87,91,90,84,119,184],"product_tag":[],"class_list":{"0":"post-35842","1":"product","2":"type-product","3":"status-publish","4":"has-post-thumbnail","6":"product_brand-evolve","7":"product_cat-pere","8":"product_cat-peaux-matures","9":"product_cat-tout-type-de-peau","10":"product_cat-peaux-seches-deshydratees","11":"product_cat-serums-bio-huiles-de-beaute","12":"product_cat-soins-du-visage-pere","13":"product_cat-tous-type-de-peau-homme","15":"entry","16":"has-media","18":"first","19":"instock","20":"taxable","21":"shipping-taxable","22":"purchasable","23":"product-type-simple","24":"has-product-nav","25":"col","26":"span_1_of_4","27":"owp-content-center","28":"owp-thumbs-layout-horizontal","29":"owp-btn-normal","30":"owp-tabs-layout-horizontal"},"_links":{"self":[{"href":"https:\/\/awesomegreenbeauty.com\/en\/wp-json\/wp\/v2\/product\/35842","targetHints":{"allow":["GET"]}}],"collection":[{"href":"https:\/\/awesomegreenbeauty.com\/en\/wp-json\/wp\/v2\/product"}],"about":[{"href":"https:\/\/awesomegreenbeauty.com\/en\/wp-json\/wp\/v2\/types\/product"}],"version-history":[{"count":0,"href":"https:\/\/awesomegreenbeauty.com\/en\/wp-json\/wp\/v2\/product\/35842\/revisions"}],"wp:featuredmedia":[{"embeddable":true,"href":"https:\/\/awesomegreenbeauty.com\/en\/wp-json\/wp\/v2\/media\/35847"}],"wp:attachment":[{"href":"https:\/\/awesomegreenbeauty.com\/en\/wp-json\/wp\/v2\/media?parent=35842"}],"wp:term":[{"taxonomy":"product_cat","embeddable":true,"href":"https:\/\/awesomegreenbeauty.com\/en\/wp-json\/wp\/v2\/product_cat?post=35842"},{"taxonomy":"product_tag","embeddable":true,"href":"https:\/\/awesomegreenbeauty.com\/en\/wp-json\/wp\/v2\/product_tag?post=35842"}],"curies":[{"name":"wp","href":"https:\/\/api.w.org\/{rel}","templated":true}]}}