{"id":36031,"date":"2024-09-19T17:57:34","date_gmt":"2024-09-19T15:57:34","guid":{"rendered":"https:\/\/awesomegreenbeauty.com\/?post_type=product&#038;p=36031"},"modified":"2026-03-05T13:52:56","modified_gmt":"2026-03-05T12:52:56","slug":"verite-restoration-baume-pour-les-mains","status":"publish","type":"product","link":"https:\/\/awesomegreenbeauty.com\/en\/product\/verite-restoration-baume-pour-les-mains\/","title":{"rendered":"VERIT\u00c9 SPA ORGANICS \u2013 Restoration hand balm -50ml"},"content":{"rendered":"<p>Les mains sont souvent expos\u00e9es aux agressions ext\u00e9rieures et n\u00e9cessitent une attention particuli\u00e8re pour \u00e9viter\u00a0 s\u00e9cheresse et vieillissement pr\u00e9matur\u00e9. Le baume r\u00e9parateur pour les mains Verit\u00e9 est un soin intens\u00e9ment nourrissant, sp\u00e9cialement con\u00e7u pour restaurer et prot\u00e9ger la peau des mains.<\/p>\n<p>Ce baume pour les mains est enrichi d&rsquo;ingr\u00e9dients puissants tels que le beurre de Karit\u00e9, la prune de Kakadu ou encore d&rsquo;huiles essentielles r\u00e9paratrices. <span style=\"color: #800080;\"><a style=\"color: #800080;\" href=\"https:\/\/blogs.mediapart.fr\/djooml\/blog\/040225\/le-beurre-de-karite-un-tresor-africain-redecouvrir\" target=\"_blank\" rel=\"noopener\">The <strong>shea butter<\/strong><\/a> <\/span>est un ingr\u00e9dient incontournable en cosm\u00e9tique, connu pour ses propri\u00e9t\u00e9s <strong>nourrissantes, protectrices et r\u00e9paratrices<\/strong>. Il est extrait des noix de l\u2019arbre de karit\u00e9, originaire d\u2019Afrique de l\u2019Ouest. La <span style=\"color: #800080;\"><a style=\"color: #800080;\" href=\"https:\/\/www.cfa-espace-concours.fr\/actualites\/la-prune-de-kakadu-pourquoi-les-experts-en-beaute-en-raffolent\" target=\"_blank\" rel=\"noopener\"><strong>prune de Kakadu<\/strong><\/a> <\/span>(<em>Terminalia ferdinandiana<\/em>) est un superfruit originaire d\u2019Australie, connu pour \u00eatre <strong>la source naturelle la plus riche en vitamine C au monde<\/strong>. Les puissantes propri\u00e9t\u00e9s antioxydantes et r\u00e9g\u00e9n\u00e9rantes de cet ingr\u00e9dient font de ce baume un baume unique sur le march\u00e9 des soins pour les mains.<\/p>\n<h4><strong>Key Ingredients<\/strong><\/h4>\n<ul>\n<li><strong>Beurre de Karit\u00e9<\/strong> : riche en acides gras essentiels (acide ol\u00e9ique, linol\u00e9ique, st\u00e9arique), il hydrate et adoucit la peau en profondeur.<\/li>\n<li><strong>Huiles essentielles :<\/strong> les huiles d&rsquo;avocat, de chanvre, de marula et de papaye sont des ingr\u00e9dients extr\u00eamement nourrissants qui r\u00e9parent et renforcent la barri\u00e8re cutan\u00e9e.<\/li>\n<li><strong>Prune de Kakadu<\/strong> :\u00a0 ultra riche en vitamine C (un antioxydant), elle prot\u00e8ge la peau des dommages caus\u00e9s par les radicaux libres produites par l\u2019exposition au soleil, la pollution ou encore les al\u00e9as climatiques.<\/li>\n<\/ul>\n<h4><strong>Benefits<\/strong><\/h4>\n<ul>\n<li><strong>Hydratation Intense et Protection Durable<\/strong> : Le baume pour les mains pr\u00e9serve la souplesse et l&rsquo;\u00e9lasticit\u00e9 de la peau.<\/li>\n<li><strong>Action R\u00e9paratrice et Apaisante<\/strong> : Soulage les peaux s\u00e8ches et ab\u00eem\u00e9es. Apaise, r\u00e9pare et am\u00e9liore l\u2019\u00e9lasticit\u00e9 de la peau.<\/li>\n<li><strong>Soin Concentr\u00e9<\/strong> : Parfait pour une utilisation nocturne ou chaque fois que vos mains n\u00e9cessitent une attention particuli\u00e8re.<\/li>\n<li><strong>Parfum Enveloppant<\/strong> : Des notes d\u00e9licates de <strong>vanille, d\u2019amande et de n\u00e9roli<\/strong> dans le baume pour les mains offrent une exp\u00e9rience sensorielle unique et apaisante.<\/li>\n<\/ul>\n<h4><strong>Use<\/strong><\/h4>\n<p>Appliquez une petite quantit\u00e9 de ce baume sur des mains propres et s\u00e8ches. Massez les mains d\u00e9licatement jusqu\u2019\u00e0 absorption compl\u00e8te. Id\u00e9al pour un soin de nuit ou pour sceller l\u2019hydratation en le superposant \u00e0 la cr\u00e8me <span style=\"color: #800080;\"><a style=\"color: #800080;\" href=\"https:\/\/awesomegreenbeauty.com\/en\/product\/verite-spa-organics-creme-mains-70ml\/\" target=\"_blank\" rel=\"noopener\">Verit\u00e9 cr\u00e8me mains<\/a><\/span>. A utiliser autant que de besoin d\u00e8s que vos mains deviennent s\u00e8ches ou rugueuses pour un confort imm\u00e9diat.<\/p>\n<p>By by les mains s\u00e8ches!<\/p>\n<p><a href=\"https:\/\/awesomegreenbeauty.com\/en\/marques\/verite-spa-organics\/\" target=\"_blank\" rel=\"noopener\"><span style=\"color: #800080;\">D\u00e9couvrez la gamme unique des produits Verit\u00e9 en provenance de Nouvelle Z\u00e9lande.<\/span><\/a><\/p>","protected":false},"excerpt":{"rendered":"<p><b>Baume hydratation intense pour les mains | 100% naturel | Bio<\/b><\/p>\n<p>Le\u00a0 baume V<strong>\u00e9rit\u00e9 Hand Balm<\/strong> offre une hydratation intense et une protection durable pour vos mains. Sa formule enrichie en <strong>shea butter<\/strong>, <strong>huiles d\u2019avocat, de chanvre et de papaye<\/strong>, ainsi qu\u2019en <strong>prune de Kakadu<\/strong> and <strong>huile de marula,<\/strong> nourrit et r\u00e9pare en profondeur. Ses puissantes propri\u00e9t\u00e9s antioxydantes donnent de l&rsquo;\u00e9clat \u00e0 vos mains tandis que son parfum d\u00e9licat de <strong>vanille, d\u2019amande et de n\u00e9roli<\/strong> cr\u00e9e une exp\u00e9rience sensorielle unique.<\/p>\n<p>Parfait pour une utilisation quotidienne , il laisse vos mains incroyablement douces et hydrat\u00e9es.<\/p>","protected":false},"featured_media":36038,"template":"","meta":{"ocean_post_layout":"","ocean_both_sidebars_style":"","ocean_both_sidebars_content_width":0,"ocean_both_sidebars_sidebars_width":0,"ocean_sidebar":"0","ocean_second_sidebar":"0","ocean_disable_margins":"enable","ocean_add_body_class":"","ocean_shortcode_before_top_bar":"","ocean_shortcode_after_top_bar":"","ocean_shortcode_before_header":"","ocean_shortcode_after_header":"","ocean_has_shortcode":"","ocean_shortcode_after_title":"","ocean_shortcode_before_footer_widgets":"","ocean_shortcode_after_footer_widgets":"","ocean_shortcode_before_footer_bottom":"","ocean_shortcode_after_footer_bottom":"","ocean_display_top_bar":"default","ocean_display_header":"default","ocean_header_style":"","ocean_center_header_left_menu":"0","ocean_custom_header_template":"0","ocean_custom_logo":0,"ocean_custom_retina_logo":0,"ocean_custom_logo_max_width":0,"ocean_custom_logo_tablet_max_width":0,"ocean_custom_logo_mobile_max_width":0,"ocean_custom_logo_max_height":0,"ocean_custom_logo_tablet_max_height":0,"ocean_custom_logo_mobile_max_height":0,"ocean_header_custom_menu":"0","ocean_menu_typo_font_family":"0","ocean_menu_typo_font_subset":"","ocean_menu_typo_font_size":0,"ocean_menu_typo_font_size_tablet":0,"ocean_menu_typo_font_size_mobile":0,"ocean_menu_typo_font_size_unit":"px","ocean_menu_typo_font_weight":"","ocean_menu_typo_font_weight_tablet":"","ocean_menu_typo_font_weight_mobile":"","ocean_menu_typo_transform":"","ocean_menu_typo_transform_tablet":"","ocean_menu_typo_transform_mobile":"","ocean_menu_typo_line_height":0,"ocean_menu_typo_line_height_tablet":0,"ocean_menu_typo_line_height_mobile":0,"ocean_menu_typo_line_height_unit":"","ocean_menu_typo_spacing":0,"ocean_menu_typo_spacing_tablet":0,"ocean_menu_typo_spacing_mobile":0,"ocean_menu_typo_spacing_unit":"","ocean_menu_link_color":"","ocean_menu_link_color_hover":"","ocean_menu_link_color_active":"","ocean_menu_link_background":"","ocean_menu_link_hover_background":"","ocean_menu_link_active_background":"","ocean_menu_social_links_bg":"","ocean_menu_social_hover_links_bg":"","ocean_menu_social_links_color":"","ocean_menu_social_hover_links_color":"","ocean_disable_title":"default","ocean_disable_heading":"default","ocean_post_title":"","ocean_post_subheading":"","ocean_post_title_style":"","ocean_post_title_background_color":"","ocean_post_title_background":0,"ocean_post_title_bg_image_position":"","ocean_post_title_bg_image_attachment":"","ocean_post_title_bg_image_repeat":"","ocean_post_title_bg_image_size":"","ocean_post_title_height":0,"ocean_post_title_bg_overlay":0.5,"ocean_post_title_bg_overlay_color":"","ocean_disable_breadcrumbs":"default","ocean_breadcrumbs_color":"","ocean_breadcrumbs_separator_color":"","ocean_breadcrumbs_links_color":"","ocean_breadcrumbs_links_hover_color":"","ocean_display_footer_widgets":"default","ocean_display_footer_bottom":"default","ocean_custom_footer_template":"0"},"product_cat":[21,96,184],"product_tag":[],"class_list":{"0":"post-36031","1":"product","2":"type-product","3":"status-publish","4":"has-post-thumbnail","6":"product_brand-verite-spa-organics","7":"product_cat-soins-du-corps","8":"product_cat-pieds-mains","9":"product_cat-tous-type-de-peau-homme","11":"entry","12":"has-media","14":"first","15":"outofstock","16":"taxable","17":"shipping-taxable","18":"purchasable","19":"product-type-simple","20":"has-product-nav","21":"col","22":"span_1_of_4","23":"owp-content-center","24":"owp-thumbs-layout-horizontal","25":"owp-btn-normal","26":"owp-tabs-layout-horizontal","27":"has-no-thumbnails"},"_links":{"self":[{"href":"https:\/\/awesomegreenbeauty.com\/en\/wp-json\/wp\/v2\/product\/36031","targetHints":{"allow":["GET"]}}],"collection":[{"href":"https:\/\/awesomegreenbeauty.com\/en\/wp-json\/wp\/v2\/product"}],"about":[{"href":"https:\/\/awesomegreenbeauty.com\/en\/wp-json\/wp\/v2\/types\/product"}],"version-history":[{"count":0,"href":"https:\/\/awesomegreenbeauty.com\/en\/wp-json\/wp\/v2\/product\/36031\/revisions"}],"wp:featuredmedia":[{"embeddable":true,"href":"https:\/\/awesomegreenbeauty.com\/en\/wp-json\/wp\/v2\/media\/36038"}],"wp:attachment":[{"href":"https:\/\/awesomegreenbeauty.com\/en\/wp-json\/wp\/v2\/media?parent=36031"}],"wp:term":[{"taxonomy":"product_cat","embeddable":true,"href":"https:\/\/awesomegreenbeauty.com\/en\/wp-json\/wp\/v2\/product_cat?post=36031"},{"taxonomy":"product_tag","embeddable":true,"href":"https:\/\/awesomegreenbeauty.com\/en\/wp-json\/wp\/v2\/product_tag?post=36031"}],"curies":[{"name":"wp","href":"https:\/\/api.w.org\/{rel}","templated":true}]}}