{"id":36268,"date":"2024-10-30T17:55:30","date_gmt":"2024-10-30T16:55:30","guid":{"rendered":"https:\/\/awesomegreenbeauty.com\/?post_type=product&#038;p=36268"},"modified":"2025-11-21T16:01:12","modified_gmt":"2025-11-21T15:01:12","slug":"le-rouge-francais-baume-hydratant-levres-achille-3g","status":"publish","type":"product","link":"https:\/\/awesomegreenbeauty.com\/en\/product\/le-rouge-francais-baume-hydratant-levres-achille-3g\/","title":{"rendered":"LE ROUGE FRAN\u00c7AIS &#8211; Baume hydratant l\u00e8vres Achille-3g"},"content":{"rendered":"<p>Baume hydratant l\u00e8vres Achille<\/p>\n<p>Half-god among mortals, your name echoes the warrior impulses of the Trojans. It is whispered that you are \u2018he who has no lips\u2019... Today marks your rebirth. Forever in History for Glory!<\/p>\n<p>La formule de ce baume hydratant l\u00e8vres\u00a0 multi-usages s\u2019inspire des rites de beaut\u00e9 des h\u00e9ros hom\u00e9riques, qui s\u2019enduisaient le visage et le corps de pommades aromatiques, juste \u00e9quilibre entre hygi\u00e8ne et culte de l\u2019esth\u00e9tisme.<\/p>\n<p>Take a small amount and massage into all sensitive areas (lips, eye contour, nose, nails...) Its rich texture penetrates quickly. Without a greasy film, it soothes, repairs and protects.<\/p>\n<p data-start=\"415\" data-end=\"813\">D\u00e9couvrez l\u2019alliance parfaite entre maquillage et soin avec ce <strong data-start=\"481\" data-end=\"537\">baume teint\u00e9 naturel au zinc et huiles v\u00e9g\u00e9tales bio<\/strong>, con\u00e7u pour illuminer, prot\u00e9ger et nourrir la peau au quotidien. Formul\u00e9 \u00e0 <strong data-start=\"613\" data-end=\"656\">100 % d\u2019ingr\u00e9dients d\u2019origine naturelle<\/strong> and to <strong data-start=\"662\" data-end=\"706\">76,6 % issus de l\u2019agriculture biologique<\/strong>, ce soin multifonction unifie le teint, hydrate intens\u00e9ment et prot\u00e8ge la peau des agressions ext\u00e9rieures.<\/p>\n<p data-start=\"815\" data-end=\"951\">Id\u00e9al pour toutes les carnations gr\u00e2ce \u00e0 sa texture fondante et modulable, il laisse la peau douce, lumineuse et naturellement prot\u00e9g\u00e9e.<\/p>\n<h3 data-start=\"958\" data-end=\"988\"><strong data-start=\"966\" data-end=\"988\">Natural mica offers a luminous finish, while titanium dioxide provides light sun protection and subtle coverage.<\/strong><strong style=\"font-size: 16px;\" data-start=\"966\" data-end=\"988\"> bienfaits cl\u00e9s de ce baume <strong>hydratant l\u00e8vres :<\/strong><\/strong><\/h3>\n<ul>\n<li data-start=\"958\" data-end=\"988\"><strong style=\"font-size: 16px;\" data-start=\"992\" data-end=\"1029\">Punica Granatum Sterols (grenade)<\/strong><span style=\"font-size: 16px;\"> : antioxydants puissants, soutiennent la r\u00e9g\u00e9n\u00e9ration cutan\u00e9e<\/span><\/li>\n<li data-start=\"1094\" data-end=\"1205\">\n<p data-start=\"1096\" data-end=\"1205\"><strong data-start=\"1096\" data-end=\"1144\">Triglyc\u00e9rides capryliques\/capriques &amp; C10-18<\/strong> : agents \u00e9mollients naturels pour une peau douce et souple<\/p>\n<\/li>\n<li data-start=\"1206\" data-end=\"1323\">\n<p data-start=\"1208\" data-end=\"1323\"><strong data-start=\"1208\" data-end=\"1275\">Huile de ricin, de tournesol, et de cam\u00e9lia (Camellia japonica)<\/strong> : nourrissent, renforcent la barri\u00e8re cutan\u00e9e<\/p>\n<\/li>\n<li data-start=\"1324\" data-end=\"1408\">\n<p data-start=\"1326\" data-end=\"1408\"><strong data-start=\"1326\" data-end=\"1369\">Beurre de karit\u00e9 &amp; cire de carnauba bio<\/strong> : protection et confort longue dur\u00e9e<\/p>\n<\/li>\n<li data-start=\"1409\" data-end=\"1487\">\n<p data-start=\"1411\" data-end=\"1487\"><strong data-start=\"1411\" data-end=\"1436\">Zinc Oxide (CI 77947)<\/strong> : filtre min\u00e9ral naturel, apaisant et protecteur<\/p>\n<\/li>\n<li data-start=\"1488\" data-end=\"1554\">\n<p data-start=\"1490\" data-end=\"1554\"><strong data-start=\"1490\" data-end=\"1512\">Sodium Hyaluronate<\/strong> : hydratation profonde, effet repulpant<\/p>\n<\/li>\n<li data-start=\"1555\" data-end=\"1658\">\n<p data-start=\"1557\" data-end=\"1658\"><strong data-start=\"1557\" data-end=\"1613\">Vitamine E (Tocopherol) &amp; Vitamine C (Ascorbic Acid)<\/strong> : antioxydants, anti-\u00e2ge et \u00e9clat du teint<\/p>\n<\/li>\n<li data-start=\"1659\" data-end=\"1722\">\n<p data-start=\"1661\" data-end=\"1722\"><strong data-start=\"1661\" data-end=\"1691\">Parfum d\u2019origine naturelle<\/strong> (sans allerg\u00e8nes synth\u00e9tiques)<\/p>\n<\/li>\n<\/ul>\n<h4><strong>A VIRTUOUS FORMULA<\/strong><\/h4>\n<p>Shea butter :  Repairs and nourishes<\/p>\n<p>Apricot, sunflower and castor oils: soothing and antioxidant<\/p>\n<p>Rice, candelilla and carnauba vegetable waxes: softening and protective**<\/p>\n<p>100 % du total est d&rsquo;origine naturelle. 76,6 % du total des ingr\u00e9dients sont issus de l&rsquo;agriculture biologique.<\/p>\n<p><strong>Cosmos Organic product certified by ECOCERT Greenlife, according to the COSMOS standard.<\/strong><\/p>\n<p>&nbsp;<\/p>\n<div class=\"oceanwp-oembed-wrap clr\">\n<blockquote class=\"wp-embedded-content\" data-secret=\"IdvthaVMou\"><p><a href=\"https:\/\/awesomegreenbeauty.com\/en\/product\/le-pure-eye-euphoria-serum-raffermissant-yeux-et-levres-bio-50-ml\/\">LE PURE &#8211; Eye Euphoria S\u00e9rum raffermissant yeux &#038; l\u00e8vres &#8211; 50 ml<\/a><\/p><\/blockquote>\n<p><iframe class=\"wp-embedded-content\" sandbox=\"allow-scripts\" security=\"restricted\" style=\"position: absolute; visibility: hidden;\" title=\"\u00ab\u00a0LE PURE &#8211; Eye Euphoria S\u00e9rum raffermissant yeux &#038; l\u00e8vres &#8211; 50 ml\u00a0\u00bb &#8212; Awesome Green Beauty\" src=\"https:\/\/awesomegreenbeauty.com\/produit\/le-pure-eye-euphoria-serum-raffermissant-yeux-et-levres-bio-50-ml\/embed\/#?secret=tZIchDLHaR#?secret=IdvthaVMou\" data-secret=\"IdvthaVMou\" width=\"600\" height=\"338\" frameborder=\"0\" marginwidth=\"0\" marginheight=\"0\" scrolling=\"no\"><\/iframe><\/div>\n<div class=\"oceanwp-oembed-wrap clr\">\n<blockquote class=\"wp-embedded-content\" data-secret=\"VqusG3zMli\"><p><a href=\"https:\/\/awesomegreenbeauty.com\/en\/product\/le-rouge-francais-lip-oil-orange-persephone-5ml\/\">LE ROUGE FRAN\u00c7AIS &#8211; Lip Oil Orange Pers\u00e9phone &#8211; 5ml<\/a><\/p><\/blockquote>\n<p><iframe class=\"wp-embedded-content\" sandbox=\"allow-scripts\" security=\"restricted\" style=\"position: absolute; visibility: hidden;\" title=\"\u00ab\u00a0LE ROUGE FRAN\u00c7AIS &#8211; Lip Oil Orange Pers\u00e9phone &#8211; 5ml\u00a0\u00bb &#8212; Awesome Green Beauty\" src=\"https:\/\/awesomegreenbeauty.com\/produit\/le-rouge-francais-lip-oil-orange-persephone-5ml\/embed\/#?secret=gjaE0bP9It#?secret=VqusG3zMli\" data-secret=\"VqusG3zMli\" width=\"600\" height=\"338\" frameborder=\"0\" marginwidth=\"0\" marginheight=\"0\" scrolling=\"no\"><\/iframe><\/div>","protected":false},"excerpt":{"rendered":"<p><strong>100% Natural | 76.6% Organic<\/strong><\/p>\n<p>La formule de ce baume hydratant l\u00e8vres multi-usages s\u2019inspire des rites de beaut\u00e9 des h\u00e9ros hom\u00e9riques, qui s\u2019enduisaient le visage et le corps de pommades aromatiques, juste \u00e9quilibre entre hygi\u00e8ne et culte de l\u2019esth\u00e9tisme. Pr\u00e9levez une petite quantit\u00e9 et massez toutes les zones sensibles (l\u00e8vres, contour des yeux, nez, ongles\u2026) Sa texture riche p\u00e9n\u00e8tre rapidement. Sans film gras, il apaise, r\u00e9pare et prot\u00e8ge.<\/p>\n<p>\u2714 100 % d\u2019origine naturelle<br data-start=\"1796\" data-end=\"1799\" \/>\u2714 76,6 % bio certifi\u00e9<br data-start=\"1820\" data-end=\"1823\" \/>\u2714 Sans silicone, sans colorant synth\u00e9tique, sans nanoparticules<br data-start=\"1886\" data-end=\"1889\" \/>\u2714 Teint unifi\u00e9 &amp; effet peau nue<br data-start=\"1920\" data-end=\"1923\" \/>\u2714 Prot\u00e8ge gr\u00e2ce au zinc non nano<br data-start=\"1955\" data-end=\"1958\" \/>\u2714 Convient aux peaux sensibles<br data-start=\"1988\" data-end=\"1991\" \/>\u2714 Vegan &amp; cruelty-free<\/p>","protected":false},"featured_media":36270,"template":"","meta":{"ocean_post_layout":"","ocean_both_sidebars_style":"","ocean_both_sidebars_content_width":0,"ocean_both_sidebars_sidebars_width":0,"ocean_sidebar":"0","ocean_second_sidebar":"0","ocean_disable_margins":"enable","ocean_add_body_class":"","ocean_shortcode_before_top_bar":"","ocean_shortcode_after_top_bar":"","ocean_shortcode_before_header":"","ocean_shortcode_after_header":"","ocean_has_shortcode":"","ocean_shortcode_after_title":"","ocean_shortcode_before_footer_widgets":"","ocean_shortcode_after_footer_widgets":"","ocean_shortcode_before_footer_bottom":"","ocean_shortcode_after_footer_bottom":"","ocean_display_top_bar":"default","ocean_display_header":"default","ocean_header_style":"","ocean_center_header_left_menu":"0","ocean_custom_header_template":"0","ocean_custom_logo":0,"ocean_custom_retina_logo":0,"ocean_custom_logo_max_width":0,"ocean_custom_logo_tablet_max_width":0,"ocean_custom_logo_mobile_max_width":0,"ocean_custom_logo_max_height":0,"ocean_custom_logo_tablet_max_height":0,"ocean_custom_logo_mobile_max_height":0,"ocean_header_custom_menu":"0","ocean_menu_typo_font_family":"0","ocean_menu_typo_font_subset":"","ocean_menu_typo_font_size":0,"ocean_menu_typo_font_size_tablet":0,"ocean_menu_typo_font_size_mobile":0,"ocean_menu_typo_font_size_unit":"px","ocean_menu_typo_font_weight":"","ocean_menu_typo_font_weight_tablet":"","ocean_menu_typo_font_weight_mobile":"","ocean_menu_typo_transform":"","ocean_menu_typo_transform_tablet":"","ocean_menu_typo_transform_mobile":"","ocean_menu_typo_line_height":0,"ocean_menu_typo_line_height_tablet":0,"ocean_menu_typo_line_height_mobile":0,"ocean_menu_typo_line_height_unit":"","ocean_menu_typo_spacing":0,"ocean_menu_typo_spacing_tablet":0,"ocean_menu_typo_spacing_mobile":0,"ocean_menu_typo_spacing_unit":"","ocean_menu_link_color":"","ocean_menu_link_color_hover":"","ocean_menu_link_color_active":"","ocean_menu_link_background":"","ocean_menu_link_hover_background":"","ocean_menu_link_active_background":"","ocean_menu_social_links_bg":"","ocean_menu_social_hover_links_bg":"","ocean_menu_social_links_color":"","ocean_menu_social_hover_links_color":"","ocean_disable_title":"default","ocean_disable_heading":"default","ocean_post_title":"","ocean_post_subheading":"","ocean_post_title_style":"","ocean_post_title_background_color":"","ocean_post_title_background":0,"ocean_post_title_bg_image_position":"","ocean_post_title_bg_image_attachment":"","ocean_post_title_bg_image_repeat":"","ocean_post_title_bg_image_size":"","ocean_post_title_height":0,"ocean_post_title_bg_overlay":0.5,"ocean_post_title_bg_overlay_color":"","ocean_disable_breadcrumbs":"default","ocean_breadcrumbs_color":"","ocean_breadcrumbs_separator_color":"","ocean_breadcrumbs_links_color":"","ocean_breadcrumbs_links_hover_color":"","ocean_display_footer_widgets":"default","ocean_display_footer_bottom":"default","ocean_custom_footer_template":"0"},"product_cat":[113,91,90,81,184,20],"product_tag":[],"class_list":{"0":"post-36268","1":"product","2":"type-product","3":"status-publish","4":"has-post-thumbnail","6":"product_brand-le-rouge-francais","7":"product_cat-baumes-a-levres","8":"product_cat-tout-type-de-peau","9":"product_cat-peaux-seches-deshydratees","10":"product_cat-soins-des-levres","11":"product_cat-tous-type-de-peau-homme","12":"product_cat-soins-du-visage","14":"entry","15":"has-media","17":"first","18":"instock","19":"taxable","20":"shipping-taxable","21":"purchasable","22":"product-type-simple","23":"has-product-nav","24":"col","25":"span_1_of_4","26":"owp-content-center","27":"owp-thumbs-layout-horizontal","28":"owp-btn-normal","29":"owp-tabs-layout-horizontal","30":"has-no-thumbnails"},"_links":{"self":[{"href":"https:\/\/awesomegreenbeauty.com\/en\/wp-json\/wp\/v2\/product\/36268","targetHints":{"allow":["GET"]}}],"collection":[{"href":"https:\/\/awesomegreenbeauty.com\/en\/wp-json\/wp\/v2\/product"}],"about":[{"href":"https:\/\/awesomegreenbeauty.com\/en\/wp-json\/wp\/v2\/types\/product"}],"version-history":[{"count":0,"href":"https:\/\/awesomegreenbeauty.com\/en\/wp-json\/wp\/v2\/product\/36268\/revisions"}],"wp:featuredmedia":[{"embeddable":true,"href":"https:\/\/awesomegreenbeauty.com\/en\/wp-json\/wp\/v2\/media\/36270"}],"wp:attachment":[{"href":"https:\/\/awesomegreenbeauty.com\/en\/wp-json\/wp\/v2\/media?parent=36268"}],"wp:term":[{"taxonomy":"product_cat","embeddable":true,"href":"https:\/\/awesomegreenbeauty.com\/en\/wp-json\/wp\/v2\/product_cat?post=36268"},{"taxonomy":"product_tag","embeddable":true,"href":"https:\/\/awesomegreenbeauty.com\/en\/wp-json\/wp\/v2\/product_tag?post=36268"}],"curies":[{"name":"wp","href":"https:\/\/api.w.org\/{rel}","templated":true}]}}