{"id":36271,"date":"2024-10-30T17:54:45","date_gmt":"2024-10-30T16:54:45","guid":{"rendered":"https:\/\/awesomegreenbeauty.com\/?post_type=product&#038;p=36271"},"modified":"2025-05-24T16:16:27","modified_gmt":"2025-05-24T14:16:27","slug":"le-rouge-francais-eyeliner-noir-cephee-5ml","status":"publish","type":"product","link":"https:\/\/awesomegreenbeauty.com\/en\/product\/le-rouge-francais-eyeliner-noir-cephee-5ml\/","title":{"rendered":"LE ROUGE FRAN\u00c7AIS &#8211; Eyeliner Noir bio C\u00e9ph\u00e9e-5ml"},"content":{"rendered":"<p><strong><a href=\"https:\/\/awesomegreenbeauty.com\/en\/product-category\/cosmetique\/\" target=\"_blank\" rel=\"noopener\">Eyeliner noir BIO<\/a> bio\u00a0<\/strong>\u00a0<strong>99.1% Natural | 83.8% Organic<\/strong><\/p>\n<h3>THE TINTING PIGMENT<\/h3>\n<p>Qualified as the 7th color of the Rainbow, Indigo has a palette of extraordinary and unsuspected colors. In the heart of the Indus Valley, blue textiles dyed with indigotine emerge from the city of Mohenjo-Daro, while in Central America, Mayan frescoes and statues reveal the red of indirubine. Indigo also has incredible biological properties.<\/p>\n<p>Cette formule naturelle riche en extraits v\u00e9g\u00e9taux, cires protectrices et pigments min\u00e9raux a \u00e9t\u00e9 con\u00e7ue pour sublimer le regard tout en respectant la zone d\u00e9licate du contour des yeux. Offrant une texture cr\u00e9meuse, une bonne tenue et un effet volumateur ou structurant, elle convient parfaitement aux personnes \u00e0 la recherche de maquillage clean, vegan, et performant.<\/p>\n<h3>UNE FORMULE VERTUEUSE POUR CET EYELINER NOIR BIO<strong>\u00a0<\/strong><\/h3>\n<p>Barley straw hydrosol: revitalising<\/p>\n<p>Castor oil: Nourishing<\/p>\n<h3>AN EXCLUSIVE FINISH<\/h3>\n<p>An exclusive care formula, respectful of sensitive eyes for an intense, enhanced look.<\/p>\n<p>99.1% of all ingredients are of natural origin.<\/p>\n<p>83.8% of the total ingredients are from organic farming.<\/p>\n<p><strong>This eyeliner does not contain synthetic pigment, titanium dioxide, mica, synthetic fragrance, BHT and BHA, artificial preservatives, silicones, squalene, colorants or additives. ingredients of animal origin.<\/strong><\/p>","protected":false},"excerpt":{"rendered":"<p><strong>99.1% Natural | 83.8% Organic<\/strong><\/p>\n<p>Un noir scintillant, austral, \u00e9voquant la trajectoire d\u2019une poussi\u00e8re d\u2019\u00e9toile. Sa couleur v\u00e9g\u00e9tale est extraite de l\u2019indigotier et du sorgho.<\/p>\n<p>Pour une formule soin exceptionnelle adapt\u00e9e aux yeux sensibles.<\/p>\n<p><strong>This eyeliner does not contain synthetic pigment, titanium dioxide, mica, synthetic fragrance, BHT and BHA, artificial preservatives, silicones, squalene, colorants or additives. ingredients of animal origin.<\/strong><\/p>","protected":false},"featured_media":36274,"template":"","meta":{"ocean_post_layout":"","ocean_both_sidebars_style":"","ocean_both_sidebars_content_width":0,"ocean_both_sidebars_sidebars_width":0,"ocean_sidebar":"0","ocean_second_sidebar":"0","ocean_disable_margins":"enable","ocean_add_body_class":"","ocean_shortcode_before_top_bar":"","ocean_shortcode_after_top_bar":"","ocean_shortcode_before_header":"","ocean_shortcode_after_header":"","ocean_has_shortcode":"","ocean_shortcode_after_title":"","ocean_shortcode_before_footer_widgets":"","ocean_shortcode_after_footer_widgets":"","ocean_shortcode_before_footer_bottom":"","ocean_shortcode_after_footer_bottom":"","ocean_display_top_bar":"default","ocean_display_header":"default","ocean_header_style":"","ocean_center_header_left_menu":"0","ocean_custom_header_template":"0","ocean_custom_logo":0,"ocean_custom_retina_logo":0,"ocean_custom_logo_max_width":0,"ocean_custom_logo_tablet_max_width":0,"ocean_custom_logo_mobile_max_width":0,"ocean_custom_logo_max_height":0,"ocean_custom_logo_tablet_max_height":0,"ocean_custom_logo_mobile_max_height":0,"ocean_header_custom_menu":"0","ocean_menu_typo_font_family":"0","ocean_menu_typo_font_subset":"","ocean_menu_typo_font_size":0,"ocean_menu_typo_font_size_tablet":0,"ocean_menu_typo_font_size_mobile":0,"ocean_menu_typo_font_size_unit":"px","ocean_menu_typo_font_weight":"","ocean_menu_typo_font_weight_tablet":"","ocean_menu_typo_font_weight_mobile":"","ocean_menu_typo_transform":"","ocean_menu_typo_transform_tablet":"","ocean_menu_typo_transform_mobile":"","ocean_menu_typo_line_height":0,"ocean_menu_typo_line_height_tablet":0,"ocean_menu_typo_line_height_mobile":0,"ocean_menu_typo_line_height_unit":"","ocean_menu_typo_spacing":0,"ocean_menu_typo_spacing_tablet":0,"ocean_menu_typo_spacing_mobile":0,"ocean_menu_typo_spacing_unit":"","ocean_menu_link_color":"","ocean_menu_link_color_hover":"","ocean_menu_link_color_active":"","ocean_menu_link_background":"","ocean_menu_link_hover_background":"","ocean_menu_link_active_background":"","ocean_menu_social_links_bg":"","ocean_menu_social_hover_links_bg":"","ocean_menu_social_links_color":"","ocean_menu_social_hover_links_color":"","ocean_disable_title":"default","ocean_disable_heading":"default","ocean_post_title":"","ocean_post_subheading":"","ocean_post_title_style":"","ocean_post_title_background_color":"","ocean_post_title_background":0,"ocean_post_title_bg_image_position":"","ocean_post_title_bg_image_attachment":"","ocean_post_title_bg_image_repeat":"","ocean_post_title_bg_image_size":"","ocean_post_title_height":0,"ocean_post_title_bg_overlay":0.5,"ocean_post_title_bg_overlay_color":"","ocean_disable_breadcrumbs":"default","ocean_breadcrumbs_color":"","ocean_breadcrumbs_separator_color":"","ocean_breadcrumbs_links_color":"","ocean_breadcrumbs_links_hover_color":"","ocean_display_footer_widgets":"default","ocean_display_footer_bottom":"default","ocean_custom_footer_template":"0"},"product_cat":[415],"product_tag":[],"class_list":{"0":"post-36271","1":"product","2":"type-product","3":"status-publish","4":"has-post-thumbnail","6":"product_brand-le-rouge-francais","7":"product_cat-eyeliner","9":"entry","10":"has-media","12":"first","13":"outofstock","14":"taxable","15":"shipping-taxable","16":"purchasable","17":"product-type-simple","18":"has-product-nav","19":"col","20":"span_1_of_4","21":"owp-content-center","22":"owp-thumbs-layout-horizontal","23":"owp-btn-normal","24":"owp-tabs-layout-horizontal","25":"has-no-thumbnails"},"_links":{"self":[{"href":"https:\/\/awesomegreenbeauty.com\/en\/wp-json\/wp\/v2\/product\/36271","targetHints":{"allow":["GET"]}}],"collection":[{"href":"https:\/\/awesomegreenbeauty.com\/en\/wp-json\/wp\/v2\/product"}],"about":[{"href":"https:\/\/awesomegreenbeauty.com\/en\/wp-json\/wp\/v2\/types\/product"}],"version-history":[{"count":0,"href":"https:\/\/awesomegreenbeauty.com\/en\/wp-json\/wp\/v2\/product\/36271\/revisions"}],"wp:featuredmedia":[{"embeddable":true,"href":"https:\/\/awesomegreenbeauty.com\/en\/wp-json\/wp\/v2\/media\/36274"}],"wp:attachment":[{"href":"https:\/\/awesomegreenbeauty.com\/en\/wp-json\/wp\/v2\/media?parent=36271"}],"wp:term":[{"taxonomy":"product_cat","embeddable":true,"href":"https:\/\/awesomegreenbeauty.com\/en\/wp-json\/wp\/v2\/product_cat?post=36271"},{"taxonomy":"product_tag","embeddable":true,"href":"https:\/\/awesomegreenbeauty.com\/en\/wp-json\/wp\/v2\/product_tag?post=36271"}],"curies":[{"name":"wp","href":"https:\/\/api.w.org\/{rel}","templated":true}]}}