{"id":363,"date":"2019-08-29T14:36:18","date_gmt":"2019-08-29T12:36:18","guid":{"rendered":"https:\/\/www.mygreenbrands.fr\/?post_type=product&#038;p=363"},"modified":"2025-04-26T12:49:22","modified_gmt":"2025-04-26T10:49:22","slug":"rasasara-skinfood-savon-visage-peaux-matures","status":"publish","type":"product","link":"https:\/\/awesomegreenbeauty.com\/en\/product\/rasasara-skinfood-savon-visage-peaux-matures\/","title":{"rendered":"RASASARA SKINFOOD \u2013 VATA savon visage peaux matures \u2013 75 g"},"content":{"rendered":"<p>100% Naturel nettoyant visage | Fait main | Huiles essentielles Bio | <strong><a href=\"https:\/\/awesomegreenbeauty.com\/en\/les-peaux-matures-2\/\" target=\"_blank\" rel=\"noopener\">Peaux s\u00e8ches et matures<\/a><\/strong><\/p>\n<p>Ce savon solide pour peaux matures est doux et soyeux pour un nettoyage impeccable sans dess\u00e9cher.<\/p>\n<p>Les savons solides visage sont parfaits pour un nettoyage quotidien et particuli\u00e8rement \u00e9conomiques.<\/p>\n<p>Ils peuvent durer jusqu\u2019\u00e0 6 mois !<\/p>\n<h3>Les Ingr\u00e9dients &amp; les b\u00e9n\u00e9fices de ce savon solide pour peaux matures<\/h3>\n<p><strong>G\u00e9ranium<\/strong> (Pelargonium graveolens)<br \/>\nApaisant et \u00e9quilibrant pour la peau, il est \u00e9galement un antibact\u00e9rien et antifongique naturel.<br \/>\nAide \u00e0 r\u00e9guler la production de s\u00e9bum, id\u00e9al pour <a href=\"https:\/\/awesomegreenbeauty.com\/en\/les-peaux-a-imperfections\/\" target=\"_blank\" rel=\"noopener\"><strong>les peaux grasses et mixtes<\/strong><\/a>.<br \/>\nPoss\u00e8de un parfum floral agr\u00e9able et relaxant<br \/>\n<strong>Lemon<\/strong> (Citrus limon, poudre de zeste)<br \/>\n\u00c9claircissant et tonifiant pour la peau<br \/>\nAide \u00e0 resserrer les pores et \u00e0 purifier l&rsquo;\u00e9piderme. Apporte une l\u00e9g\u00e8re exfoliation gr\u00e2ce \u00e0 sa poudre de zeste. Antiseptique naturel<br \/>\n<strong>Argile blanche<\/strong> (French argilite)<br \/>\nTr\u00e8s douce, id\u00e9ale pour les peaux sensibles et s\u00e8ches. Absorbe l&rsquo;exc\u00e8s de s\u00e9bum et purifie la peau sans l&rsquo;agresser.<br \/>\nSoothes irritation and redness with organic comfrey and fennel<br \/>\nRemin\u00e9ralisante et favorise l&rsquo;\u00e9clat du teint<br \/>\n<strong>Eau purifi\u00e9e<\/strong><br \/>\nBase hydratante essentielle pour la formulation<br \/>\nAide \u00e0 la dissolution et au m\u00e9lange des ingr\u00e9dients<br \/>\n<strong>Huile d&rsquo;avocat<\/strong> (Persea americana)<br \/>\nNourrissante et r\u00e9g\u00e9n\u00e9rante, id\u00e9ale pour les peaux s\u00e8ches et matures<br \/>\nRiche en vitamines A, D et E, favorisant l&rsquo;\u00e9lasticit\u00e9 de la peau<br \/>\nAide \u00e0 r\u00e9parer la barri\u00e8re cutan\u00e9e et apaise les irritations<br \/>\n<strong>Huile de palme<\/strong> (Elaeis guineensis)<br \/>\nApporte duret\u00e9 et mousse au savon<br \/>\nContient des antioxydants et de la vitamine E. Hydrate et prot\u00e8ge la peau<br \/>\n<strong>Huile de noix de coco<\/strong> (Cocos nucifera)<br \/>\nApporte une mousse onctueuse et nettoie en profondeur<br \/>\nNourrissante et protectrice<br \/>\nPoss\u00e8de des propri\u00e9t\u00e9s antibact\u00e9riennes et antifongiques<br \/>\nCe m\u00e9lange d\u2019ingr\u00e9dients naturels est parfait pour un savon doux, purifiant et nourrissant, id\u00e9al pour les peaux normales \u00e0 s\u00e8ches ou sensibles.<\/p>","protected":false},"excerpt":{"rendered":"<p>1<strong>00 % Natural | Hand made | Organic essential oils. <\/strong>Peaux s\u00e8ches et matures. Ce savon solide pour peaux matures est un <strong>nourishing blend of oils and plants<\/strong> pour un nettoyage\u00a0 doux et soyeux. Particuli\u00e8rement \u00e9conomiques, ils peuvent durer jusqu\u2019\u00e0 mois. Divin !<\/p>\n<p>&nbsp;<\/p>\n<p>&nbsp;<\/p>","protected":false},"featured_media":364,"template":"","meta":{"ocean_post_layout":"","ocean_both_sidebars_style":"","ocean_both_sidebars_content_width":0,"ocean_both_sidebars_sidebars_width":0,"ocean_sidebar":"0","ocean_second_sidebar":"0","ocean_disable_margins":"enable","ocean_add_body_class":"","ocean_shortcode_before_top_bar":"","ocean_shortcode_after_top_bar":"","ocean_shortcode_before_header":"","ocean_shortcode_after_header":"","ocean_has_shortcode":"","ocean_shortcode_after_title":"","ocean_shortcode_before_footer_widgets":"","ocean_shortcode_after_footer_widgets":"","ocean_shortcode_before_footer_bottom":"","ocean_shortcode_after_footer_bottom":"","ocean_display_top_bar":"default","ocean_display_header":"default","ocean_header_style":"","ocean_center_header_left_menu":"0","ocean_custom_header_template":"0","ocean_custom_logo":0,"ocean_custom_retina_logo":0,"ocean_custom_logo_max_width":0,"ocean_custom_logo_tablet_max_width":0,"ocean_custom_logo_mobile_max_width":0,"ocean_custom_logo_max_height":0,"ocean_custom_logo_tablet_max_height":0,"ocean_custom_logo_mobile_max_height":0,"ocean_header_custom_menu":"0","ocean_menu_typo_font_family":"0","ocean_menu_typo_font_subset":"","ocean_menu_typo_font_size":0,"ocean_menu_typo_font_size_tablet":0,"ocean_menu_typo_font_size_mobile":0,"ocean_menu_typo_font_size_unit":"px","ocean_menu_typo_font_weight":"","ocean_menu_typo_font_weight_tablet":"","ocean_menu_typo_font_weight_mobile":"","ocean_menu_typo_transform":"","ocean_menu_typo_transform_tablet":"","ocean_menu_typo_transform_mobile":"","ocean_menu_typo_line_height":0,"ocean_menu_typo_line_height_tablet":0,"ocean_menu_typo_line_height_mobile":0,"ocean_menu_typo_line_height_unit":"","ocean_menu_typo_spacing":0,"ocean_menu_typo_spacing_tablet":0,"ocean_menu_typo_spacing_mobile":0,"ocean_menu_typo_spacing_unit":"","ocean_menu_link_color":"","ocean_menu_link_color_hover":"","ocean_menu_link_color_active":"","ocean_menu_link_background":"","ocean_menu_link_hover_background":"","ocean_menu_link_active_background":"","ocean_menu_social_links_bg":"","ocean_menu_social_hover_links_bg":"","ocean_menu_social_links_color":"","ocean_menu_social_hover_links_color":"","ocean_disable_title":"default","ocean_disable_heading":"default","ocean_post_title":"","ocean_post_subheading":"","ocean_post_title_style":"","ocean_post_title_background_color":"","ocean_post_title_background":0,"ocean_post_title_bg_image_position":"","ocean_post_title_bg_image_attachment":"","ocean_post_title_bg_image_repeat":"","ocean_post_title_bg_image_size":"","ocean_post_title_height":0,"ocean_post_title_bg_overlay":0.5,"ocean_post_title_bg_overlay_color":"","ocean_disable_breadcrumbs":"default","ocean_breadcrumbs_color":"","ocean_breadcrumbs_separator_color":"","ocean_breadcrumbs_links_color":"","ocean_breadcrumbs_links_hover_color":"","ocean_display_footer_widgets":"default","ocean_display_footer_bottom":"default","ocean_custom_footer_template":"0"},"product_cat":[34,36,87,90,119],"product_tag":[],"class_list":{"0":"post-363","1":"product","2":"type-product","3":"status-publish","4":"has-post-thumbnail","6":"product_brand-rasasara-skinfood","7":"product_cat-pere","8":"product_cat-nettoyants-visage-bio-naturels","9":"product_cat-peaux-matures","10":"product_cat-peaux-seches-deshydratees","11":"product_cat-soins-du-visage-pere","13":"entry","14":"has-media","16":"first","17":"instock","18":"taxable","19":"shipping-taxable","20":"purchasable","21":"product-type-simple","22":"has-product-nav","23":"col","24":"span_1_of_4","25":"owp-content-center","26":"owp-thumbs-layout-horizontal","27":"owp-btn-normal","28":"owp-tabs-layout-horizontal"},"_links":{"self":[{"href":"https:\/\/awesomegreenbeauty.com\/en\/wp-json\/wp\/v2\/product\/363","targetHints":{"allow":["GET"]}}],"collection":[{"href":"https:\/\/awesomegreenbeauty.com\/en\/wp-json\/wp\/v2\/product"}],"about":[{"href":"https:\/\/awesomegreenbeauty.com\/en\/wp-json\/wp\/v2\/types\/product"}],"version-history":[{"count":0,"href":"https:\/\/awesomegreenbeauty.com\/en\/wp-json\/wp\/v2\/product\/363\/revisions"}],"wp:featuredmedia":[{"embeddable":true,"href":"https:\/\/awesomegreenbeauty.com\/en\/wp-json\/wp\/v2\/media\/364"}],"wp:attachment":[{"href":"https:\/\/awesomegreenbeauty.com\/en\/wp-json\/wp\/v2\/media?parent=363"}],"wp:term":[{"taxonomy":"product_cat","embeddable":true,"href":"https:\/\/awesomegreenbeauty.com\/en\/wp-json\/wp\/v2\/product_cat?post=363"},{"taxonomy":"product_tag","embeddable":true,"href":"https:\/\/awesomegreenbeauty.com\/en\/wp-json\/wp\/v2\/product_tag?post=363"}],"curies":[{"name":"wp","href":"https:\/\/api.w.org\/{rel}","templated":true}]}}