{"id":3653,"date":"2020-12-17T15:35:19","date_gmt":"2020-12-17T14:35:19","guid":{"rendered":"https:\/\/mygreenbrands.com\/?post_type=product&#038;p=3653"},"modified":"2025-04-23T17:46:28","modified_gmt":"2025-04-23T15:46:28","slug":"josh-rosebrook-masque-visage-exfoliant-aux-enzymes-actives-45-ml","status":"publish","type":"product","link":"https:\/\/awesomegreenbeauty.com\/en\/product\/josh-rosebrook-masque-visage-exfoliant-aux-enzymes-actives-45-ml\/","title":{"rendered":"JOSH ROSEBROOK &#8211; Masque visage Exfoliant aux enzymes actives &#8211; 22 ml"},"content":{"rendered":"<p>Le Masque Exfoliant Enzymatique Josh Rosebrook allie la puissance des enzymes naturelles et de l&rsquo;exfoliation m\u00e9canique pour r\u00e9v\u00e9ler une peau lumineuse et renouvel\u00e9e. Gr\u00e2ce \u00e0 la Papa\u00efne, une enzyme issue de la papaye, ce soin dissout en douceur les cellules mortes et favorise le renouvellement cellulaire, sans irriter la peau. Associ\u00e9 aux bienfaits du miel brut, riche en acides naturels et antioxydants, ce masque exfolie tout en restaurant l&rsquo;hydratation essentielle de l&rsquo;\u00e9piderme.<\/p>\n<p>De plus, <span style=\"color: #993300;\"><strong><a style=\"color: #993300;\" href=\"https:\/\/joshrosebrook.com\/fr\/blogs\/articles\/exfoliation-in-a-walnut-shell?srsltid=AfmBOoo26B2KF6uxm42h1YjjaWA1lCfxd8vu-DGF-UQyk4Z7xorG5Vz_\" target=\"_blank\" rel=\"noopener\">les coques de noix<\/a><\/strong><\/span> finement broy\u00e9es dans ce masque exfoliant assurent une exfoliation m\u00e9canique efficace, affinant le grain de peau et r\u00e9v\u00e9lant un teint \u00e9clatant. Des huiles v\u00e9g\u00e9tales nourrissantes, des extraits botaniques apaisants et de puissants antioxydants aident \u00e0 r\u00e9tablir l&rsquo;\u00e9quilibre cutan\u00e9 et \u00e0 prot\u00e9ger la peau des agressions ext\u00e9rieures.<\/p>\n<h3 data-start=\"1013\" data-end=\"1040\"><strong data-start=\"1017\" data-end=\"1038\">Pourquoi Papain ?<\/strong><\/h3>\n<p data-start=\"1041\" data-end=\"1597\">L\u2019enzyme<strong> <span style=\"color: #993300;\"><a style=\"color: #993300;\" href=\"https:\/\/sykz.fr\/blogs\/infos\/les-bienfaits-des-enzymes-dans-les-soins-de-la-peau-un-guide-complet\" target=\"_blank\" rel=\"noopener\">Papain, extraite de la papaye<\/a><\/span><\/strong>, est un exfoliant enzymatique puissant qui agit en d\u00e9composant les prot\u00e9ines des cellules mortes accumul\u00e9es \u00e0 la surface de la peau. Contrairement aux gommages abrasifs, elle offre une exfoliation douce mais efficace, id\u00e9ale pour les peaux sensibles ou r\u00e9actives. Son action permet de :<\/p>\n<ul>\n<li data-start=\"1041\" data-end=\"1597\"><strong data-start=\"1375\" data-end=\"1401\">\u00c9liminer les impuret\u00e9s<\/strong> sans irritation<\/li>\n<li data-start=\"1041\" data-end=\"1597\"><strong data-start=\"1422\" data-end=\"1464\">Acc\u00e9l\u00e9rer le renouvellement cellulaire<\/strong> pour un teint plus uniforme<\/li>\n<li data-start=\"1041\" data-end=\"1597\"><strong data-start=\"1497\" data-end=\"1526\">R\u00e9duire les imperfections<\/strong> en d\u00e9sobstruant les pores<\/li>\n<li data-start=\"1041\" data-end=\"1597\"><strong data-start=\"1557\" data-end=\"1595\">Booster l\u2019\u00e9clat naturel de la peau<\/strong><\/li>\n<\/ul>\n<h3 data-start=\"1041\" data-end=\"1597\"><strong data-start=\"742\" data-end=\"763\">B\u00e9n\u00e9fices du Masque Exfoliant Enzymatique<\/strong><\/h3>\n<ol>\n<li data-start=\"1041\" data-end=\"1597\"><strong data-start=\"742\" data-end=\"763\">Hydrate &amp; Nourrit<\/strong> : Les huiles v\u00e9g\u00e9tales riches en nutriments et les antioxydants issus de plantes restaurent l\u2019hydratation et renforcent la barri\u00e8re cutan\u00e9e.<\/li>\n<li data-start=\"1041\" data-end=\"1597\"><strong data-start=\"910\" data-end=\"933\">Purifie &amp; \u00c9quilibre<\/strong> : Le miel brut et les extraits botaniques apaisent la peau et aident \u00e0 r\u00e9guler les imperfections.<\/li>\n<li data-start=\"1041\" data-end=\"1597\"><strong data-start=\"1036\" data-end=\"1061\">Illumine &amp; Revitalise<\/strong> : Les actifs naturels boostent l\u2019\u00e9clat du teint et soutiennent le renouvellement cellulaire.<\/li>\n<\/ol>\n<h3><strong>Use<\/strong><\/h3>\n<p>Utilisez ce masque exfoliant 2 \u00e0 3 fois par semaine dans <strong><span style=\"color: #993300;\"><a style=\"color: #993300;\" href=\"https:\/\/awesomegreenbeauty.com\/en\/les-peaux-a-imperfections\/\" target=\"_blank\" rel=\"noopener\">your routine<\/a><\/span><\/strong>. Appliquer une quantit\u00e9 g\u00e9n\u00e9reuse sur peau propre et effectuer de l\u00e9gers mouvements circulaires. Laisser poser 10 minutes \u00e0 1 heure (au moins 40 minutes recommand\u00e9es pour un effet optimal). Rincer \u00e0 l\u2019eau ti\u00e8de et s\u00e9cher d\u00e9licatement.<\/p>\n<p><strong data-start=\"1603\" data-end=\"1634\">Pour tous les types de peau<\/strong> : normale, mixte, grasse, s\u00e8che et sujette aux imperfections. Pour les peaux sensibles ou sujettes \u00e0 l\u2019inflammation, nous recommandons d\u2019omettre l\u2019exfoliation m\u00e9canique et de privil\u00e9gier l\u2019action enzymatique du masque.<\/p>\n<p>D\u00e9couvrez des solutions de soins de la peau plus efficaces de <strong><span style=\"color: #993300;\"><a style=\"color: #993300;\" href=\"https:\/\/awesomegreenbeauty.com\/en\/marques\/josh-rosebrook\/\" target=\"_blank\" rel=\"noopener\">Josh Rosebrook<\/a><\/span><\/strong> chez Awesome Green Beauty!<\/p>","protected":false},"excerpt":{"rendered":"<p>\ud83c\udf3f <strong data-start=\"2171\" data-end=\"2194\">Certifi\u00e9 biologique<\/strong> | \ud83d\udc30 <strong data-start=\"2200\" data-end=\"2229\">Not tested on animals. Without cruelty.<\/strong> |<strong> Fabriqu\u00e9 aux \u00c9tats-Unis<\/strong><\/p>\n<p>Active enzyme exfoliator by Josh Rosebrook is a dual-action resurfacing treatment that works to clear and soften skin.<\/p>","protected":false},"featured_media":3662,"template":"","meta":{"ocean_post_layout":"","ocean_both_sidebars_style":"","ocean_both_sidebars_content_width":0,"ocean_both_sidebars_sidebars_width":0,"ocean_sidebar":"0","ocean_second_sidebar":"0","ocean_disable_margins":"enable","ocean_add_body_class":"","ocean_shortcode_before_top_bar":"","ocean_shortcode_after_top_bar":"","ocean_shortcode_before_header":"","ocean_shortcode_after_header":"","ocean_has_shortcode":"","ocean_shortcode_after_title":"","ocean_shortcode_before_footer_widgets":"","ocean_shortcode_after_footer_widgets":"","ocean_shortcode_before_footer_bottom":"","ocean_shortcode_after_footer_bottom":"","ocean_display_top_bar":"default","ocean_display_header":"default","ocean_header_style":"","ocean_center_header_left_menu":"0","ocean_custom_header_template":"0","ocean_custom_logo":0,"ocean_custom_retina_logo":0,"ocean_custom_logo_max_width":0,"ocean_custom_logo_tablet_max_width":0,"ocean_custom_logo_mobile_max_width":0,"ocean_custom_logo_max_height":0,"ocean_custom_logo_tablet_max_height":0,"ocean_custom_logo_mobile_max_height":0,"ocean_header_custom_menu":"0","ocean_menu_typo_font_family":"0","ocean_menu_typo_font_subset":"","ocean_menu_typo_font_size":0,"ocean_menu_typo_font_size_tablet":0,"ocean_menu_typo_font_size_mobile":0,"ocean_menu_typo_font_size_unit":"px","ocean_menu_typo_font_weight":"","ocean_menu_typo_font_weight_tablet":"","ocean_menu_typo_font_weight_mobile":"","ocean_menu_typo_transform":"","ocean_menu_typo_transform_tablet":"","ocean_menu_typo_transform_mobile":"","ocean_menu_typo_line_height":0,"ocean_menu_typo_line_height_tablet":0,"ocean_menu_typo_line_height_mobile":0,"ocean_menu_typo_line_height_unit":"","ocean_menu_typo_spacing":0,"ocean_menu_typo_spacing_tablet":0,"ocean_menu_typo_spacing_mobile":0,"ocean_menu_typo_spacing_unit":"","ocean_menu_link_color":"","ocean_menu_link_color_hover":"","ocean_menu_link_color_active":"","ocean_menu_link_background":"","ocean_menu_link_hover_background":"","ocean_menu_link_active_background":"","ocean_menu_social_links_bg":"","ocean_menu_social_hover_links_bg":"","ocean_menu_social_links_color":"","ocean_menu_social_hover_links_color":"","ocean_disable_title":"default","ocean_disable_heading":"default","ocean_post_title":"","ocean_post_subheading":"","ocean_post_title_style":"","ocean_post_title_background_color":"","ocean_post_title_background":0,"ocean_post_title_bg_image_position":"","ocean_post_title_bg_image_attachment":"","ocean_post_title_bg_image_repeat":"","ocean_post_title_bg_image_size":"","ocean_post_title_height":0,"ocean_post_title_bg_overlay":0.5,"ocean_post_title_bg_overlay_color":"","ocean_disable_breadcrumbs":"default","ocean_breadcrumbs_color":"","ocean_breadcrumbs_separator_color":"","ocean_breadcrumbs_links_color":"","ocean_breadcrumbs_links_hover_color":"","ocean_display_footer_widgets":"default","ocean_display_footer_bottom":"default","ocean_custom_footer_template":"0"},"product_cat":[75,410,76,89,91,409,20],"product_tag":[],"class_list":{"0":"post-3653","1":"product","2":"type-product","3":"status-publish","4":"has-post-thumbnail","6":"product_brand-josh-rosebrook","7":"product_cat-exfoliants-visage-naturels-bio","8":"product_cat-hyperpigmentation-taches-pigmentaires","9":"product_cat-masques-traitants-naturels-bio","10":"product_cat-peaux-grasses-mixtes","11":"product_cat-tout-type-de-peau","12":"product_cat-peaux-ternes","13":"product_cat-soins-du-visage","15":"entry","16":"has-media","18":"first","19":"instock","20":"taxable","21":"shipping-taxable","22":"purchasable","23":"product-type-simple","24":"has-product-nav","25":"col","26":"span_1_of_4","27":"owp-content-center","28":"owp-thumbs-layout-horizontal","29":"owp-btn-normal","30":"owp-tabs-layout-horizontal"},"_links":{"self":[{"href":"https:\/\/awesomegreenbeauty.com\/en\/wp-json\/wp\/v2\/product\/3653","targetHints":{"allow":["GET"]}}],"collection":[{"href":"https:\/\/awesomegreenbeauty.com\/en\/wp-json\/wp\/v2\/product"}],"about":[{"href":"https:\/\/awesomegreenbeauty.com\/en\/wp-json\/wp\/v2\/types\/product"}],"version-history":[{"count":0,"href":"https:\/\/awesomegreenbeauty.com\/en\/wp-json\/wp\/v2\/product\/3653\/revisions"}],"wp:featuredmedia":[{"embeddable":true,"href":"https:\/\/awesomegreenbeauty.com\/en\/wp-json\/wp\/v2\/media\/3662"}],"wp:attachment":[{"href":"https:\/\/awesomegreenbeauty.com\/en\/wp-json\/wp\/v2\/media?parent=3653"}],"wp:term":[{"taxonomy":"product_cat","embeddable":true,"href":"https:\/\/awesomegreenbeauty.com\/en\/wp-json\/wp\/v2\/product_cat?post=3653"},{"taxonomy":"product_tag","embeddable":true,"href":"https:\/\/awesomegreenbeauty.com\/en\/wp-json\/wp\/v2\/product_tag?post=3653"}],"curies":[{"name":"wp","href":"https:\/\/api.w.org\/{rel}","templated":true}]}}