{"id":366,"date":"2019-08-29T14:40:54","date_gmt":"2019-08-29T12:40:54","guid":{"rendered":"https:\/\/www.mygreenbrands.fr\/?post_type=product&#038;p=366"},"modified":"2026-04-17T14:33:32","modified_gmt":"2026-04-17T12:33:32","slug":"exfoliant-visage-a-largile-blanche-riz-complet-et-ashwagandha","status":"publish","type":"product","link":"https:\/\/awesomegreenbeauty.com\/en\/product\/exfoliant-visage-a-largile-blanche-riz-complet-et-ashwagandha\/","title":{"rendered":"RASASARA SKINFOOD \u2013 VATA Masque Exfoliant \u00e0 l\u2019argile blanche &#038; Ashwagandha \u2013 75 g"},"content":{"rendered":"<p>Exfoliant visage naturel \u00e0 l\u2019argile blanche fran\u00e7aise, riz complet &amp; Ashwagandha.<\/p>\n<p>100% Natural | Handmade | Organic essential oils<\/p>\n<p>Un rituel exfoliant qui conjugue douceur min\u00e9rale, botanique sacr\u00e9e et \u00e9clat imm\u00e9diatement visible.\u00a0Cet exfoliant visage r\u00e9unit la <strong data-start=\"780\" data-end=\"821\">finesse de l\u2019argile blanche fran\u00e7aise<\/strong>, la douceur granuleuse du <strong data-start=\"848\" data-end=\"867\">riz complet bio<\/strong>, et la puissance adaptog\u00e8ne de l\u2019<strong data-start=\"901\" data-end=\"916\">Ashwagandha<\/strong> pour offrir une action 2-en-1 : exfoliation m\u00e9canique d\u00e9licate + purification profonde.<\/p>\n<p>Son parfum naturel \u2014 une danse d\u2019orange, de cardamome et de g\u00e9ranium \u2014 transforme le soin en un micro-rituel sensoriel.\u00a0Pens\u00e9 pour respecter l\u2019int\u00e9grit\u00e9 de la barri\u00e8re cutan\u00e9e, il laisse la peau <strong data-start=\"1203\" data-end=\"1258\">plus lisse, plus lumineuse et visiblement clarifi\u00e9e<\/strong> apr\u00e8s chaque utilisation.\u00a0Contrairement aux id\u00e9es re\u00e7ues une peau qui desquame est une peau qui a besoin d\u2019exfoliation. L\u2019hydratation sans exfoliation va ralentir l\u2019\u00e9limination des peaux mortes et aboutir \u00e0 une peau d\u2019apparence s\u00e8che et rugueuse.<\/p>\n<p>The skin is constantly renewed at a more or less rapid rate depending on the age resulting in an accumulation of dead cells on its surface. Ayurveda prescribes a gentle wash twice a day, in the morning and evening, to allow the skin to remove dead cells and allow the skin to regenerate in approximately 1 month.<\/p>\n<h2 data-start=\"2241\" data-end=\"2267\"><strong data-start=\"2244\" data-end=\"2265\">Type de peau\u00a0<\/strong><\/h2>\n<p data-start=\"2268\" data-end=\"2319\">Tous types de peaux, m\u00eame sensibles. Id\u00e9al pour :<\/p>\n<ul data-start=\"2320\" data-end=\"2404\">\n<li data-start=\"2320\" data-end=\"2335\">\n<p data-start=\"2322\" data-end=\"2335\">teint terne<\/p>\n<\/li>\n<li data-start=\"2336\" data-end=\"2354\">\n<p data-start=\"2338\" data-end=\"2354\">pores visibles<\/p>\n<\/li>\n<li data-start=\"2355\" data-end=\"2382\">\n<p data-start=\"2357\" data-end=\"2382\">peau fatigu\u00e9e, stress\u00e9e<\/p>\n<\/li>\n<li data-start=\"2383\" data-end=\"2404\">\n<p data-start=\"2385\" data-end=\"2404\">texture irr\u00e9guli\u00e8re<\/p>\n<\/li>\n<\/ul>\n<h2 data-start=\"1286\" data-end=\"1314\"><strong data-start=\"1289\" data-end=\"1312\">B\u00e9n\u00e9fices cl\u00e9s de cet exfoliant visage<\/strong><\/h2>\n<ul data-start=\"1315\" data-end=\"1803\">\n<li data-start=\"1315\" data-end=\"1397\">\n<p data-start=\"1317\" data-end=\"1397\"><strong data-start=\"1317\" data-end=\"1339\">Exfolie en douceur<\/strong> sans micro-d\u00e9chirures gr\u00e2ce \u00e0 la farine de riz complet.<\/p>\n<\/li>\n<li data-start=\"1398\" data-end=\"1471\">\n<p data-start=\"1400\" data-end=\"1471\"><strong data-start=\"1400\" data-end=\"1433\">Purifie et resserre les pores<\/strong> avec l\u2019argile blanche la plus fine.<\/p>\n<\/li>\n<li data-start=\"1472\" data-end=\"1565\">\n<p data-start=\"1474\" data-end=\"1565\"><strong data-start=\"1474\" data-end=\"1499\">Apaise et r\u00e9\u00e9quilibre<\/strong> gr\u00e2ce \u00e0 l\u2019Ashwagandha (Withania somnifera), adaptog\u00e8ne reconnu.<\/p>\n<\/li>\n<li data-start=\"1566\" data-end=\"1636\">\n<p data-start=\"1568\" data-end=\"1636\"><strong data-start=\"1568\" data-end=\"1589\">Illumine le teint<\/strong> par l\u2019action combin\u00e9e des poudres d\u2019agrumes.<\/p>\n<\/li>\n<li data-start=\"1637\" data-end=\"1740\">\n<p data-start=\"1639\" data-end=\"1740\"><strong data-start=\"1639\" data-end=\"1677\">Prot\u00e8ge des agressions ext\u00e9rieures<\/strong> gr\u00e2ce aux \u00e9pices antioxydantes (cardamome, clou de girofle).<\/p>\n<\/li>\n<li data-start=\"1741\" data-end=\"1803\">\n<p data-start=\"1743\" data-end=\"1803\"><strong data-start=\"1743\" data-end=\"1771\">Sublime le grain de peau<\/strong> d\u00e8s les premi\u00e8res applications.<\/p>\n<\/li>\n<\/ul>\n<h2 data-start=\"1805\" data-end=\"1843\"><strong data-start=\"1808\" data-end=\"1841\">Ingr\u00e9dients mis en avant\u00a0<\/strong><\/h2>\n<ul data-start=\"1844\" data-end=\"2239\">\n<li data-start=\"1844\" data-end=\"1927\">\n<p data-start=\"1846\" data-end=\"1927\"><strong data-start=\"1846\" data-end=\"1883\">Argile blanche fran\u00e7aise (Kaolin)<\/strong> : absorbe les impuret\u00e9s, r\u00e9pare, adoucit.<\/p>\n<\/li>\n<li data-start=\"1928\" data-end=\"1996\">\n<p data-start=\"1930\" data-end=\"1996\"><strong data-start=\"1930\" data-end=\"1959\">Farine de riz complet bio<\/strong> : exfoliation fine, boost du glow.<\/p>\n<\/li>\n<li data-start=\"1997\" data-end=\"2053\">\n<p data-start=\"1999\" data-end=\"2053\"><strong data-start=\"1999\" data-end=\"2018\">Ashwagandha bio<\/strong> : adaptog\u00e8ne anti-stress cutan\u00e9.<\/p>\n<\/li>\n<li data-start=\"2054\" data-end=\"2129\">\n<p data-start=\"2056\" data-end=\"2129\"><strong data-start=\"2056\" data-end=\"2087\">Cardamone &amp; clou de girofle<\/strong> : antioxydants, tonifiants, purifiants.<\/p>\n<\/li>\n<li data-start=\"2130\" data-end=\"2170\">\n<p data-start=\"2132\" data-end=\"2170\"><strong data-start=\"2132\" data-end=\"2150\">Zeste d\u2019orange<\/strong> : \u00e9clat imm\u00e9diat.<\/p>\n<\/li>\n<li data-start=\"2171\" data-end=\"2239\">\n<p data-start=\"2173\" data-end=\"2239\"><strong data-start=\"2173\" data-end=\"2195\">G\u00e9ranium rosat bio<\/strong> : r\u00e9gulation du s\u00e9bum + harmonie olfactive.<\/p>\n<\/li>\n<\/ul>\n<p>&nbsp;<\/p>","protected":false},"excerpt":{"rendered":"<p><strong>100 % Natural | Hand made | Organic essential oils. Mature skins<\/strong><\/p>\n<p>L\u2019hydratation sans exfoliation va ralentir l\u2019\u00e9limination des peaux mortes et aboutir \u00e0 une peau d\u2019apparence s\u00e8che et rugueuse.<\/p>\n<p>Exfoliant visage naturel \u00e0 base d\u2019<strong data-start=\"202\" data-end=\"230\">argile blanche fran\u00e7aise<\/strong>, organic botanical <strong data-start=\"235\" data-end=\"264\">farine de riz complet bio<\/strong> et d\u2019<strong data-start=\"270\" data-end=\"285\">Ashwagandha<\/strong>. Sa texture douce \u00e9limine les impuret\u00e9s, lisse le grain de peau et ravive l\u2019\u00e9clat sans agresser. Enrichi en <strong data-start=\"394\" data-end=\"407\">cardamome<\/strong>, <strong data-start=\"409\" data-end=\"427\">zeste d\u2019orange<\/strong> and <strong data-start=\"431\" data-end=\"449\">g\u00e9ranium rosat<\/strong>, il purifie, apaise et illumine en un geste.<\/p>\n<p>Convient \u00e0 tous les types de peau. Un traitement Ayurv\u00e9dique pour obtenir <strong>a luminous skin<\/strong>.<\/p>","protected":false},"featured_media":367,"template":"","meta":{"ocean_post_layout":"","ocean_both_sidebars_style":"","ocean_both_sidebars_content_width":0,"ocean_both_sidebars_sidebars_width":0,"ocean_sidebar":"0","ocean_second_sidebar":"0","ocean_disable_margins":"enable","ocean_add_body_class":"","ocean_shortcode_before_top_bar":"","ocean_shortcode_after_top_bar":"","ocean_shortcode_before_header":"","ocean_shortcode_after_header":"","ocean_has_shortcode":"","ocean_shortcode_after_title":"","ocean_shortcode_before_footer_widgets":"","ocean_shortcode_after_footer_widgets":"","ocean_shortcode_before_footer_bottom":"","ocean_shortcode_after_footer_bottom":"","ocean_display_top_bar":"default","ocean_display_header":"default","ocean_header_style":"","ocean_center_header_left_menu":"0","ocean_custom_header_template":"0","ocean_custom_logo":0,"ocean_custom_retina_logo":0,"ocean_custom_logo_max_width":0,"ocean_custom_logo_tablet_max_width":0,"ocean_custom_logo_mobile_max_width":0,"ocean_custom_logo_max_height":0,"ocean_custom_logo_tablet_max_height":0,"ocean_custom_logo_mobile_max_height":0,"ocean_header_custom_menu":"0","ocean_menu_typo_font_family":"0","ocean_menu_typo_font_subset":"","ocean_menu_typo_font_size":0,"ocean_menu_typo_font_size_tablet":0,"ocean_menu_typo_font_size_mobile":0,"ocean_menu_typo_font_size_unit":"px","ocean_menu_typo_font_weight":"","ocean_menu_typo_font_weight_tablet":"","ocean_menu_typo_font_weight_mobile":"","ocean_menu_typo_transform":"","ocean_menu_typo_transform_tablet":"","ocean_menu_typo_transform_mobile":"","ocean_menu_typo_line_height":0,"ocean_menu_typo_line_height_tablet":0,"ocean_menu_typo_line_height_mobile":0,"ocean_menu_typo_line_height_unit":"","ocean_menu_typo_spacing":0,"ocean_menu_typo_spacing_tablet":0,"ocean_menu_typo_spacing_mobile":0,"ocean_menu_typo_spacing_unit":"","ocean_menu_link_color":"","ocean_menu_link_color_hover":"","ocean_menu_link_color_active":"","ocean_menu_link_background":"","ocean_menu_link_hover_background":"","ocean_menu_link_active_background":"","ocean_menu_social_links_bg":"","ocean_menu_social_hover_links_bg":"","ocean_menu_social_links_color":"","ocean_menu_social_hover_links_color":"","ocean_disable_title":"default","ocean_disable_heading":"default","ocean_post_title":"","ocean_post_subheading":"","ocean_post_title_style":"","ocean_post_title_background_color":"","ocean_post_title_background":0,"ocean_post_title_bg_image_position":"","ocean_post_title_bg_image_attachment":"","ocean_post_title_bg_image_repeat":"","ocean_post_title_bg_image_size":"","ocean_post_title_height":0,"ocean_post_title_bg_overlay":0.5,"ocean_post_title_bg_overlay_color":"","ocean_disable_breadcrumbs":"default","ocean_breadcrumbs_color":"","ocean_breadcrumbs_separator_color":"","ocean_breadcrumbs_links_color":"","ocean_breadcrumbs_links_hover_color":"","ocean_display_footer_widgets":"default","ocean_display_footer_bottom":"default","ocean_custom_footer_template":"0"},"product_cat":[75,76,87,90],"product_tag":[],"class_list":{"0":"post-366","1":"product","2":"type-product","3":"status-publish","4":"has-post-thumbnail","6":"product_brand-rasasara-skinfood","7":"product_cat-exfoliants-visage-naturels-bio","8":"product_cat-masques-traitants-naturels-bio","9":"product_cat-peaux-matures","10":"product_cat-peaux-seches-deshydratees","12":"entry","13":"has-media","15":"first","16":"outofstock","17":"taxable","18":"shipping-taxable","19":"purchasable","20":"product-type-simple","21":"has-product-nav","22":"col","23":"span_1_of_4","24":"owp-content-center","25":"owp-thumbs-layout-horizontal","26":"owp-btn-normal","27":"owp-tabs-layout-horizontal","28":"has-no-thumbnails"},"_links":{"self":[{"href":"https:\/\/awesomegreenbeauty.com\/en\/wp-json\/wp\/v2\/product\/366","targetHints":{"allow":["GET"]}}],"collection":[{"href":"https:\/\/awesomegreenbeauty.com\/en\/wp-json\/wp\/v2\/product"}],"about":[{"href":"https:\/\/awesomegreenbeauty.com\/en\/wp-json\/wp\/v2\/types\/product"}],"version-history":[{"count":0,"href":"https:\/\/awesomegreenbeauty.com\/en\/wp-json\/wp\/v2\/product\/366\/revisions"}],"wp:featuredmedia":[{"embeddable":true,"href":"https:\/\/awesomegreenbeauty.com\/en\/wp-json\/wp\/v2\/media\/367"}],"wp:attachment":[{"href":"https:\/\/awesomegreenbeauty.com\/en\/wp-json\/wp\/v2\/media?parent=366"}],"wp:term":[{"taxonomy":"product_cat","embeddable":true,"href":"https:\/\/awesomegreenbeauty.com\/en\/wp-json\/wp\/v2\/product_cat?post=366"},{"taxonomy":"product_tag","embeddable":true,"href":"https:\/\/awesomegreenbeauty.com\/en\/wp-json\/wp\/v2\/product_tag?post=366"}],"curies":[{"name":"wp","href":"https:\/\/api.w.org\/{rel}","templated":true}]}}