{"id":36807,"date":"2025-01-14T13:47:26","date_gmt":"2025-01-14T12:47:26","guid":{"rendered":"https:\/\/awesomegreenbeauty.com\/?post_type=product&#038;p=36807"},"modified":"2025-12-04T19:05:09","modified_gmt":"2025-12-04T18:05:09","slug":"angela-lagana-huiles-parfumees-bio-naturelles-10ml","status":"publish","type":"product","link":"https:\/\/awesomegreenbeauty.com\/en\/product\/angela-lagana-huiles-parfumees-bio-naturelles-10ml\/","title":{"rendered":"ANGELA LAGANA - Organic and natural perfumed oils - 10ml"},"content":{"rendered":"<p>Organic and natural fragrance oils formulated with the highest quality ingredients such as rice bran oil and macadamia oil. Organic and natural fragrance oils <a href=\"https:\/\/angelalagana.it\/en\/experience\/\" target=\"_blank\" rel=\"noopener\"><strong>by Angela Lagana<\/strong><\/a> are the must-have of 2025.<\/p>\n<h3>Available in 7 fragrances, these perfume oils will satisfy your wildest desires!<\/h3>\n<p><em>+ Soul Retreat |\u00a0<\/em>Notes : Palosanto (m\u00eame parfum que Rephair Mask).<\/p>\n<p><em>+ Glam Vision |\u00a0<\/em>Notes : Rose et Litchi<\/p>\n<p><em>+ Vitruous Cloud |\u00a0<\/em>Notes: Tomato leaves (same scent as Rebalancehair Bath).<\/p>\n<p><em>+ Onric Shade |\u00a0<\/em>Notes: Vanilla and Bergamot<\/p>\n<p><em>+ Concious Wood |\u00a0<\/em>Notes: Woodland Forest<\/p>\n<p><em>+ Urban Botanical |\u00a0<\/em>Notes: Artichoke and lemon balm<\/p>\n<p><em>+ Allure Society |\u00a0<\/em>Notes: Poppy Flowers<\/p>\n<h3>Why use fragrance oils?<\/h3>\n<p>Made from essential oils and botanical extracts, they are gentler on the skin and less irritating.<\/p>\n<p>+ Longue tenue<\/p>\n<p>+ Parfum unique : Chaque m\u00e9lange d\u2019huiles parfum\u00e9es est in\u00e9dit<\/p>\n<p>+ Bienfaits Aroma th\u00e9rapeutiques : Certaines huiles ajoutent des propri\u00e9t\u00e9s b\u00e9n\u00e9fiques : relaxation ou l\u2019am\u00e9lioration de l\u2019humeur.<\/p>\n<p>+ \u00c9cologique :\u00a0 des emballages plus respectueux de l\u2019environnement, r\u00e9duisant ainsi notre empreinte carbone.<\/p>\n<p>+ Polyvalence : Elles peuvent \u00eatre utilis\u00e9es non seulement comme parfum ou sur les cheveux. Un 2 en 1 pratique !<\/p>\n<p>+ Pas de produits chimiques : ni additifs synth\u00e9tiques et conservateurs par rapport aux parfums<\/p>","protected":false},"excerpt":{"rendered":"<p>Formulated with the highest quality ingredients such as rice bran oil and macadamia oil, Angela Lagana oils will satisfy your wildest cravings.<\/p>\n<p>7 scented oils are available, each more iconic than the last:<\/p>\n<p><em>+ Soul Retreat |\u00a0<\/em>Notes : Palosanto<\/p>\n<p><em>+ Glam Vision |\u00a0<\/em>Notes : Rose et Litchi<\/p>\n<p><em>+ Vitruous Cloud |\u00a0<\/em>Notes: Tomato leaves (same scent as Rebalancehair Bath).<\/p>\n<p><em>+ Onric Shade |\u00a0<\/em>Notes: Vanilla and Bergamot<\/p>\n<p><em>+ Concious Wood |\u00a0<\/em>Notes: Woodland Forest<\/p>\n<p><em>+ Urban Botanical |\u00a0<\/em>Notes: Artichoke and lemon balm<\/p>\n<p><em>+ Allure Society |\u00a0<\/em>Notes: Poppy Flowers<\/p>","protected":false},"featured_media":36818,"template":"","meta":{"ocean_post_layout":"","ocean_both_sidebars_style":"","ocean_both_sidebars_content_width":0,"ocean_both_sidebars_sidebars_width":0,"ocean_sidebar":"0","ocean_second_sidebar":"0","ocean_disable_margins":"enable","ocean_add_body_class":"","ocean_shortcode_before_top_bar":"","ocean_shortcode_after_top_bar":"","ocean_shortcode_before_header":"","ocean_shortcode_after_header":"","ocean_has_shortcode":"","ocean_shortcode_after_title":"","ocean_shortcode_before_footer_widgets":"","ocean_shortcode_after_footer_widgets":"","ocean_shortcode_before_footer_bottom":"","ocean_shortcode_after_footer_bottom":"","ocean_display_top_bar":"default","ocean_display_header":"default","ocean_header_style":"","ocean_center_header_left_menu":"0","ocean_custom_header_template":"0","ocean_custom_logo":0,"ocean_custom_retina_logo":0,"ocean_custom_logo_max_width":0,"ocean_custom_logo_tablet_max_width":0,"ocean_custom_logo_mobile_max_width":0,"ocean_custom_logo_max_height":0,"ocean_custom_logo_tablet_max_height":0,"ocean_custom_logo_mobile_max_height":0,"ocean_header_custom_menu":"0","ocean_menu_typo_font_family":"0","ocean_menu_typo_font_subset":"","ocean_menu_typo_font_size":0,"ocean_menu_typo_font_size_tablet":0,"ocean_menu_typo_font_size_mobile":0,"ocean_menu_typo_font_size_unit":"px","ocean_menu_typo_font_weight":"","ocean_menu_typo_font_weight_tablet":"","ocean_menu_typo_font_weight_mobile":"","ocean_menu_typo_transform":"","ocean_menu_typo_transform_tablet":"","ocean_menu_typo_transform_mobile":"","ocean_menu_typo_line_height":0,"ocean_menu_typo_line_height_tablet":0,"ocean_menu_typo_line_height_mobile":0,"ocean_menu_typo_line_height_unit":"","ocean_menu_typo_spacing":0,"ocean_menu_typo_spacing_tablet":0,"ocean_menu_typo_spacing_mobile":0,"ocean_menu_typo_spacing_unit":"","ocean_menu_link_color":"","ocean_menu_link_color_hover":"","ocean_menu_link_color_active":"","ocean_menu_link_background":"","ocean_menu_link_hover_background":"","ocean_menu_link_active_background":"","ocean_menu_social_links_bg":"","ocean_menu_social_hover_links_bg":"","ocean_menu_social_links_color":"","ocean_menu_social_hover_links_color":"","ocean_disable_title":"default","ocean_disable_heading":"default","ocean_post_title":"","ocean_post_subheading":"","ocean_post_title_style":"","ocean_post_title_background_color":"","ocean_post_title_background":0,"ocean_post_title_bg_image_position":"","ocean_post_title_bg_image_attachment":"","ocean_post_title_bg_image_repeat":"","ocean_post_title_bg_image_size":"","ocean_post_title_height":0,"ocean_post_title_bg_overlay":0.5,"ocean_post_title_bg_overlay_color":"","ocean_disable_breadcrumbs":"default","ocean_breadcrumbs_color":"","ocean_breadcrumbs_separator_color":"","ocean_breadcrumbs_links_color":"","ocean_breadcrumbs_links_hover_color":"","ocean_display_footer_widgets":"default","ocean_display_footer_bottom":"default","ocean_custom_footer_template":"0"},"product_cat":[406],"product_tag":[],"class_list":{"0":"post-36807","1":"product","2":"type-product","3":"status-publish","4":"has-post-thumbnail","6":"product_brand-angela-lagana","7":"product_cat-parfums-soins-du-corps","9":"entry","10":"has-media","12":"first","13":"instock","14":"featured","15":"taxable","16":"shipping-taxable","17":"purchasable","18":"product-type-variable","19":"has-product-nav","20":"col","21":"span_1_of_4","22":"owp-content-center","23":"owp-thumbs-layout-horizontal","24":"owp-btn-normal","25":"owp-tabs-layout-horizontal"},"_links":{"self":[{"href":"https:\/\/awesomegreenbeauty.com\/en\/wp-json\/wp\/v2\/product\/36807","targetHints":{"allow":["GET"]}}],"collection":[{"href":"https:\/\/awesomegreenbeauty.com\/en\/wp-json\/wp\/v2\/product"}],"about":[{"href":"https:\/\/awesomegreenbeauty.com\/en\/wp-json\/wp\/v2\/types\/product"}],"version-history":[{"count":0,"href":"https:\/\/awesomegreenbeauty.com\/en\/wp-json\/wp\/v2\/product\/36807\/revisions"}],"wp:featuredmedia":[{"embeddable":true,"href":"https:\/\/awesomegreenbeauty.com\/en\/wp-json\/wp\/v2\/media\/36818"}],"wp:attachment":[{"href":"https:\/\/awesomegreenbeauty.com\/en\/wp-json\/wp\/v2\/media?parent=36807"}],"wp:term":[{"taxonomy":"product_cat","embeddable":true,"href":"https:\/\/awesomegreenbeauty.com\/en\/wp-json\/wp\/v2\/product_cat?post=36807"},{"taxonomy":"product_tag","embeddable":true,"href":"https:\/\/awesomegreenbeauty.com\/en\/wp-json\/wp\/v2\/product_tag?post=36807"}],"curies":[{"name":"wp","href":"https:\/\/api.w.org\/{rel}","templated":true}]}}