{"id":370,"date":"2019-08-29T14:52:45","date_gmt":"2019-08-29T12:52:45","guid":{"rendered":"https:\/\/www.mygreenbrands.fr\/?post_type=product&#038;p=370"},"modified":"2025-10-30T12:21:24","modified_gmt":"2025-10-30T11:21:24","slug":"pitta-masque-exfoliant-75g","status":"publish","type":"product","link":"https:\/\/awesomegreenbeauty.com\/en\/product\/pitta-masque-exfoliant-75g\/","title":{"rendered":"RASASARA SKINFOOD \u2013 PITTA Masque Exfoliant  Visage \u2013 75 g"},"content":{"rendered":"<p>Masque Exfoliant poudre 100% Naturel d\u00e9di\u00e9 aux peaux normales \u00e0 sensibles. Un 2-en-1 masque ou exfoliant selon vos choix. Recommand\u00e9 par Awesome <a href=\"https:\/\/awesomegreenbeauty.com\/en\/routines-peaux-sensibles-reactives\/\" target=\"_blank\" rel=\"noopener\">p<strong>our la routine beaut\u00e9 des peaux sensibles.<\/strong><\/a><br \/>\nThe skin is constantly renewed at a more or less rapid rate depending on the age resulting in an accumulation of dead cells on its surface. Ayurveda prescribes a gentle wash twice a day, in the morning and evening, to allow the skin to remove dead cells and allow the skin to regenerate in approximately 1 month.<\/p>\n<p data-start=\"350\" data-end=\"655\">Offrez \u00e0 votre peau un moment de pure douceur avec le <strong data-start=\"407\" data-end=\"450\">masque exfoliant poudre \u00e0 l\u2019argile rose fran\u00e7aise<\/strong>, enrichi en <strong data-start=\"463\" data-end=\"509\">p\u00e9tales de rose, jasmin et poudre d\u2019amande<\/strong>. Sp\u00e9cialement formul\u00e9 pour les peaux sensibles, ternes ou d\u00e9shydrat\u00e9es, ce soin 100 % naturel redonne \u00e9clat, souplesse et vitalit\u00e9 \u00e0 votre teint.<\/p>\n<p data-start=\"657\" data-end=\"879\">Ce m\u00e9lange unique d\u2019ingr\u00e9dients nobles <strong>purifie en douceur, resserre les pores, calme les rougeurs et laisse la peau velout\u00e9e.<\/strong> Une v\u00e9ritable exp\u00e9rience sensorielle gr\u00e2ce \u00e0 l&rsquo;odeur florale envo\u00fbtante du jasmin et de la rose.<\/p>\n<h3 data-start=\"886\" data-end=\"925\"><strong data-start=\"893\" data-end=\"925\">Ingr\u00e9dients cl\u00e9s &amp; bienfaits de ce masque exfoliant poudre<\/strong><\/h3>\n<ul data-start=\"927\" data-end=\"1545\">\n<li data-start=\"927\" data-end=\"1028\">\n<p data-start=\"929\" data-end=\"1028\"><strong data-start=\"929\" data-end=\"954\">Argile rose fran\u00e7aise<\/strong> : riche en min\u00e9raux, elle nettoie en douceur, apaise et donne bonne mine.<\/p>\n<\/li>\n<li data-start=\"1029\" data-end=\"1138\">\n<p data-start=\"1031\" data-end=\"1138\"><strong data-start=\"1031\" data-end=\"1068\">P\u00e9tales de rose (Rosa centifolia)<\/strong> : tonifient et adoucissent la peau tout en offrant un parfum d\u00e9licat.<\/p>\n<\/li>\n<li data-start=\"1139\" data-end=\"1219\">\n<p data-start=\"1141\" data-end=\"1219\"><strong data-start=\"1141\" data-end=\"1162\">Jasmin (Jasminum)<\/strong> : calmant et r\u00e9g\u00e9n\u00e9rant, id\u00e9al pour les peaux stress\u00e9es.<\/p>\n<\/li>\n<li data-start=\"1220\" data-end=\"1299\">\n<p data-start=\"1222\" data-end=\"1299\"><strong data-start=\"1222\" data-end=\"1258\">Farine d\u2019amandes (Prunus dulcis)<\/strong> : exfolie l\u00e9g\u00e8rement et nourrit la peau.<\/p>\n<\/li>\n<li data-start=\"1300\" data-end=\"1390\">\n<p data-start=\"1302\" data-end=\"1390\"><em data-start=\"1302\" data-end=\"1342\">Farine de riz complet (Oryza sativa)<\/em>* : illumine le teint, absorbe l\u2019exc\u00e8s de s\u00e9bum.<\/p>\n<\/li>\n<li data-start=\"1391\" data-end=\"1483\">\n<p data-start=\"1393\" data-end=\"1483\"><strong data-start=\"1393\" data-end=\"1428\">Shatavari (Asparagus racemosus)<\/strong> : puissant antioxydant, revitalise et prot\u00e8ge la peau.<\/p>\n<\/li>\n<li data-start=\"1484\" data-end=\"1545\">\n<p data-start=\"1486\" data-end=\"1545\"><strong data-start=\"1486\" data-end=\"1517\">Huile essentielle de jasmin<\/strong> : relaxante et r\u00e9paratrice.<\/p>\n<\/li>\n<\/ul>\n<p data-start=\"1547\" data-end=\"1579\">* Certified organic ingredient<\/p>\n<h3 data-start=\"1586\" data-end=\"1616\"><strong data-start=\"1592\" data-end=\"1616\">Pourquoi l\u2019adopter ?<\/strong><\/h3>\n<ul data-start=\"1618\" data-end=\"1829\">\n<li data-start=\"1618\" data-end=\"1671\">\n<p data-start=\"1620\" data-end=\"1671\">Suitable for all skin types, even sensitive<\/p>\n<\/li>\n<li data-start=\"1672\" data-end=\"1733\">\n<p data-start=\"1674\" data-end=\"1733\">100 % naturel, sans conservateur, sans parfum synth\u00e9tique<\/p>\n<\/li>\n<li data-start=\"1734\" data-end=\"1804\">\n<p data-start=\"1736\" data-end=\"1804\">Fait main en France avec des ingr\u00e9dients v\u00e9g\u00e9taux de haute qualit\u00e9<\/p>\n<\/li>\n<li data-start=\"1805\" data-end=\"1829\">\n<p data-start=\"1807\" data-end=\"1829\">Vegan &amp; cruelty-free<\/p>\n<\/li>\n<\/ul>\n<div class=\"oceanwp-oembed-wrap clr\">\n<blockquote class=\"wp-embedded-content\" data-secret=\"egkgQBWtho\"><p><a href=\"https:\/\/awesomegreenbeauty.com\/en\/product\/rasasara-skinfood-pitta-hydrolat-hydratant-240ml\/\">RASASARA SKINFOOD &#8211; PITTA Hydrolat hydratant &#8211; 120ml\/240ml<\/a><\/p><\/blockquote>\n<p><iframe class=\"wp-embedded-content\" sandbox=\"allow-scripts\" security=\"restricted\" style=\"position: absolute; visibility: hidden;\" title=\"\u00ab\u00a0RASASARA SKINFOOD &#8211; PITTA Hydrolat hydratant &#8211; 120ml\/240ml\u00a0\u00bb &#8212; Awesome Green Beauty\" src=\"https:\/\/awesomegreenbeauty.com\/produit\/rasasara-skinfood-pitta-hydrolat-hydratant-240ml\/embed\/#?secret=VUcFUJieWz#?secret=egkgQBWtho\" data-secret=\"egkgQBWtho\" width=\"600\" height=\"338\" frameborder=\"0\" marginwidth=\"0\" marginheight=\"0\" scrolling=\"no\"><\/iframe><\/div>\n<div class=\"oceanwp-oembed-wrap clr\">\n<blockquote class=\"wp-embedded-content\" data-secret=\"Wle9VEg5Gm\"><p><a href=\"https:\/\/awesomegreenbeauty.com\/en\/product\/pratima-nettoyant-doux-aux-plantes-ayruvediques-60g\/\">PRATIMA - Gentle cleanser with ayurvedic herbs - 60g<\/a><\/p><\/blockquote>\n<p><iframe class=\"wp-embedded-content\" sandbox=\"allow-scripts\" security=\"restricted\" style=\"position: absolute; visibility: hidden;\" title=\"\u00ab\u00a0PRATIMA &#8211; Nettoyant doux aux plantes ayurv\u00e9diques &#8211; 60g\u00a0\u00bb &#8212; Awesome Green Beauty\" src=\"https:\/\/awesomegreenbeauty.com\/produit\/pratima-nettoyant-doux-aux-plantes-ayruvediques-60g\/embed\/#?secret=yj73gtrika#?secret=Wle9VEg5Gm\" data-secret=\"Wle9VEg5Gm\" width=\"600\" height=\"338\" frameborder=\"0\" marginwidth=\"0\" marginheight=\"0\" scrolling=\"no\"><\/iframe><\/div>\n<div class=\"oceanwp-oembed-wrap clr\">\n<blockquote class=\"wp-embedded-content\" data-secret=\"LGW0QWz8WO\"><p><a href=\"https:\/\/awesomegreenbeauty.com\/en\/product\/rasasara-skinfood-huile-de-beaute-pitta-30ml\/\">RASASARA SKINFOOD &#8211; Huile s\u00e9rum Ayurv\u00e9dique r\u00e9gulatrice &#038; anti-\u00e2ge PITTA &#8211; 30 ml<\/a><\/p><\/blockquote>\n<p><iframe class=\"wp-embedded-content\" sandbox=\"allow-scripts\" security=\"restricted\" style=\"position: absolute; visibility: hidden;\" title=\"\u00ab\u00a0RASASARA SKINFOOD &#8211; Huile s\u00e9rum Ayurv\u00e9dique r\u00e9gulatrice &#038; anti-\u00e2ge PITTA &#8211; 30 ml\u00a0\u00bb &#8212; Awesome Green Beauty\" src=\"https:\/\/awesomegreenbeauty.com\/produit\/rasasara-skinfood-huile-de-beaute-pitta-30ml\/embed\/#?secret=Bh10ZCmskT#?secret=LGW0QWz8WO\" data-secret=\"LGW0QWz8WO\" width=\"600\" height=\"338\" frameborder=\"0\" marginwidth=\"0\" marginheight=\"0\" scrolling=\"no\"><\/iframe><\/div>\n<div class=\"oceanwp-oembed-wrap clr\">\n<blockquote class=\"wp-embedded-content\" data-secret=\"mtaKuqmwt7\"><p><a href=\"https:\/\/awesomegreenbeauty.com\/en\/product\/pratima-creme-hydratante-60grs\/\">PRATIMA - Organic moisturising cream vitamins A &amp; E - 60g<\/a><\/p><\/blockquote>\n<p><iframe class=\"wp-embedded-content\" sandbox=\"allow-scripts\" security=\"restricted\" style=\"position: absolute; visibility: hidden;\" title=\"\u00ab\u00a0PRATIMA &#8211; Cr\u00e8me hydratante vitamines A &#038; E Bio &#8211; 60g\u00a0\u00bb &#8212; Awesome Green Beauty\" src=\"https:\/\/awesomegreenbeauty.com\/produit\/pratima-creme-hydratante-60grs\/embed\/#?secret=kc3ts3chSI#?secret=mtaKuqmwt7\" data-secret=\"mtaKuqmwt7\" width=\"600\" height=\"338\" frameborder=\"0\" marginwidth=\"0\" marginheight=\"0\" scrolling=\"no\"><\/iframe><\/div>","protected":false},"excerpt":{"rendered":"<p><strong>100% Naturel | Fait main | Peaux normales \u00e0 sensibles | <\/strong><strong>2-en-1.<\/strong> <strong>\"Ubtans\"<\/strong> Or <strong>or exfoliating cleansers<\/strong> can be <strong>also used as a mask<\/strong>. Ayurveda prescribes a gentle wash twice a day, in the morning and in the evening to allow the skin to eliminate dead cells and regenerate the skin in one month time.<strong>\u2019\u00e9liminer les cellules mortes et r\u00e9g\u00e9n\u00e9rer la peau en approximativement 1 mois.<\/strong><\/p>","protected":false},"featured_media":371,"template":"","meta":{"ocean_post_layout":"","ocean_both_sidebars_style":"","ocean_both_sidebars_content_width":0,"ocean_both_sidebars_sidebars_width":0,"ocean_sidebar":"0","ocean_second_sidebar":"0","ocean_disable_margins":"enable","ocean_add_body_class":"","ocean_shortcode_before_top_bar":"","ocean_shortcode_after_top_bar":"","ocean_shortcode_before_header":"","ocean_shortcode_after_header":"","ocean_has_shortcode":"","ocean_shortcode_after_title":"","ocean_shortcode_before_footer_widgets":"","ocean_shortcode_after_footer_widgets":"","ocean_shortcode_before_footer_bottom":"","ocean_shortcode_after_footer_bottom":"","ocean_display_top_bar":"default","ocean_display_header":"default","ocean_header_style":"","ocean_center_header_left_menu":"0","ocean_custom_header_template":"0","ocean_custom_logo":0,"ocean_custom_retina_logo":0,"ocean_custom_logo_max_width":0,"ocean_custom_logo_tablet_max_width":0,"ocean_custom_logo_mobile_max_width":0,"ocean_custom_logo_max_height":0,"ocean_custom_logo_tablet_max_height":0,"ocean_custom_logo_mobile_max_height":0,"ocean_header_custom_menu":"0","ocean_menu_typo_font_family":"0","ocean_menu_typo_font_subset":"","ocean_menu_typo_font_size":0,"ocean_menu_typo_font_size_tablet":0,"ocean_menu_typo_font_size_mobile":0,"ocean_menu_typo_font_size_unit":"px","ocean_menu_typo_font_weight":"","ocean_menu_typo_font_weight_tablet":"","ocean_menu_typo_font_weight_mobile":"","ocean_menu_typo_transform":"","ocean_menu_typo_transform_tablet":"","ocean_menu_typo_transform_mobile":"","ocean_menu_typo_line_height":0,"ocean_menu_typo_line_height_tablet":0,"ocean_menu_typo_line_height_mobile":0,"ocean_menu_typo_line_height_unit":"","ocean_menu_typo_spacing":0,"ocean_menu_typo_spacing_tablet":0,"ocean_menu_typo_spacing_mobile":0,"ocean_menu_typo_spacing_unit":"","ocean_menu_link_color":"","ocean_menu_link_color_hover":"","ocean_menu_link_color_active":"","ocean_menu_link_background":"","ocean_menu_link_hover_background":"","ocean_menu_link_active_background":"","ocean_menu_social_links_bg":"","ocean_menu_social_hover_links_bg":"","ocean_menu_social_links_color":"","ocean_menu_social_hover_links_color":"","ocean_disable_title":"default","ocean_disable_heading":"default","ocean_post_title":"","ocean_post_subheading":"","ocean_post_title_style":"","ocean_post_title_background_color":"","ocean_post_title_background":0,"ocean_post_title_bg_image_position":"","ocean_post_title_bg_image_attachment":"","ocean_post_title_bg_image_repeat":"","ocean_post_title_bg_image_size":"","ocean_post_title_height":0,"ocean_post_title_bg_overlay":0.5,"ocean_post_title_bg_overlay_color":"","ocean_disable_breadcrumbs":"default","ocean_breadcrumbs_color":"","ocean_breadcrumbs_separator_color":"","ocean_breadcrumbs_links_color":"","ocean_breadcrumbs_links_hover_color":"","ocean_display_footer_widgets":"default","ocean_display_footer_bottom":"default","ocean_custom_footer_template":"0"},"product_cat":[75,88,20],"product_tag":[],"class_list":{"0":"post-370","1":"product","2":"type-product","3":"status-publish","4":"has-post-thumbnail","6":"product_brand-rasasara-skinfood","7":"product_cat-exfoliants-visage-naturels-bio","8":"product_cat-peaux-sensibles-reactives","9":"product_cat-soins-du-visage","11":"entry","12":"has-media","14":"first","15":"outofstock","16":"taxable","17":"shipping-taxable","18":"purchasable","19":"product-type-simple","20":"has-product-nav","21":"col","22":"span_1_of_4","23":"owp-content-center","24":"owp-thumbs-layout-horizontal","25":"owp-btn-normal","26":"owp-tabs-layout-horizontal","27":"has-no-thumbnails"},"_links":{"self":[{"href":"https:\/\/awesomegreenbeauty.com\/en\/wp-json\/wp\/v2\/product\/370","targetHints":{"allow":["GET"]}}],"collection":[{"href":"https:\/\/awesomegreenbeauty.com\/en\/wp-json\/wp\/v2\/product"}],"about":[{"href":"https:\/\/awesomegreenbeauty.com\/en\/wp-json\/wp\/v2\/types\/product"}],"version-history":[{"count":0,"href":"https:\/\/awesomegreenbeauty.com\/en\/wp-json\/wp\/v2\/product\/370\/revisions"}],"wp:featuredmedia":[{"embeddable":true,"href":"https:\/\/awesomegreenbeauty.com\/en\/wp-json\/wp\/v2\/media\/371"}],"wp:attachment":[{"href":"https:\/\/awesomegreenbeauty.com\/en\/wp-json\/wp\/v2\/media?parent=370"}],"wp:term":[{"taxonomy":"product_cat","embeddable":true,"href":"https:\/\/awesomegreenbeauty.com\/en\/wp-json\/wp\/v2\/product_cat?post=370"},{"taxonomy":"product_tag","embeddable":true,"href":"https:\/\/awesomegreenbeauty.com\/en\/wp-json\/wp\/v2\/product_tag?post=370"}],"curies":[{"name":"wp","href":"https:\/\/api.w.org\/{rel}","templated":true}]}}