{"id":37657,"date":"2025-02-07T17:50:52","date_gmt":"2025-02-07T16:50:52","guid":{"rendered":"https:\/\/awesomegreenbeauty.com\/?post_type=product&#038;p=37657"},"modified":"2025-04-12T12:15:25","modified_gmt":"2025-04-12T10:15:25","slug":"nappe-100-coton-awesome-home-nappe-lavender-225x150-cm-2","status":"publish","type":"product","link":"https:\/\/awesomegreenbeauty.com\/en\/product\/nappe-100-coton-awesome-home-nappe-lavender-225x150-cm-2\/","title":{"rendered":"AWESOME HOME- Nappe Lavender-225X150 cm &#038; serviettes assorties"},"content":{"rendered":"<p>Une nappe raffin\u00e9e 100 % Coton et ses serviettes assorties dont les motifs ont \u00e9t\u00e9 r\u00e9alis\u00e9s selon la technique du tampon de bois.\u00a0 La <strong><a href=\"https:\/\/craftatlas.co\/crafts\/block-printing\">technique d<\/a><\/strong>http:\/\/craftatlas.co\/crafts\/block-printin<strong><a href=\"https:\/\/craftatlas.co\/crafts\/block-printing\">u tampon de bois<\/a>\u00a0<\/strong>(ou <strong>block printing<\/strong>) est une m\u00e9thode traditionnelle d&rsquo;impression sur tissu tr\u00e8s populaire en <strong>Inde<\/strong>, notamment dans les r\u00e9gions du <a href=\"http:\/\/shaktiism.com\/blogs\/news\/unveiling-the-time-honoured-craft-the-art-of-block-printing-in-jaipur-india\" target=\"_blank\" rel=\"noopener\"><strong>Rajasthan\u00a0<\/strong><\/a>et du <strong>Gujarat<\/strong>. Elle est utilis\u00e9e depuis des si\u00e8cles pour dhttp:\/\/craftatlas.co\/crafts\/block-printing\u00e9corer des \u00e9toffes avec des motifs g\u00e9om\u00e9triques, floraux ou figuratifs.<\/p>\n<p>Cette nappe\u00a0 100 % Coton et ses serviettes assorties dispose de motifs d\u00e9licats et raffin\u00e9s est facile \u00e0 assortir. Elle s&rsquo;int\u00e9grera parfaitement \u00e0 votre univers. Une nappe qui \u00e9gayera votre quotidien par sa d\u00e9licate couleur lavande. Un vent de fra\u00eecheur pour ce linge de maison\u00a0 qui illuminera votre int\u00e9rieur. Une maison qui n&rsquo;a rien de standard et qui refl\u00e8te votre personnalit\u00e9.<\/p>\n<p>Fait \u00e0 la main.\u00a0Livr\u00e9e avec 6 serviettes assorties !<\/p>\n<h4>Technique d&rsquo;impression<\/h4>\n<p><strong>Les diff\u00e9rentes \u00e9tapes de la technique du tampon de bois\u00a0 sur cette merveilleuse nappe 100 % coton:<\/strong><\/p>\n<ol>\n<li><strong>Pr\u00e9paration du tampon<\/strong>\n<ul>\n<li>Le motif est grav\u00e9 \u00e0 la main dans un bloc de bois (souvent en teck ou en bois de manguier).<\/li>\n<li>Chaque tampon correspond \u00e0 une couleur du motif. Des tampons diff\u00e9rents sont utilis\u00e9s pour les contours, remplissages ou d\u00e9tails.<\/li>\n<\/ul>\n<\/li>\n<li><strong>Pr\u00e9paration du tissu<\/strong>\n<ul>\n<li>La nappe 100% coton est lav\u00e9 et s\u00e9ch\u00e9 pour enlever toute impuret\u00e9.<\/li>\n<li>Certains tissus sont mordanc\u00e9s pour fixer les couleurs naturelles.<\/li>\n<\/ul>\n<\/li>\n<li><strong>Application de la teinture sur le linge de maison 100 % coton<\/strong>\n<ul>\n<li>Le tampon est plong\u00e9 dans une teinture naturelle ou chimique, puis appliqu\u00e9 avec pr\u00e9cision sur le tissu.<\/li>\n<li>Chaque pression du tampon d\u00e9pose une partie du motif. Il faut r\u00e9p\u00e9ter ce processus plusieurs fois pour compl\u00e9ter le dessin.<\/li>\n<\/ul>\n<\/li>\n<li><strong>S\u00e9chage et fixation des couleurs de la nappe\u00a0<\/strong>\n<ul>\n<li>Le tissu imprim\u00e9 est s\u00e9ch\u00e9 au soleil.<\/li>\n<li>Pour fixer la teinture, il peut \u00eatre lav\u00e9 dans de l\u2019eau bouillante ou trait\u00e9 \u00e0 la vapeur.<\/li>\n<\/ul>\n<\/li>\n<\/ol>\n<h4>R\u00e9sultat<\/h4>\n<h5><strong>\u00a0Un rendu exceptionnel :<\/strong><\/h5>\n<ul>\n<li><strong>Couleurs naturelles<\/strong> : Indigo, rouge de garance, jaune curcuma.<\/li>\n<li><strong>Motifs traditionnels<\/strong> : Fleurs, feuillages, animaux stylis\u00e9s, formes g\u00e9om\u00e9triques.<\/li>\n<li><strong>Textiles c\u00e9l\u00e8bres<\/strong> : Cotons de Jaipur, tissus de Sanganer ou Bagru, chintz indien.<\/li>\n<\/ul>\n<p>D\u00e9couvrez notre collection de<a href=\"https:\/\/awesomegreenbeauty.com\/en\/product-category\/home\/nappes\/\" target=\"_blank\" rel=\"noopener\"> nappes<\/a> AWESOME HOME !<\/p>","protected":false},"excerpt":{"rendered":"<p>225X150 cm<\/p>\n<p>Une nappe raffin\u00e9e dont les motifs ont \u00e9t\u00e9 r\u00e9alis\u00e9s selon la technique de l&rsquo;impression au tampon de bois \u00e0 Jaipur, Inde.\u00a0 Fait main.<\/p>\n<p>D\u00e9licate et facile \u00e0 assortir, elle s&rsquo;int\u00e9grera parfaitement \u00e0 votre univers. Une nappe qui \u00e9gayera votre quotidien par sa d\u00e9licate couleur lavande. Un vent de fra\u00eecheur pour un int\u00e9rieur qui n&rsquo;a rien de standard et qui refl\u00e8te votre personnalit\u00e9.<\/p>\n<p>Comes with 6 matching towels!<\/p>\n<p>D\u00e9couvrez notre collection de nappes 100% coton fait \u00e0 la main , fabriqu\u00e9e \u00e0 Jaipur, Inde. Le savoir faire traditionnel dans un univers moderne.<\/p>","protected":false},"featured_media":36640,"template":"","meta":{"ocean_post_layout":"","ocean_both_sidebars_style":"","ocean_both_sidebars_content_width":0,"ocean_both_sidebars_sidebars_width":0,"ocean_sidebar":"0","ocean_second_sidebar":"0","ocean_disable_margins":"enable","ocean_add_body_class":"","ocean_shortcode_before_top_bar":"","ocean_shortcode_after_top_bar":"","ocean_shortcode_before_header":"","ocean_shortcode_after_header":"","ocean_has_shortcode":"","ocean_shortcode_after_title":"","ocean_shortcode_before_footer_widgets":"","ocean_shortcode_after_footer_widgets":"","ocean_shortcode_before_footer_bottom":"","ocean_shortcode_after_footer_bottom":"","ocean_display_top_bar":"default","ocean_display_header":"default","ocean_header_style":"","ocean_center_header_left_menu":"0","ocean_custom_header_template":"0","ocean_custom_logo":0,"ocean_custom_retina_logo":0,"ocean_custom_logo_max_width":0,"ocean_custom_logo_tablet_max_width":0,"ocean_custom_logo_mobile_max_width":0,"ocean_custom_logo_max_height":0,"ocean_custom_logo_tablet_max_height":0,"ocean_custom_logo_mobile_max_height":0,"ocean_header_custom_menu":"0","ocean_menu_typo_font_family":"0","ocean_menu_typo_font_subset":"","ocean_menu_typo_font_size":0,"ocean_menu_typo_font_size_tablet":0,"ocean_menu_typo_font_size_mobile":0,"ocean_menu_typo_font_size_unit":"px","ocean_menu_typo_font_weight":"","ocean_menu_typo_font_weight_tablet":"","ocean_menu_typo_font_weight_mobile":"","ocean_menu_typo_transform":"","ocean_menu_typo_transform_tablet":"","ocean_menu_typo_transform_mobile":"","ocean_menu_typo_line_height":0,"ocean_menu_typo_line_height_tablet":0,"ocean_menu_typo_line_height_mobile":0,"ocean_menu_typo_line_height_unit":"","ocean_menu_typo_spacing":0,"ocean_menu_typo_spacing_tablet":0,"ocean_menu_typo_spacing_mobile":0,"ocean_menu_typo_spacing_unit":"","ocean_menu_link_color":"","ocean_menu_link_color_hover":"","ocean_menu_link_color_active":"","ocean_menu_link_background":"","ocean_menu_link_hover_background":"","ocean_menu_link_active_background":"","ocean_menu_social_links_bg":"","ocean_menu_social_hover_links_bg":"","ocean_menu_social_links_color":"","ocean_menu_social_hover_links_color":"","ocean_disable_title":"default","ocean_disable_heading":"default","ocean_post_title":"","ocean_post_subheading":"","ocean_post_title_style":"","ocean_post_title_background_color":"","ocean_post_title_background":0,"ocean_post_title_bg_image_position":"","ocean_post_title_bg_image_attachment":"","ocean_post_title_bg_image_repeat":"","ocean_post_title_bg_image_size":"","ocean_post_title_height":0,"ocean_post_title_bg_overlay":0.5,"ocean_post_title_bg_overlay_color":"","ocean_disable_breadcrumbs":"default","ocean_breadcrumbs_color":"","ocean_breadcrumbs_separator_color":"","ocean_breadcrumbs_links_color":"","ocean_breadcrumbs_links_hover_color":"","ocean_display_footer_widgets":"default","ocean_display_footer_bottom":"default","ocean_custom_footer_template":"0"},"product_cat":[422],"product_tag":[],"class_list":{"0":"post-37657","1":"product","2":"type-product","3":"status-publish","4":"has-post-thumbnail","6":"product_brand-awesome-home","7":"product_cat-nappes","9":"entry","10":"has-media","12":"first","13":"instock","14":"taxable","15":"shipping-taxable","16":"purchasable","17":"product-type-simple","18":"has-product-nav","19":"col","20":"span_1_of_4","21":"owp-content-center","22":"owp-thumbs-layout-horizontal","23":"owp-btn-normal","24":"owp-tabs-layout-horizontal","25":"has-no-thumbnails"},"_links":{"self":[{"href":"https:\/\/awesomegreenbeauty.com\/en\/wp-json\/wp\/v2\/product\/37657","targetHints":{"allow":["GET"]}}],"collection":[{"href":"https:\/\/awesomegreenbeauty.com\/en\/wp-json\/wp\/v2\/product"}],"about":[{"href":"https:\/\/awesomegreenbeauty.com\/en\/wp-json\/wp\/v2\/types\/product"}],"version-history":[{"count":0,"href":"https:\/\/awesomegreenbeauty.com\/en\/wp-json\/wp\/v2\/product\/37657\/revisions"}],"wp:featuredmedia":[{"embeddable":true,"href":"https:\/\/awesomegreenbeauty.com\/en\/wp-json\/wp\/v2\/media\/36640"}],"wp:attachment":[{"href":"https:\/\/awesomegreenbeauty.com\/en\/wp-json\/wp\/v2\/media?parent=37657"}],"wp:term":[{"taxonomy":"product_cat","embeddable":true,"href":"https:\/\/awesomegreenbeauty.com\/en\/wp-json\/wp\/v2\/product_cat?post=37657"},{"taxonomy":"product_tag","embeddable":true,"href":"https:\/\/awesomegreenbeauty.com\/en\/wp-json\/wp\/v2\/product_tag?post=37657"}],"curies":[{"name":"wp","href":"https:\/\/api.w.org\/{rel}","templated":true}]}}