{"id":3776,"date":"2021-02-03T17:10:37","date_gmt":"2021-02-03T16:10:37","guid":{"rendered":"https:\/\/mygreenbrands.com\/?post_type=product&#038;p=3776"},"modified":"2026-02-10T13:50:40","modified_gmt":"2026-02-10T12:50:40","slug":"eau-de-parfum-hito-100-naturelle-wait","status":"publish","type":"product","link":"https:\/\/awesomegreenbeauty.com\/en\/product\/eau-de-parfum-hito-100-naturelle-wait\/","title":{"rendered":"WA : IT &#8211; HITO Eau de Parfum &#8211; 100 ml\/10 ml"},"content":{"rendered":"<p>Eau de parfum 100 % naturelle HITO, compos\u00e9e d&rsquo;huiles essentielles naturelles extraites de plantes par distillation \u00e0 la vapeur, d\u2019absolus obtenus \u00e0 partir de p\u00e9tales de fleurs en utilisant la technique de l&rsquo;enfleurage. Toutes les mati\u00e8res premi\u00e8res sont rigoureusement s\u00e9lectionn\u00e9es et la cha\u00eene d&rsquo;approvisionnement certifi\u00e9e.<\/p>\n<p>Un souffle de printemps sur la peau. Ce parfum capture la lumi\u00e8re dor\u00e9e d\u2019un matin sicilien, les premi\u00e8res fleurs sous la ros\u00e9e, et les effluves d\u2019un jardin en bord de mer. Il \u00e9voque une \u00e9l\u00e9gance fra\u00eeche, moderne, empreinte de po\u00e9sie v\u00e9g\u00e9tale.<\/p>\n<p>Sicilian Citruses, Yuzu, Elemi, Fig, A Mix of Green Notes, Pomelia, Peony, Rose, Izumi Black, Tea, Cherry Tree, Cedarwood, White Musk<\/p>\n<p>Sublime !<\/p>\n<h3 data-start=\"337\" data-end=\"368\"><strong data-start=\"344\" data-end=\"368\">Pyramide olfactive de cette eau de parfum 100 % naturelle<\/strong><\/h3>\n<ul data-start=\"370\" data-end=\"1263\">\n<li data-start=\"370\" data-end=\"635\">\n<p data-start=\"372\" data-end=\"635\"><strong data-start=\"372\" data-end=\"389\">Notes de t\u00eate<\/strong> :<br data-start=\"391\" data-end=\"394\" \/><em data-start=\"396\" data-end=\"428\">Agrumes siciliens, Yuzu, \u00c9l\u00e9mi<\/em><br data-start=\"428\" data-end=\"431\" \/>Une envol\u00e9e p\u00e9tillante et lumineuse, entre la fra\u00eecheur zest\u00e9e du yuzu et la vivacit\u00e9 des agrumes m\u00e9diterran\u00e9ens. L\u2019\u00e9l\u00e9m\u00ed, r\u00e9sine pr\u00e9cieuse, ajoute une touche \u00e9pic\u00e9e et r\u00e9sineuse, subtilement citronn\u00e9e.<\/p>\n<\/li>\n<li data-start=\"637\" data-end=\"1016\">\n<p data-start=\"639\" data-end=\"1016\"><strong data-start=\"639\" data-end=\"656\">Notes de c\u0153ur<\/strong> :<br data-start=\"658\" data-end=\"661\" \/><em data-start=\"663\" data-end=\"720\">Figue, Pomelia, Pivoine, Rose, Th\u00e9 noir Izumi, Cerisier<\/em><br data-start=\"720\" data-end=\"723\" \/>Un c\u0153ur floral-fruit\u00e9 aux accents d\u00e9licats. La figue apporte une douceur verte et lact\u00e9e, enrichie par le pomelia (frangipanier sicilien), la fra\u00eecheur aquatique du th\u00e9 noir Izumi et les floraisons printani\u00e8res de la pivoine, du cerisier et de la rose, pour une f\u00e9minit\u00e9 moderne et a\u00e9rienne.<\/p>\n<\/li>\n<li data-start=\"1018\" data-end=\"1263\">\n<p data-start=\"1020\" data-end=\"1263\"><strong data-start=\"1020\" data-end=\"1037\">Notes de fond<\/strong> :<br data-start=\"1039\" data-end=\"1042\" \/><em data-start=\"1044\" data-end=\"1071\">Bois de c\u00e8dre, Musc blanc<\/em><br data-start=\"1071\" data-end=\"1074\" \/>Une base douce, enveloppante et sensuelle. Le bois de c\u00e8dre apporte structure et chaleur, tandis que le musc blanc prolonge la fra\u00eecheur sur la peau avec une signature d\u00e9licate et propre.<\/p>\n<\/li>\n<\/ul>\n<h3>La technique de<a href=\"https:\/\/www.techniques-ingenieur.fr\/glossaire\/enfleurage\" target=\"_blank\" rel=\"noopener\"> l\u2019enfleurage<\/a><\/h3>\n<p>Il s&rsquo;agit d&rsquo;une m\u00e9thode <strong data-start=\"439\" data-end=\"453\">ancestrale<\/strong> d\u2019extraction des compos\u00e9s aromatiques des fleurs les plus d\u00e9licates, <strong data-start=\"523\" data-end=\"558\">sans les alt\u00e9rer par la chaleur<\/strong>. Il repose sur la capacit\u00e9 des <strong data-start=\"590\" data-end=\"631\">mati\u00e8res grasses (huiles ou graisses)<\/strong> \u00e0 absorber naturellement les parfums des fleurs fra\u00eeches.<\/p>\n<h3 data-start=\"301\" data-end=\"335\"><strong data-start=\"306\" data-end=\"335\">Eveil Printanier<\/strong><\/h3>\n<h3 data-start=\"337\" data-end=\"368\">\ud83c\udf3f <strong data-start=\"344\" data-end=\"368\">Pyramide olfactive :<\/strong><\/h3>\n<ul data-start=\"370\" data-end=\"1263\">\n<li data-start=\"370\" data-end=\"635\">\n<p data-start=\"372\" data-end=\"635\"><strong data-start=\"372\" data-end=\"389\">Notes de t\u00eate<\/strong> :<br data-start=\"391\" data-end=\"394\" \/><em data-start=\"396\" data-end=\"428\">Agrumes siciliens, Yuzu, \u00c9l\u00e9mi<\/em><br data-start=\"428\" data-end=\"431\" \/>Une envol\u00e9e p\u00e9tillante et lumineuse, entre la fra\u00eecheur zest\u00e9e du yuzu et la vivacit\u00e9 des agrumes m\u00e9diterran\u00e9ens. L\u2019\u00e9l\u00e9m\u00ed, r\u00e9sine pr\u00e9cieuse, ajoute une touche \u00e9pic\u00e9e et r\u00e9sineuse, subtilement citronn\u00e9e.<\/p>\n<\/li>\n<li data-start=\"637\" data-end=\"1016\">\n<p data-start=\"639\" data-end=\"1016\"><strong data-start=\"639\" data-end=\"656\">Notes de c\u0153ur<\/strong> :<br data-start=\"658\" data-end=\"661\" \/><em data-start=\"663\" data-end=\"720\">Figue, Pomelia, Pivoine, Rose, Th\u00e9 noir Izumi, Cerisier<\/em><br data-start=\"720\" data-end=\"723\" \/>Un c\u0153ur floral-fruit\u00e9 aux accents d\u00e9licats. La figue apporte une douceur verte et lact\u00e9e, enrichie par le pomelia (frangipanier sicilien), la fra\u00eecheur aquatique du th\u00e9 noir Izumi et les floraisons printani\u00e8res de la pivoine, du cerisier et de la rose, pour une f\u00e9minit\u00e9 moderne et a\u00e9rienne.<\/p>\n<\/li>\n<li data-start=\"1018\" data-end=\"1263\">\n<p data-start=\"1020\" data-end=\"1263\"><strong data-start=\"1020\" data-end=\"1037\">Notes de fond<\/strong> :<br data-start=\"1039\" data-end=\"1042\" \/><em data-start=\"1044\" data-end=\"1071\">Bois de c\u00e8dre, Musc blanc<\/em><br data-start=\"1071\" data-end=\"1074\" \/>Une base douce, enveloppante et sensuelle. Le bois de c\u00e8dre apporte structure et chaleur, tandis que le musc blanc prolonge la fra\u00eecheur sur la peau avec une signature d\u00e9licate et propre.<\/p>\n<\/li>\n<\/ul>","protected":false},"excerpt":{"rendered":"<p><strong>Eau de parfum 100%\u00a0 naturelle | Fabriqu\u00e9e en Italie<\/strong><\/p>\n<p>Un souffle de printemps sur la peau. Ce parfum capture la lumi\u00e8re dor\u00e9e d\u2019un matin sicilien, les premi\u00e8res fleurs sous la ros\u00e9e, et les effluves d\u2019un jardin en bord de mer. Il \u00e9voque une \u00e9l\u00e9gance fra\u00eeche, moderne, empreinte de po\u00e9sie v\u00e9g\u00e9tale.<\/p>\n<p>Sicilian Citruses, Yuzu, Elemi, Fig, A Mix of Green Notes, Pomelia, Peony, Rose, Izumi Black, Tea, Cherry Tree, Cedarwood, White Musk<\/p>\n<p>Sublime !<\/p>","protected":false},"featured_media":3777,"template":"","meta":{"ocean_post_layout":"","ocean_both_sidebars_style":"","ocean_both_sidebars_content_width":0,"ocean_both_sidebars_sidebars_width":0,"ocean_sidebar":"0","ocean_second_sidebar":"0","ocean_disable_margins":"enable","ocean_add_body_class":"","ocean_shortcode_before_top_bar":"","ocean_shortcode_after_top_bar":"","ocean_shortcode_before_header":"","ocean_shortcode_after_header":"","ocean_has_shortcode":"","ocean_shortcode_after_title":"","ocean_shortcode_before_footer_widgets":"","ocean_shortcode_after_footer_widgets":"","ocean_shortcode_before_footer_bottom":"","ocean_shortcode_after_footer_bottom":"","ocean_display_top_bar":"default","ocean_display_header":"default","ocean_header_style":"","ocean_center_header_left_menu":"0","ocean_custom_header_template":"0","ocean_custom_logo":0,"ocean_custom_retina_logo":0,"ocean_custom_logo_max_width":0,"ocean_custom_logo_tablet_max_width":0,"ocean_custom_logo_mobile_max_width":0,"ocean_custom_logo_max_height":0,"ocean_custom_logo_tablet_max_height":0,"ocean_custom_logo_mobile_max_height":0,"ocean_header_custom_menu":"0","ocean_menu_typo_font_family":"0","ocean_menu_typo_font_subset":"","ocean_menu_typo_font_size":0,"ocean_menu_typo_font_size_tablet":0,"ocean_menu_typo_font_size_mobile":0,"ocean_menu_typo_font_size_unit":"px","ocean_menu_typo_font_weight":"","ocean_menu_typo_font_weight_tablet":"","ocean_menu_typo_font_weight_mobile":"","ocean_menu_typo_transform":"","ocean_menu_typo_transform_tablet":"","ocean_menu_typo_transform_mobile":"","ocean_menu_typo_line_height":0,"ocean_menu_typo_line_height_tablet":0,"ocean_menu_typo_line_height_mobile":0,"ocean_menu_typo_line_height_unit":"","ocean_menu_typo_spacing":0,"ocean_menu_typo_spacing_tablet":0,"ocean_menu_typo_spacing_mobile":0,"ocean_menu_typo_spacing_unit":"","ocean_menu_link_color":"","ocean_menu_link_color_hover":"","ocean_menu_link_color_active":"","ocean_menu_link_background":"","ocean_menu_link_hover_background":"","ocean_menu_link_active_background":"","ocean_menu_social_links_bg":"","ocean_menu_social_hover_links_bg":"","ocean_menu_social_links_color":"","ocean_menu_social_hover_links_color":"","ocean_disable_title":"default","ocean_disable_heading":"default","ocean_post_title":"","ocean_post_subheading":"","ocean_post_title_style":"","ocean_post_title_background_color":"","ocean_post_title_background":0,"ocean_post_title_bg_image_position":"","ocean_post_title_bg_image_attachment":"","ocean_post_title_bg_image_repeat":"","ocean_post_title_bg_image_size":"","ocean_post_title_height":0,"ocean_post_title_bg_overlay":0.5,"ocean_post_title_bg_overlay_color":"","ocean_disable_breadcrumbs":"default","ocean_breadcrumbs_color":"","ocean_breadcrumbs_separator_color":"","ocean_breadcrumbs_links_color":"","ocean_breadcrumbs_links_hover_color":"","ocean_display_footer_widgets":"default","ocean_display_footer_bottom":"default","ocean_custom_footer_template":"0"},"product_cat":[21,406],"product_tag":[],"class_list":{"0":"post-3776","1":"product","2":"type-product","3":"status-publish","4":"has-post-thumbnail","6":"product_brand-wait","7":"product_cat-soins-du-corps","8":"product_cat-parfums-soins-du-corps","10":"entry","11":"has-media","13":"first","14":"instock","15":"taxable","16":"shipping-taxable","17":"purchasable","18":"product-type-variable","19":"has-product-nav","20":"col","21":"span_1_of_4","22":"owp-content-center","23":"owp-thumbs-layout-horizontal","24":"owp-btn-normal","25":"owp-tabs-layout-horizontal"},"_links":{"self":[{"href":"https:\/\/awesomegreenbeauty.com\/en\/wp-json\/wp\/v2\/product\/3776","targetHints":{"allow":["GET"]}}],"collection":[{"href":"https:\/\/awesomegreenbeauty.com\/en\/wp-json\/wp\/v2\/product"}],"about":[{"href":"https:\/\/awesomegreenbeauty.com\/en\/wp-json\/wp\/v2\/types\/product"}],"version-history":[{"count":0,"href":"https:\/\/awesomegreenbeauty.com\/en\/wp-json\/wp\/v2\/product\/3776\/revisions"}],"wp:featuredmedia":[{"embeddable":true,"href":"https:\/\/awesomegreenbeauty.com\/en\/wp-json\/wp\/v2\/media\/3777"}],"wp:attachment":[{"href":"https:\/\/awesomegreenbeauty.com\/en\/wp-json\/wp\/v2\/media?parent=3776"}],"wp:term":[{"taxonomy":"product_cat","embeddable":true,"href":"https:\/\/awesomegreenbeauty.com\/en\/wp-json\/wp\/v2\/product_cat?post=3776"},{"taxonomy":"product_tag","embeddable":true,"href":"https:\/\/awesomegreenbeauty.com\/en\/wp-json\/wp\/v2\/product_tag?post=3776"}],"curies":[{"name":"wp","href":"https:\/\/api.w.org\/{rel}","templated":true}]}}