{"id":3779,"date":"2021-02-03T18:22:39","date_gmt":"2021-02-03T17:22:39","guid":{"rendered":"https:\/\/mygreenbrands.com\/?post_type=product&#038;p=3779"},"modified":"2025-12-04T16:19:13","modified_gmt":"2025-12-04T15:19:13","slug":"huile-eclatante-multifonctions-visage-corps-cheveux-omni","status":"publish","type":"product","link":"https:\/\/awesomegreenbeauty.com\/en\/product\/huile-eclatante-multifonctions-visage-corps-cheveux-omni\/","title":{"rendered":"WA : IT &#8211; Huile \u00e9clatante visage, corps &amp; cheveux OMNI \u2013 125 ml"},"content":{"rendered":"<p>Huile \u00e9clatante multifonctions, visage, corps &amp; cheveux OMNI <strong>100 % Naturel | Vegan | Fabriqu\u00e9e en Italie.<\/strong><\/p>\n<p><strong>D\u00e9couvrez l\u2019huile de graine de Yuzu bio, riche en antioxydants, id\u00e9ale pour revitaliser la peau et les cheveux.<\/strong><\/p>\n<p>This glowing multi-function oil for face, hair &amp; body <strong>moisturizes, illuminates and strengthens the skin's protective function.<\/strong>Its subtle fragrance, notably based on yuzu, Tsubaki seed oil and Perilla seed oil is delicate, subtle, captivating.<\/p>\n<p>OMNI est une huile polyvalente obtenue \u00e0 partir d&rsquo;un m\u00e9lange d&rsquo;huiles japonaise<strong>s pr\u00e9cieuses press\u00e9es \u00e0 froi<\/strong>d. Cette huile multi-fonctions corps, cheveux et visage <strong>a une action \u00e9quilibrante, apaisante, calmante, antioxydante<\/strong> et convient \u00e0 tous les types de peau.<\/p>\n<p>Just divine !<\/p>\n<h3>Ingr\u00e9dients Cl\u00e9 de cette huile \u00e9clatante multifonctions:<\/h3>\n<h3 data-start=\"210\" data-end=\"244\"><strong data-start=\"217\" data-end=\"244\">Huile de graine de yuzu<\/strong><\/h3>\n<ul data-start=\"245\" data-end=\"535\">\n<li data-start=\"245\" data-end=\"306\">\n<p data-start=\"247\" data-end=\"306\"><strong data-start=\"247\" data-end=\"258\">Origine<\/strong> : Japon, extraite des graines du fruit de yuzu.<\/p>\n<\/li>\n<li data-start=\"307\" data-end=\"486\">\n<p data-start=\"309\" data-end=\"486\"><strong data-start=\"309\" data-end=\"323\">Benefits<\/strong> : Riche en antioxydants, en acides gras essentiels, particuli\u00e8rement utile pour apaiser la peau, am\u00e9liorer l&rsquo;\u00e9lasticit\u00e9 et lutter contre le vieillissement cutan\u00e9.<\/p>\n<\/li>\n<li data-start=\"487\" data-end=\"535\">\n<p data-start=\"489\" data-end=\"535\"><strong data-start=\"489\" data-end=\"498\">Usage<\/strong> : Soins visage, cheveux, et massage.<\/p>\n<\/li>\n<\/ul>\n<h3 data-start=\"542\" data-end=\"598\"><strong data-start=\"549\" data-end=\"598\">Huile de graine de Tsubaki (Cam\u00e9lia japonica)<\/strong><\/h3>\n<ul data-start=\"599\" data-end=\"840\">\n<li data-start=\"599\" data-end=\"621\">\n<p data-start=\"601\" data-end=\"621\"><strong data-start=\"601\" data-end=\"612\">Origine<\/strong> : Japon.<\/p>\n<\/li>\n<li data-start=\"622\" data-end=\"781\">\n<p data-start=\"624\" data-end=\"781\"><strong data-start=\"624\" data-end=\"638\">Benefits<\/strong> : Tr\u00e8s p\u00e9n\u00e9trante, riche en acide ol\u00e9ique, antioxydante, nourrissante, id\u00e9ale pour les peaux s\u00e8ches ou matures, et pour renforcer les cheveux.<\/p>\n<\/li>\n<li data-start=\"782\" data-end=\"840\">\n<p data-start=\"784\" data-end=\"840\"><strong data-start=\"784\" data-end=\"793\">Usage<\/strong> : Soin capillaire, anti-\u00e2ge, hydratant visage.<\/p>\n<\/li>\n<\/ul>\n<h3 data-start=\"847\" data-end=\"884\"><strong data-start=\"854\" data-end=\"884\">Huile de graine de p\u00e9rilla<\/strong><\/h3>\n<ul data-start=\"885\" data-end=\"1129\">\n<li data-start=\"885\" data-end=\"928\">\n<p data-start=\"887\" data-end=\"928\"><strong data-start=\"887\" data-end=\"898\">Origine<\/strong> : Asie (Chine, Japon, Cor\u00e9e).<\/p>\n<\/li>\n<li data-start=\"929\" data-end=\"1066\">\n<p data-start=\"931\" data-end=\"1066\"><strong data-start=\"931\" data-end=\"945\">Benefits<\/strong> : Tr\u00e8s riche en om\u00e9ga-3 (acide alpha-linol\u00e9nique), anti-inflammatoire, antioxydante, apaisante pour les peaux sensibles.<\/p>\n<\/li>\n<li data-start=\"1067\" data-end=\"1129\">\n<p data-start=\"1069\" data-end=\"1129\"><strong data-start=\"1069\" data-end=\"1078\">Usage<\/strong> : Peaux atopiques, irrit\u00e9es, nutrition cosm\u00e9tique<\/p>\n<\/li>\n<li data-start=\"1067\" data-end=\"1129\">\n<h3 data-start=\"1069\" data-end=\"1129\">Huile de son de riz<\/h3>\n<\/li>\n<\/ul>\n<ul data-start=\"1167\" data-end=\"1383\">\n<li data-start=\"1167\" data-end=\"1188\">\n<p data-start=\"1169\" data-end=\"1188\"><strong data-start=\"1169\" data-end=\"1180\">Origine<\/strong> : Asie.<\/p>\n<\/li>\n<li data-start=\"1189\" data-end=\"1320\">\n<p data-start=\"1191\" data-end=\"1320\"><strong data-start=\"1191\" data-end=\"1205\">Benefits<\/strong> : Contient du gamma-oryzanol, tocoph\u00e9rols et phytost\u00e9rols ; antioxydante, adoucissante, protectrice contre les UV.<\/p>\n<\/li>\n<li data-start=\"1321\" data-end=\"1383\">\n<p data-start=\"1323\" data-end=\"1383\"><strong data-start=\"1323\" data-end=\"1332\">Usage<\/strong> : Anti-\u00e2ge, apr\u00e8s-soleil, soins pour peaux s\u00e8ches.<\/p>\n<\/li>\n<\/ul>\n<h3 data-start=\"1390\" data-end=\"1429\"><strong data-start=\"1397\" data-end=\"1429\">Huile de graine de tournesol<\/strong><\/h3>\n<ul data-start=\"1430\" data-end=\"1625\">\n<li data-start=\"1430\" data-end=\"1459\">\n<p data-start=\"1432\" data-end=\"1459\"><strong data-start=\"1432\" data-end=\"1443\">Origine<\/strong> : Monde entier.<\/p>\n<\/li>\n<li data-start=\"1460\" data-end=\"1550\">\n<p data-start=\"1462\" data-end=\"1550\"><strong data-start=\"1462\" data-end=\"1476\">Benefits<\/strong> : Riche en vitamine E, en acide linol\u00e9ique (om\u00e9ga-6), \u00e9molliente, l\u00e9g\u00e8re.<\/p>\n<\/li>\n<li data-start=\"1551\" data-end=\"1625\">\n<p data-start=\"1553\" data-end=\"1625\"><strong data-start=\"1553\" data-end=\"1562\">Usage<\/strong> : Convient \u00e0 tous types de peaux, souvent utilis\u00e9e comme base.<\/p>\n<\/li>\n<\/ul>\n<h3 data-start=\"1632\" data-end=\"1657\"><strong data-start=\"1639\" data-end=\"1657\">Huile d&rsquo;avocat<\/strong><\/h3>\n<ul data-start=\"1658\" data-end=\"1733\" data-is-last-node=\"\" data-is-only-node=\"\">\n<li data-start=\"1658\" data-end=\"1702\">\n<p data-start=\"1660\" data-end=\"1702\"><strong data-start=\"1660\" data-end=\"1671\">Origine<\/strong> : Am\u00e9rique centrale et du Sud.<\/p>\n<\/li>\n<li data-start=\"1658\" data-end=\"1702\"><strong data-start=\"1191\" data-end=\"1205\">Propri\u00e9t\u00e9s : <\/strong>riche en acides amin\u00e9s<\/li>\n<\/ul>\n<p>&nbsp;<\/p>\n<p>&nbsp;<\/p>","protected":false},"excerpt":{"rendered":"<p><strong>100 % Natural | Vegan | Made in Italy | All skin type<\/strong><\/p>\n<p>This glowing multi-function oil for face, hair &amp; body <strong>moisturizes, illuminates and strengthens the skin's protective function.<\/strong>.<\/p>\n<p>Son parfum subtil notamment \u00e0 base de yuzu, d&rsquo;huile de graines de Tsubaki et d&rsquo;huile de graines de p\u00e9rilla est d\u00e9licat, subtil, envoutant.<\/p>\n<p>To try without further delay!<\/p>","protected":false},"featured_media":3780,"template":"","meta":{"ocean_post_layout":"","ocean_both_sidebars_style":"","ocean_both_sidebars_content_width":0,"ocean_both_sidebars_sidebars_width":0,"ocean_sidebar":"0","ocean_second_sidebar":"0","ocean_disable_margins":"enable","ocean_add_body_class":"","ocean_shortcode_before_top_bar":"","ocean_shortcode_after_top_bar":"","ocean_shortcode_before_header":"","ocean_shortcode_after_header":"","ocean_has_shortcode":"","ocean_shortcode_after_title":"","ocean_shortcode_before_footer_widgets":"","ocean_shortcode_after_footer_widgets":"","ocean_shortcode_before_footer_bottom":"","ocean_shortcode_after_footer_bottom":"","ocean_display_top_bar":"default","ocean_display_header":"default","ocean_header_style":"","ocean_center_header_left_menu":"0","ocean_custom_header_template":"0","ocean_custom_logo":0,"ocean_custom_retina_logo":0,"ocean_custom_logo_max_width":0,"ocean_custom_logo_tablet_max_width":0,"ocean_custom_logo_mobile_max_width":0,"ocean_custom_logo_max_height":0,"ocean_custom_logo_tablet_max_height":0,"ocean_custom_logo_mobile_max_height":0,"ocean_header_custom_menu":"0","ocean_menu_typo_font_family":"0","ocean_menu_typo_font_subset":"","ocean_menu_typo_font_size":0,"ocean_menu_typo_font_size_tablet":0,"ocean_menu_typo_font_size_mobile":0,"ocean_menu_typo_font_size_unit":"px","ocean_menu_typo_font_weight":"","ocean_menu_typo_font_weight_tablet":"","ocean_menu_typo_font_weight_mobile":"","ocean_menu_typo_transform":"","ocean_menu_typo_transform_tablet":"","ocean_menu_typo_transform_mobile":"","ocean_menu_typo_line_height":0,"ocean_menu_typo_line_height_tablet":0,"ocean_menu_typo_line_height_mobile":0,"ocean_menu_typo_line_height_unit":"","ocean_menu_typo_spacing":0,"ocean_menu_typo_spacing_tablet":0,"ocean_menu_typo_spacing_mobile":0,"ocean_menu_typo_spacing_unit":"","ocean_menu_link_color":"","ocean_menu_link_color_hover":"","ocean_menu_link_color_active":"","ocean_menu_link_background":"","ocean_menu_link_hover_background":"","ocean_menu_link_active_background":"","ocean_menu_social_links_bg":"","ocean_menu_social_hover_links_bg":"","ocean_menu_social_links_color":"","ocean_menu_social_hover_links_color":"","ocean_disable_title":"default","ocean_disable_heading":"default","ocean_post_title":"","ocean_post_subheading":"","ocean_post_title_style":"","ocean_post_title_background_color":"","ocean_post_title_background":0,"ocean_post_title_bg_image_position":"","ocean_post_title_bg_image_attachment":"","ocean_post_title_bg_image_repeat":"","ocean_post_title_bg_image_size":"","ocean_post_title_height":0,"ocean_post_title_bg_overlay":0.5,"ocean_post_title_bg_overlay_color":"","ocean_disable_breadcrumbs":"default","ocean_breadcrumbs_color":"","ocean_breadcrumbs_separator_color":"","ocean_breadcrumbs_links_color":"","ocean_breadcrumbs_links_hover_color":"","ocean_display_footer_widgets":"default","ocean_display_footer_bottom":"default","ocean_custom_footer_template":"0"},"product_cat":[21,95,406,91],"product_tag":[],"class_list":{"0":"post-3779","1":"product","2":"type-product","3":"status-publish","4":"has-post-thumbnail","6":"product_brand-wait","7":"product_cat-soins-du-corps","8":"product_cat-huiles-et-cremes-pour-le-corps","9":"product_cat-parfums-soins-du-corps","10":"product_cat-tout-type-de-peau","12":"entry","13":"has-media","15":"first","16":"instock","17":"taxable","18":"shipping-taxable","19":"purchasable","20":"product-type-simple","21":"has-product-nav","22":"col","23":"span_1_of_4","24":"owp-content-center","25":"owp-thumbs-layout-horizontal","26":"owp-btn-normal","27":"owp-tabs-layout-horizontal","28":"has-no-thumbnails"},"_links":{"self":[{"href":"https:\/\/awesomegreenbeauty.com\/en\/wp-json\/wp\/v2\/product\/3779","targetHints":{"allow":["GET"]}}],"collection":[{"href":"https:\/\/awesomegreenbeauty.com\/en\/wp-json\/wp\/v2\/product"}],"about":[{"href":"https:\/\/awesomegreenbeauty.com\/en\/wp-json\/wp\/v2\/types\/product"}],"version-history":[{"count":0,"href":"https:\/\/awesomegreenbeauty.com\/en\/wp-json\/wp\/v2\/product\/3779\/revisions"}],"wp:featuredmedia":[{"embeddable":true,"href":"https:\/\/awesomegreenbeauty.com\/en\/wp-json\/wp\/v2\/media\/3780"}],"wp:attachment":[{"href":"https:\/\/awesomegreenbeauty.com\/en\/wp-json\/wp\/v2\/media?parent=3779"}],"wp:term":[{"taxonomy":"product_cat","embeddable":true,"href":"https:\/\/awesomegreenbeauty.com\/en\/wp-json\/wp\/v2\/product_cat?post=3779"},{"taxonomy":"product_tag","embeddable":true,"href":"https:\/\/awesomegreenbeauty.com\/en\/wp-json\/wp\/v2\/product_tag?post=3779"}],"curies":[{"name":"wp","href":"https:\/\/api.w.org\/{rel}","templated":true}]}}