{"id":38191,"date":"2025-03-13T16:03:25","date_gmt":"2025-03-13T15:03:25","guid":{"rendered":"https:\/\/awesomegreenbeauty.com\/?post_type=product&#038;p=38191"},"modified":"2025-10-31T18:33:53","modified_gmt":"2025-10-31T17:33:53","slug":"creme-contour-des-yeux-the-vert-cafeine-rafraichissante-peptides","status":"publish","type":"product","link":"https:\/\/awesomegreenbeauty.com\/en\/product\/creme-contour-des-yeux-the-vert-cafeine-rafraichissante-peptides\/","title":{"rendered":"FLOW COSMETICS \u2013 Green Tea &amp; Peptides Eye Cream \u2013 15ml"},"content":{"rendered":"<p class=\"translation-block\">This eye cream with green tea, refreshing caffeine, and peptides stimulates skin regeneration, plumps fine lines, and refreshes the eye area. Finnish Arctic berry oil generously moisturizes the delicate skin around the eyes and strengthens its elasticity.<\/p>\n<p class=\"translation-block\">Additionally, the eye cream with green tea, refreshing caffeine, and peptides effectively moisturizes the delicate skin around the eyes and makes it more elastic. Tired eyes are brightened thanks to the combination of caffeine, green tea extract, and pomegranate. Our Finnish Arctic berry oils, prized for their effectiveness, provide antioxidant protection against environmental aggressors, thus preserving the skin's youthfulness.<\/p>\n<p><strong>PROBLEMS TARGET BY GREEN TEA AND PEPTIDE EYE CREAM\u00a0<\/strong><\/p>\n<ul>\n<li>Fine lines around the eyes<\/li>\n<li>Eye bags<\/li>\n<li>Dark circles<\/li>\n<\/ul>\n<p><strong>ACTIVE INGREDIENTS<\/strong><\/p>\n<p class=\"translation-block\">Peptides: Accelerate cell renewal and smooth the skin<\/p>\n<p><a href=\"https:\/\/www.regard-sur-les-cosmetiques.fr\/nos-regards\/la-cafeine-l-actif-paradoxal-qui-cree-des-cernes-mais-les-combat-aussi-1828\/\" target=\"_blank\" rel=\"noopener\"><strong>Cafein<\/strong> <\/a>Reduces puffiness, toning and fatigue-relieving effect<\/p>\n<p><strong><a href=\"https:\/\/nature-sciences-sante.eu\/extrait-de-grenade-et-sante-de-la-peau\" target=\"_blank\" rel=\"noopener\">Pomegrade extract\u00a0<\/a>:<\/strong> Stimulates the production of collagen and elastin<\/p>\n<p><strong><a href=\"https:\/\/www.journee-mondiale.com\/dites-adieu-aux-cernes-en-7-jours-avec-cette-astuce-au-the-vert-6894.htm\" target=\"_blank\" rel=\"noopener\">Extrait de th\u00e9 vert<\/a><\/strong>\u00a0: R\u00e9duit les cernes et nourrit la peau d\u00e9licate du contour des yeux gr\u00e2ce \u00e0 ses propri\u00e9t\u00e9s antioxydantes<\/p>\n<p><strong>Hyaluronic Acid <\/strong>low molecular weight: Effectively binds moisture to the deep layers of the skin<\/p>\n<p><strong>Lingonberry and blueberry seed oils<\/strong>\u00a0Lighten, protect and soften the skin<\/p>\n<p>Very mild fragrance. Free from perfume and essential oils. Vegan.<\/p>\n<p>&nbsp;<\/p>","protected":false},"excerpt":{"rendered":"<p>100% Natural| Wild-Picked &amp; Organic Ingredients<\/p>\n<p>This eye cream with green tea, refreshing caffeine and peptides stimulates skin regeneration, plumps fine lines and refreshes the eye area.<\/p>\n<p>A tired look that regains liveliness thanks to the combination of caffeine, green tea extract and pomegranate.<\/p>\n<p><strong>For whom?\u00a0<\/strong><\/p>\n<ul>\n<li><strong>\u00a0<\/strong>Fine lines around the eyes<\/li>\n<li>Eye bags<\/li>\n<li>Dark circles<\/li>\n<\/ul>\n<p><strong>Benefits \u00a0<\/strong><\/p>\n<ul>\n<li>Hydrates and brightens the delicate skin around the eyes<\/li>\n<li>Reduces dark circles and puffiness under the eyes<\/li>\n<li>Smoothes signs of aging, such as fine lines and wrinkles<\/li>\n<\/ul>","protected":false},"featured_media":38913,"template":"","meta":{"ocean_post_layout":"","ocean_both_sidebars_style":"","ocean_both_sidebars_content_width":0,"ocean_both_sidebars_sidebars_width":0,"ocean_sidebar":"0","ocean_second_sidebar":"0","ocean_disable_margins":"enable","ocean_add_body_class":"","ocean_shortcode_before_top_bar":"","ocean_shortcode_after_top_bar":"","ocean_shortcode_before_header":"","ocean_shortcode_after_header":"","ocean_has_shortcode":"","ocean_shortcode_after_title":"","ocean_shortcode_before_footer_widgets":"","ocean_shortcode_after_footer_widgets":"","ocean_shortcode_before_footer_bottom":"","ocean_shortcode_after_footer_bottom":"","ocean_display_top_bar":"default","ocean_display_header":"default","ocean_header_style":"","ocean_center_header_left_menu":"0","ocean_custom_header_template":"0","ocean_custom_logo":0,"ocean_custom_retina_logo":0,"ocean_custom_logo_max_width":0,"ocean_custom_logo_tablet_max_width":0,"ocean_custom_logo_mobile_max_width":0,"ocean_custom_logo_max_height":0,"ocean_custom_logo_tablet_max_height":0,"ocean_custom_logo_mobile_max_height":0,"ocean_header_custom_menu":"0","ocean_menu_typo_font_family":"0","ocean_menu_typo_font_subset":"","ocean_menu_typo_font_size":0,"ocean_menu_typo_font_size_tablet":0,"ocean_menu_typo_font_size_mobile":0,"ocean_menu_typo_font_size_unit":"px","ocean_menu_typo_font_weight":"","ocean_menu_typo_font_weight_tablet":"","ocean_menu_typo_font_weight_mobile":"","ocean_menu_typo_transform":"","ocean_menu_typo_transform_tablet":"","ocean_menu_typo_transform_mobile":"","ocean_menu_typo_line_height":0,"ocean_menu_typo_line_height_tablet":0,"ocean_menu_typo_line_height_mobile":0,"ocean_menu_typo_line_height_unit":"","ocean_menu_typo_spacing":0,"ocean_menu_typo_spacing_tablet":0,"ocean_menu_typo_spacing_mobile":0,"ocean_menu_typo_spacing_unit":"","ocean_menu_link_color":"","ocean_menu_link_color_hover":"","ocean_menu_link_color_active":"","ocean_menu_link_background":"","ocean_menu_link_hover_background":"","ocean_menu_link_active_background":"","ocean_menu_social_links_bg":"","ocean_menu_social_hover_links_bg":"","ocean_menu_social_links_color":"","ocean_menu_social_hover_links_color":"","ocean_disable_title":"default","ocean_disable_heading":"default","ocean_post_title":"","ocean_post_subheading":"","ocean_post_title_style":"","ocean_post_title_background_color":"","ocean_post_title_background":0,"ocean_post_title_bg_image_position":"","ocean_post_title_bg_image_attachment":"","ocean_post_title_bg_image_repeat":"","ocean_post_title_bg_image_size":"","ocean_post_title_height":0,"ocean_post_title_bg_overlay":0.5,"ocean_post_title_bg_overlay_color":"","ocean_disable_breadcrumbs":"default","ocean_breadcrumbs_color":"","ocean_breadcrumbs_separator_color":"","ocean_breadcrumbs_links_color":"","ocean_breadcrumbs_links_hover_color":"","ocean_display_footer_widgets":"default","ocean_display_footer_bottom":"default","ocean_custom_footer_template":"0"},"product_cat":[80,20],"product_tag":[],"class_list":{"0":"post-38191","1":"product","2":"type-product","3":"status-publish","4":"has-post-thumbnail","6":"product_brand-flow-cosmetics","7":"product_cat-soins-des-yeux","8":"product_cat-soins-du-visage","10":"entry","11":"has-media","13":"first","14":"instock","15":"featured","16":"taxable","17":"shipping-taxable","18":"purchasable","19":"product-type-simple","20":"has-product-nav","21":"col","22":"span_1_of_4","23":"owp-content-center","24":"owp-thumbs-layout-horizontal","25":"owp-btn-normal","26":"owp-tabs-layout-horizontal"},"_links":{"self":[{"href":"https:\/\/awesomegreenbeauty.com\/en\/wp-json\/wp\/v2\/product\/38191","targetHints":{"allow":["GET"]}}],"collection":[{"href":"https:\/\/awesomegreenbeauty.com\/en\/wp-json\/wp\/v2\/product"}],"about":[{"href":"https:\/\/awesomegreenbeauty.com\/en\/wp-json\/wp\/v2\/types\/product"}],"version-history":[{"count":0,"href":"https:\/\/awesomegreenbeauty.com\/en\/wp-json\/wp\/v2\/product\/38191\/revisions"}],"wp:featuredmedia":[{"embeddable":true,"href":"https:\/\/awesomegreenbeauty.com\/en\/wp-json\/wp\/v2\/media\/38913"}],"wp:attachment":[{"href":"https:\/\/awesomegreenbeauty.com\/en\/wp-json\/wp\/v2\/media?parent=38191"}],"wp:term":[{"taxonomy":"product_cat","embeddable":true,"href":"https:\/\/awesomegreenbeauty.com\/en\/wp-json\/wp\/v2\/product_cat?post=38191"},{"taxonomy":"product_tag","embeddable":true,"href":"https:\/\/awesomegreenbeauty.com\/en\/wp-json\/wp\/v2\/product_tag?post=38191"}],"curies":[{"name":"wp","href":"https:\/\/api.w.org\/{rel}","templated":true}]}}