{"id":38221,"date":"2025-03-14T19:33:53","date_gmt":"2025-03-14T18:33:53","guid":{"rendered":"https:\/\/awesomegreenbeauty.com\/?post_type=product&#038;p=38221"},"modified":"2026-03-19T13:31:42","modified_gmt":"2026-03-19T12:31:42","slug":"flow-cosmetics-creme-visage-hydratation-intense-50ml","status":"publish","type":"product","link":"https:\/\/awesomegreenbeauty.com\/en\/product\/flow-cosmetics-creme-visage-hydratation-intense-50ml\/","title":{"rendered":"FLOW COSMETICS \u2013 Artic Face Cream Intense Hydration ++ -50ML"},"content":{"rendered":"<p>La Cr\u00e8me Artic hydratation intense plus r\u00e9pond aux besoins <a href=\"https:\/\/awesomegreenbeauty.com\/les-peaux-matures-2\/\" target=\"_blank\" rel=\"noopener\"><strong>des peaux s\u00e8ches<\/strong><\/a> en aidant la peau \u00e0 retenir l&rsquo;eau et \u00e0 la maintenir et en offrant une protection antioxydante optimale contre les signes de l&rsquo;\u00e2ge.<\/p>\n<p><a href=\"https:\/\/www.sfmesotherapie.com\/fichiers\/revues_sfm\/ac_hyaluronique_n%C2%B0129juillet2007\" target=\"_blank\" rel=\"noopener\"><strong>L&rsquo;acide hyaluronique<\/strong><\/a>, ingr\u00e9dient phare des soins hydratant, assure une hydratation \u00e0 base d&rsquo;eau et une nutrition intense de la peau. Les huiles de graines de baies arctiques et le bisabolol agissent comme des hydratants \u00e0 base de lipides qui adoucissent et renforcent la barri\u00e8re cutan\u00e9e. La Cr\u00e8me Artic hydratation intense plus offre une protection antioxydante optimale contre les signes de l&rsquo;\u00e2ge, pr\u00e9servant ainsi la douceur et l&rsquo;\u00e9lasticit\u00e9 de la peau.<\/p>\n<h3>B\u00e9n\u00e9fices de la Cr\u00e8me Artic hydratation intense plus<\/h3>\n<ul>\n<li>Hydrate en profondeur les peaux s\u00e8ches et superficiellement s\u00e8ches<\/li>\n<li>Soulage la sensation de tiraillement<\/li>\n<li>Lisse les rides accentu\u00e9es par la s\u00e9cheresse<\/li>\n<li>\u00c9quilibre la fonction de la barri\u00e8re protectrice<\/li>\n<li>Riche protection antioxydante<\/li>\n<li>Revitalise et illumine le teint<\/li>\n<\/ul>\n<h3>Ingr\u00e9dients actifs de la Cr\u00e8me Artic hydratation intense plus<\/h3>\n<ul>\n<li>Huile d&rsquo;airelle arctique\u00a0: Offre une protection antioxydante, ralentit le vieillissement cutan\u00e9, hydrate, illumine et \u00e9claircit le teint.<\/li>\n<li><a href=\"https:\/\/arcticflavors.com\/fr\/argousier\/\" target=\"_blank\" rel=\"noopener\"><strong>Huile d&rsquo;argousier arctique<\/strong><\/a>\u00a0: Ralentit le vieillissement cutan\u00e9 et prot\u00e8ge des dommages caus\u00e9s par les rayons UV, hydrate et am\u00e9liore l&rsquo;\u00e9lasticit\u00e9. Renforce les peaux sensibles, irrit\u00e9es, sujettes aux d\u00e9mangeaisons et aux tiraillements.<\/li>\n<li>Huile de myrtille sauvage arctique\u00a0: Apaisante, antioxydante et anti-\u00e2ge. \u00c9claircissante.<\/li>\n<li><a href=\"https:\/\/humidificateursdair.fr\/blogs\/huiles-essentielles\/he-cassis-bienfaits-utilisations?\" target=\"_blank\" rel=\"noopener\"><strong>Huile de cassis arctique<\/strong><\/a>\u00a0: Pr\u00e9vient et soigne efficacement l&rsquo;inflammation. Sa composition \u00e9quilibr\u00e9e en acides gras om\u00e9ga-3 et om\u00e9ga-6 b\u00e9n\u00e9fiques soigne la peau. Inspir\u00e9e des produits pro-\u00e2ge.<\/li>\n<li><a href=\"https:\/\/www.futura-sciences.com\/sante\/questions-reponses\/beaute-acide-hyaluronique-bienfaits-utilisation-20301\/\" target=\"_blank\" rel=\"noopener\"><strong>Acide hyaluronique\u00a0<\/strong><\/a>: Combinaison de deux tailles mol\u00e9culaires diff\u00e9rentes\u00a0: la petite mol\u00e9cule p\u00e9n\u00e8tre plus profond\u00e9ment dans les couches cutan\u00e9es, l&rsquo;hydratant en profondeur. La plus grosse mol\u00e9cule hydrate la couche superficielle de la peau et renforce la fonction de barri\u00e8re protectrice.<\/li>\n<li><strong>Bisabolol\u00a0:<\/strong> Apaise les peaux sensibles. \u00c9claircit le teint et offre une protection antioxydante. Une mati\u00e8re premi\u00e8re qui traite les signes de l&rsquo;\u00e2ge. Am\u00e9liore l&rsquo;absorption des autres mati\u00e8res premi\u00e8res.<\/li>\n<\/ul>\n<p><strong>Composition 100 % d\u2019origine naturelle :<\/strong><\/p>\n<article class=\"group\/turn w-full text-token-text-primary focus-visible:outline-2 focus-visible:outline-offset-[-4px]\" dir=\"auto\" data-testid=\"conversation-turn-5\" data-scroll-anchor=\"true\">\n<div class=\"text-base my-auto mx-auto py-[18px] px-6\">\n<div class=\"mx-auto flex flex-1 text-base gap-4 md:gap-5 lg:gap-6 md:max-w-3xl\">\n<div class=\"group\/conversation-turn relative flex w-full min-w-0 flex-col agent-turn @xs\/thread:px-0 @sm\/thread:px-1.5 @md\/thread:px-4\">\n<div class=\"flex-col gap-1 md:gap-3\">\n<div class=\"flex max-w-full flex-col flex-grow\">\n<div class=\"min-h-8 text-message relative flex w-full flex-col items-end gap-2 whitespace-normal break-words text-start [.text-message+&amp;]:mt-5\" dir=\"auto\" data-message-author-role=\"assistant\" data-message-id=\"584b420b-9039-4964-9514-2a6967e264b9\" data-message-model-slug=\"gpt-4o\">\n<div class=\"flex w-full flex-col gap-1 empty:hidden first:pt-[3px]\">\n<div class=\"markdown prose w-full break-words dark:prose-invert light\">\n<ol data-start=\"86\" data-end=\"759\">\n<li data-start=\"86\" data-end=\"230\"><strong data-start=\"89\" data-end=\"127\">Absence d\u2019ingr\u00e9dients synth\u00e9tiques<\/strong> : pas de silicones, parab\u00e8nes, PEG, colorants artificiels ou autres d\u00e9riv\u00e9s p\u00e9trochimiques.<\/li>\n<li data-start=\"231\" data-end=\"424\"><strong data-start=\"234\" data-end=\"270\">Ingr\u00e9dients v\u00e9g\u00e9taux et naturels<\/strong> : La majorit\u00e9 des ingr\u00e9dients sont des huiles, beurres, extraits de plantes et fermentS<\/li>\n<li data-start=\"425\" data-end=\"570\"><strong data-start=\"428\" data-end=\"454\">Conservateurs naturels<\/strong> : Sodium levulinate, sodium anisate et alcool sont souvent utilis\u00e9s comme conservateurs doux d\u2019origine naturelle.<\/li>\n<li data-start=\"571\" data-end=\"759\"><strong data-start=\"574\" data-end=\"597\">Allerg\u00e8nes naturels<\/strong> : Les composants comme le g\u00e9raniol, le linalool et le farn\u00e9sol sont naturellement pr\u00e9sents dans les huiles essentielles .<\/li>\n<\/ol>\n<\/div>\n<\/div>\n<\/div>\n<\/div>\n<\/div>\n<\/div>\n<\/div>\n<\/div>\n<\/article>\n","protected":false},"excerpt":{"rendered":"<p><strong>100% natural origin | Dry skin<\/strong><\/p>\n<p>Artic Intense Hydration Cream +++ meets the needs of <a href=\"https:\/\/awesomegreenbeauty.com\/en\/les-peaux-matures-2\/\" target=\"_blank\" rel=\"noopener\"><strong>dry skin<\/strong><\/a> by helping the skin retain water and providing optimal antioxidant protection against the signs of aging.<\/p>\n<h3>Benefits of Artic Cream Intense Hydration +++<\/h3>\n<ul>\n<li>Deeply moisturizes dry and superficially dry skin<\/li>\n<li>Relieves the feeling of tightness<\/li>\n<li>Smoothes wrinkles accentuated by dryness<\/li>\n<li>Balances protective barrier function<\/li>\n<li>Rich antioxidant protection<\/li>\n<li>Revitalizes and brightens the complexion<\/li>\n<\/ul>\n<p>&nbsp;<\/p>","protected":false},"featured_media":38231,"template":"","meta":{"ocean_post_layout":"","ocean_both_sidebars_style":"","ocean_both_sidebars_content_width":0,"ocean_both_sidebars_sidebars_width":0,"ocean_sidebar":"0","ocean_second_sidebar":"0","ocean_disable_margins":"enable","ocean_add_body_class":"","ocean_shortcode_before_top_bar":"","ocean_shortcode_after_top_bar":"","ocean_shortcode_before_header":"","ocean_shortcode_after_header":"","ocean_has_shortcode":"","ocean_shortcode_after_title":"","ocean_shortcode_before_footer_widgets":"","ocean_shortcode_after_footer_widgets":"","ocean_shortcode_before_footer_bottom":"","ocean_shortcode_after_footer_bottom":"","ocean_display_top_bar":"default","ocean_display_header":"default","ocean_header_style":"","ocean_center_header_left_menu":"0","ocean_custom_header_template":"0","ocean_custom_logo":0,"ocean_custom_retina_logo":0,"ocean_custom_logo_max_width":0,"ocean_custom_logo_tablet_max_width":0,"ocean_custom_logo_mobile_max_width":0,"ocean_custom_logo_max_height":0,"ocean_custom_logo_tablet_max_height":0,"ocean_custom_logo_mobile_max_height":0,"ocean_header_custom_menu":"0","ocean_menu_typo_font_family":"0","ocean_menu_typo_font_subset":"","ocean_menu_typo_font_size":0,"ocean_menu_typo_font_size_tablet":0,"ocean_menu_typo_font_size_mobile":0,"ocean_menu_typo_font_size_unit":"px","ocean_menu_typo_font_weight":"","ocean_menu_typo_font_weight_tablet":"","ocean_menu_typo_font_weight_mobile":"","ocean_menu_typo_transform":"","ocean_menu_typo_transform_tablet":"","ocean_menu_typo_transform_mobile":"","ocean_menu_typo_line_height":0,"ocean_menu_typo_line_height_tablet":0,"ocean_menu_typo_line_height_mobile":0,"ocean_menu_typo_line_height_unit":"","ocean_menu_typo_spacing":0,"ocean_menu_typo_spacing_tablet":0,"ocean_menu_typo_spacing_mobile":0,"ocean_menu_typo_spacing_unit":"","ocean_menu_link_color":"","ocean_menu_link_color_hover":"","ocean_menu_link_color_active":"","ocean_menu_link_background":"","ocean_menu_link_hover_background":"","ocean_menu_link_active_background":"","ocean_menu_social_links_bg":"","ocean_menu_social_hover_links_bg":"","ocean_menu_social_links_color":"","ocean_menu_social_hover_links_color":"","ocean_disable_title":"default","ocean_disable_heading":"default","ocean_post_title":"","ocean_post_subheading":"","ocean_post_title_style":"","ocean_post_title_background_color":"","ocean_post_title_background":0,"ocean_post_title_bg_image_position":"","ocean_post_title_bg_image_attachment":"","ocean_post_title_bg_image_repeat":"","ocean_post_title_bg_image_size":"","ocean_post_title_height":0,"ocean_post_title_bg_overlay":0.5,"ocean_post_title_bg_overlay_color":"","ocean_disable_breadcrumbs":"default","ocean_breadcrumbs_color":"","ocean_breadcrumbs_separator_color":"","ocean_breadcrumbs_links_color":"","ocean_breadcrumbs_links_hover_color":"","ocean_display_footer_widgets":"default","ocean_display_footer_bottom":"default","ocean_custom_footer_template":"0"},"product_cat":[79,87,90,20],"product_tag":[],"class_list":{"0":"post-38221","1":"product","2":"type-product","3":"status-publish","4":"has-post-thumbnail","6":"product_brand-flow-cosmetics","7":"product_cat-hydratants-visage-aux-huiles-bio","8":"product_cat-peaux-matures","9":"product_cat-peaux-seches-deshydratees","10":"product_cat-soins-du-visage","12":"entry","13":"has-media","15":"first","16":"instock","17":"taxable","18":"shipping-taxable","19":"purchasable","20":"product-type-simple","21":"has-product-nav","22":"col","23":"span_1_of_4","24":"owp-content-center","25":"owp-thumbs-layout-horizontal","26":"owp-btn-normal","27":"owp-tabs-layout-horizontal"},"_links":{"self":[{"href":"https:\/\/awesomegreenbeauty.com\/en\/wp-json\/wp\/v2\/product\/38221","targetHints":{"allow":["GET"]}}],"collection":[{"href":"https:\/\/awesomegreenbeauty.com\/en\/wp-json\/wp\/v2\/product"}],"about":[{"href":"https:\/\/awesomegreenbeauty.com\/en\/wp-json\/wp\/v2\/types\/product"}],"version-history":[{"count":0,"href":"https:\/\/awesomegreenbeauty.com\/en\/wp-json\/wp\/v2\/product\/38221\/revisions"}],"wp:featuredmedia":[{"embeddable":true,"href":"https:\/\/awesomegreenbeauty.com\/en\/wp-json\/wp\/v2\/media\/38231"}],"wp:attachment":[{"href":"https:\/\/awesomegreenbeauty.com\/en\/wp-json\/wp\/v2\/media?parent=38221"}],"wp:term":[{"taxonomy":"product_cat","embeddable":true,"href":"https:\/\/awesomegreenbeauty.com\/en\/wp-json\/wp\/v2\/product_cat?post=38221"},{"taxonomy":"product_tag","embeddable":true,"href":"https:\/\/awesomegreenbeauty.com\/en\/wp-json\/wp\/v2\/product_tag?post=38221"}],"curies":[{"name":"wp","href":"https:\/\/api.w.org\/{rel}","templated":true}]}}