{"id":3854,"date":"2021-02-05T15:33:57","date_gmt":"2021-02-05T14:33:57","guid":{"rendered":"https:\/\/mygreenbrands.com\/?post_type=product&#038;p=3854"},"modified":"2026-02-25T12:52:16","modified_gmt":"2026-02-25T11:52:16","slug":"huile-hydratante-coco-corps-cheveux-leahlani","status":"publish","type":"product","link":"https:\/\/awesomegreenbeauty.com\/en\/product\/huile-hydratante-coco-corps-cheveux-leahlani\/","title":{"rendered":"LEAHLANI SKINCARE  &#8211; Mahana Coco Infusion Corps &amp; Cheveux  &#8211; 118 ml"},"content":{"rendered":"<p>Huile Nourrissante parfum\u00e9e corps et cheveux Bio \u2013 Coco, Kukui, Macadamia &amp; Argousier.<\/p>\n<p data-start=\"327\" data-end=\"574\">Soin 100% naturel et bio pour hydrater, nourrir et prot\u00e9ger la peau et les cheveux. Enrichi en huiles pr\u00e9cieuses de coco, kukui, macadamia et argousier, ainsi qu\u2019en vitamine E antioxydante. Convient \u00e0 tous types de peau, m\u00eame les plus sensibles.<\/p>\n<p data-start=\"1683\" data-end=\"1858\">Huile nourrissante bio, huile visage bio, huile corps bio, soin naturel peau s\u00e8che, huile cheveux secs, huile argousier, huile coco bio, huile macadamia bio, huile kukui bio<\/p>\n<h3 data-start=\"628\" data-end=\"695\"><span data-start=\"644\" data-end=\"670\">A <\/span><strong data-start=\"644\" data-end=\"670\">huile nourrissante parfum\u00e9e corps et cheveux bio<\/strong> aux multiples vertus :<\/h3>\n<ul data-start=\"697\" data-end=\"1336\">\n<li data-start=\"697\" data-end=\"824\">\n<p data-start=\"699\" data-end=\"824\"><strong data-start=\"699\" data-end=\"746\">Huile de Coco non raffin\u00e9e (Cocos nucifera)<\/strong> : hydrate profond\u00e9ment et prot\u00e8ge la peau gr\u00e2ce \u00e0 ses acides gras naturels.<\/p>\n<\/li>\n<li data-start=\"825\" data-end=\"940\">\n<p data-start=\"827\" data-end=\"940\"><strong data-start=\"827\" data-end=\"887\">Huile de Kukui bio press\u00e9e \u00e0 froid (Aleurites moluccana)<\/strong> : apaise et r\u00e9g\u00e9n\u00e8re les peaux s\u00e8ches ou irrit\u00e9es.<\/p>\n<\/li>\n<li data-start=\"941\" data-end=\"1071\">\n<p data-start=\"943\" data-end=\"1071\"><strong data-start=\"943\" data-end=\"1008\">Huile de Macadamia bio press\u00e9e \u00e0 froid (Macadamia ternifolia)<\/strong> : nourrit et assouplit la peau, tr\u00e8s proche du s\u00e9bum humain.<\/p>\n<\/li>\n<li data-start=\"1072\" data-end=\"1219\">\n<p data-start=\"1074\" data-end=\"1219\"><strong data-start=\"1074\" data-end=\"1133\">Argousier bio press\u00e9 \u00e0 froid CO\u00b2 (Hippophae rhamnoides)<\/strong> : riche en vitamines et antioxydants, favorise la r\u00e9paration et l\u2019\u00e9clat de la peau.<\/p>\n<\/li>\n<li data-start=\"1220\" data-end=\"1336\">\n<p data-start=\"1222\" data-end=\"1336\"><strong data-start=\"1222\" data-end=\"1261\">Vitamine E (ac\u00e9tate de tocoph\u00e9ryle)<\/strong> : prot\u00e8ge la peau des radicaux libres et pr\u00e9serve la qualit\u00e9 des huiles.<\/p>\n<\/li>\n<\/ul>\n<h3 data-start=\"1338\" data-end=\"1358\"><strong data-start=\"1341\" data-end=\"1356\">Benefits:<\/strong><\/h3>\n<ul data-start=\"1359\" data-end=\"1570\">\n<li data-start=\"1359\" data-end=\"1393\">\n<p data-start=\"1361\" data-end=\"1393\">Hydrate et nourrit intens\u00e9ment<\/p>\n<\/li>\n<li data-start=\"1394\" data-end=\"1443\">\n<p data-start=\"1396\" data-end=\"1443\">Prot\u00e8ge et r\u00e9pare les peaux s\u00e8ches ou ab\u00eem\u00e9es<\/p>\n<\/li>\n<li data-start=\"1444\" data-end=\"1491\">\n<p data-start=\"1446\" data-end=\"1491\">Convient \u00e0 toutes les peaux, m\u00eame sensibles<\/p>\n<\/li>\n<li data-start=\"1492\" data-end=\"1540\">\n<p data-start=\"1494\" data-end=\"1540\">Peut \u00eatre utilis\u00e9 sur la peau et les cheveux<\/p>\n<\/li>\n<li data-start=\"1541\" data-end=\"1570\">\n<p data-start=\"1543\" data-end=\"1570\">Parfum naturel et d\u00e9licat<\/p>\n<\/li>\n<\/ul>\n<p data-start=\"1572\" data-end=\"1650\"><strong data-start=\"1575\" data-end=\"1598\">100% naturel et bio<\/strong>, sans conservateurs chimiques ni additifs nocifs.<\/p>\n<p><strong>100% Natural | Organic | Made in Hawai<\/strong>This multi-function body &amp; hair body oil is an exquisite blend of exotic vanilla bean infused oils associated with coconut. Lightweight and easy to absorb, this oil can be used as a nourishing body oil &amp; hair mask.<\/p>\n<p>&nbsp;<\/p>\n<p>&nbsp;<\/p>","protected":false},"excerpt":{"rendered":"<p><strong>100% Natural | Organic | Made in Hawai<\/strong><\/p>\n<p>Cette huile corporelle multi-fonctions\u00a0 corps &amp; cheveux est un m\u00e9lange exquis d&rsquo;huiles infus\u00e9es de gousse de vanille exotique associ\u00e9es \u00e0 la noix de coco. L\u00e9g\u00e8re et facile \u00e0 appliquer, cette huile peut \u00eatre utilis\u00e9e comme huile nourrissante pour le corps &amp;\u00a0 masque capillaire.<\/p>\n<p data-start=\"327\" data-end=\"574\">Soin 100% naturel et bio pour hydrater, nourrir et prot\u00e9ger la peau et les cheveux. Enrichi en huiles pr\u00e9cieuses de coco, kukui, macadamia et argousier, ainsi qu\u2019en vitamine E antioxydante. Convient \u00e0 tous types de peau, m\u00eame les plus sensibles.<\/p>\n<p data-start=\"1683\" data-end=\"1858\">Huile nourrissante bio, huile visage bio, huile corps bio, soin naturel peau s\u00e8che, huile cheveux secs, huile argousier, huile coco bio, huile macadamia bio, huile kukui bio<\/p>\n<p>Un d\u00e9lice !<\/p>","protected":false},"featured_media":3856,"template":"","meta":{"ocean_post_layout":"","ocean_both_sidebars_style":"","ocean_both_sidebars_content_width":0,"ocean_both_sidebars_sidebars_width":0,"ocean_sidebar":"0","ocean_second_sidebar":"0","ocean_disable_margins":"enable","ocean_add_body_class":"","ocean_shortcode_before_top_bar":"","ocean_shortcode_after_top_bar":"","ocean_shortcode_before_header":"","ocean_shortcode_after_header":"","ocean_has_shortcode":"","ocean_shortcode_after_title":"","ocean_shortcode_before_footer_widgets":"","ocean_shortcode_after_footer_widgets":"","ocean_shortcode_before_footer_bottom":"","ocean_shortcode_after_footer_bottom":"","ocean_display_top_bar":"default","ocean_display_header":"default","ocean_header_style":"","ocean_center_header_left_menu":"0","ocean_custom_header_template":"0","ocean_custom_logo":0,"ocean_custom_retina_logo":0,"ocean_custom_logo_max_width":0,"ocean_custom_logo_tablet_max_width":0,"ocean_custom_logo_mobile_max_width":0,"ocean_custom_logo_max_height":0,"ocean_custom_logo_tablet_max_height":0,"ocean_custom_logo_mobile_max_height":0,"ocean_header_custom_menu":"0","ocean_menu_typo_font_family":"0","ocean_menu_typo_font_subset":"","ocean_menu_typo_font_size":0,"ocean_menu_typo_font_size_tablet":0,"ocean_menu_typo_font_size_mobile":0,"ocean_menu_typo_font_size_unit":"px","ocean_menu_typo_font_weight":"","ocean_menu_typo_font_weight_tablet":"","ocean_menu_typo_font_weight_mobile":"","ocean_menu_typo_transform":"","ocean_menu_typo_transform_tablet":"","ocean_menu_typo_transform_mobile":"","ocean_menu_typo_line_height":0,"ocean_menu_typo_line_height_tablet":0,"ocean_menu_typo_line_height_mobile":0,"ocean_menu_typo_line_height_unit":"","ocean_menu_typo_spacing":0,"ocean_menu_typo_spacing_tablet":0,"ocean_menu_typo_spacing_mobile":0,"ocean_menu_typo_spacing_unit":"","ocean_menu_link_color":"","ocean_menu_link_color_hover":"","ocean_menu_link_color_active":"","ocean_menu_link_background":"","ocean_menu_link_hover_background":"","ocean_menu_link_active_background":"","ocean_menu_social_links_bg":"","ocean_menu_social_hover_links_bg":"","ocean_menu_social_links_color":"","ocean_menu_social_hover_links_color":"","ocean_disable_title":"default","ocean_disable_heading":"default","ocean_post_title":"","ocean_post_subheading":"","ocean_post_title_style":"","ocean_post_title_background_color":"","ocean_post_title_background":0,"ocean_post_title_bg_image_position":"","ocean_post_title_bg_image_attachment":"","ocean_post_title_bg_image_repeat":"","ocean_post_title_bg_image_size":"","ocean_post_title_height":0,"ocean_post_title_bg_overlay":0.5,"ocean_post_title_bg_overlay_color":"","ocean_disable_breadcrumbs":"default","ocean_breadcrumbs_color":"","ocean_breadcrumbs_separator_color":"","ocean_breadcrumbs_links_color":"","ocean_breadcrumbs_links_hover_color":"","ocean_display_footer_widgets":"default","ocean_display_footer_bottom":"default","ocean_custom_footer_template":"0"},"product_cat":[22,21,104,95],"product_tag":[],"class_list":{"0":"post-3854","1":"product","2":"type-product","3":"status-publish","4":"has-post-thumbnail","6":"product_brand-leahlani","7":"product_cat-soins-des-cheveux","8":"product_cat-soins-du-corps","9":"product_cat-huiles-de-beaute-masques","10":"product_cat-huiles-et-cremes-pour-le-corps","12":"entry","13":"has-media","15":"first","16":"instock","17":"taxable","18":"shipping-taxable","19":"purchasable","20":"product-type-simple","21":"has-product-nav","22":"col","23":"span_1_of_4","24":"owp-content-center","25":"owp-thumbs-layout-horizontal","26":"owp-btn-normal","27":"owp-tabs-layout-horizontal"},"_links":{"self":[{"href":"https:\/\/awesomegreenbeauty.com\/en\/wp-json\/wp\/v2\/product\/3854","targetHints":{"allow":["GET"]}}],"collection":[{"href":"https:\/\/awesomegreenbeauty.com\/en\/wp-json\/wp\/v2\/product"}],"about":[{"href":"https:\/\/awesomegreenbeauty.com\/en\/wp-json\/wp\/v2\/types\/product"}],"version-history":[{"count":0,"href":"https:\/\/awesomegreenbeauty.com\/en\/wp-json\/wp\/v2\/product\/3854\/revisions"}],"wp:featuredmedia":[{"embeddable":true,"href":"https:\/\/awesomegreenbeauty.com\/en\/wp-json\/wp\/v2\/media\/3856"}],"wp:attachment":[{"href":"https:\/\/awesomegreenbeauty.com\/en\/wp-json\/wp\/v2\/media?parent=3854"}],"wp:term":[{"taxonomy":"product_cat","embeddable":true,"href":"https:\/\/awesomegreenbeauty.com\/en\/wp-json\/wp\/v2\/product_cat?post=3854"},{"taxonomy":"product_tag","embeddable":true,"href":"https:\/\/awesomegreenbeauty.com\/en\/wp-json\/wp\/v2\/product_tag?post=3854"}],"curies":[{"name":"wp","href":"https:\/\/api.w.org\/{rel}","templated":true}]}}