{"id":38742,"date":"2025-05-07T16:33:13","date_gmt":"2025-05-07T14:33:13","guid":{"rendered":"https:\/\/awesomegreenbeauty.com\/?post_type=product&#038;p=38742"},"modified":"2026-04-18T13:40:24","modified_gmt":"2026-04-18T11:40:24","slug":"pratima-love-oils-huile-corporelle-regenerante-aux-plantes-120ml","status":"publish","type":"product","link":"https:\/\/awesomegreenbeauty.com\/en\/product\/pratima-love-oils-huile-corporelle-regenerante-aux-plantes-120ml\/","title":{"rendered":"PRATIMA &#8211; Love Oils huile corporelle r\u00e9g\u00e9n\u00e9rante aux plantes-120m"},"content":{"rendered":"<p>Regenerating herbal body oil.<\/p>\n<p>PRATIMA herbal body oils are essential care products for the well-being and radiance of the body's external tissues. With a molecular density similar to that of the skin, these blends of pure herbal body oils penetrate the seven layers of the skin to provide essential nutrients that nourish, moisturize and improve its functions. Applying pure herbal body oils is a nourishing and devotional act, a precious ancestral ritual in Ayurveda. It's no coincidence that sneha, the Sanskrit word for love, comes from snehana, the Ayurvedic ritual of oleation.<\/p>\n<p data-start=\"0\" data-end=\"261\">The Ayurvedic ritual is a traditional practice of Ayurveda (ancestral Indian medicine) aimed at <strong data-start=\"156\" data-end=\"199\">nourish, lubricate and purify the body<\/strong> by the application of oil, both <strong data-start=\"238\" data-end=\"260\">internal and external<\/strong>.<\/p>\n<h3 data-start=\"300\" data-end=\"343\"><strong data-start=\"307\" data-end=\"343\">External oleation (Abhyanga)<\/strong><\/h3>\n<p data-start=\"345\" data-end=\"481\">It's a <strong data-start=\"354\" data-end=\"381\">warm oil massage<\/strong>often using medicinal oils adapted to the person's constitution (dosha):<\/p>\n<ul data-start=\"482\" data-end=\"699\">\n<li data-start=\"482\" data-end=\"545\">\n<p data-start=\"484\" data-end=\"545\"><strong data-start=\"484\" data-end=\"492\">Vata<\/strong> : warm, heavy oils such as sesame oil.<\/p>\n<\/li>\n<li data-start=\"546\" data-end=\"622\">\n<p data-start=\"548\" data-end=\"622\"><strong data-start=\"548\" data-end=\"557\">Pitta<\/strong> : refreshing oils such as coconut or sunflower oil.<\/p>\n<\/li>\n<li data-start=\"623\" data-end=\"699\">\n<p data-start=\"625\" data-end=\"699\"><strong data-start=\"625\" data-end=\"634\">Kapha<\/strong> : lighter, more stimulating oils, such as mustard oil.<\/p>\n<\/li>\n<\/ul>\n<h4 data-start=\"701\" data-end=\"717\">Benefits of this regenerating herbal body oil<\/h4>\n<ul data-start=\"718\" data-end=\"888\">\n<li data-start=\"718\" data-end=\"745\">\n<p data-start=\"720\" data-end=\"745\">Soothes the nervous system<\/p>\n<\/li>\n<li data-start=\"746\" data-end=\"788\">\n<p data-start=\"748\" data-end=\"788\">Helps eliminate toxins (ama)<\/p>\n<\/li>\n<li data-start=\"789\" data-end=\"814\">\n<p data-start=\"791\" data-end=\"814\">Improves circulation<\/p>\n<\/li>\n<li data-start=\"815\" data-end=\"855\">\n<p data-start=\"817\" data-end=\"855\">Nourishes skin and tissues (dhatus)<\/p>\n<\/li>\n<li data-start=\"856\" data-end=\"888\">\n<p data-start=\"858\" data-end=\"888\">Promotes restful sleep<\/p>\n<\/li>\n<\/ul>\n<p data-start=\"0\" data-end=\"252\">This mixture is a<strong data-start=\"36\" data-end=\"74\"> luxurious ayurvedic treatment<\/strong>, nourishing, soothing and slightly stimulating. As part of an Ayurvedic oleation ritual, such as Abhyanga, each ingredient has its own role to play:<\/p>\n<h3 data-start=\"259\" data-end=\"295\"><strong data-start=\"266\" data-end=\"293\">Ingredient analysis<\/strong> of this regenerating herbal body oil<\/h3>\n<ul data-start=\"297\" data-end=\"1540\">\n<li data-start=\"297\" data-end=\"480\">\n<p data-start=\"299\" data-end=\"480\"><em data-start=\"299\" data-end=\"336\">Almond Oil (sweet almond oil)<\/em>* Rich in fatty acids, it deeply nourishes the skin. Widely used to balance <strong data-start=\"427\" data-end=\"435\">Vata<\/strong>, thanks to its softness and natural warmth.<\/p>\n<\/li>\n<li data-start=\"482\" data-end=\"692\">\n<p data-start=\"484\" data-end=\"692\"><em data-start=\"484\" data-end=\"506\">Lavender (lavande)<\/em>* Soothes the nervous system, calms the mind. It is tridoshic (balances Vata, Pitta and Kapha) but particularly beneficial for <strong data-start=\"644\" data-end=\"653\">Pitta<\/strong> thanks to its refreshing qualities.<\/p>\n<\/li>\n<li data-start=\"694\" data-end=\"935\">\n<p data-start=\"696\" data-end=\"935\"><em data-start=\"696\" data-end=\"715\">Cinnamon, Clove<\/em>, Cardamom* (cannelle, clou de girofle, cardamome)** : This trio of spices stimulates circulation and provides gentle warmth. Ideal for constitutions <strong data-start=\"869\" data-end=\"878\">Kapha<\/strong> or moments of stagnation\/energy slowdown.<\/p>\n<\/li>\n<li data-start=\"937\" data-end=\"1114\">\n<p data-start=\"939\" data-end=\"1114\"><em data-start=\"939\" data-end=\"960\">Rose, Rose Petals<\/em>** : Refreshing, comforting and harmonizing. Excellent for <strong data-start=\"1029\" data-end=\"1038\">Pitta<\/strong>It opens the heart and brings a subtle softness to the skin and mind.<\/p>\n<\/li>\n<li data-start=\"1116\" data-end=\"1248\">\n<p data-start=\"1118\" data-end=\"1248\"><strong data-start=\"1118\" data-end=\"1129\">Vanilla<\/strong>*: Comforting and sweet, it evokes sensory pleasure and is particularly well-balanced. <strong data-start=\"1224\" data-end=\"1232\">Vata<\/strong> by its softness.<\/p>\n<\/li>\n<li data-start=\"1250\" data-end=\"1366\">\n<p data-start=\"1252\" data-end=\"1366\"><strong data-start=\"1252\" data-end=\"1265\">Vitamin E<\/strong> : a powerful antioxidant, it protects skin from aging and boosts cell regeneration.<\/p>\n<\/li>\n<li data-start=\"1368\" data-end=\"1540\">\n<p data-start=\"1370\" data-end=\"1540\"><strong data-start=\"1370\" data-end=\"1388\">Pratima\u2019s Love<\/strong> : a poetic touch, probably symbolic, suggesting the conscious, benevolent and devotional intention infused in the product's manufacture.<\/p>\n<\/li>\n<\/ul>","protected":false},"excerpt":{"rendered":"<p class=\"ai-optimize-29\">Regenerating herbal body oil.<\/p>\n<p class=\"ai-optimize-30\">PRATIMA herbal body oils are essential care products for the well-being and radiance of the body's external tissues. With a molecular density similar to that of the skin, these blends of pure herbal body oils penetrate the seven layers of the skin to provide essential nutrients that nourish, moisturize and improve its functions. Applying pure herbal body oils is a nourishing and devotional act, a precious ancestral ritual in Ayurveda.<\/p>\n<p class=\"ai-optimize-31\">This body oil is a creamy blend of cinnamon, clove and cardamom, with soothing, comforting scents, blended with sweet almond oil.<\/p>","protected":false},"featured_media":38745,"template":"","meta":{"ocean_post_layout":"","ocean_both_sidebars_style":"","ocean_both_sidebars_content_width":0,"ocean_both_sidebars_sidebars_width":0,"ocean_sidebar":"0","ocean_second_sidebar":"0","ocean_disable_margins":"enable","ocean_add_body_class":"","ocean_shortcode_before_top_bar":"","ocean_shortcode_after_top_bar":"","ocean_shortcode_before_header":"","ocean_shortcode_after_header":"","ocean_has_shortcode":"","ocean_shortcode_after_title":"","ocean_shortcode_before_footer_widgets":"","ocean_shortcode_after_footer_widgets":"","ocean_shortcode_before_footer_bottom":"","ocean_shortcode_after_footer_bottom":"","ocean_display_top_bar":"default","ocean_display_header":"default","ocean_header_style":"","ocean_center_header_left_menu":"0","ocean_custom_header_template":"0","ocean_custom_logo":0,"ocean_custom_retina_logo":0,"ocean_custom_logo_max_width":0,"ocean_custom_logo_tablet_max_width":0,"ocean_custom_logo_mobile_max_width":0,"ocean_custom_logo_max_height":0,"ocean_custom_logo_tablet_max_height":0,"ocean_custom_logo_mobile_max_height":0,"ocean_header_custom_menu":"0","ocean_menu_typo_font_family":"0","ocean_menu_typo_font_subset":"","ocean_menu_typo_font_size":0,"ocean_menu_typo_font_size_tablet":0,"ocean_menu_typo_font_size_mobile":0,"ocean_menu_typo_font_size_unit":"px","ocean_menu_typo_font_weight":"","ocean_menu_typo_font_weight_tablet":"","ocean_menu_typo_font_weight_mobile":"","ocean_menu_typo_transform":"","ocean_menu_typo_transform_tablet":"","ocean_menu_typo_transform_mobile":"","ocean_menu_typo_line_height":0,"ocean_menu_typo_line_height_tablet":0,"ocean_menu_typo_line_height_mobile":0,"ocean_menu_typo_line_height_unit":"","ocean_menu_typo_spacing":0,"ocean_menu_typo_spacing_tablet":0,"ocean_menu_typo_spacing_mobile":0,"ocean_menu_typo_spacing_unit":"","ocean_menu_link_color":"","ocean_menu_link_color_hover":"","ocean_menu_link_color_active":"","ocean_menu_link_background":"","ocean_menu_link_hover_background":"","ocean_menu_link_active_background":"","ocean_menu_social_links_bg":"","ocean_menu_social_hover_links_bg":"","ocean_menu_social_links_color":"","ocean_menu_social_hover_links_color":"","ocean_disable_title":"default","ocean_disable_heading":"default","ocean_post_title":"","ocean_post_subheading":"","ocean_post_title_style":"","ocean_post_title_background_color":"","ocean_post_title_background":0,"ocean_post_title_bg_image_position":"","ocean_post_title_bg_image_attachment":"","ocean_post_title_bg_image_repeat":"","ocean_post_title_bg_image_size":"","ocean_post_title_height":0,"ocean_post_title_bg_overlay":0.5,"ocean_post_title_bg_overlay_color":"","ocean_disable_breadcrumbs":"default","ocean_breadcrumbs_color":"","ocean_breadcrumbs_separator_color":"","ocean_breadcrumbs_links_color":"","ocean_breadcrumbs_links_hover_color":"","ocean_display_footer_widgets":"default","ocean_display_footer_bottom":"default","ocean_custom_footer_template":"0"},"product_cat":[21,95],"product_tag":[],"class_list":{"0":"post-38742","1":"product","2":"type-product","3":"status-publish","4":"has-post-thumbnail","6":"product_brand-pratima-skincare","7":"product_cat-soins-du-corps","8":"product_cat-huiles-et-cremes-pour-le-corps","10":"entry","11":"has-media","13":"first","14":"outofstock","15":"taxable","16":"shipping-taxable","17":"purchasable","18":"product-type-simple","19":"has-product-nav","20":"col","21":"span_1_of_4","22":"owp-content-center","23":"owp-thumbs-layout-horizontal","24":"owp-btn-normal","25":"owp-tabs-layout-horizontal","26":"has-no-thumbnails"},"_links":{"self":[{"href":"https:\/\/awesomegreenbeauty.com\/en\/wp-json\/wp\/v2\/product\/38742","targetHints":{"allow":["GET"]}}],"collection":[{"href":"https:\/\/awesomegreenbeauty.com\/en\/wp-json\/wp\/v2\/product"}],"about":[{"href":"https:\/\/awesomegreenbeauty.com\/en\/wp-json\/wp\/v2\/types\/product"}],"version-history":[{"count":0,"href":"https:\/\/awesomegreenbeauty.com\/en\/wp-json\/wp\/v2\/product\/38742\/revisions"}],"wp:featuredmedia":[{"embeddable":true,"href":"https:\/\/awesomegreenbeauty.com\/en\/wp-json\/wp\/v2\/media\/38745"}],"wp:attachment":[{"href":"https:\/\/awesomegreenbeauty.com\/en\/wp-json\/wp\/v2\/media?parent=38742"}],"wp:term":[{"taxonomy":"product_cat","embeddable":true,"href":"https:\/\/awesomegreenbeauty.com\/en\/wp-json\/wp\/v2\/product_cat?post=38742"},{"taxonomy":"product_tag","embeddable":true,"href":"https:\/\/awesomegreenbeauty.com\/en\/wp-json\/wp\/v2\/product_tag?post=38742"}],"curies":[{"name":"wp","href":"https:\/\/api.w.org\/{rel}","templated":true}]}}