{"id":38783,"date":"2025-05-10T18:55:43","date_gmt":"2025-05-10T16:55:43","guid":{"rendered":"https:\/\/awesomegreenbeauty.com\/?post_type=product&#038;p=38783"},"modified":"2026-03-17T10:56:01","modified_gmt":"2026-03-17T09:56:01","slug":"pratima-lotion-anti-imperfections-60-ml","status":"publish","type":"product","link":"https:\/\/awesomegreenbeauty.com\/en\/product\/pratima-lotion-anti-imperfections-60-ml\/","title":{"rendered":"PRATIMA - Lotion anti-imperfections - 60 ml"},"content":{"rendered":"<div class=\"n4sEPd\">\n<div class=\"QFw9Te BLojaf\"><\/div>\n<\/div>\n<div class=\"QcsUad BDJ8fb BLojaf sMVRZe hCXDsb wneUed\">\n<p>Lotion anti-imperfections apaisante Bio \u00e0 la Calamine &amp; Plantes Ayurv\u00e9diques. Cette lotion est \u00e0 int\u00e9grer dans <a href=\"https:\/\/awesomegreenbeauty.com\/les-peaux-a-imperfections\/\" target=\"_blank\" rel=\"noopener\">votre routine beaut\u00e9<\/a> recommand\u00e9e par Awesome.<\/p>\n<p class=\"oBOnKe\"><span style=\"font-size: 16px;\">Il s&rsquo;agit d&rsquo;un rem\u00e8de \u00e0 base de plantes ultra-apaisante \u00e0 base de calamine, de consoude et de neem. Il est utilis\u00e9\u00a0 dans le cas d&rsquo;irruptions cutan\u00e9es sur le visage et offre un soulagement spectaculaire et imm\u00e9diat de l&rsquo;acn\u00e9, de l&rsquo;irritation, des \u00e9ruptions cutan\u00e9es et de l&rsquo;inflammation.<\/span><\/p>\n<p>Une lotion anti-imperfections contre l&rsquo;acn\u00e9 et les imperfections. Cette formule cicatrisante d\u00e9toxifie et apaise les irritations gr\u00e2ce \u00e0 des extraits botaniques antibact\u00e9riens et antimicrobiens qui apaisent les peaux irrit\u00e9es. Ce tonique doux est \u00e9galement efficace sur les coupures, les \u00e9gratignures et les piq\u00fbres d&rsquo;insectes.<\/p>\n<p>Id\u00e9al pour\u00a0 l&rsquo;acn\u00e9 et \u00e9ruptions cutan\u00e9es,\u00a0Rosac\u00e9e et premiers soins\u00a0 pour les piq\u00fbres d&rsquo;insectes, les coupures et les \u00e9gratignures.<\/p>\n<\/div>\n<h3 data-start=\"993\" data-end=\"1026\"><strong data-start=\"997\" data-end=\"1026\">Propri\u00e9t\u00e9s et bienfaits de cette lotion anti-imperfections<\/strong><\/h3>\n<ul data-start=\"1027\" data-end=\"1438\">\n<li data-start=\"1027\" data-end=\"1107\">\n<p data-start=\"1029\" data-end=\"1107\"><strong data-start=\"1029\" data-end=\"1041\">Apaisant<\/strong> : calme rapidement les d\u00e9mangeaisons, rougeurs, br\u00fblures l\u00e9g\u00e8res.<\/p>\n<\/li>\n<li data-start=\"1108\" data-end=\"1195\">\n<p data-start=\"1110\" data-end=\"1195\"><strong data-start=\"1110\" data-end=\"1125\">Cicatrisant<\/strong> : favorise la r\u00e9g\u00e9n\u00e9ration de la peau gr\u00e2ce \u00e0 la consoude et au zinc.<\/p>\n<\/li>\n<li data-start=\"1196\" data-end=\"1273\">\n<p data-start=\"1198\" data-end=\"1273\"><strong data-start=\"1198\" data-end=\"1230\">Antibact\u00e9rien &amp; antifongique<\/strong> : gr\u00e2ce au neem, karanj et bois de santal.<\/p>\n<\/li>\n<li data-start=\"1274\" data-end=\"1355\">\n<p data-start=\"1276\" data-end=\"1355\"><strong data-start=\"1276\" data-end=\"1302\">Astringent &amp; purifiant<\/strong> : l\u2019hamam\u00e9lis resserre les pores et tonifie la peau.<\/p>\n<\/li>\n<li data-start=\"1356\" data-end=\"1438\">\n<p data-start=\"1358\" data-end=\"1438\"><strong data-start=\"1358\" data-end=\"1438\">Adapt\u00e9 aux peaux sensibles, ecz\u00e9mateuses, acn\u00e9iques ou sujettes aux piq\u00fbres.<\/strong><\/p>\n<\/li>\n<\/ul>\n<h3>Ingr\u00e9dients :<\/h3>\n<ul>\n<li data-start=\"307\" data-end=\"462\">\n<p data-start=\"310\" data-end=\"331\"><strong data-start=\"310\" data-end=\"327\">Eau distill\u00e9e<\/strong> :<\/p>\n<ul data-start=\"335\" data-end=\"462\">\n<li data-start=\"335\" data-end=\"462\">\n<p data-start=\"337\" data-end=\"462\">Solvant de base utilis\u00e9 pour diluer et dissoudre d&rsquo;autres ingr\u00e9dients. Elle est purifi\u00e9e pour \u00e9liminer impuret\u00e9s et min\u00e9raux.<\/p>\n<\/li>\n<\/ul>\n<\/li>\n<li data-start=\"464\" data-end=\"692\">\n<p data-start=\"467\" data-end=\"501\"><strong data-start=\"467\" data-end=\"479\">Calamine<\/strong> (<em data-start=\"481\" data-end=\"496\">certifi\u00e9e bio<\/em>) :<\/p>\n<ul data-start=\"505\" data-end=\"692\">\n<li data-start=\"505\" data-end=\"641\">\n<p data-start=\"507\" data-end=\"641\">M\u00e9lange d\u2019oxyde de zinc et d\u2019oxyde ferrique, souvent utilis\u00e9 pour soulager les d\u00e9mangeaisons, l\u2019ecz\u00e9ma, les piq\u00fbres d\u2019insectes, etc.<\/p>\n<\/li>\n<li data-start=\"645\" data-end=\"692\">\n<p data-start=\"647\" data-end=\"692\">Propri\u00e9t\u00e9s : apaisantes, anti-inflammatoires.<\/p>\n<\/li>\n<li data-start=\"645\" data-end=\"692\">\n<p data-start=\"647\" data-end=\"692\"><span class=\"relative -mx-px my-[-0.2rem] rounded px-px py-[0.2rem] transition-colors duration-100 ease-in-out\">La calamine est une combinaison de <strong data-start=\"35\" data-end=\"52\">oxyde de zinc<\/strong> (98 %) et de <strong data-start=\"66\" data-end=\"82\">ferric oxide<\/strong> (2 %), utilis\u00e9e pour ses propri\u00e9t\u00e9s apaisantes, antiprurigineuses et l\u00e9g\u00e8rement antiseptiques.<\/span> <span class=\"relative -mx-px my-[-0.2rem] rounded px-px py-[0.2rem] transition-colors duration-100 ease-in-out\">Elle agit en formant une couche protectrice sur la peau, r\u00e9duisant ainsi les d\u00e9mangeaisons et favorisant la gu\u00e9rison des l\u00e9sions cutan\u00e9es.<\/span><\/p>\n<\/li>\n<\/ul>\n<\/li>\n<li data-start=\"694\" data-end=\"953\">\n<p data-start=\"697\" data-end=\"729\"><strong data-start=\"697\" data-end=\"725\">Oxyde de zinc (non nano)<\/strong> :<\/p>\n<ul data-start=\"733\" data-end=\"953\">\n<li data-start=\"733\" data-end=\"802\">\n<p data-start=\"735\" data-end=\"802\">Utilis\u00e9 pour ses effets protecteurs, antiseptiques et cicatrisants.<\/p>\n<\/li>\n<li data-start=\"806\" data-end=\"953\">\n<p data-start=\"808\" data-end=\"953\">La mention <em data-start=\"819\" data-end=\"829\">non nano<\/em> signifie que les particules ne sont pas assez petites pour p\u00e9n\u00e9trer la peau (meilleur pour la s\u00e9curit\u00e9 et l\u2019environnement).<\/p>\n<\/li>\n<\/ul>\n<\/li>\n<li data-start=\"955\" data-end=\"1101\">\n<p data-start=\"958\" data-end=\"989\"><em data-start=\"958\" data-end=\"984\">Camphre (certifi\u00e9 bio)<\/em>* :<\/p>\n<ul data-start=\"993\" data-end=\"1101\">\n<li data-start=\"993\" data-end=\"1101\">\n<p data-start=\"995\" data-end=\"1101\">Actif rafra\u00eechissant, stimulant la circulation sanguine et utilis\u00e9 pour soulager les irritations cutan\u00e9es.<\/p>\n<\/li>\n<\/ul>\n<\/li>\n<li data-start=\"1103\" data-end=\"1251\">\n<p data-start=\"1106\" data-end=\"1139\"><em data-start=\"1106\" data-end=\"1134\">Hamam\u00e9lis (certifi\u00e9 bio)<\/em>* :<\/p>\n<ul data-start=\"1143\" data-end=\"1251\">\n<li data-start=\"1143\" data-end=\"1251\">\n<p data-start=\"1145\" data-end=\"1251\">Plante astringente utilis\u00e9e pour apaiser les peaux sensibles, r\u00e9duire les rougeurs et resserrer les pores.<\/p>\n<\/li>\n<\/ul>\n<\/li>\n<li data-start=\"1253\" data-end=\"1400\">\n<p data-start=\"1256\" data-end=\"1284\"><em data-start=\"1256\" data-end=\"1279\">Neem (certifi\u00e9 bio)<\/em>* :<\/p>\n<ul data-start=\"1288\" data-end=\"1400\">\n<li data-start=\"1288\" data-end=\"1400\">\n<p data-start=\"1290\" data-end=\"1400\">Puissant antibact\u00e9rien, antifongique et antiparasitaire. Souvent utilis\u00e9 pour l\u2019acn\u00e9 ou les peaux \u00e0 probl\u00e8mes.<\/p>\n<\/li>\n<\/ul>\n<\/li>\n<li data-start=\"1402\" data-end=\"1525\">\n<p data-start=\"1405\" data-end=\"1439\"><em data-start=\"1405\" data-end=\"1434\">Camomille (certifi\u00e9e bio)<\/em>* :<\/p>\n<ul data-start=\"1443\" data-end=\"1525\">\n<li data-start=\"1443\" data-end=\"1525\">\n<p data-start=\"1445\" data-end=\"1525\">Tr\u00e8s apaisante, anti-inflammatoire, id\u00e9ale pour les peaux sensibles ou irrit\u00e9es.<\/p>\n<\/li>\n<\/ul>\n<\/li>\n<li data-start=\"1527\" data-end=\"1646\">\n<p data-start=\"1530\" data-end=\"1563\"><em data-start=\"1530\" data-end=\"1558\">Consoude (certifi\u00e9e bio)<\/em>* :<\/p>\n<ul data-start=\"1567\" data-end=\"1646\">\n<li data-start=\"1567\" data-end=\"1646\">\n<p data-start=\"1569\" data-end=\"1646\">Riche en allanto\u00efne, favorise la r\u00e9g\u00e9n\u00e9ration cellulaire et la cicatrisation.<\/p>\n<\/li>\n<\/ul>\n<\/li>\n<li data-start=\"1648\" data-end=\"1787\">\n<p data-start=\"1651\" data-end=\"1689\"><em data-start=\"1651\" data-end=\"1684\">Bois de santal (certifi\u00e9 bio)<\/em>* :<\/p>\n<ul data-start=\"1693\" data-end=\"1787\">\n<li data-start=\"1693\" data-end=\"1787\">\n<p data-start=\"1695\" data-end=\"1787\">Antiseptique, calmant, utilis\u00e9 en cosm\u00e9tique pour apaiser la peau et parfumer naturellement.<\/p>\n<\/li>\n<\/ul>\n<\/li>\n<li data-start=\"1789\" data-end=\"1945\">\n<p data-start=\"1793\" data-end=\"1823\"><em data-start=\"1793\" data-end=\"1818\">Karanj (certifi\u00e9 bio)<\/em>* :<\/p>\n<ul data-start=\"1828\" data-end=\"1945\">\n<li data-start=\"1828\" data-end=\"1945\">\n<p data-start=\"1830\" data-end=\"1945\">Moins connu, mais souvent utilis\u00e9 en m\u00e9decine ayurv\u00e9dique. Antibact\u00e9rien, antifongique, et photoprotecteur naturel.<\/p>\n<\/li>\n<\/ul>\n<\/li>\n<\/ul>\n","protected":false},"excerpt":{"rendered":"<p>ORGANIC | Preservative-free | 100% natural<\/p>\n<p>A lotion to combat acne and blemishes.<\/p>\n<p>A healing formula that detoxifies and soothes irritation thanks to antibacterial and antimicrobial botanical extracts that soothe irritated skin.<\/p>\n<p>This gentle tonic is also effective on cuts, scratches and insect bites.<\/p>\n<p>Ideal for acne, rashes, rosacea and first aid for insect bites.<\/p>\n<p>&nbsp;<\/p>\n<p>&nbsp;<\/p>","protected":false},"featured_media":38721,"template":"","meta":{"ocean_post_layout":"","ocean_both_sidebars_style":"","ocean_both_sidebars_content_width":0,"ocean_both_sidebars_sidebars_width":0,"ocean_sidebar":"0","ocean_second_sidebar":"0","ocean_disable_margins":"enable","ocean_add_body_class":"","ocean_shortcode_before_top_bar":"","ocean_shortcode_after_top_bar":"","ocean_shortcode_before_header":"","ocean_shortcode_after_header":"","ocean_has_shortcode":"","ocean_shortcode_after_title":"","ocean_shortcode_before_footer_widgets":"","ocean_shortcode_after_footer_widgets":"","ocean_shortcode_before_footer_bottom":"","ocean_shortcode_after_footer_bottom":"","ocean_display_top_bar":"default","ocean_display_header":"default","ocean_header_style":"","ocean_center_header_left_menu":"0","ocean_custom_header_template":"0","ocean_custom_logo":0,"ocean_custom_retina_logo":0,"ocean_custom_logo_max_width":0,"ocean_custom_logo_tablet_max_width":0,"ocean_custom_logo_mobile_max_width":0,"ocean_custom_logo_max_height":0,"ocean_custom_logo_tablet_max_height":0,"ocean_custom_logo_mobile_max_height":0,"ocean_header_custom_menu":"0","ocean_menu_typo_font_family":"0","ocean_menu_typo_font_subset":"","ocean_menu_typo_font_size":0,"ocean_menu_typo_font_size_tablet":0,"ocean_menu_typo_font_size_mobile":0,"ocean_menu_typo_font_size_unit":"px","ocean_menu_typo_font_weight":"","ocean_menu_typo_font_weight_tablet":"","ocean_menu_typo_font_weight_mobile":"","ocean_menu_typo_transform":"","ocean_menu_typo_transform_tablet":"","ocean_menu_typo_transform_mobile":"","ocean_menu_typo_line_height":0,"ocean_menu_typo_line_height_tablet":0,"ocean_menu_typo_line_height_mobile":0,"ocean_menu_typo_line_height_unit":"","ocean_menu_typo_spacing":0,"ocean_menu_typo_spacing_tablet":0,"ocean_menu_typo_spacing_mobile":0,"ocean_menu_typo_spacing_unit":"","ocean_menu_link_color":"","ocean_menu_link_color_hover":"","ocean_menu_link_color_active":"","ocean_menu_link_background":"","ocean_menu_link_hover_background":"","ocean_menu_link_active_background":"","ocean_menu_social_links_bg":"","ocean_menu_social_hover_links_bg":"","ocean_menu_social_links_color":"","ocean_menu_social_hover_links_color":"","ocean_disable_title":"default","ocean_disable_heading":"default","ocean_post_title":"","ocean_post_subheading":"","ocean_post_title_style":"","ocean_post_title_background_color":"","ocean_post_title_background":0,"ocean_post_title_bg_image_position":"","ocean_post_title_bg_image_attachment":"","ocean_post_title_bg_image_repeat":"","ocean_post_title_bg_image_size":"","ocean_post_title_height":0,"ocean_post_title_bg_overlay":0.5,"ocean_post_title_bg_overlay_color":"","ocean_disable_breadcrumbs":"default","ocean_breadcrumbs_color":"","ocean_breadcrumbs_separator_color":"","ocean_breadcrumbs_links_color":"","ocean_breadcrumbs_links_hover_color":"","ocean_display_footer_widgets":"default","ocean_display_footer_bottom":"default","ocean_custom_footer_template":"0"},"product_cat":[78,89,20],"product_tag":[],"class_list":{"0":"post-38783","1":"product","2":"type-product","3":"status-publish","4":"has-post-thumbnail","6":"product_brand-pratima-skincare","7":"product_cat-lotions-hydrolats-brumises-bio-naturelles","8":"product_cat-peaux-grasses-mixtes","9":"product_cat-soins-du-visage","11":"entry","12":"has-media","14":"first","15":"outofstock","16":"taxable","17":"shipping-taxable","18":"purchasable","19":"product-type-simple","20":"has-product-nav","21":"col","22":"span_1_of_4","23":"owp-content-center","24":"owp-thumbs-layout-horizontal","25":"owp-btn-normal","26":"owp-tabs-layout-horizontal"},"_links":{"self":[{"href":"https:\/\/awesomegreenbeauty.com\/en\/wp-json\/wp\/v2\/product\/38783","targetHints":{"allow":["GET"]}}],"collection":[{"href":"https:\/\/awesomegreenbeauty.com\/en\/wp-json\/wp\/v2\/product"}],"about":[{"href":"https:\/\/awesomegreenbeauty.com\/en\/wp-json\/wp\/v2\/types\/product"}],"version-history":[{"count":0,"href":"https:\/\/awesomegreenbeauty.com\/en\/wp-json\/wp\/v2\/product\/38783\/revisions"}],"wp:featuredmedia":[{"embeddable":true,"href":"https:\/\/awesomegreenbeauty.com\/en\/wp-json\/wp\/v2\/media\/38721"}],"wp:attachment":[{"href":"https:\/\/awesomegreenbeauty.com\/en\/wp-json\/wp\/v2\/media?parent=38783"}],"wp:term":[{"taxonomy":"product_cat","embeddable":true,"href":"https:\/\/awesomegreenbeauty.com\/en\/wp-json\/wp\/v2\/product_cat?post=38783"},{"taxonomy":"product_tag","embeddable":true,"href":"https:\/\/awesomegreenbeauty.com\/en\/wp-json\/wp\/v2\/product_tag?post=38783"}],"curies":[{"name":"wp","href":"https:\/\/api.w.org\/{rel}","templated":true}]}}