{"id":38791,"date":"2025-05-15T17:17:11","date_gmt":"2025-05-15T15:17:11","guid":{"rendered":"https:\/\/awesomegreenbeauty.com\/?post_type=product&#038;p=38791"},"modified":"2026-03-18T14:07:51","modified_gmt":"2026-03-18T13:07:51","slug":"pratima-creme-booster-de-collagene-amla-60g","status":"publish","type":"product","link":"https:\/\/awesomegreenbeauty.com\/en\/product\/pratima-creme-booster-de-collagene-amla-60g\/","title":{"rendered":"PRATIMA - Collagen Booster Cream Amla - 60g"},"content":{"rendered":"<p>Cette c<strong data-start=\"424\" data-end=\"458\">r\u00e8me booster de collag\u00e8ne revitalisante bio est<\/strong>\u00a0formul\u00e9e avec des extraits v\u00e9g\u00e9taux puissants et des huiles essentielles pr\u00e9cieuses. Cette cr\u00e8me <strong data-start=\"424\" data-end=\"458\">revitalisante bio <\/strong>onctueuse p\u00e9n\u00e8tre rapidement pour hydrater, nourrir et illuminer la peau, tout en respectant son \u00e9quilibre naturel.<\/p>\n<p>Cet hydratant aide \u00e0 am\u00e9liorer l&rsquo;\u00e9lasticit\u00e9 de la peau et \u00e0 minimiser les ridules et les signes de vieillissement tout en favorisant la force des tissus et en encourageant la production de collag\u00e8ne. A appliquer au pr\u00e9alable le s\u00e9rum rajeunissant de Pratima.<\/p>\n<p>\u00c9tape cl\u00e9 de notre\u00a0 routine beaut\u00e9<a href=\"https:\/\/awesomegreenbeauty.com\/en\/les-peaux-matures-2\/\" target=\"_blank\" rel=\"noopener\"><strong> anti aging<\/strong><\/a> and <a href=\"https:\/\/awesomegreenbeauty.com\/en\/les-peaux-ternes-2\/\" target=\"_blank\" rel=\"noopener\"><strong>peaux s\u00e8ches et ternes.<\/strong><\/a> Cette c<strong data-start=\"424\" data-end=\"458\">r\u00e8me booster de collag\u00e8ne <\/strong><strong data-start=\"424\" data-end=\"458\">bio<\/strong> offre une hydratation en profondeur\u00a0 avec une formule l\u00e9g\u00e8re et cr\u00e9meuse qui maintient\u00a0 l&rsquo;humidit\u00e9 sur la peau tout en luttant contre le stress oxydatif . a<\/p>\n<p>Les plantes pures et dynamiques des hydratants PRATIMA fournissent des nutriments organiques essentiels pour aider \u00e0 renforcer l&rsquo;\u00e9lasticit\u00e9 et \u00e0 se pr\u00e9munir contre les effets n\u00e9fastes de l&rsquo;environnement. Le r\u00e9sultat : un teint renouvel\u00e9 avec une peau visiblement douce, \u00e9clatante et r\u00e9g\u00e9n\u00e9r\u00e9e.<\/p>\n<p>100 % d&rsquo;ingr\u00e9dients actifs. Chaque ingr\u00e9dient\u00a0 a un objectif essentiel dans le processus de gu\u00e9rison. Et avec moins d&rsquo;ingr\u00e9dients, vous obtenez une concentration plus \u00e9lev\u00e9e de nutriments purs et vitaux pour nourrir v\u00e9ritablement votre peau, fournir une immunit\u00e9 cutan\u00e9e optimale, r\u00e9\u00e9quilibrer les peaux \u00e0 probl\u00e8mes et traiter les signes du vieillissement. Les soins PRATIMA SKINCARE sont 100 % exempts de tout produit chimique synth\u00e9tique, y compris de conservateurs synth\u00e9tiques,\u00a0 parab\u00e8nes, OGM, parfums artificiels et les colorants. PRATIMA est fi\u00e8re de d\u00e9velopper des soins Vegan et sattvique : sans nuire \u00e0 tout \u00eatre vivant.<\/p>\n<h3 data-start=\"679\" data-end=\"720\"><strong data-start=\"686\" data-end=\"720\">Ingr\u00e9dients Actifs &amp; Bienfaits de cette cr\u00e8me booster de collag\u00e8ne bio<\/strong><\/h3>\n<ul data-start=\"722\" data-end=\"1528\">\n<li data-start=\"722\" data-end=\"808\">\n<p data-start=\"724\" data-end=\"808\"><strong data-start=\"724\" data-end=\"741\">Aloe Vera bio<\/strong> : Apaise et hydrate intens\u00e9ment, parfait pour les peaux sensibles.<\/p>\n<\/li>\n<li data-start=\"809\" data-end=\"913\">\n<p data-start=\"811\" data-end=\"913\"><strong data-start=\"811\" data-end=\"823\">Amla bio<\/strong> : Riche en vitamine C naturelle, favorise l\u2019\u00e9clat du teint et la r\u00e9g\u00e9n\u00e9ration cellulaire<\/p>\n<\/li>\n<\/ul>\n<h3 data-start=\"208\" data-end=\"234\">Qu\u2019est-ce que l\u2019Amla ?<\/h3>\n<p data-start=\"236\" data-end=\"492\">L\u2019<strong data-start=\"238\" data-end=\"246\">Amla<\/strong> (Emblica officinalis), aussi appel\u00e9e <strong data-start=\"284\" data-end=\"306\">groseille indienne<\/strong>, est un fruit sacr\u00e9 en Ayurveda, reconnu depuis des mill\u00e9naires pour ses vertus r\u00e9g\u00e9n\u00e9rantes. Il est l\u2019un des ingr\u00e9dients naturels les plus riches en <strong data-start=\"457\" data-end=\"471\">Vitamin C<\/strong> and <strong data-start=\"475\" data-end=\"491\">antioxidants,<\/strong>.<\/p>\n<ul data-start=\"722\" data-end=\"1528\">\n<li data-start=\"914\" data-end=\"997\">\n<p data-start=\"916\" data-end=\"997\"><strong data-start=\"916\" data-end=\"930\">Brahmi bio<\/strong> : Am\u00e9liore la tonicit\u00e9 de la peau, stimule la circulation cutan\u00e9e.<\/p>\n<\/li>\n<\/ul>\n<h3 data-start=\"715\" data-end=\"744\">Qu\u2019est-ce que le Brahmi ?<\/h3>\n<p data-start=\"746\" data-end=\"920\">Plante ayurv\u00e9dique reconnue pour ses effets b\u00e9n\u00e9fiques sur l\u2019esprit et la peau, le <strong data-start=\"829\" data-end=\"839\">Brahmi<\/strong> (Bacopa monnieri) est riche en antioxydants et en compos\u00e9s actifs revitalisants.<\/p>\n<ul data-start=\"722\" data-end=\"1528\">\n<li data-start=\"998\" data-end=\"1125\">\n<p data-start=\"1000\" data-end=\"1125\"><strong data-start=\"1000\" data-end=\"1053\">Huiles v\u00e9g\u00e9tales bio (amande douce, s\u00e9same, soja)<\/strong> : Apportent souplesse, nutrition et confort, sans laisser de film gras.<\/p>\n<\/li>\n<li data-start=\"1126\" data-end=\"1300\">\n<p data-start=\"1128\" data-end=\"1300\"><strong data-start=\"1128\" data-end=\"1213\">Huiles essentielles bio (rose, g\u00e9ranium, citron, orange douce, jasmin, cardamome)<\/strong> : Apaisent, \u00e9quilibrent et tonifient la peau tout en offrant un parfum floral naturel.<\/p>\n<\/li>\n<li data-start=\"1301\" data-end=\"1408\">\n<p data-start=\"1303\" data-end=\"1408\"><strong data-start=\"1303\" data-end=\"1329\">Extrait CO2 de romarin<\/strong> : Antioxydant naturel qui prot\u00e8ge la peau et prolonge la fra\u00eecheur du produit.<\/p>\n<\/li>\n<li data-start=\"1409\" data-end=\"1528\">\n<p data-start=\"1411\" data-end=\"1528\"><strong data-start=\"1411\" data-end=\"1444\">Vitamine E d\u2019origine v\u00e9g\u00e9tale<\/strong> : Prot\u00e8ge contre les agressions ext\u00e9rieures et les signes du vieillissement cutan\u00e9.<\/p>\n<\/li>\n<\/ul>\n<p>Id\u00e9al \u00e9galement pour le traitement des peaux s\u00e8ches \u00e0 base d&rsquo;amla, d&rsquo;ashwagandha et de rose biologiques.<\/p>\n<h3 data-start=\"1850\" data-end=\"1883\"><strong data-start=\"1856\" data-end=\"1883\">\u00a0 Cette cr\u00e8me booster de collag\u00e8ne bio a une formule garantie sans :<\/strong><\/h3>\n<ul data-start=\"1884\" data-end=\"1990\">\n<li data-start=\"1884\" data-end=\"1928\">\n<p data-start=\"1886\" data-end=\"1928\">Parab\u00e8nes, silicones ou huiles min\u00e9rales<\/p>\n<\/li>\n<li data-start=\"1929\" data-end=\"1966\">\n<p data-start=\"1931\" data-end=\"1966\">Parfums ou colorants synth\u00e9tiques<\/p>\n<\/li>\n<li data-start=\"1967\" data-end=\"1990\">\n<p data-start=\"1969\" data-end=\"1990\">Tests sur les animaux<\/p>\n<\/li>\n<\/ul>","protected":false},"excerpt":{"rendered":"<p>100 % Naturel | Bio | Vegan<\/p>\n<p><span data-start=\"424\" data-end=\"458\">Its<\/span><strong data-start=\"424\" data-end=\"458\">r\u00e8me booster de collag\u00e8ne revitalisante bio est<\/strong>\u00a0formul\u00e9e avec des extraits v\u00e9g\u00e9taux puissants et des huiles essentielles pr\u00e9cieuses. Cette cr\u00e8me <strong data-start=\"424\" data-end=\"458\">revitalisante bio <\/strong>onctueuse p\u00e9n\u00e8tre rapidement pour hydrater, nourrir et illuminer la peau, tout en respectant son \u00e9quilibre naturel.<\/p>\n<p>\u00c9tape cl\u00e9 de la routine beaut\u00e9<a href=\"https:\/\/awesomegreenbeauty.com\/en\/les-peaux-matures-2\/\" target=\"_blank\" rel=\"noopener\"><strong> anti aging<\/strong><\/a> and <a href=\"https:\/\/awesomegreenbeauty.com\/en\/les-peaux-ternes-2\/\" target=\"_blank\" rel=\"noopener\"><strong>peaux s\u00e8ches et ternes.<\/strong><\/a>\u00a0 La garantie d&rsquo;une hydratation en profondeur , une texture l\u00e9g\u00e8re et cr\u00e9meuse qui retient l&rsquo;humidit\u00e9 sur la peau tout en luttant contre le stress oxydatif .<\/p>\n<p>La formule contient de <a href=\"https:\/\/www.super-marmite.com\/blog\/amla\/\" target=\"_blank\" rel=\"noopener\">l\u2019<strong data-start=\"238\" data-end=\"246\">Amla<\/strong><\/a> (Emblica officinalis), aussi appel\u00e9e <strong data-start=\"284\" data-end=\"306\">groseille indienne<\/strong>, fruit sacr\u00e9 en Ayurveda, reconnu depuis des mill\u00e9naires pour ses vertus r\u00e9g\u00e9n\u00e9rantes. Il est l\u2019un des ingr\u00e9dients naturels les plus riches en <strong data-start=\"457\" data-end=\"471\">Vitamin C<\/strong> and <strong data-start=\"475\" data-end=\"491\">antioxydants et<a href=\"https:\/\/www.reponsesbio.com\/le-brahmi-la-plante-des-dieux\/\" target=\"_blank\" rel=\"noopener\"> du Brahmi<\/a>, riches en anti-oxyants.<\/strong><\/p>\n<h3 class=\"\" data-start=\"1850\" data-end=\"1883\"><strong data-start=\"1856\" data-end=\"1883\">Une formule garantie sans :<\/strong><\/h3>\n<ul data-start=\"1884\" data-end=\"1990\">\n<li class=\"\" data-start=\"1884\" data-end=\"1928\">\n<p class=\"\" data-start=\"1886\" data-end=\"1928\">Parab\u00e8nes, silicones ou huiles min\u00e9rales<\/p>\n<\/li>\n<li class=\"\" data-start=\"1929\" data-end=\"1966\">\n<p class=\"\" data-start=\"1931\" data-end=\"1966\">Parfums ou colorants synth\u00e9tiques<\/p>\n<\/li>\n<li class=\"\" data-start=\"1967\" data-end=\"1990\">\n<p class=\"\" data-start=\"1969\" data-end=\"1990\">Tests sur les animaux<\/p>\n<\/li>\n<\/ul>","protected":false},"featured_media":38793,"template":"","meta":{"ocean_post_layout":"","ocean_both_sidebars_style":"","ocean_both_sidebars_content_width":0,"ocean_both_sidebars_sidebars_width":0,"ocean_sidebar":"0","ocean_second_sidebar":"0","ocean_disable_margins":"enable","ocean_add_body_class":"","ocean_shortcode_before_top_bar":"","ocean_shortcode_after_top_bar":"","ocean_shortcode_before_header":"","ocean_shortcode_after_header":"","ocean_has_shortcode":"","ocean_shortcode_after_title":"","ocean_shortcode_before_footer_widgets":"","ocean_shortcode_after_footer_widgets":"","ocean_shortcode_before_footer_bottom":"","ocean_shortcode_after_footer_bottom":"","ocean_display_top_bar":"default","ocean_display_header":"default","ocean_header_style":"","ocean_center_header_left_menu":"0","ocean_custom_header_template":"0","ocean_custom_logo":0,"ocean_custom_retina_logo":0,"ocean_custom_logo_max_width":0,"ocean_custom_logo_tablet_max_width":0,"ocean_custom_logo_mobile_max_width":0,"ocean_custom_logo_max_height":0,"ocean_custom_logo_tablet_max_height":0,"ocean_custom_logo_mobile_max_height":0,"ocean_header_custom_menu":"0","ocean_menu_typo_font_family":"0","ocean_menu_typo_font_subset":"","ocean_menu_typo_font_size":0,"ocean_menu_typo_font_size_tablet":0,"ocean_menu_typo_font_size_mobile":0,"ocean_menu_typo_font_size_unit":"px","ocean_menu_typo_font_weight":"","ocean_menu_typo_font_weight_tablet":"","ocean_menu_typo_font_weight_mobile":"","ocean_menu_typo_transform":"","ocean_menu_typo_transform_tablet":"","ocean_menu_typo_transform_mobile":"","ocean_menu_typo_line_height":0,"ocean_menu_typo_line_height_tablet":0,"ocean_menu_typo_line_height_mobile":0,"ocean_menu_typo_line_height_unit":"","ocean_menu_typo_spacing":0,"ocean_menu_typo_spacing_tablet":0,"ocean_menu_typo_spacing_mobile":0,"ocean_menu_typo_spacing_unit":"","ocean_menu_link_color":"","ocean_menu_link_color_hover":"","ocean_menu_link_color_active":"","ocean_menu_link_background":"","ocean_menu_link_hover_background":"","ocean_menu_link_active_background":"","ocean_menu_social_links_bg":"","ocean_menu_social_hover_links_bg":"","ocean_menu_social_links_color":"","ocean_menu_social_hover_links_color":"","ocean_disable_title":"default","ocean_disable_heading":"default","ocean_post_title":"","ocean_post_subheading":"","ocean_post_title_style":"","ocean_post_title_background_color":"","ocean_post_title_background":0,"ocean_post_title_bg_image_position":"","ocean_post_title_bg_image_attachment":"","ocean_post_title_bg_image_repeat":"","ocean_post_title_bg_image_size":"","ocean_post_title_height":0,"ocean_post_title_bg_overlay":0.5,"ocean_post_title_bg_overlay_color":"","ocean_disable_breadcrumbs":"default","ocean_breadcrumbs_color":"","ocean_breadcrumbs_separator_color":"","ocean_breadcrumbs_links_color":"","ocean_breadcrumbs_links_hover_color":"","ocean_display_footer_widgets":"default","ocean_display_footer_bottom":"default","ocean_custom_footer_template":"0"},"product_cat":[87,90,409,20],"product_tag":[],"class_list":{"0":"post-38791","1":"product","2":"type-product","3":"status-publish","4":"has-post-thumbnail","6":"product_brand-pratima-skincare","7":"product_cat-peaux-matures","8":"product_cat-peaux-seches-deshydratees","9":"product_cat-peaux-ternes","10":"product_cat-soins-du-visage","12":"entry","13":"has-media","15":"first","16":"instock","17":"taxable","18":"shipping-taxable","19":"purchasable","20":"product-type-simple","21":"has-product-nav","22":"col","23":"span_1_of_4","24":"owp-content-center","25":"owp-thumbs-layout-horizontal","26":"owp-btn-normal","27":"owp-tabs-layout-horizontal"},"_links":{"self":[{"href":"https:\/\/awesomegreenbeauty.com\/en\/wp-json\/wp\/v2\/product\/38791","targetHints":{"allow":["GET"]}}],"collection":[{"href":"https:\/\/awesomegreenbeauty.com\/en\/wp-json\/wp\/v2\/product"}],"about":[{"href":"https:\/\/awesomegreenbeauty.com\/en\/wp-json\/wp\/v2\/types\/product"}],"version-history":[{"count":0,"href":"https:\/\/awesomegreenbeauty.com\/en\/wp-json\/wp\/v2\/product\/38791\/revisions"}],"wp:featuredmedia":[{"embeddable":true,"href":"https:\/\/awesomegreenbeauty.com\/en\/wp-json\/wp\/v2\/media\/38793"}],"wp:attachment":[{"href":"https:\/\/awesomegreenbeauty.com\/en\/wp-json\/wp\/v2\/media?parent=38791"}],"wp:term":[{"taxonomy":"product_cat","embeddable":true,"href":"https:\/\/awesomegreenbeauty.com\/en\/wp-json\/wp\/v2\/product_cat?post=38791"},{"taxonomy":"product_tag","embeddable":true,"href":"https:\/\/awesomegreenbeauty.com\/en\/wp-json\/wp\/v2\/product_tag?post=38791"}],"curies":[{"name":"wp","href":"https:\/\/api.w.org\/{rel}","templated":true}]}}