{"id":39015,"date":"2025-06-13T18:57:15","date_gmt":"2025-06-13T16:57:15","guid":{"rendered":"https:\/\/awesomegreenbeauty.com\/?post_type=product&#038;p=39015"},"modified":"2026-04-27T13:06:11","modified_gmt":"2026-04-27T11:06:11","slug":"gressa-serum-soin-naturel-teinte-bio-venus-veil-15-ml","status":"publish","type":"product","link":"https:\/\/awesomegreenbeauty.com\/en\/product\/gressa-serum-soin-naturel-teinte-bio-venus-veil-15-ml\/","title":{"rendered":"GRESSA - Venus Veil Natural Tinted Care Serum - 15 ml"},"content":{"rendered":"<h3 data-start=\"764\" data-end=\"1010\">Organic Venus Veil Tinted Natural Care Serum - GRESSA - 15 ml | Moisturizing &amp; Radiant Complexion.<\/h3>\n<h3 data-start=\"764\" data-end=\"1010\">This <strong data-start=\"767\" data-end=\"795\">Serum<\/strong>is much more than a make-up product: it's a genuine skin care treatment. Formulated with cold-pressed plant oils and natural mineral powders, this serum illuminates the complexion while nourishing the skin.<\/h3>\n<p><strong>Venus Veil - a rosy sheen with subtle pink and cool nuances.<\/strong><\/p>\n<p><strong>\u00a0<\/strong>Discover the ethereal radiance of pearlescent minerals infused with the world's most nourishing plants. This illuminator doubles as a skincare treatment, enriched with Gressa complex and cold-pressed broccoli seed oil for a luminous complexion. Apply this tinted care serum as a primer or as a classic highlighter on the contours of your face.<\/p>\n<p data-start=\"1012\" data-end=\"1359\">Thanks to<a href=\"https:\/\/www.eliabeaute.com\/huile-vegetale-de-brocoli-pour-la-beaute-proprietes-et-bienfaits\/?utm_source=chatgpt.com\" target=\"_blank\" rel=\"noopener\"> l\u2019<strong data-start=\"1022\" data-end=\"1052\">broccoli seed oil<\/strong>,<\/a> rich in essential fatty acids, and<strong data-start=\"1094\" data-end=\"1112\">castor oil<\/strong>This serum deeply moisturizes without leaving a greasy film. The complex <strong data-start=\"1184\" data-end=\"1211\">GRESSA Healing Complex\u2122<\/strong> associate<strong> 9 organic medicinal plant extracts<\/strong>, which are <strong data-start=\"1267\" data-end=\"1278\">burdock<\/strong>, la <strong data-start=\"1283\" data-end=\"1294\">lemon balm and licorice, to soothe, regenerate and purify the skin.<\/strong> and the <strong data-start=\"1301\" data-end=\"1313\">liquorice<\/strong>, to soothe, regenerate and purify the skin.<\/p>\n<p data-start=\"1361\" data-end=\"1507\">Natural mica offers a luminous finish, while titanium dioxide provides light sun protection and subtle coverage. <strong data-start=\"1365\" data-end=\"1382\">mica naturels<\/strong> offer a luminous finish, while the <strong data-start=\"1422\" data-end=\"1443\">titanium dioxide<\/strong> provides light sun protection and subtle coverage.<\/p>\n<h3 data-start=\"1514\" data-end=\"1539\">Key ingredients of this natural organic tinted care serum :<\/h3>\n<ul data-start=\"1540\" data-end=\"2113\">\n<li data-start=\"1540\" data-end=\"1624\">\n<p data-start=\"1542\" data-end=\"1624\"><strong data-start=\"1542\" data-end=\"1593\"><a href=\"https:\/\/www.elle.fr\/Beaute\/Cheveux\/Astuces\/L-huile-de-brocoli-l-alliee-beaute-de-nos-cheveux-3960560?utm_source=chatgpt.com\" target=\"_blank\" rel=\"noopener\">Broccoli seed oil<\/a>(Brassica oleracea)<\/strong> : nourishing, non-comedogenic<\/p>\n<\/li>\n<li data-start=\"1625\" data-end=\"1708\">\n<p data-start=\"1627\" data-end=\"1708\"><strong data-start=\"1627\" data-end=\"1664\">Castor oil (Ricinus communis): repairing, ideal for dry skin<\/strong> : r\u00e9paratrice, id\u00e9ale pour les peaux s\u00e8ches<\/p>\n<\/li>\n<li data-start=\"1709\" data-end=\"1982\">\n<p data-start=\"1711\" data-end=\"1763\"><strong data-start=\"1711\" data-end=\"1761\">GRESSA Healing Complex\u2122 organic botanical complex<\/strong> :<\/p>\n<ul data-start=\"1766\" data-end=\"1982\">\n<li data-start=\"1766\" data-end=\"1837\">\n<p data-start=\"1768\" data-end=\"1837\"><strong data-start=\"1768\" data-end=\"1785\">Milk thistle, sea buckthorn, elderberry: powerful antioxidants<\/strong>, <strong data-start=\"1787\" data-end=\"1800\">argousier<\/strong>, <strong data-start=\"1802\" data-end=\"1812\">sureau<\/strong> : antioxydants puissants<\/p>\n<\/li>\n<li data-start=\"1840\" data-end=\"1910\">\n<p data-start=\"1842\" data-end=\"1910\"><strong data-start=\"1842\" data-end=\"1850\">Neem<\/strong>, <strong data-start=\"1852\" data-end=\"1863\">lemon balm and licorice, to soothe, regenerate and purify the skin.<\/strong>, <strong data-start=\"1865\" data-end=\"1877\">liquorice<\/strong> : soothing, anti-inflammatory<\/p>\n<\/li>\n<li data-start=\"1913\" data-end=\"1982\">\n<p data-start=\"1915\" data-end=\"1982\"><strong data-start=\"1915\" data-end=\"1924\">Horsetail<\/strong>, <strong data-start=\"1926\" data-end=\"1938\">barberry<\/strong>, <strong data-start=\"1940\" data-end=\"1953\">momordica<\/strong> : toning and balancing<\/p>\n<\/li>\n<\/ul>\n<\/li>\n<li data-start=\"1983\" data-end=\"2025\">\n<p data-start=\"1985\" data-end=\"2025\"><strong data-start=\"1985\" data-end=\"1995\">Silica<\/strong> : smoothes pores and matifies<\/p>\n<\/li>\n<li data-start=\"2026\" data-end=\"2113\">\n<p data-start=\"2028\" data-end=\"2113\"><strong data-start=\"2028\" data-end=\"2060\">Dioxyde de titane (CI 77891)<\/strong> and <strong data-start=\"2064\" data-end=\"2083\">mica (CI 77019)<\/strong> : \u00e9clat naturel et protection<\/p>\n<\/li>\n<\/ul>\n<p data-start=\"2515\" data-end=\"2716\">Titanium dioxide is a <strong data-start=\"655\" data-end=\"674\">natural mineral<\/strong> extracted from minerals such as<strong> rutile or ilmenite<\/strong>. It is transformed into a very fine, white, opaque powder. Thanks to its high <strong data-start=\"819\" data-end=\"843\">reflect light<\/strong>, it is used for :<\/p>\n<ul>\n<li data-start=\"868\" data-end=\"920\">\n<p data-start=\"870\" data-end=\"920\">Titanium dioxide is a natural mineral extracted from ores such as rutile and ilmenite. It is transformed into a very fine, white, opaque powder. Thanks to its high light-reflecting capacity, it is used for :<\/p>\n<\/li>\n<li data-start=\"921\" data-end=\"963\">\n<p data-start=\"923\" data-end=\"963\">Add opacity and coverage<\/p>\n<\/li>\n<li data-start=\"964\" data-end=\"1032\">\n<p data-start=\"966\" data-end=\"1032\">Used as a mineral sunscreen in sun protection products. It is highly prized in natural cosmetics, as it is one of the few non-chemical sunscreens that is well tolerated by sensitive skin. <strong data-start=\"976\" data-end=\"1002\">mineral sunscreen<\/strong> in solar protection. It is highly prized in <strong data-start=\"1526\" data-end=\"1550\">natural cosmetics<\/strong>, because it is one of the few sunscreens <strong data-start=\"1594\" data-end=\"1611\">non-chemical<\/strong>well-tolerated by sensitive skin.<\/p>\n<\/li>\n<\/ul>\n<p data-start=\"243\" data-end=\"606\">The version used in our formula is non-nano, for optimal tolerance, even on sensitive skin Natural - Non-nano - No inhalation risk <strong data-start=\"538\" data-end=\"550\">non nano<\/strong>, for optimum tolerance, even on sensitive skin <strong data-start=\"613\" data-end=\"662\">Natural - Non-nano - No inhalation risk<\/strong><\/p>","protected":false},"excerpt":{"rendered":"<h3 class=\"ai-optimize-28 ai-optimize-introduction\" data-start=\"764\" data-end=\"1010\">Natural Tinted Care Serum - GRESSA Naturel &amp; Bio<\/h3>\n<p class=\"ai-optimize-70\">Unifies complexion and cares for skin in a single step. Formulated with precious plant oils and an exclusive organic botanical complex, this tinted serum offers natural radiance while intensely nourishing the skin. Ideal for clean, luminous make-up.<\/p>\n<p class=\"ai-optimize-71\"><strong>Venus Veil - a rosy sheen with subtle pink and cool nuances.<\/strong><\/p>","protected":false},"featured_media":39007,"template":"","meta":{"ocean_post_layout":"","ocean_both_sidebars_style":"","ocean_both_sidebars_content_width":0,"ocean_both_sidebars_sidebars_width":0,"ocean_sidebar":"0","ocean_second_sidebar":"0","ocean_disable_margins":"enable","ocean_add_body_class":"","ocean_shortcode_before_top_bar":"","ocean_shortcode_after_top_bar":"","ocean_shortcode_before_header":"","ocean_shortcode_after_header":"","ocean_has_shortcode":"","ocean_shortcode_after_title":"","ocean_shortcode_before_footer_widgets":"","ocean_shortcode_after_footer_widgets":"","ocean_shortcode_before_footer_bottom":"","ocean_shortcode_after_footer_bottom":"","ocean_display_top_bar":"default","ocean_display_header":"default","ocean_header_style":"","ocean_center_header_left_menu":"0","ocean_custom_header_template":"0","ocean_custom_logo":0,"ocean_custom_retina_logo":0,"ocean_custom_logo_max_width":0,"ocean_custom_logo_tablet_max_width":0,"ocean_custom_logo_mobile_max_width":0,"ocean_custom_logo_max_height":0,"ocean_custom_logo_tablet_max_height":0,"ocean_custom_logo_mobile_max_height":0,"ocean_header_custom_menu":"0","ocean_menu_typo_font_family":"0","ocean_menu_typo_font_subset":"","ocean_menu_typo_font_size":0,"ocean_menu_typo_font_size_tablet":0,"ocean_menu_typo_font_size_mobile":0,"ocean_menu_typo_font_size_unit":"px","ocean_menu_typo_font_weight":"","ocean_menu_typo_font_weight_tablet":"","ocean_menu_typo_font_weight_mobile":"","ocean_menu_typo_transform":"","ocean_menu_typo_transform_tablet":"","ocean_menu_typo_transform_mobile":"","ocean_menu_typo_line_height":0,"ocean_menu_typo_line_height_tablet":0,"ocean_menu_typo_line_height_mobile":0,"ocean_menu_typo_line_height_unit":"","ocean_menu_typo_spacing":0,"ocean_menu_typo_spacing_tablet":0,"ocean_menu_typo_spacing_mobile":0,"ocean_menu_typo_spacing_unit":"","ocean_menu_link_color":"","ocean_menu_link_color_hover":"","ocean_menu_link_color_active":"","ocean_menu_link_background":"","ocean_menu_link_hover_background":"","ocean_menu_link_active_background":"","ocean_menu_social_links_bg":"","ocean_menu_social_hover_links_bg":"","ocean_menu_social_links_color":"","ocean_menu_social_hover_links_color":"","ocean_disable_title":"default","ocean_disable_heading":"default","ocean_post_title":"","ocean_post_subheading":"","ocean_post_title_style":"","ocean_post_title_background_color":"","ocean_post_title_background":0,"ocean_post_title_bg_image_position":"","ocean_post_title_bg_image_attachment":"","ocean_post_title_bg_image_repeat":"","ocean_post_title_bg_image_size":"","ocean_post_title_height":0,"ocean_post_title_bg_overlay":0.5,"ocean_post_title_bg_overlay_color":"","ocean_disable_breadcrumbs":"default","ocean_breadcrumbs_color":"","ocean_breadcrumbs_separator_color":"","ocean_breadcrumbs_links_color":"","ocean_breadcrumbs_links_hover_color":"","ocean_display_footer_widgets":"default","ocean_display_footer_bottom":"default","ocean_custom_footer_template":"0"},"product_cat":[116,23],"product_tag":[],"class_list":{"0":"post-39015","1":"product","2":"type-product","3":"status-publish","4":"has-post-thumbnail","6":"product_brand-gressa-skincare","7":"product_cat-illuminators","8":"product_cat-cosmetique","10":"entry","11":"has-media","13":"first","14":"instock","15":"taxable","16":"shipping-taxable","17":"purchasable","18":"product-type-simple","19":"has-product-nav","20":"col","21":"span_1_of_4","22":"owp-content-center","23":"owp-thumbs-layout-horizontal","24":"owp-btn-normal","25":"owp-tabs-layout-horizontal"},"_links":{"self":[{"href":"https:\/\/awesomegreenbeauty.com\/en\/wp-json\/wp\/v2\/product\/39015","targetHints":{"allow":["GET"]}}],"collection":[{"href":"https:\/\/awesomegreenbeauty.com\/en\/wp-json\/wp\/v2\/product"}],"about":[{"href":"https:\/\/awesomegreenbeauty.com\/en\/wp-json\/wp\/v2\/types\/product"}],"version-history":[{"count":0,"href":"https:\/\/awesomegreenbeauty.com\/en\/wp-json\/wp\/v2\/product\/39015\/revisions"}],"wp:featuredmedia":[{"embeddable":true,"href":"https:\/\/awesomegreenbeauty.com\/en\/wp-json\/wp\/v2\/media\/39007"}],"wp:attachment":[{"href":"https:\/\/awesomegreenbeauty.com\/en\/wp-json\/wp\/v2\/media?parent=39015"}],"wp:term":[{"taxonomy":"product_cat","embeddable":true,"href":"https:\/\/awesomegreenbeauty.com\/en\/wp-json\/wp\/v2\/product_cat?post=39015"},{"taxonomy":"product_tag","embeddable":true,"href":"https:\/\/awesomegreenbeauty.com\/en\/wp-json\/wp\/v2\/product_tag?post=39015"}],"curies":[{"name":"wp","href":"https:\/\/api.w.org\/{rel}","templated":true}]}}