{"id":39129,"date":"2025-07-15T15:16:00","date_gmt":"2025-07-15T13:16:00","guid":{"rendered":"https:\/\/awesomegreenbeauty.com\/?post_type=product&#038;p=39129"},"modified":"2026-03-19T16:43:41","modified_gmt":"2026-03-19T15:43:41","slug":"serum-visage-bio-anti-age-eclat-tanu","status":"publish","type":"product","link":"https:\/\/awesomegreenbeauty.com\/en\/product\/serum-visage-bio-anti-age-eclat-tanu\/","title":{"rendered":"FIFTY7KIND TANU \u2013 Organic Anti-Aging &amp; Radiance Face Serum \u2013 100% Plant Oils &amp; Natural Active Ingredients \u2013 20 ml"},"content":{"rendered":"<p>Le\u00a0 S\u00e9rum Visage Bio Anti-\u00c2ge &amp; \u00c9clat\u00a0 TANU est une e cure de jouvence efficace. Un\u00a0 <strong data-start=\"394\" data-end=\"425\">Organic Regenerating Face Serum<\/strong>.<\/p>\n<p>Formulated from <strong data-start=\"447\" data-end=\"522\">30+ precious vegetable oils, botanical extracts and natural active ingredients<\/strong>, this multi-action treatment nourishes, repairs and illuminates your skin from the first application.<\/p>\n<p data-start=\"615\" data-end=\"724\">Its silky texture penetrates instantly without leaving a greasy feeling, for smooth, supple and healthy-looking skin.<\/p>\n<p>This TANU Organic Anti-Aging &amp; Radiance Face Serum delivers powerful and targeted super-antioxidants: Thanks to liposomal technology, it helps protect the skin against environmental aggressions.<\/p>\n<p>+ Phytoceramides and phospholipids provide restorative support to the skin barrier, soothing botanical synergies comfort stressed and irritated skin while reducing the appearance of redness.<\/p>\n<p>+ Green biotechnology \u2013 Innovated by 5 clinically proven high-performance cosmetic active ingredients.<\/p>\n<p><strong>+ Multi-award winning \u2013 8 International Beauty Shortlist Awards. A gem that has<\/strong>Helps soothe skin irritation and inhibits the growth of acne-causing bacteria. This serum improves cell turnover and reduces the appearance of pores. It mimics the beneficial effects of retinoids without irritation. Phospholipids provide an instant plumping effect to the skin.<\/p>\n<p>\u2013 Balances sebum production, thus reducing breakouts<\/p>\n<p>\u2013 Helps reduce the appearance of clogged pores<\/p>\n<p>\u2013 A full spectrum of OMEGA 3, 5, 6, 7 and 9 nourishes the skin.<\/p>\n<p>\u2013 Softens the appearance of hyperpigmentation<\/p>\n<p>\u2013 Stimulates the production of type 1, III and IV collagen<\/p>\n<p>\u2013 Skin barrier support boosts hydration levels<\/p>\n<p>\u2013 Vitamins A, D, E and K lighten the skin.<\/p>\n<h3 data-start=\"731\" data-end=\"757\">Main benefits of this Organic Anti-Aging &amp; Radiance Face Serum:<\/h3>\n<ul data-start=\"759\" data-end=\"1163\">\n<li data-start=\"759\" data-end=\"863\">\n<p data-start=\"761\" data-end=\"863\"><strong data-start=\"764\" data-end=\"785\">Powerful anti-aging<\/strong> : thanks to prickly pear oil*, rich in vitamin E and antioxidants.<\/p>\n<\/li>\n<li data-start=\"864\" data-end=\"935\">\n<p data-start=\"866\" data-end=\"935\"><strong data-start=\"869\" data-end=\"905\">Intense hydration and nutrition<\/strong> : jojoba*, avocado*, camellia*.<\/p>\n<\/li>\n<li data-start=\"936\" data-end=\"1006\">\n<p data-start=\"938\" data-end=\"1006\"><strong data-start=\"941\" data-end=\"974\">Radiance and even skin tone<\/strong> : pomegranate*, turmeric*, carrot*.<\/p>\n<\/li>\n<li data-start=\"1007\" data-end=\"1084\">\n<p data-start=\"1009\" data-end=\"1084\"><strong data-start=\"1013\" data-end=\"1049\">Skin protection and repair<\/strong> : tamanu*, calendula*, chamomile*.<\/p>\n<\/li>\n<li data-start=\"1085\" data-end=\"1163\">\n<p data-start=\"1087\" data-end=\"1163\"><strong data-start=\"1090\" data-end=\"1119\">Sensitive and mature skin<\/strong> : ultra-gentle, 100% natural formulation.<\/p>\n<\/li>\n<\/ul>\n<h3 data-start=\"1170\" data-end=\"1193\">Key ingredients<\/h3>\n<ul data-start=\"1195\" data-end=\"1685\">\n<li data-start=\"1195\" data-end=\"1280\">\n<p data-start=\"1197\" data-end=\"1280\"><strong data-start=\"1197\" data-end=\"1250\">Opuntia Ficus-Indica (Prickly Pear) Seed Oil<\/strong>*: regenerating, antioxidant.<\/p>\n<\/li>\n<li data-start=\"1281\" data-end=\"1371\">\n<p data-start=\"1283\" data-end=\"1371\"><strong data-start=\"1283\" data-end=\"1297\">Bakuchiol^<\/strong> : natural alternative to retinol, stimulates cell renewal.<\/p>\n<\/li>\n<li data-start=\"1372\" data-end=\"1447\">\n<p data-start=\"1374\" data-end=\"1447\"><strong data-start=\"1374\" data-end=\"1404\">Camellia Oleifera Seed Oil<\/strong>*: ancestral beauty oil, emollient.<\/p>\n<\/li>\n<li data-start=\"1448\" data-end=\"1517\">\n<p data-start=\"1450\" data-end=\"1517\"><strong data-start=\"1450\" data-end=\"1463\">Cacay Oil<\/strong> (Caryodendron Orinocense): rich in natural retinol.<\/p>\n<\/li>\n<li data-start=\"1518\" data-end=\"1603\">\n<p data-start=\"1520\" data-end=\"1603\"><strong><em data-start=\"1520\" data-end=\"1546\">Extracts of Goji, Acai<\/em>, Green tea**, Pomegranate*<\/strong> : protection against oxidative stress.<\/p>\n<\/li>\n<li data-start=\"1604\" data-end=\"1685\">\n<p data-start=\"1606\" data-end=\"1685\"><strong data-start=\"1606\" data-end=\"1639\">Soothing botanical extracts<\/strong> : Calendula*, Chamomile*, Centella Asiatica*.<\/p>\n<\/li>\n<\/ul>\n<blockquote data-start=\"1687\" data-end=\"1804\">\n<p data-start=\"1689\" data-end=\"1804\">*Certified Organic \u2013 ^Responsibly Sourced \u2013 +Naturally Occurring in Essential Oils.<\/p>\n<\/blockquote>\n<p data-start=\"1689\" data-end=\"1804\"><strong>Suitable for all skin types, even sensitive<\/strong><\/p>","protected":false},"excerpt":{"rendered":"<p>100% Natural | Organic<\/p>\n<p>Ce\u00a0 S\u00e9rum Visage Bio Anti-\u00c2ge &amp; \u00c9clat\u00a0 TANU est une cure de jouvence tr\u00e8s efficace. Un\u00a0 <strong data-start=\"394\" data-end=\"425\">Organic Regenerating and Plumping Face Serum.<\/strong><\/p>\n<p>Formulated from <strong data-start=\"447\" data-end=\"522\">30+ precious vegetable oils, botanical extracts and natural active ingredients<\/strong>, this multi-action treatment nourishes, repairs and illuminates your skin from the first application.<\/p>\n<p data-start=\"615\" data-end=\"724\">Its silky texture penetrates instantly without leaving a greasy feeling, for smooth, supple and healthy-looking skin.<\/p>","protected":false},"featured_media":39117,"template":"","meta":{"ocean_post_layout":"","ocean_both_sidebars_style":"","ocean_both_sidebars_content_width":0,"ocean_both_sidebars_sidebars_width":0,"ocean_sidebar":"0","ocean_second_sidebar":"0","ocean_disable_margins":"enable","ocean_add_body_class":"","ocean_shortcode_before_top_bar":"","ocean_shortcode_after_top_bar":"","ocean_shortcode_before_header":"","ocean_shortcode_after_header":"","ocean_has_shortcode":"","ocean_shortcode_after_title":"","ocean_shortcode_before_footer_widgets":"","ocean_shortcode_after_footer_widgets":"","ocean_shortcode_before_footer_bottom":"","ocean_shortcode_after_footer_bottom":"","ocean_display_top_bar":"default","ocean_display_header":"default","ocean_header_style":"","ocean_center_header_left_menu":"0","ocean_custom_header_template":"0","ocean_custom_logo":0,"ocean_custom_retina_logo":0,"ocean_custom_logo_max_width":0,"ocean_custom_logo_tablet_max_width":0,"ocean_custom_logo_mobile_max_width":0,"ocean_custom_logo_max_height":0,"ocean_custom_logo_tablet_max_height":0,"ocean_custom_logo_mobile_max_height":0,"ocean_header_custom_menu":"0","ocean_menu_typo_font_family":"0","ocean_menu_typo_font_subset":"","ocean_menu_typo_font_size":0,"ocean_menu_typo_font_size_tablet":0,"ocean_menu_typo_font_size_mobile":0,"ocean_menu_typo_font_size_unit":"px","ocean_menu_typo_font_weight":"","ocean_menu_typo_font_weight_tablet":"","ocean_menu_typo_font_weight_mobile":"","ocean_menu_typo_transform":"","ocean_menu_typo_transform_tablet":"","ocean_menu_typo_transform_mobile":"","ocean_menu_typo_line_height":0,"ocean_menu_typo_line_height_tablet":0,"ocean_menu_typo_line_height_mobile":0,"ocean_menu_typo_line_height_unit":"","ocean_menu_typo_spacing":0,"ocean_menu_typo_spacing_tablet":0,"ocean_menu_typo_spacing_mobile":0,"ocean_menu_typo_spacing_unit":"","ocean_menu_link_color":"","ocean_menu_link_color_hover":"","ocean_menu_link_color_active":"","ocean_menu_link_background":"","ocean_menu_link_hover_background":"","ocean_menu_link_active_background":"","ocean_menu_social_links_bg":"","ocean_menu_social_hover_links_bg":"","ocean_menu_social_links_color":"","ocean_menu_social_hover_links_color":"","ocean_disable_title":"default","ocean_disable_heading":"default","ocean_post_title":"","ocean_post_subheading":"","ocean_post_title_style":"","ocean_post_title_background_color":"","ocean_post_title_background":0,"ocean_post_title_bg_image_position":"","ocean_post_title_bg_image_attachment":"","ocean_post_title_bg_image_repeat":"","ocean_post_title_bg_image_size":"","ocean_post_title_height":0,"ocean_post_title_bg_overlay":0.5,"ocean_post_title_bg_overlay_color":"","ocean_disable_breadcrumbs":"default","ocean_breadcrumbs_color":"","ocean_breadcrumbs_separator_color":"","ocean_breadcrumbs_links_color":"","ocean_breadcrumbs_links_hover_color":"","ocean_display_footer_widgets":"default","ocean_display_footer_bottom":"default","ocean_custom_footer_template":"0"},"product_cat":[79,89,87,91,90,88,409,84,20],"product_tag":[],"class_list":{"0":"post-39129","1":"product","2":"type-product","3":"status-publish","4":"has-post-thumbnail","6":"product_brand-fifty7kind","7":"product_cat-hydratants-visage-aux-huiles-bio","8":"product_cat-peaux-grasses-mixtes","9":"product_cat-peaux-matures","10":"product_cat-tout-type-de-peau","11":"product_cat-peaux-seches-deshydratees","12":"product_cat-peaux-sensibles-reactives","13":"product_cat-peaux-ternes","14":"product_cat-serums-bio-huiles-de-beaute","15":"product_cat-soins-du-visage","17":"entry","18":"has-media","20":"first","21":"instock","22":"taxable","23":"shipping-taxable","24":"purchasable","25":"product-type-simple","26":"has-product-nav","27":"col","28":"span_1_of_4","29":"owp-content-center","30":"owp-thumbs-layout-horizontal","31":"owp-btn-normal","32":"owp-tabs-layout-horizontal"},"_links":{"self":[{"href":"https:\/\/awesomegreenbeauty.com\/en\/wp-json\/wp\/v2\/product\/39129","targetHints":{"allow":["GET"]}}],"collection":[{"href":"https:\/\/awesomegreenbeauty.com\/en\/wp-json\/wp\/v2\/product"}],"about":[{"href":"https:\/\/awesomegreenbeauty.com\/en\/wp-json\/wp\/v2\/types\/product"}],"version-history":[{"count":0,"href":"https:\/\/awesomegreenbeauty.com\/en\/wp-json\/wp\/v2\/product\/39129\/revisions"}],"wp:featuredmedia":[{"embeddable":true,"href":"https:\/\/awesomegreenbeauty.com\/en\/wp-json\/wp\/v2\/media\/39117"}],"wp:attachment":[{"href":"https:\/\/awesomegreenbeauty.com\/en\/wp-json\/wp\/v2\/media?parent=39129"}],"wp:term":[{"taxonomy":"product_cat","embeddable":true,"href":"https:\/\/awesomegreenbeauty.com\/en\/wp-json\/wp\/v2\/product_cat?post=39129"},{"taxonomy":"product_tag","embeddable":true,"href":"https:\/\/awesomegreenbeauty.com\/en\/wp-json\/wp\/v2\/product_tag?post=39129"}],"curies":[{"name":"wp","href":"https:\/\/api.w.org\/{rel}","templated":true}]}}