{"id":39136,"date":"2025-07-15T18:18:21","date_gmt":"2025-07-15T16:18:21","guid":{"rendered":"https:\/\/awesomegreenbeauty.com\/?post_type=product&#038;p=39136"},"modified":"2026-04-16T11:37:20","modified_gmt":"2026-04-16T09:37:20","slug":"serum-anti-lumiere-bleue-vitaminec-luca-fifty7kind","status":"publish","type":"product","link":"https:\/\/awesomegreenbeauty.com\/en\/product\/serum-anti-lumiere-bleue-vitaminec-luca-fifty7kind\/","title":{"rendered":"FIFTY7KIND LUCA \u2013 Concentrated anti-pollution and anti-blue light serum Vitamin C \u2013 20 ml"},"content":{"rendered":"<p>S\u00e9rum Vitamine C puissant anti-pollution et anti-lumi\u00e8re bleue pour repulper, revitaliser et prot\u00e9ger visiblement, renforc\u00e9 par un puissant complexe Vitamine C \u00e9claircissant.<br \/>\nLUCA Lipid Ferment Vitamin C Serum.<\/p>\n<h3 data-start=\"300\" data-end=\"377\">Soin visage intensif pour peau terne, fatigu\u00e9e ou en perte d\u2019\u00e9lasticit\u00e9<\/h3>\n<p data-start=\"379\" data-end=\"727\">Offrez \u00e0 votre peau un concentr\u00e9 d\u2019\u00e9clat, de fermet\u00e9 et d\u2019\u00e9nergie cellulaire gr\u00e2ce \u00e0 ce <strong data-start=\"467\" data-end=\"504\">s\u00e9rum huileux nouvelle g\u00e9n\u00e9ration<\/strong>, formul\u00e9 \u00e0 base d\u2019actifs biotechnologiques, extraits marins, et huiles v\u00e9g\u00e9tales pr\u00e9cieuses. Ultra-sensoriel, l\u00e9ger mais nourrissant, ce soin cible le <strong data-start=\"656\" data-end=\"726\">rel\u00e2chement cutan\u00e9, le teint terne et les premiers signes de l\u2019\u00e2ge<\/strong>.<\/p>\n<p>1.<strong> URBANSKN<\/strong>-Micro algue prot\u00e8ge la peau de la pollution environnementale, renforce la barri\u00e8re cutan\u00e9e et r\u00e9duit les rougeurs.<br \/>\n2. <strong>BAMBOU MARIN<\/strong> &#8211; Aide \u00e0 revitaliser et \u00e0 prot\u00e9ger la peau contre les effets n\u00e9gatifs de la lumi\u00e8re bleue et de la pollution environnementale, raffermit et tonifie la peau.<br \/>\n3. <strong>MOLECULE CHROMABRIGHT<\/strong> &#8211; Mol\u00e9cule de pointe ayant une activit\u00e9 d\u00e9pigmentante sans irritation de la peau.<br \/>\n4. <strong>VC-IP [Vitamine C]-<\/strong> \u00c9claircit l&rsquo;hyperpigmentation, stimule la synth\u00e8se du collag\u00e8ne, les propri\u00e9t\u00e9s anti-inflammatoires pr\u00e9viennent et att\u00e9nuent les pouss\u00e9es d&rsquo;acn\u00e9.<br \/>\n5. <strong>G.G.P. &#8211; JUVINITY<\/strong> &#8211; Contrecarre le raccourcissement des t\u00e9lom\u00e8res, des t\u00e9lom\u00e8res intacts emp\u00eachent les cellules de la peau de vieillir et de subir des dommages irr\u00e9parables.<br \/>\n6. <strong>REGU-SEB-<\/strong> \u00c9quilibre la peau en r\u00e9gulant la production de s\u00e9bum.<br \/>\n7. <strong>COQ10 &#8211; COENZYME<\/strong> &#8211; Exerce de puissants effets antioxydants, prot\u00e9geant la peau des facteurs de stress environnementaux et reconstituant le niveau de CoQ10 dans la peau qui se perd avec le temps.<br \/>\n8.<strong> ASTAXANTHINE<\/strong> &#8211; R\u00e9duction visible de l&rsquo;apparence des rides, de la d\u00e9gradation du collag\u00e8ne, de l&rsquo;hyperpigmentation, am\u00e9lioration visible de l&rsquo;\u00e9lasticit\u00e9 et de l&rsquo;hydratation de la peau et aide \u00e0 prot\u00e9ger la peau contre les facteurs de stress environnementaux et la lumi\u00e8re bleue.<br \/>\n9. <strong>ACQUASEAL ALGAE<\/strong> &#8211; Protection contre les dommages cutan\u00e9s, r\u00e9duction de l&rsquo;irritation de la peau, hydratation 24 heures sur 24, contribution au renouvellement cellulaire pour une peau plus saine.<\/p>\n<p style=\"text-align: center;\"><strong data-start=\"1577\" data-end=\"1603\">Ferments postbiotiques<\/strong> : Lactobacillus\/Salix Alba \u2013 \u00e9quilibre le microbiome.<\/p>\n<h3 data-start=\"734\" data-end=\"759\"><strong data-start=\"741\" data-end=\"759\">B\u00e9n\u00e9fices cl\u00e9s : <\/strong><span style=\"font-size: 16px;\">\u00a0<\/span><strong style=\"font-size: 16px;\" data-start=\"766\" data-end=\"799\">Illumine visiblement le teint<\/strong><span style=\"font-size: 16px;\"> : Ascorbyl Tetraisopalmitate (vitamine C liposoluble), extraits de micro-algues &#8211; <\/span><span style=\"font-size: 16px;\">\u00a0<\/span><strong style=\"font-size: 16px;\" data-start=\"886\" data-end=\"908\">Lifte et raffermit<\/strong><span style=\"font-size: 16px;\"> : Acmella Oleracea (effet botox-like), Commiphora Mukul (plumping naturel) &#8211;<\/span><span style=\"font-size: 16px;\">\u00a0<\/span><strong style=\"font-size: 16px;\" data-start=\"989\" data-end=\"1012\">Prot\u00e8ge et r\u00e9g\u00e9n\u00e8re<\/strong><span style=\"font-size: 16px;\"> : Ubiquinone^ (CoQ10), Haematococcus Pluvialis (astaxanthine)- <\/span><span style=\"font-size: 16px;\">\u00a0<\/span><strong style=\"font-size: 16px;\" data-start=\"1080\" data-end=\"1103\">Apaise et \u00e9quilibre<\/strong><span style=\"font-size: 16px;\"> : Schisandra*, r\u00e9glisse^, extraits ferment\u00e9s &amp; marins &#8211;<\/span><span style=\"font-size: 16px;\">\u00a0<\/span><strong style=\"font-size: 16px;\" data-start=\"1163\" data-end=\"1188\">Nourrit sans graisser<\/strong><span style=\"font-size: 16px;\"> : huile d\u2019olive^, tournesol^, argan^, coco-caprylate<\/span><\/h3>\n<p style=\"text-align: center;\"><strong>100% d&rsquo;origine naturelle | 14,5% certifi\u00e9 biologique | 55,7% FERMENTED | 29,5% COSMOS APPROVED | non-gmo | VEGAN | CRUELTY-FREE | Bouteille\/emballage recyclable | FRAGRANCE-FREE<\/strong><\/p>\n<h3>Les bienfaits pour votre peau de ce S\u00e9rum Vitamine C<\/h3>\n<p>+ Att\u00e9nue l&rsquo;apparence de l&rsquo;hyperpigmentation<br \/>\n+ Aide \u00e0 pr\u00e9venir la formation de nouvelles hyperpigmentations<br \/>\n+ Am\u00e9liore et maintient l&rsquo;hydratation de la peau \u00e0 long terme<br \/>\n+ L&rsquo;hydratation instantan\u00e9e augmente les niveaux d&rsquo;hydratation de la peau<br \/>\n+ Stimule la synth\u00e8se du collag\u00e8ne avec un effet de raffermissement de la peau<br \/>\n+ Am\u00e9liore l&rsquo;apparence de la peau photovieillie<br \/>\n+ Appliqu\u00e9 sous un \u00e9cran solaire pour renforcer l&rsquo;efficacit\u00e9 du SPF<br \/>\n+ Att\u00e9nue l&rsquo;apparence des rides et ridules<br \/>\n+ Renforce la fonction de la barri\u00e8re cutan\u00e9e<br \/>\n+ Rajeunissement de la barri\u00e8re cutan\u00e9e<br \/>\n+ \u00c9quilibre et soutient un microbiome cutan\u00e9 et des niveaux de pH sains<br \/>\n+ Aide \u00e0 prot\u00e9ger contre l&rsquo;exposition \u00e0 la lumi\u00e8re bleue et \u00e0 la pollution<br \/>\n+ Vitamines A, C et E \u00e9claircissent l&rsquo;\u00e9clat des acides gras libres actifs hydratent en profondeur, C et E \u00e9claircissent<br \/>\n+ Les acides gras libres actifs hydratent en profondeur<br \/>\nCon\u00e7ue pour les peaux d\u00e9licates\/sensibles &#8211; sans parfum<\/p>\n<h3 data-start=\"1249\" data-end=\"1285\"><strong data-start=\"1256\" data-end=\"1285\">Ingr\u00e9dients actifs phares de ce s\u00e9rum Vitamine C\u00a0<\/strong><\/h3>\n<ul data-start=\"1287\" data-end=\"1765\">\n<li data-start=\"1287\" data-end=\"1383\">\n<p data-start=\"1289\" data-end=\"1383\"><strong data-start=\"1289\" data-end=\"1343\">Vitamine C stabilis\u00e9e (Ascorbyl Tetraisopalmitate)<\/strong> : booste l\u2019\u00e9clat, antioxydant puissant.<\/p>\n<\/li>\n<li data-start=\"1384\" data-end=\"1488\">\n<p data-start=\"1386\" data-end=\"1488\"><strong data-start=\"1386\" data-end=\"1420\">Micro-algues &amp; plantes marines<\/strong> : Caulerpa Lentillifera, Chlamydomonas, Phaeodactylum, Himanthalia.<\/p>\n<\/li>\n<li data-start=\"1489\" data-end=\"1574\">\n<p data-start=\"1491\" data-end=\"1574\"><strong data-start=\"1491\" data-end=\"1539\">Acmella Oleracea &amp; Guggul (Commiphora Mukul)<\/strong> : effet tenseur, anti-rel\u00e2chement.<\/p>\n<\/li>\n<li data-start=\"1575\" data-end=\"1657\">\n<p data-start=\"1577\" data-end=\"1657\"><strong data-start=\"1577\" data-end=\"1603\">Ferments postbiotiques<\/strong> : Lactobacillus\/Salix Alba \u2013 \u00e9quilibre le microbiome.<\/p>\n<\/li>\n<li data-start=\"1658\" data-end=\"1765\">\n<p data-start=\"1660\" data-end=\"1765\"><strong data-start=\"1660\" data-end=\"1709\">Extraits botaniques apaisants &amp; revitalisants<\/strong> : Ginkgo Biloba*, R\u00e9glisse^, Shikonine (Lithospermum)^.<\/p>\n<\/li>\n<\/ul>\n<p>&nbsp;<\/p>\n","protected":false},"excerpt":{"rendered":"<p><strong>100% Natural Origin | 14.5% Certified Organic | 55.7% Fermented Vegan<\/strong><\/p>\n<p>Powerful anti-pollution and anti-blue light Vitamin C Serum to plump, revitalize and protect &amp; strengthened formulated with a powerful brightening Vitamin C complex.<\/p>\n<p data-start=\"734\" data-end=\"759\">A serum that visibly brightens the complexion<span style=\"font-size: 16px;\"> (vitamine C liposoluble), <\/span><span style=\"font-size: 16px;\">\u00a0<\/span>Lifts and firms<span style=\"font-size: 16px;\"> : Acmella Oleracea (botox-like effect),<\/span><span style=\"font-size: 16px;\">\u00a0<\/span>Protects and regenerates<span style=\"font-size: 16px;\"> : Ubiquinone^ (CoQ10), Haematococcus Pluvialis (astaxanthin)- <\/span><span style=\"font-size: 16px;\">\u00a0<\/span>Soothes and balances<span style=\"font-size: 16px;\"> : Schisandra*, licorice^, fermented &amp; marine extracts \u2013<\/span><span style=\"font-size: 16px;\">\u00a0<\/span>Nourishes without greasing<span style=\"font-size: 16px;\"> : olive oil^, sunflower^, argan^, coco-caprylate<\/span><\/p>\n<h3 data-start=\"300\" data-end=\"377\"><strong>Intensive facial treatment for dull, tired or lacking elasticity skin.<\/strong><\/h3>\n<p>6 International Beauty Shortlist Awards.<\/p>","protected":false},"featured_media":39127,"template":"","meta":{"ocean_post_layout":"","ocean_both_sidebars_style":"","ocean_both_sidebars_content_width":0,"ocean_both_sidebars_sidebars_width":0,"ocean_sidebar":"0","ocean_second_sidebar":"0","ocean_disable_margins":"enable","ocean_add_body_class":"","ocean_shortcode_before_top_bar":"","ocean_shortcode_after_top_bar":"","ocean_shortcode_before_header":"","ocean_shortcode_after_header":"","ocean_has_shortcode":"","ocean_shortcode_after_title":"","ocean_shortcode_before_footer_widgets":"","ocean_shortcode_after_footer_widgets":"","ocean_shortcode_before_footer_bottom":"","ocean_shortcode_after_footer_bottom":"","ocean_display_top_bar":"default","ocean_display_header":"default","ocean_header_style":"","ocean_center_header_left_menu":"0","ocean_custom_header_template":"0","ocean_custom_logo":0,"ocean_custom_retina_logo":0,"ocean_custom_logo_max_width":0,"ocean_custom_logo_tablet_max_width":0,"ocean_custom_logo_mobile_max_width":0,"ocean_custom_logo_max_height":0,"ocean_custom_logo_tablet_max_height":0,"ocean_custom_logo_mobile_max_height":0,"ocean_header_custom_menu":"0","ocean_menu_typo_font_family":"0","ocean_menu_typo_font_subset":"","ocean_menu_typo_font_size":0,"ocean_menu_typo_font_size_tablet":0,"ocean_menu_typo_font_size_mobile":0,"ocean_menu_typo_font_size_unit":"px","ocean_menu_typo_font_weight":"","ocean_menu_typo_font_weight_tablet":"","ocean_menu_typo_font_weight_mobile":"","ocean_menu_typo_transform":"","ocean_menu_typo_transform_tablet":"","ocean_menu_typo_transform_mobile":"","ocean_menu_typo_line_height":0,"ocean_menu_typo_line_height_tablet":0,"ocean_menu_typo_line_height_mobile":0,"ocean_menu_typo_line_height_unit":"","ocean_menu_typo_spacing":0,"ocean_menu_typo_spacing_tablet":0,"ocean_menu_typo_spacing_mobile":0,"ocean_menu_typo_spacing_unit":"","ocean_menu_link_color":"","ocean_menu_link_color_hover":"","ocean_menu_link_color_active":"","ocean_menu_link_background":"","ocean_menu_link_hover_background":"","ocean_menu_link_active_background":"","ocean_menu_social_links_bg":"","ocean_menu_social_hover_links_bg":"","ocean_menu_social_links_color":"","ocean_menu_social_hover_links_color":"","ocean_disable_title":"default","ocean_disable_heading":"default","ocean_post_title":"","ocean_post_subheading":"","ocean_post_title_style":"","ocean_post_title_background_color":"","ocean_post_title_background":0,"ocean_post_title_bg_image_position":"","ocean_post_title_bg_image_attachment":"","ocean_post_title_bg_image_repeat":"","ocean_post_title_bg_image_size":"","ocean_post_title_height":0,"ocean_post_title_bg_overlay":0.5,"ocean_post_title_bg_overlay_color":"","ocean_disable_breadcrumbs":"default","ocean_breadcrumbs_color":"","ocean_breadcrumbs_separator_color":"","ocean_breadcrumbs_links_color":"","ocean_breadcrumbs_links_hover_color":"","ocean_display_footer_widgets":"default","ocean_display_footer_bottom":"default","ocean_custom_footer_template":"0"},"product_cat":[410,87,88,409,84,20],"product_tag":[],"class_list":{"0":"post-39136","1":"product","2":"type-product","3":"status-publish","4":"has-post-thumbnail","6":"product_brand-fifty7kind","7":"product_cat-hyperpigmentation-taches-pigmentaires","8":"product_cat-peaux-matures","9":"product_cat-peaux-sensibles-reactives","10":"product_cat-peaux-ternes","11":"product_cat-serums-bio-huiles-de-beaute","12":"product_cat-soins-du-visage","14":"entry","15":"has-media","17":"first","18":"instock","19":"taxable","20":"shipping-taxable","21":"purchasable","22":"product-type-simple","23":"has-product-nav","24":"col","25":"span_1_of_4","26":"owp-content-center","27":"owp-thumbs-layout-horizontal","28":"owp-btn-normal","29":"owp-tabs-layout-horizontal"},"_links":{"self":[{"href":"https:\/\/awesomegreenbeauty.com\/en\/wp-json\/wp\/v2\/product\/39136","targetHints":{"allow":["GET"]}}],"collection":[{"href":"https:\/\/awesomegreenbeauty.com\/en\/wp-json\/wp\/v2\/product"}],"about":[{"href":"https:\/\/awesomegreenbeauty.com\/en\/wp-json\/wp\/v2\/types\/product"}],"version-history":[{"count":0,"href":"https:\/\/awesomegreenbeauty.com\/en\/wp-json\/wp\/v2\/product\/39136\/revisions"}],"wp:featuredmedia":[{"embeddable":true,"href":"https:\/\/awesomegreenbeauty.com\/en\/wp-json\/wp\/v2\/media\/39127"}],"wp:attachment":[{"href":"https:\/\/awesomegreenbeauty.com\/en\/wp-json\/wp\/v2\/media?parent=39136"}],"wp:term":[{"taxonomy":"product_cat","embeddable":true,"href":"https:\/\/awesomegreenbeauty.com\/en\/wp-json\/wp\/v2\/product_cat?post=39136"},{"taxonomy":"product_tag","embeddable":true,"href":"https:\/\/awesomegreenbeauty.com\/en\/wp-json\/wp\/v2\/product_tag?post=39136"}],"curies":[{"name":"wp","href":"https:\/\/api.w.org\/{rel}","templated":true}]}}