{"id":39189,"date":"2025-07-18T15:50:07","date_gmt":"2025-07-18T13:50:07","guid":{"rendered":"https:\/\/awesomegreenbeauty.com\/?post_type=product&#038;p=39189"},"modified":"2025-12-21T16:15:31","modified_gmt":"2025-12-21T15:15:31","slug":"baume-hydratant-riches-en-antioxydant-mahealani","status":"publish","type":"product","link":"https:\/\/awesomegreenbeauty.com\/en\/product\/baume-hydratant-riches-en-antioxydant-mahealani\/","title":{"rendered":"HONUA &#8211; M\u0101healani Baume hydratant riches en antioxydant &#8211; 50ml"},"content":{"rendered":"<p>Baume hydratant riches en antioxydant M\u0101healani est formul\u00e9 \u00e0 partir d&rsquo;un m\u00e9lange exclusif de beurres et d&rsquo;huiles v\u00e9g\u00e9tales pr\u00e9cieuses, pour nourrir, r\u00e9parer et apaiser intens\u00e9ment les peaux s\u00e8ches, sensibles ou irrit\u00e9es.<\/p>\n<h3 data-start=\"703\" data-end=\"756\"><strong data-start=\"710\" data-end=\"756\">Une formule 100 % naturelle et sensorielle<\/strong><\/h3>\n<p data-start=\"757\" data-end=\"1039\">Notre baume nourrissant multi-usages est \u00e9labor\u00e9 \u00e0 partir d\u2019un assemblage exclusif de beurres exotiques <strong>(illip\u00e9, karit\u00e9, cacao)<\/strong> et d\u2019huiles v\u00e9g\u00e9tales pr\u00e9cieuses (jojoba, macadamia, kukui, a\u00e7a\u00ef&#8230;). Sa texture fondante p\u00e9n\u00e8tre instantan\u00e9ment pour nourrir intens\u00e9ment sans effet gras.<\/p>\n<p data-start=\"179\" data-end=\"439\"><span data-start=\"181\" data-end=\"191\">*<\/span><strong data-start=\"181\" data-end=\"191\">Illip\u00e9<\/strong> est un beurre v\u00e9g\u00e9tal extrait des graines du <strong data-start=\"237\" data-end=\"258\">Shorea stenoptera<\/strong>, un arbre originaire de <strong data-start=\"283\" data-end=\"293\">Born\u00e9o<\/strong> (Malaisie et Indon\u00e9sie). Aussi appel\u00e9 <strong data-start=\"332\" data-end=\"356\">beurre de tengkawang<\/strong>, il est r\u00e9colt\u00e9 de mani\u00e8re durable \u00e0 partir des noix tomb\u00e9es naturellement au sol.<\/p>\n<h2 data-start=\"1188\" data-end=\"1233\"><strong data-start=\"1194\" data-end=\"1233\">Comparaison avec d\u2019autres beurres :<\/strong><\/h2>\n<div class=\"_tableContainer_80l1q_1\">\n<div class=\"_tableWrapper_80l1q_14 group flex w-fit flex-col-reverse\" tabindex=\"-1\">\n<table class=\"w-fit min-w-(--thread-content-width)\" data-start=\"1235\" data-end=\"1721\">\n<thead data-start=\"1235\" data-end=\"1327\">\n<tr data-start=\"1235\" data-end=\"1327\">\n<th data-start=\"1235\" data-end=\"1252\" data-col-size=\"sm\">Beurre<\/th>\n<th data-start=\"1252\" data-end=\"1268\" data-col-size=\"sm\">Texture<\/th>\n<th data-start=\"1268\" data-end=\"1282\" data-col-size=\"sm\">Hydration<\/th>\n<th data-start=\"1282\" data-end=\"1300\" data-col-size=\"sm\">Point de fusion<\/th>\n<th data-start=\"1300\" data-end=\"1327\" data-col-size=\"sm\">Ideal for<\/th>\n<\/tr>\n<\/thead>\n<tbody data-start=\"1423\" data-end=\"1721\">\n<tr data-start=\"1423\" data-end=\"1520\">\n<td data-start=\"1423\" data-end=\"1440\" data-col-size=\"sm\"><strong data-start=\"1425\" data-end=\"1435\">Illip\u00e9<\/strong><\/td>\n<td data-col-size=\"sm\" data-start=\"1440\" data-end=\"1456\">Ferme, s\u00e8che<\/td>\n<td data-col-size=\"sm\" data-start=\"1456\" data-end=\"1471\">\u2b50\u2b50\u2b50\u2b50<\/td>\n<td data-col-size=\"sm\" data-start=\"1471\" data-end=\"1491\">~37\u201342 \u00b0C<\/td>\n<td data-col-size=\"sm\" data-start=\"1491\" data-end=\"1520\">Peaux tr\u00e8s s\u00e8ches, l\u00e8vres<\/td>\n<\/tr>\n<tr data-start=\"1521\" data-end=\"1617\">\n<td data-start=\"1521\" data-end=\"1538\" data-col-size=\"sm\">Karit\u00e9<\/td>\n<td data-col-size=\"sm\" data-start=\"1538\" data-end=\"1554\">Souple<\/td>\n<td data-col-size=\"sm\" data-start=\"1554\" data-end=\"1569\">\u2b50\u2b50\u2b50\u2b50<\/td>\n<td data-col-size=\"sm\" data-start=\"1569\" data-end=\"1589\">~30\u201335 \u00b0C<\/td>\n<td data-col-size=\"sm\" data-start=\"1589\" data-end=\"1617\">Corps, peaux sensibles<\/td>\n<\/tr>\n<tr data-start=\"1618\" data-end=\"1721\">\n<td data-start=\"1618\" data-end=\"1635\" data-col-size=\"sm\">Cacao<\/td>\n<td data-col-size=\"sm\" data-start=\"1635\" data-end=\"1651\">Tr\u00e8s ferme<\/td>\n<td data-col-size=\"sm\" data-start=\"1651\" data-end=\"1666\">\u2b50\u2b50\u2b50<\/td>\n<td data-col-size=\"sm\" data-start=\"1666\" data-end=\"1686\">~34\u201338 \u00b0C<\/td>\n<td data-col-size=\"sm\" data-start=\"1686\" data-end=\"1721\">Baumes, sticks, anti-vergetures<\/td>\n<\/tr>\n<\/tbody>\n<\/table>\n<\/div>\n<\/div>\n<h3 data-start=\"1041\" data-end=\"1076\"><strong data-start=\"1048\" data-end=\"1076\">Hydratation &amp; r\u00e9paration<\/strong><\/h3>\n<p data-start=\"1077\" data-end=\"1267\">Gr\u00e2ce \u00e0 la richesse en acides gras essentiels, en st\u00e9rols v\u00e9g\u00e9taux et en squalane, ce soin restaure la barri\u00e8re cutan\u00e9e et apporte un confort durable aux peaux s\u00e8ches, sensibles ou irrit\u00e9es.<\/p>\n<h3 data-start=\"1269\" data-end=\"1298\"><strong data-start=\"1276\" data-end=\"1298\">Apaisement &amp; \u00e9clat<\/strong><\/h3>\n<p data-start=\"1299\" data-end=\"1522\">Les huiles essentielles de camomille, tanaisie bleue et v\u00e9tiver calment les rougeurs et les sensations d\u2019inconfort. L\u2019extrait de r\u00e9glisse, reconnu pour ses propri\u00e9t\u00e9s \u00e9claircissantes et anti-inflammatoires, unifie le teint.<\/p>\n<h3 data-start=\"1524\" data-end=\"1547\"><strong data-start=\"1531\" data-end=\"1547\">Multi-usages<\/strong><\/h3>\n<p data-start=\"1548\" data-end=\"1735\">\u2714 Visage : soin r\u00e9parateur ou masque de nuit<br data-start=\"1592\" data-end=\"1595\" \/>\u2714 L\u00e8vres : baume protecteur et adoucissant<br data-start=\"1637\" data-end=\"1640\" \/>\u2714 Corps : zones s\u00e8ches, coudes, mains, talons<br data-start=\"1685\" data-end=\"1688\" \/>\u2714 B\u00e9b\u00e9 \/ grossesse : ultra-doux et non irritant<\/p>\n<p><strong>Fabriqu\u00e9 avec Aloha mais sans parab\u00e8nes, p\u00e9trole, pesticides, PEG, propyl\u00e8ne, silicones, sulfates, phtalates, colorants artificiels, parfums et autres produits chimiques ind\u00e9sirables. Sans cruaut\u00e9, v\u00e9g\u00e9talien et v\u00e9rifi\u00e9 par l&rsquo;EWG.<\/strong><\/p>","protected":false},"excerpt":{"rendered":"<h3 data-start=\"703\" data-end=\"756\"><strong data-start=\"710\" data-end=\"756\">Une formule 100 % naturelle et sensorielle<\/strong><\/h3>\n<p>Le baume multi-usages nourrissant riches en antioxydant Mahealani est \u00e9labor\u00e9 \u00e0 partir d\u2019un assemblage exclusif de beurres exotiques (illip\u00e9, karit\u00e9, cacao) et d\u2019huiles v\u00e9g\u00e9tales pr\u00e9cieuses (jojoba, macadamia, kukui, a\u00e7a\u00ef&#8230;).<\/p>\n<p>Sa texture fondante p\u00e9n\u00e8tre instantan\u00e9ment pour nourrir intens\u00e9ment sans effet gras.*<\/p>\n<p>La tanaisie bleue exotique se m\u00eale \u00e0 des agrumes subtils et au v\u00e9tiver pour cr\u00e9er un parfum \u00e9th\u00e9r\u00e9 et bien-aim\u00e9.<\/p>\n<p>&nbsp;<\/p>","protected":false},"featured_media":39195,"template":"","meta":{"ocean_post_layout":"","ocean_both_sidebars_style":"","ocean_both_sidebars_content_width":0,"ocean_both_sidebars_sidebars_width":0,"ocean_sidebar":"0","ocean_second_sidebar":"0","ocean_disable_margins":"enable","ocean_add_body_class":"","ocean_shortcode_before_top_bar":"","ocean_shortcode_after_top_bar":"","ocean_shortcode_before_header":"","ocean_shortcode_after_header":"","ocean_has_shortcode":"","ocean_shortcode_after_title":"","ocean_shortcode_before_footer_widgets":"","ocean_shortcode_after_footer_widgets":"","ocean_shortcode_before_footer_bottom":"","ocean_shortcode_after_footer_bottom":"","ocean_display_top_bar":"default","ocean_display_header":"default","ocean_header_style":"","ocean_center_header_left_menu":"0","ocean_custom_header_template":"0","ocean_custom_logo":0,"ocean_custom_retina_logo":0,"ocean_custom_logo_max_width":0,"ocean_custom_logo_tablet_max_width":0,"ocean_custom_logo_mobile_max_width":0,"ocean_custom_logo_max_height":0,"ocean_custom_logo_tablet_max_height":0,"ocean_custom_logo_mobile_max_height":0,"ocean_header_custom_menu":"0","ocean_menu_typo_font_family":"0","ocean_menu_typo_font_subset":"","ocean_menu_typo_font_size":0,"ocean_menu_typo_font_size_tablet":0,"ocean_menu_typo_font_size_mobile":0,"ocean_menu_typo_font_size_unit":"px","ocean_menu_typo_font_weight":"","ocean_menu_typo_font_weight_tablet":"","ocean_menu_typo_font_weight_mobile":"","ocean_menu_typo_transform":"","ocean_menu_typo_transform_tablet":"","ocean_menu_typo_transform_mobile":"","ocean_menu_typo_line_height":0,"ocean_menu_typo_line_height_tablet":0,"ocean_menu_typo_line_height_mobile":0,"ocean_menu_typo_line_height_unit":"","ocean_menu_typo_spacing":0,"ocean_menu_typo_spacing_tablet":0,"ocean_menu_typo_spacing_mobile":0,"ocean_menu_typo_spacing_unit":"","ocean_menu_link_color":"","ocean_menu_link_color_hover":"","ocean_menu_link_color_active":"","ocean_menu_link_background":"","ocean_menu_link_hover_background":"","ocean_menu_link_active_background":"","ocean_menu_social_links_bg":"","ocean_menu_social_hover_links_bg":"","ocean_menu_social_links_color":"","ocean_menu_social_hover_links_color":"","ocean_disable_title":"default","ocean_disable_heading":"default","ocean_post_title":"","ocean_post_subheading":"","ocean_post_title_style":"","ocean_post_title_background_color":"","ocean_post_title_background":0,"ocean_post_title_bg_image_position":"","ocean_post_title_bg_image_attachment":"","ocean_post_title_bg_image_repeat":"","ocean_post_title_bg_image_size":"","ocean_post_title_height":0,"ocean_post_title_bg_overlay":0.5,"ocean_post_title_bg_overlay_color":"","ocean_disable_breadcrumbs":"default","ocean_breadcrumbs_color":"","ocean_breadcrumbs_separator_color":"","ocean_breadcrumbs_links_color":"","ocean_breadcrumbs_links_hover_color":"","ocean_display_footer_widgets":"default","ocean_display_footer_bottom":"default","ocean_custom_footer_template":"0"},"product_cat":[79,76,87,90,88,409,20],"product_tag":[],"class_list":{"0":"post-39189","1":"product","2":"type-product","3":"status-publish","4":"has-post-thumbnail","6":"product_brand-honua-skincare","7":"product_cat-hydratants-visage-aux-huiles-bio","8":"product_cat-masques-traitants-naturels-bio","9":"product_cat-peaux-matures","10":"product_cat-peaux-seches-deshydratees","11":"product_cat-peaux-sensibles-reactives","12":"product_cat-peaux-ternes","13":"product_cat-soins-du-visage","15":"entry","16":"has-media","18":"first","19":"instock","20":"taxable","21":"shipping-taxable","22":"purchasable","23":"product-type-simple","24":"has-product-nav","25":"col","26":"span_1_of_4","27":"owp-content-center","28":"owp-thumbs-layout-horizontal","29":"owp-btn-normal","30":"owp-tabs-layout-horizontal"},"_links":{"self":[{"href":"https:\/\/awesomegreenbeauty.com\/en\/wp-json\/wp\/v2\/product\/39189","targetHints":{"allow":["GET"]}}],"collection":[{"href":"https:\/\/awesomegreenbeauty.com\/en\/wp-json\/wp\/v2\/product"}],"about":[{"href":"https:\/\/awesomegreenbeauty.com\/en\/wp-json\/wp\/v2\/types\/product"}],"version-history":[{"count":0,"href":"https:\/\/awesomegreenbeauty.com\/en\/wp-json\/wp\/v2\/product\/39189\/revisions"}],"wp:featuredmedia":[{"embeddable":true,"href":"https:\/\/awesomegreenbeauty.com\/en\/wp-json\/wp\/v2\/media\/39195"}],"wp:attachment":[{"href":"https:\/\/awesomegreenbeauty.com\/en\/wp-json\/wp\/v2\/media?parent=39189"}],"wp:term":[{"taxonomy":"product_cat","embeddable":true,"href":"https:\/\/awesomegreenbeauty.com\/en\/wp-json\/wp\/v2\/product_cat?post=39189"},{"taxonomy":"product_tag","embeddable":true,"href":"https:\/\/awesomegreenbeauty.com\/en\/wp-json\/wp\/v2\/product_tag?post=39189"}],"curies":[{"name":"wp","href":"https:\/\/api.w.org\/{rel}","templated":true}]}}