{"id":39256,"date":"2025-08-02T14:26:03","date_gmt":"2025-08-02T12:26:03","guid":{"rendered":"https:\/\/awesomegreenbeauty.com\/?post_type=product&#038;p=39256"},"modified":"2025-12-04T18:41:37","modified_gmt":"2025-12-04T17:41:37","slug":"eau-de-parfum-luce-wait-100ml","status":"publish","type":"product","link":"https:\/\/awesomegreenbeauty.com\/en\/product\/eau-de-parfum-luce-wait-100ml\/","title":{"rendered":"WA : IT &#8211; LUCE Eau de Parfum -100ml"},"content":{"rendered":"<p data-start=\"61\" data-end=\"171\"><strong data-start=\"61\" data-end=\"171\">Eau de parfum LUCE 100 % naturelle | Vegan<\/strong><\/p>\n<p data-start=\"173\" data-end=\"356\"><strong data-start=\"173\" data-end=\"195\">LUCE Eau de Parfum<\/strong> est une fragrance en \u00e9dition limit\u00e9e, inspir\u00e9e par la ma\u00eetrise architecturale de <strong data-start=\"277\" data-end=\"291\">Tadao Ando<\/strong>, o\u00f9 la lumi\u00e8re transcende la fonction pour devenir pure \u00e9motion.<\/p>\n<p data-start=\"358\" data-end=\"505\">Cette cr\u00e9ation rend hommage \u00e0 la lumi\u00e8re, symbole de clart\u00e9, d\u2019espoir et de renouveau, \u00e0 travers un voyage sensoriel qui relie la nature au design.<\/p>\n<p data-start=\"507\" data-end=\"800\"><strong data-start=\"507\" data-end=\"515\">LUCE<\/strong> n\u2019est pas simplement un parfum ; c\u2019est une c\u00e9l\u00e9bration du pouvoir transformateur de la lumi\u00e8re et de sa capacit\u00e9 \u00e0 inspirer, apaiser et \u00e9clairer le chemin. Quelques gouttes suffisent pour inviter \u00e0 la pause, \u00e0 la r\u00e9flexion et \u00e0 l\u2019accueil de l\u2019\u00e9nergie lumineuse sous toutes ses formes.<\/p>\n<h3 data-start=\"807\" data-end=\"832\"><strong data-start=\"811\" data-end=\"832\">Profil olfactif :<\/strong><\/h3>\n<h4 data-start=\"834\" data-end=\"865\"><strong data-start=\"839\" data-end=\"865\">1. Vitalit\u00e9 et Courage<\/strong><\/h4>\n<ul data-start=\"867\" data-end=\"1149\">\n<li data-start=\"867\" data-end=\"957\">\n<p data-start=\"869\" data-end=\"957\"><strong data-start=\"869\" data-end=\"882\">Bergamote<\/strong> : Son ar\u00f4me d\u2019agrume rafra\u00eechissant \u00e9l\u00e8ve l\u2019humeur et clarifie l\u2019esprit.<\/p>\n<\/li>\n<li data-start=\"958\" data-end=\"1056\">\n<p data-start=\"960\" data-end=\"1056\"><strong data-start=\"960\" data-end=\"985\">Anis \u00e9toil\u00e9 &amp; Muscade<\/strong> : Apportent profondeur et enracinement, favorisant la concentration.<\/p>\n<\/li>\n<li data-start=\"1057\" data-end=\"1149\">\n<p data-start=\"1059\" data-end=\"1149\"><strong data-start=\"1059\" data-end=\"1074\">Poivre noir<\/strong> : Stimule l\u2019\u00e9nergie et la r\u00e9silience, insufflant courage et d\u00e9termination.<\/p>\n<\/li>\n<\/ul>\n<h4 data-start=\"1151\" data-end=\"1195\"><strong data-start=\"1156\" data-end=\"1195\">2. \u00c9quilibre \u00e9motionnel et S\u00e9r\u00e9nit\u00e9<\/strong><\/h4>\n<ul data-start=\"1197\" data-end=\"1480\">\n<li data-start=\"1197\" data-end=\"1284\">\n<p data-start=\"1199\" data-end=\"1284\"><strong data-start=\"1199\" data-end=\"1209\">N\u00e9roli<\/strong> : Calme, r\u00e9conforte et soulage le stress, invitant \u00e0 la paix int\u00e9rieure.<\/p>\n<\/li>\n<li data-start=\"1285\" data-end=\"1377\">\n<p data-start=\"1287\" data-end=\"1377\"><strong data-start=\"1287\" data-end=\"1307\">Rose de Bulgarie<\/strong> : Favorise l\u2019harmonie \u00e9motionnelle, enveloppant le c\u0153ur de douceur.<\/p>\n<\/li>\n<li data-start=\"1378\" data-end=\"1480\">\n<p data-start=\"1380\" data-end=\"1480\"><strong data-start=\"1380\" data-end=\"1395\">Ylang-Ylang<\/strong> : Sa douceur florale et exotique favorise la d\u00e9tente et la pleine conscience de soi.<\/p>\n<\/li>\n<\/ul>\n<h4 data-start=\"1482\" data-end=\"1526\"><strong data-start=\"1487\" data-end=\"1526\">3. Stabilit\u00e9 et Harmonie int\u00e9rieure<\/strong><\/h4>\n<ul data-start=\"1528\" data-end=\"1873\">\n<li data-start=\"1528\" data-end=\"1631\">\n<p data-start=\"1530\" data-end=\"1631\"><strong data-start=\"1530\" data-end=\"1554\">Vanille &amp; F\u00e8ve Tonka<\/strong> : Diffusent chaleur et r\u00e9confort, cultivant un sentiment de calme profond.<\/p>\n<\/li>\n<li data-start=\"1632\" data-end=\"1777\">\n<p data-start=\"1634\" data-end=\"1777\"><strong data-start=\"1634\" data-end=\"1655\">Patchouli &amp; Ambre<\/strong> : Leurs notes riches et terreuses ancrent l\u2019\u00e9nergie, reliant la force de la terre \u00e0 la beaut\u00e9 intangible de la lumi\u00e8re.<\/p>\n<\/li>\n<li data-start=\"1778\" data-end=\"1873\">\n<p data-start=\"1780\" data-end=\"1873\"><strong data-start=\"1780\" data-end=\"1797\">Accord Musqu\u00e9<\/strong> : Apporte une sensualit\u00e9 douce, enveloppant la peau d\u2019un cocon de s\u00e9r\u00e9nit\u00e9.<\/p>\n<\/li>\n<\/ul>\n<h3 data-start=\"2076\" data-end=\"2116\"><strong data-start=\"2080\" data-end=\"2114\">Capuchon en b\u00e9ton r\u00e9utilisable<\/strong><\/h3>\n<p data-start=\"2117\" data-end=\"2256\">Une fois la fragrance termin\u00e9e, le capuchon se transforme en porte-encens, vous invitant \u00e0 prolonger le rituel de s\u00e9r\u00e9nit\u00e9 et de r\u00e9flexion.<\/p>","protected":false},"excerpt":{"rendered":"<h3 data-start=\"78\" data-end=\"123\"><strong data-start=\"82\" data-end=\"123\">LUCE Eau de Parfum 100 ml (3.4 fl.oz)<\/strong><\/h3>\n<p data-start=\"125\" data-end=\"235\"><strong data-start=\"125\" data-end=\"235\">100 % NATUREL | V\u00c9GANE | DURABLE | SANS COLORANT | SANS SILICONE | NON TEST\u00c9 SUR LES ANIMAUX | SANS GLUTEN<\/strong><\/p>\n<p data-start=\"237\" data-end=\"619\"><strong data-start=\"237\" data-end=\"259\">LUCE Eau de Parfum<\/strong> est une fragrance lumineuse en \u00e9dition limit\u00e9e, inspir\u00e9e par l\u2019architecture de <strong data-start=\"339\" data-end=\"353\">Tadao Ando<\/strong>. Alliant fra\u00eecheur \u00e9pic\u00e9e, c\u0153ur floral apaisant et fond chaleureux, elle incarne un voyage sensoriel m\u00ealant clart\u00e9, s\u00e9r\u00e9nit\u00e9 et force int\u00e9rieure. Son capuchon en b\u00e9ton r\u00e9utilisable se transforme en porte-encens, prolongeant ainsi le rituel de calme et de r\u00e9flexion.<\/p>\n<h3 data-start=\"626\" data-end=\"649\"><strong data-start=\"630\" data-end=\"647\">Notes de t\u00eate : <\/strong>La fragrance s\u2019ouvre sur un m\u00e9lange vivifiant de <strong data-start=\"699\" data-end=\"712\">bergamote<\/strong>, <strong data-start=\"714\" data-end=\"729\">anis \u00e9toil\u00e9<\/strong>, <strong data-start=\"731\" data-end=\"742\">muscade<\/strong> and <strong data-start=\"746\" data-end=\"761\">poivre noir<\/strong>.<br data-start=\"762\" data-end=\"765\" \/>Ces notes lumineuses \u00e9veillent les sens et diffusent un \u00e9lan de vitalit\u00e9 et d\u2019optimisme.<\/h3>\n<p>&nbsp;<\/p>","protected":false},"featured_media":39258,"template":"","meta":{"ocean_post_layout":"","ocean_both_sidebars_style":"","ocean_both_sidebars_content_width":0,"ocean_both_sidebars_sidebars_width":0,"ocean_sidebar":"0","ocean_second_sidebar":"0","ocean_disable_margins":"enable","ocean_add_body_class":"","ocean_shortcode_before_top_bar":"","ocean_shortcode_after_top_bar":"","ocean_shortcode_before_header":"","ocean_shortcode_after_header":"","ocean_has_shortcode":"","ocean_shortcode_after_title":"","ocean_shortcode_before_footer_widgets":"","ocean_shortcode_after_footer_widgets":"","ocean_shortcode_before_footer_bottom":"","ocean_shortcode_after_footer_bottom":"","ocean_display_top_bar":"default","ocean_display_header":"default","ocean_header_style":"","ocean_center_header_left_menu":"0","ocean_custom_header_template":"0","ocean_custom_logo":0,"ocean_custom_retina_logo":0,"ocean_custom_logo_max_width":0,"ocean_custom_logo_tablet_max_width":0,"ocean_custom_logo_mobile_max_width":0,"ocean_custom_logo_max_height":0,"ocean_custom_logo_tablet_max_height":0,"ocean_custom_logo_mobile_max_height":0,"ocean_header_custom_menu":"0","ocean_menu_typo_font_family":"0","ocean_menu_typo_font_subset":"","ocean_menu_typo_font_size":0,"ocean_menu_typo_font_size_tablet":0,"ocean_menu_typo_font_size_mobile":0,"ocean_menu_typo_font_size_unit":"px","ocean_menu_typo_font_weight":"","ocean_menu_typo_font_weight_tablet":"","ocean_menu_typo_font_weight_mobile":"","ocean_menu_typo_transform":"","ocean_menu_typo_transform_tablet":"","ocean_menu_typo_transform_mobile":"","ocean_menu_typo_line_height":0,"ocean_menu_typo_line_height_tablet":0,"ocean_menu_typo_line_height_mobile":0,"ocean_menu_typo_line_height_unit":"","ocean_menu_typo_spacing":0,"ocean_menu_typo_spacing_tablet":0,"ocean_menu_typo_spacing_mobile":0,"ocean_menu_typo_spacing_unit":"","ocean_menu_link_color":"","ocean_menu_link_color_hover":"","ocean_menu_link_color_active":"","ocean_menu_link_background":"","ocean_menu_link_hover_background":"","ocean_menu_link_active_background":"","ocean_menu_social_links_bg":"","ocean_menu_social_hover_links_bg":"","ocean_menu_social_links_color":"","ocean_menu_social_hover_links_color":"","ocean_disable_title":"default","ocean_disable_heading":"default","ocean_post_title":"","ocean_post_subheading":"","ocean_post_title_style":"","ocean_post_title_background_color":"","ocean_post_title_background":0,"ocean_post_title_bg_image_position":"","ocean_post_title_bg_image_attachment":"","ocean_post_title_bg_image_repeat":"","ocean_post_title_bg_image_size":"","ocean_post_title_height":0,"ocean_post_title_bg_overlay":0.5,"ocean_post_title_bg_overlay_color":"","ocean_disable_breadcrumbs":"default","ocean_breadcrumbs_color":"","ocean_breadcrumbs_separator_color":"","ocean_breadcrumbs_links_color":"","ocean_breadcrumbs_links_hover_color":"","ocean_display_footer_widgets":"default","ocean_display_footer_bottom":"default","ocean_custom_footer_template":"0"},"product_cat":[21,222,406],"product_tag":[],"class_list":{"0":"post-39256","1":"product","2":"type-product","3":"status-publish","4":"has-post-thumbnail","6":"product_brand-wait","7":"product_cat-soins-du-corps","8":"product_cat-parfums-bien-etre","9":"product_cat-parfums-soins-du-corps","11":"entry","12":"has-media","14":"first","15":"instock","16":"taxable","17":"shipping-taxable","18":"purchasable","19":"product-type-simple","20":"has-product-nav","21":"col","22":"span_1_of_4","23":"owp-content-center","24":"owp-thumbs-layout-horizontal","25":"owp-btn-normal","26":"owp-tabs-layout-horizontal"},"_links":{"self":[{"href":"https:\/\/awesomegreenbeauty.com\/en\/wp-json\/wp\/v2\/product\/39256","targetHints":{"allow":["GET"]}}],"collection":[{"href":"https:\/\/awesomegreenbeauty.com\/en\/wp-json\/wp\/v2\/product"}],"about":[{"href":"https:\/\/awesomegreenbeauty.com\/en\/wp-json\/wp\/v2\/types\/product"}],"version-history":[{"count":0,"href":"https:\/\/awesomegreenbeauty.com\/en\/wp-json\/wp\/v2\/product\/39256\/revisions"}],"wp:featuredmedia":[{"embeddable":true,"href":"https:\/\/awesomegreenbeauty.com\/en\/wp-json\/wp\/v2\/media\/39258"}],"wp:attachment":[{"href":"https:\/\/awesomegreenbeauty.com\/en\/wp-json\/wp\/v2\/media?parent=39256"}],"wp:term":[{"taxonomy":"product_cat","embeddable":true,"href":"https:\/\/awesomegreenbeauty.com\/en\/wp-json\/wp\/v2\/product_cat?post=39256"},{"taxonomy":"product_tag","embeddable":true,"href":"https:\/\/awesomegreenbeauty.com\/en\/wp-json\/wp\/v2\/product_tag?post=39256"}],"curies":[{"name":"wp","href":"https:\/\/api.w.org\/{rel}","templated":true}]}}