{"id":39271,"date":"2025-08-02T17:37:50","date_gmt":"2025-08-02T15:37:50","guid":{"rendered":"https:\/\/awesomegreenbeauty.com\/?post_type=product&#038;p=39271"},"modified":"2025-12-04T18:37:50","modified_gmt":"2025-12-04T17:37:50","slug":"eau-de-parfum-naturelle","status":"publish","type":"product","link":"https:\/\/awesomegreenbeauty.com\/en\/product\/eau-de-parfum-naturelle\/","title":{"rendered":"WA : IT \u2013 AKA Eau de Parfum 100 ml \u2013 Parfum d\u2019aromath\u00e9rapie"},"content":{"rendered":"<p data-start=\"326\" data-end=\"540\"><strong>AKA\u00a0Eau de Parfum<\/strong> est un parfum de transformation. Une fragrance vive et contemporaine, v\u00e9ritable incarnation d\u2019une <strong data-start=\"432\" data-end=\"452\">nouvelle \u00e9nergie<\/strong>. Il insuffle un souffle de renouveau, une vitalit\u00e9 br\u00fblante qui invite \u00e0 se r\u00e9inventer.<\/p>\n<p data-start=\"542\" data-end=\"777\">Son nom, <strong data-start=\"551\" data-end=\"558\">AKA<\/strong>, signifie <strong data-start=\"569\" data-end=\"582\">\u00ab rouge \u00bb<\/strong> en japonais une couleur synonyme de passion, de chaleur et de recommencement. C\u2019est la teinte du lever du jour, du premier souffle, de la force tranquille qui accompagne chaque nouveau d\u00e9part.<\/p>\n<p data-start=\"542\" data-end=\"777\"><strong data-start=\"0\" data-end=\"7\" data-is-only-node=\"\">AKA<\/strong> est habill\u00e9 du papier <strong data-start=\"30\" data-end=\"58\">Echo Shiro Red de Favini<\/strong>, un choix d\u2019emballage \u00e0 la fois durable et raffin\u00e9, qui refl\u00e8te l\u2019\u00e9nergie vibrante du parfum ainsi que sa philosophie \u00e9thique et consciente.<br data-start=\"199\" data-end=\"202\" \/>Ce d\u00e9tail soigneusement pens\u00e9 souligne l\u2019harmonie entre la beaut\u00e9, la nature et le design, faisant d\u2019<strong data-start=\"303\" data-end=\"310\">AKA<\/strong> bien plus qu\u2019un simple parfum : une v\u00e9ritable <strong data-start=\"357\" data-end=\"392\">exp\u00e9rience sensorielle compl\u00e8te<\/strong>.<\/p>\n<h3 data-start=\"784\" data-end=\"809\"><strong data-start=\"788\" data-end=\"809\">Profil olfactif :<\/strong><\/h3>\n<p data-start=\"811\" data-end=\"1042\">L\u2019ouverture est lumineuse et exaltante :<br data-start=\"851\" data-end=\"854\" \/>un <strong data-start=\"857\" data-end=\"893\">m\u00e9lange \u00e9clatant de pamplemousse<\/strong>, <strong data-start=\"895\" data-end=\"910\">poivre rose<\/strong>, <strong data-start=\"912\" data-end=\"922\">safran<\/strong> and <strong data-start=\"926\" data-end=\"938\">cannelle<\/strong>.<br data-start=\"939\" data-end=\"942\" \/>Ces notes de t\u00eate \u00e9veillent instantan\u00e9ment les sens avec une \u00e9nergie vive et un optimisme audacieux.<\/p>\n<p data-start=\"1044\" data-end=\"1270\">Au c\u0153ur du parfum, la composition devient plus myst\u00e9rieuse, r\u00e9v\u00e9lant un \u00e9quilibre subtil entre <strong data-start=\"1139\" data-end=\"1160\">baies de geni\u00e8vre<\/strong>, <strong data-start=\"1162\" data-end=\"1173\">lavande<\/strong>, <strong data-start=\"1175\" data-end=\"1188\">patchouli<\/strong> and <strong data-start=\"1192\" data-end=\"1202\">encens<\/strong>.<br data-start=\"1203\" data-end=\"1206\" \/>Un c\u0153ur aromatique et r\u00e9sineux, \u00e0 la fois stimulant et apaisant.<\/p>\n<p data-start=\"1272\" data-end=\"1605\">En fond, <strong data-start=\"1281\" data-end=\"1288\">AKA<\/strong> s\u2019ancre dans la profondeur de la nature. Le <strong data-start=\"1333\" data-end=\"1343\">cypr\u00e8s<\/strong>, le <strong data-start=\"1348\" data-end=\"1365\">bois de c\u00e8dre<\/strong>, l\u2019<strong data-start=\"1369\" data-end=\"1378\">ambre<\/strong> et un <strong data-start=\"1385\" data-end=\"1412\">musc d\u2019origine v\u00e9g\u00e9tale<\/strong> viennent offrir une signature \u00e9l\u00e9gante, bois\u00e9e et sensuelle, qui apaise et captive.<br data-start=\"1496\" data-end=\"1499\" \/>Ce sillage exprime une <strong data-start=\"1522\" data-end=\"1541\">confiance calme<\/strong>, une puissance douce et durable, enracin\u00e9e dans l\u2019authenticit\u00e9.<\/p>\n<h3 data-start=\"663\" data-end=\"701\"><strong data-start=\"667\" data-end=\"701\">1. Clart\u00e9 mentale et optimisme<\/strong><\/h3>\n<ul data-start=\"703\" data-end=\"864\">\n<li data-start=\"703\" data-end=\"792\">\n<p data-start=\"705\" data-end=\"792\"><strong data-start=\"705\" data-end=\"721\">Grapefruit<\/strong> : Rafra\u00eechit l\u2019esprit, \u00e9l\u00e8ve le moral et favorise la clart\u00e9 mentale.<\/p>\n<\/li>\n<li data-start=\"793\" data-end=\"864\">\n<p data-start=\"795\" data-end=\"864\"><strong data-start=\"795\" data-end=\"810\">Poivre rose<\/strong> : Stimule la concentration et renforce la cr\u00e9ativit\u00e9.<\/p>\n<\/li>\n<\/ul>\n<h3 data-start=\"871\" data-end=\"901\"><strong data-start=\"875\" data-end=\"901\">2. Chaleur et vitalit\u00e9<\/strong><\/h3>\n<ul data-start=\"903\" data-end=\"1051\">\n<li data-start=\"903\" data-end=\"971\">\n<p data-start=\"905\" data-end=\"971\"><strong data-start=\"905\" data-end=\"915\">Safran<\/strong> : Apporte de la lumi\u00e8re et une sensation d\u2019optimisme.<\/p>\n<\/li>\n<li data-start=\"972\" data-end=\"1051\">\n<p data-start=\"974\" data-end=\"1051\"><strong data-start=\"974\" data-end=\"986\">Cannelle<\/strong> : Enracine l\u2019esprit, inspire la confiance et booste la vitalit\u00e9.<\/p>\n<\/li>\n<\/ul>\n<h3 data-start=\"1058\" data-end=\"1103\"><strong data-start=\"1062\" data-end=\"1103\">3. Relaxation et \u00e9quilibre \u00e9motionnel<\/strong><\/h3>\n<ul data-start=\"1105\" data-end=\"1299\">\n<li data-start=\"1105\" data-end=\"1195\">\n<p data-start=\"1107\" data-end=\"1195\"><strong data-start=\"1107\" data-end=\"1118\">Lavande<\/strong> : Apaise le mental et r\u00e9duit le stress, favorisant l\u2019\u00e9quilibre \u00e9motionnel.<\/p>\n<\/li>\n<li data-start=\"1196\" data-end=\"1299\">\n<p data-start=\"1198\" data-end=\"1299\"><strong data-start=\"1198\" data-end=\"1211\">Patchouli<\/strong> : Ancre les \u00e9motions gr\u00e2ce \u00e0 sa richesse terreuse, apportant un sentiment de stabilit\u00e9.<\/p>\n<\/li>\n<\/ul>\n<h3 data-start=\"1306\" data-end=\"1357\"><strong data-start=\"1310\" data-end=\"1357\">4. Connexion spirituelle et paix int\u00e9rieure<\/strong><\/h3>\n<ul data-start=\"1359\" data-end=\"1471\">\n<li data-start=\"1359\" data-end=\"1471\">\n<p data-start=\"1361\" data-end=\"1471\"><strong data-start=\"1361\" data-end=\"1371\">Incense<\/strong> : Favorise les \u00e9tats m\u00e9ditatifs, soutient la connexion spirituelle et encourage le calme int\u00e9rieur.<\/p>\n<\/li>\n<\/ul>\n<h3 data-start=\"1478\" data-end=\"1507\"><strong data-start=\"1482\" data-end=\"1507\">5. Renouveau et force<\/strong><\/h3>\n<ul data-start=\"1509\" data-end=\"1661\">\n<li data-start=\"1509\" data-end=\"1602\">\n<p data-start=\"1511\" data-end=\"1602\"><strong data-start=\"1511\" data-end=\"1532\">Baies de geni\u00e8vre<\/strong> : Purifient et revitalisent, favorisant la clart\u00e9 et la r\u00e9silience.<\/p>\n<\/li>\n<li data-start=\"1603\" data-end=\"1661\">\n<p data-start=\"1605\" data-end=\"1661\"><strong data-start=\"1605\" data-end=\"1615\">Cypr\u00e8s<\/strong> : Symbole de renouveau, il fortifie l\u2019esprit.<\/p>\n<\/li>\n<\/ul>\n<h3 data-start=\"1668\" data-end=\"1702\"><strong data-start=\"1672\" data-end=\"1702\">6. Confort et tranquillit\u00e9<\/strong><\/h3>\n<ul data-start=\"1704\" data-end=\"1900\">\n<li data-start=\"1704\" data-end=\"1797\">\n<p data-start=\"1706\" data-end=\"1797\"><strong data-start=\"1706\" data-end=\"1715\">Ambre<\/strong> : Apporte une chaleur r\u00e9confortante, enveloppant les sens d\u2019une douce qui\u00e9tude.<\/p>\n<\/li>\n<li data-start=\"1798\" data-end=\"1900\">\n<p data-start=\"1800\" data-end=\"1900\"><strong data-start=\"1800\" data-end=\"1808\">Musc<\/strong> : Ajoute une sensualit\u00e9 subtile, procurant une sensation g\u00e9n\u00e9rale de calme et de confiance.<\/p>\n<\/li>\n<\/ul>\n<h3 data-start=\"1612\" data-end=\"1640\"><strong data-start=\"1616\" data-end=\"1638\">NOTES OLFACTIVES :<\/strong><\/h3>\n<p data-start=\"1641\" data-end=\"1830\"><strong data-start=\"1641\" data-end=\"1651\">T\u00eate :<\/strong> Pamplemousse \u2013 Poivre rose \u2013 Safran \u2013 Cannelle<br data-start=\"1698\" data-end=\"1701\" \/><strong data-start=\"1701\" data-end=\"1711\">C\u0153ur :<\/strong> Baies de geni\u00e8vre \u2013 Lavande \u2013 Patchouli \u2013 Encens<br data-start=\"1760\" data-end=\"1763\" \/><strong data-start=\"1763\" data-end=\"1773\">Fond :<\/strong> Cypr\u00e8s \u2013 Bois de c\u00e8dre \u2013 Ambre \u2013 Musc d\u2019origine v\u00e9g\u00e9tale<\/p>","protected":false},"excerpt":{"rendered":"<p><strong data-start=\"125\" data-end=\"235\">100 % Naturel | Vegan\u00a0<\/strong><\/p>\n<p><strong>AKA Eau de Parfum<\/strong> est un parfum de transformation. Une fragrance vive et contemporaine, v\u00e9ritable incarnation d\u2019une <strong data-start=\"432\" data-end=\"452\">nouvelle \u00e9nergie<\/strong>. Il insuffle un souffle de renouveau, une vitalit\u00e9 br\u00fblante qui invite \u00e0 se r\u00e9inventer.<\/p>\n<p data-start=\"216\" data-end=\"656\">Plus qu\u2019un parfum, <strong data-start=\"235\" data-end=\"242\">AKA<\/strong> est une exploration sensorielle profonde, con\u00e7ue pour \u00e9veiller les sens, \u00e9quilibrer les \u00e9motions et ancrer l\u2019esprit. Chaque ingr\u00e9dient a \u00e9t\u00e9 soigneusement s\u00e9lectionn\u00e9 non seulement pour son profil olfactif unique, mais aussi pour ses vertus sur le bien-\u00eatre mental, \u00e9motionnel et spirituel. Une alchimie de senteurs naturelles qui transforme l\u2019exp\u00e9rience parfum\u00e9e en un v\u00e9ritable rituel de reconnexion int\u00e9rieure.<\/p>\n<p data-start=\"216\" data-end=\"656\"><strong data-start=\"125\" data-end=\"235\">SANS COLORANT | SANS SILICONE | NON TEST\u00c9 SUR LES ANIMAUX<\/strong><\/p>\n<ul data-start=\"1704\" data-end=\"1900\">\n<li data-start=\"1798\" data-end=\"1900\">\n<p data-start=\"1800\" data-end=\"1900\">\n<\/li>\n<\/ul>","protected":false},"featured_media":39272,"template":"","meta":{"ocean_post_layout":"","ocean_both_sidebars_style":"","ocean_both_sidebars_content_width":0,"ocean_both_sidebars_sidebars_width":0,"ocean_sidebar":"0","ocean_second_sidebar":"0","ocean_disable_margins":"enable","ocean_add_body_class":"","ocean_shortcode_before_top_bar":"","ocean_shortcode_after_top_bar":"","ocean_shortcode_before_header":"","ocean_shortcode_after_header":"","ocean_has_shortcode":"","ocean_shortcode_after_title":"","ocean_shortcode_before_footer_widgets":"","ocean_shortcode_after_footer_widgets":"","ocean_shortcode_before_footer_bottom":"","ocean_shortcode_after_footer_bottom":"","ocean_display_top_bar":"default","ocean_display_header":"default","ocean_header_style":"","ocean_center_header_left_menu":"0","ocean_custom_header_template":"0","ocean_custom_logo":0,"ocean_custom_retina_logo":0,"ocean_custom_logo_max_width":0,"ocean_custom_logo_tablet_max_width":0,"ocean_custom_logo_mobile_max_width":0,"ocean_custom_logo_max_height":0,"ocean_custom_logo_tablet_max_height":0,"ocean_custom_logo_mobile_max_height":0,"ocean_header_custom_menu":"0","ocean_menu_typo_font_family":"0","ocean_menu_typo_font_subset":"","ocean_menu_typo_font_size":0,"ocean_menu_typo_font_size_tablet":0,"ocean_menu_typo_font_size_mobile":0,"ocean_menu_typo_font_size_unit":"px","ocean_menu_typo_font_weight":"","ocean_menu_typo_font_weight_tablet":"","ocean_menu_typo_font_weight_mobile":"","ocean_menu_typo_transform":"","ocean_menu_typo_transform_tablet":"","ocean_menu_typo_transform_mobile":"","ocean_menu_typo_line_height":0,"ocean_menu_typo_line_height_tablet":0,"ocean_menu_typo_line_height_mobile":0,"ocean_menu_typo_line_height_unit":"","ocean_menu_typo_spacing":0,"ocean_menu_typo_spacing_tablet":0,"ocean_menu_typo_spacing_mobile":0,"ocean_menu_typo_spacing_unit":"","ocean_menu_link_color":"","ocean_menu_link_color_hover":"","ocean_menu_link_color_active":"","ocean_menu_link_background":"","ocean_menu_link_hover_background":"","ocean_menu_link_active_background":"","ocean_menu_social_links_bg":"","ocean_menu_social_hover_links_bg":"","ocean_menu_social_links_color":"","ocean_menu_social_hover_links_color":"","ocean_disable_title":"default","ocean_disable_heading":"default","ocean_post_title":"","ocean_post_subheading":"","ocean_post_title_style":"","ocean_post_title_background_color":"","ocean_post_title_background":0,"ocean_post_title_bg_image_position":"","ocean_post_title_bg_image_attachment":"","ocean_post_title_bg_image_repeat":"","ocean_post_title_bg_image_size":"","ocean_post_title_height":0,"ocean_post_title_bg_overlay":0.5,"ocean_post_title_bg_overlay_color":"","ocean_disable_breadcrumbs":"default","ocean_breadcrumbs_color":"","ocean_breadcrumbs_separator_color":"","ocean_breadcrumbs_links_color":"","ocean_breadcrumbs_links_hover_color":"","ocean_display_footer_widgets":"default","ocean_display_footer_bottom":"default","ocean_custom_footer_template":"0"},"product_cat":[21,222,406],"product_tag":[],"class_list":{"0":"post-39271","1":"product","2":"type-product","3":"status-publish","4":"has-post-thumbnail","6":"product_brand-wait","7":"product_cat-soins-du-corps","8":"product_cat-parfums-bien-etre","9":"product_cat-parfums-soins-du-corps","11":"entry","12":"has-media","14":"first","15":"instock","16":"taxable","17":"shipping-taxable","18":"purchasable","19":"product-type-simple","20":"has-product-nav","21":"col","22":"span_1_of_4","23":"owp-content-center","24":"owp-thumbs-layout-horizontal","25":"owp-btn-normal","26":"owp-tabs-layout-horizontal"},"_links":{"self":[{"href":"https:\/\/awesomegreenbeauty.com\/en\/wp-json\/wp\/v2\/product\/39271","targetHints":{"allow":["GET"]}}],"collection":[{"href":"https:\/\/awesomegreenbeauty.com\/en\/wp-json\/wp\/v2\/product"}],"about":[{"href":"https:\/\/awesomegreenbeauty.com\/en\/wp-json\/wp\/v2\/types\/product"}],"version-history":[{"count":0,"href":"https:\/\/awesomegreenbeauty.com\/en\/wp-json\/wp\/v2\/product\/39271\/revisions"}],"wp:featuredmedia":[{"embeddable":true,"href":"https:\/\/awesomegreenbeauty.com\/en\/wp-json\/wp\/v2\/media\/39272"}],"wp:attachment":[{"href":"https:\/\/awesomegreenbeauty.com\/en\/wp-json\/wp\/v2\/media?parent=39271"}],"wp:term":[{"taxonomy":"product_cat","embeddable":true,"href":"https:\/\/awesomegreenbeauty.com\/en\/wp-json\/wp\/v2\/product_cat?post=39271"},{"taxonomy":"product_tag","embeddable":true,"href":"https:\/\/awesomegreenbeauty.com\/en\/wp-json\/wp\/v2\/product_tag?post=39271"}],"curies":[{"name":"wp","href":"https:\/\/api.w.org\/{rel}","templated":true}]}}