{"id":39353,"date":"2025-09-30T17:27:30","date_gmt":"2025-09-30T15:27:30","guid":{"rendered":"https:\/\/awesomegreenbeauty.com\/?post_type=product&#038;p=39353"},"modified":"2025-12-01T18:34:01","modified_gmt":"2025-12-01T17:34:01","slug":"courte-pointe-winter-fall-coussins-assortis-awesome-home","status":"publish","type":"product","link":"https:\/\/awesomegreenbeauty.com\/en\/product\/courte-pointe-winter-fall-coussins-assortis-awesome-home\/","title":{"rendered":"AWESOME HOME &#8211; Courte pointe Winter Fall &#038; Coussin assorti"},"content":{"rendered":"<p>Une jolie Courte pointe\u00a0 r\u00e9versible aux motifs floraux et naturalistes \u00ab\u00a0saumon &amp; violine Grey\u00a0\u00bb pr\u00eat \u00e0 se fondre dans votre int\u00e9rieur.<\/p>\n<p>This<a href=\"https:\/\/awesomegreenbeauty.com\/en\/product-category\/home\/linge-de-maison\/\" target=\"_blank\" rel=\"noopener\"> boutis<\/a> ou couvre lit est assorti de deux coussins.<\/p>\n<p>Un Mismatch du plus bel effet !<\/p>\n<p data-start=\"448\" data-end=\"735\">Apportez une touche d\u2019\u00e9l\u00e9gance et de chaleur \u00e0 votre int\u00e9rieur avec la <strong data-start=\"519\" data-end=\"550\">courte pointe <em data-start=\"535\" data-end=\"548\">Winter Fall<\/em><\/strong> et son c<strong data-start=\"558\" data-end=\"579\">oussin assorti<\/strong>.<br data-start=\"580\" data-end=\"583\" \/>Enti\u00e8rement <strong data-start=\"595\" data-end=\"618\">faits main \u00e0 Jaipur<\/strong>, au c\u0153ur de l\u2019Inde artisanale, ces pi\u00e8ces uniques refl\u00e8tent tout le savoir-faire traditionnel des artisans locaux.<\/p>\n<p data-start=\"737\" data-end=\"1028\">Natural mica offers a luminous finish, while titanium dioxide provides light sun protection and subtle coverage. <strong data-start=\"741\" data-end=\"781\">motifs floraux d\u2019inspiration moghole<\/strong> apportent une atmosph\u00e8re raffin\u00e9e et intemporelle \u00e0 votre chambre. Chaque courte pointe est r\u00e9alis\u00e9e selon des techniques ancestrales de <strong data-start=\"919\" data-end=\"934\">block print<\/strong> infused <strong data-start=\"941\" data-end=\"962\">piquage artisanal<\/strong>, garantissant une finition soign\u00e9e et une douceur incomparable.<\/p>\n<p data-start=\"1030\" data-end=\"1146\"><strong data-start=\"1030\" data-end=\"1079\">Pi\u00e8ce apr\u00e8s pi\u00e8ce, chaque cr\u00e9ation est unique<\/strong>, t\u00e9moignant du charme et de l\u2019authenticit\u00e9 du travail fait main.<\/p>\n<ul>\n<li data-start=\"1706\" data-end=\"1744\">\n<p data-start=\"1708\" data-end=\"1744\">Produit <strong data-start=\"1716\" data-end=\"1742\">authentique et \u00e9thique<\/strong><\/p>\n<\/li>\n<li data-start=\"1745\" data-end=\"1789\">\n<p data-start=\"1747\" data-end=\"1789\"><strong data-start=\"1747\" data-end=\"1760\">Handmade<\/strong> par des artisans qualifi\u00e9s<\/p>\n<\/li>\n<li data-start=\"1790\" data-end=\"1839\">\n<p data-start=\"1792\" data-end=\"1839\"><strong data-start=\"1792\" data-end=\"1812\">Motifs exclusifs<\/strong> inspir\u00e9s de l\u2019art moghol<\/p>\n<\/li>\n<li data-start=\"1840\" data-end=\"1908\">\n<p data-start=\"1842\" data-end=\"1908\">Id\u00e9al pour une <strong data-start=\"1857\" data-end=\"1883\">d\u00e9coration boh\u00e8me chic<\/strong>, naturelle ou ethnique<\/p>\n<\/li>\n<li data-start=\"1909\" data-end=\"1982\">\n<p data-start=\"1911\" data-end=\"1982\"><strong data-start=\"1911\" data-end=\"1928\">Pi\u00e8ce durable<\/strong> gr\u00e2ce \u00e0 la qualit\u00e9 du coton et du travail artisanal<\/p>\n<\/li>\n<\/ul>\n<p>Dimension : 110 x 180 cm<\/p>\n<p>Epaisseur : 3 CM<\/p>\n<p>Coussins housse\u00a0 50X 40 CM<\/p>\n<p>100% Coton &#8211;\u00a0Garnissage 100 % coton<\/p>\n<p>Match it with the pretty blue, green, pink or grey velvet cushions.<\/p>","protected":false},"excerpt":{"rendered":"<p>Une jolie Courte pointe r\u00e9versible aux motifs floraux et naturalistes \u00ab\u00a0saumon &amp; violine Grey\u00a0\u00bb pr\u00eat \u00e0 se fondre dans votre int\u00e9rieur.<\/p>\n<p>Deux coussins assortis au boutis vous sont offerts.<\/p>\n<p>Dimension : 110 x 180 cm<\/p>\n<p>Epaisseur : 3 CM<\/p>\n<p>Coussin housse\u00a0 50X 40 CM<\/p>\n<p>&nbsp;<\/p>","protected":false},"featured_media":39728,"template":"","meta":{"ocean_post_layout":"","ocean_both_sidebars_style":"","ocean_both_sidebars_content_width":0,"ocean_both_sidebars_sidebars_width":0,"ocean_sidebar":"0","ocean_second_sidebar":"0","ocean_disable_margins":"enable","ocean_add_body_class":"","ocean_shortcode_before_top_bar":"","ocean_shortcode_after_top_bar":"","ocean_shortcode_before_header":"","ocean_shortcode_after_header":"","ocean_has_shortcode":"","ocean_shortcode_after_title":"","ocean_shortcode_before_footer_widgets":"","ocean_shortcode_after_footer_widgets":"","ocean_shortcode_before_footer_bottom":"","ocean_shortcode_after_footer_bottom":"","ocean_display_top_bar":"default","ocean_display_header":"default","ocean_header_style":"","ocean_center_header_left_menu":"0","ocean_custom_header_template":"0","ocean_custom_logo":0,"ocean_custom_retina_logo":0,"ocean_custom_logo_max_width":0,"ocean_custom_logo_tablet_max_width":0,"ocean_custom_logo_mobile_max_width":0,"ocean_custom_logo_max_height":0,"ocean_custom_logo_tablet_max_height":0,"ocean_custom_logo_mobile_max_height":0,"ocean_header_custom_menu":"0","ocean_menu_typo_font_family":"0","ocean_menu_typo_font_subset":"","ocean_menu_typo_font_size":0,"ocean_menu_typo_font_size_tablet":0,"ocean_menu_typo_font_size_mobile":0,"ocean_menu_typo_font_size_unit":"px","ocean_menu_typo_font_weight":"","ocean_menu_typo_font_weight_tablet":"","ocean_menu_typo_font_weight_mobile":"","ocean_menu_typo_transform":"","ocean_menu_typo_transform_tablet":"","ocean_menu_typo_transform_mobile":"","ocean_menu_typo_line_height":0,"ocean_menu_typo_line_height_tablet":0,"ocean_menu_typo_line_height_mobile":0,"ocean_menu_typo_line_height_unit":"","ocean_menu_typo_spacing":0,"ocean_menu_typo_spacing_tablet":0,"ocean_menu_typo_spacing_mobile":0,"ocean_menu_typo_spacing_unit":"","ocean_menu_link_color":"","ocean_menu_link_color_hover":"","ocean_menu_link_color_active":"","ocean_menu_link_background":"","ocean_menu_link_hover_background":"","ocean_menu_link_active_background":"","ocean_menu_social_links_bg":"","ocean_menu_social_hover_links_bg":"","ocean_menu_social_links_color":"","ocean_menu_social_hover_links_color":"","ocean_disable_title":"default","ocean_disable_heading":"default","ocean_post_title":"","ocean_post_subheading":"","ocean_post_title_style":"","ocean_post_title_background_color":"","ocean_post_title_background":0,"ocean_post_title_bg_image_position":"","ocean_post_title_bg_image_attachment":"","ocean_post_title_bg_image_repeat":"","ocean_post_title_bg_image_size":"","ocean_post_title_height":0,"ocean_post_title_bg_overlay":0.5,"ocean_post_title_bg_overlay_color":"","ocean_disable_breadcrumbs":"default","ocean_breadcrumbs_color":"","ocean_breadcrumbs_separator_color":"","ocean_breadcrumbs_links_color":"","ocean_breadcrumbs_links_hover_color":"","ocean_display_footer_widgets":"default","ocean_display_footer_bottom":"default","ocean_custom_footer_template":"0"},"product_cat":[187,420],"product_tag":[],"class_list":{"0":"post-39353","1":"product","2":"type-product","3":"status-publish","4":"has-post-thumbnail","6":"product_brand-awesome-home","7":"product_cat-home","8":"product_cat-linge-de-maison","10":"entry","11":"has-media","13":"first","14":"instock","15":"taxable","16":"shipping-taxable","17":"purchasable","18":"product-type-simple","19":"has-product-nav","20":"col","21":"span_1_of_4","22":"owp-content-center","23":"owp-thumbs-layout-horizontal","24":"owp-btn-normal","25":"owp-tabs-layout-horizontal"},"_links":{"self":[{"href":"https:\/\/awesomegreenbeauty.com\/en\/wp-json\/wp\/v2\/product\/39353","targetHints":{"allow":["GET"]}}],"collection":[{"href":"https:\/\/awesomegreenbeauty.com\/en\/wp-json\/wp\/v2\/product"}],"about":[{"href":"https:\/\/awesomegreenbeauty.com\/en\/wp-json\/wp\/v2\/types\/product"}],"version-history":[{"count":0,"href":"https:\/\/awesomegreenbeauty.com\/en\/wp-json\/wp\/v2\/product\/39353\/revisions"}],"wp:featuredmedia":[{"embeddable":true,"href":"https:\/\/awesomegreenbeauty.com\/en\/wp-json\/wp\/v2\/media\/39728"}],"wp:attachment":[{"href":"https:\/\/awesomegreenbeauty.com\/en\/wp-json\/wp\/v2\/media?parent=39353"}],"wp:term":[{"taxonomy":"product_cat","embeddable":true,"href":"https:\/\/awesomegreenbeauty.com\/en\/wp-json\/wp\/v2\/product_cat?post=39353"},{"taxonomy":"product_tag","embeddable":true,"href":"https:\/\/awesomegreenbeauty.com\/en\/wp-json\/wp\/v2\/product_tag?post=39353"}],"curies":[{"name":"wp","href":"https:\/\/api.w.org\/{rel}","templated":true}]}}