{"id":39379,"date":"2025-10-01T16:20:32","date_gmt":"2025-10-01T14:20:32","guid":{"rendered":"https:\/\/awesomegreenbeauty.com\/?post_type=product&#038;p=39379"},"modified":"2026-03-19T17:32:44","modified_gmt":"2026-03-19T16:32:44","slug":"flow-cosmetics-creme-visage-bio-anti-age-retin-lift-3-en-1","status":"publish","type":"product","link":"https:\/\/awesomegreenbeauty.com\/en\/product\/flow-cosmetics-creme-visage-bio-anti-age-retin-lift-3-en-1\/","title":{"rendered":"FLOW COSMETICS- Cr\u00e8me visage Bio anti-\u00e2geRetin Lift 3-en-1 &#8211; 50 ml"},"content":{"rendered":"<p data-start=\"676\" data-end=\"869\">Une routine de soin d\u2019exception avec\u00a0 la <strong data-start=\"739\" data-end=\"768\">cr\u00e8me visage bio anti-\u00e2ge Retin Lift 3-en-1 <\/strong>, formul\u00e9e \u00e0 partir de <strong data-start=\"791\" data-end=\"834\">77% d\u2019ingr\u00e9dients certifi\u00e9s biologiques<\/strong> and <strong data-start=\"838\" data-end=\"866\">100% d\u2019origine naturelle<\/strong>.<\/p>\n<p data-start=\"871\" data-end=\"1261\">Enrichie en <strong data-start=\"883\" data-end=\"915\">eau florale de rose de Damas<\/strong>, <strong data-start=\"917\" data-end=\"938\">huile d\u2019argan bio<\/strong> and <strong data-start=\"942\" data-end=\"967\">huile de rose musqu\u00e9e<\/strong>, cette cr\u00e8me hydrate intens\u00e9ment, nourrit en profondeur et aide \u00e0 r\u00e9g\u00e9n\u00e9rer la peau.<\/p>\n<p data-start=\"871\" data-end=\"1261\">Son complexe antioxydant \u00e0 base de <strong data-start=\"1088\" data-end=\"1120\">grenade, myrtille et airelle<\/strong> prot\u00e8ge contre les radicaux libres, tandis que l\u2019<strong data-start=\"1170\" data-end=\"1192\">hyaluronic acid<\/strong> et l\u2019<strong data-start=\"1198\" data-end=\"1216\">Hexapeptide-11<\/strong> contribuent \u00e0 lisser et raffermir la peau.<\/p>\n<h3 data-start=\"150\" data-end=\"184\">L\u2019Hexapeptide-11 Quesaco\u00a0 ?<\/h3>\n<ul data-start=\"185\" data-end=\"605\">\n<li data-start=\"185\" data-end=\"293\">\n<p data-start=\"187\" data-end=\"293\">It's a <strong data-start=\"196\" data-end=\"235\">peptide bio-ferment\u00e9<\/strong> par fermentation de levures. On l\u2019utilise surtout pour ses <strong data-start=\"518\" data-end=\"602\">effets anti-\u00e2ge : raffermissement, stimulation du collag\u00e8ne, r\u00e9duction des rides<\/strong>.<\/p>\n<\/li>\n<\/ul>\n<p data-start=\"387\" data-end=\"824\">Class\u00e9 comme peptide signal, il agit comme un messager cellulaire, stimulant les fibroblastes de la peau pour am\u00e9liorer sa structure et son apparence.<\/p>\n<h3 data-start=\"826\" data-end=\"854\">Bienfaits pour la Peau<\/h3>\n<ul data-start=\"856\" data-end=\"1413\">\n<li data-start=\"856\" data-end=\"1015\">\n<p data-start=\"858\" data-end=\"1015\"><strong data-start=\"858\" data-end=\"890\">Am\u00e9lioration de l&rsquo;\u00c9lasticit\u00e9<\/strong> : L&rsquo;Hexapeptide-11 stimule la production de collag\u00e8ne et d&rsquo;\u00e9lastine, renfor\u00e7ant ainsi la fermet\u00e9 et l&rsquo;\u00e9lasticit\u00e9 de la peau.<\/p>\n<\/li>\n<li data-start=\"1017\" data-end=\"1159\">\n<p data-start=\"1019\" data-end=\"1159\"><strong data-start=\"1019\" data-end=\"1053\">R\u00e9duction des Rides et Ridules<\/strong> : En favorisant la r\u00e9g\u00e9n\u00e9ration cellulaire, il att\u00e9nue l&rsquo;apparence des signes visibles du vieillissement.<\/p>\n<\/li>\n<li data-start=\"1161\" data-end=\"1301\">\n<p data-start=\"1163\" data-end=\"1301\"><strong data-start=\"1163\" data-end=\"1191\">Propri\u00e9t\u00e9s Antioxydantes<\/strong> : Il prot\u00e8ge la peau contre les agressions environnementales, contribuant \u00e0 une peau plus saine et \u00e9clatante.<\/p>\n<\/li>\n<li data-start=\"1303\" data-end=\"1413\">\n<p data-start=\"1305\" data-end=\"1413\"><strong data-start=\"1305\" data-end=\"1330\">Hydratation Am\u00e9lior\u00e9e<\/strong> : En renfor\u00e7ant la barri\u00e8re cutan\u00e9e, il aide \u00e0 maintenir l&rsquo;hydratation de la peau.<\/p>\n<\/li>\n<\/ul>\n<h3 data-start=\"1415\" data-end=\"1440\">M\u00e9canisme d&rsquo;Action<\/h3>\n<p data-start=\"1442\" data-end=\"1899\">Des \u00e9tudes ont montr\u00e9 que l&rsquo;Hexapeptide-11 active des g\u00e8nes cl\u00e9s responsables de la production de collag\u00e8ne et d&rsquo;autres composants de la matrice extracellulaire, tels que l&rsquo;hyaluronate. Il a \u00e9galement \u00e9t\u00e9 observ\u00e9 qu&rsquo;il augmente l&rsquo;accumulation nucl\u00e9aire de Nrf2, un facteur de transcription antioxydant, et am\u00e9liore l&rsquo;activit\u00e9 des prot\u00e9asomes, r\u00e9duisant ainsi le stress oxydatif et la s\u00e9nescence cellulaire pr\u00e9matur\u00e9e.<\/p>\n<p data-start=\"1263\" data-end=\"1408\">Les huiles essentielles naturelles de <strong data-start=\"1301\" data-end=\"1337\">g\u00e9ranium, orange douce et encens<\/strong> apportent un parfum d\u00e9licat tout en \u00e9quilibrant et apaisant la peau.<\/p>\n<h2 data-start=\"1516\" data-end=\"1556\">B\u00e9n\u00e9fices cl\u00e9s de cette cr\u00e8me bio anti-\u00e2ge<\/h2>\n<ul data-start=\"1557\" data-end=\"1947\">\n<li data-start=\"1557\" data-end=\"1616\">\n<p data-start=\"1559\" data-end=\"1616\">Hydrate et tonifie gr\u00e2ce \u00e0 l\u2019eau florale de rose bio<\/p>\n<\/li>\n<li data-start=\"1557\" data-end=\"1616\">\n<p data-start=\"1559\" data-end=\"1616\">Lisse et raffermit la peau gr\u00e2ce \u00e0 l\u2019Hexapeptide-11 et l\u2019acide hyaluronique<\/p>\n<\/li>\n<li data-start=\"1699\" data-end=\"1767\">\n<p data-start=\"1701\" data-end=\"1767\">Nourrit en profondeur avec l\u2019huile d\u2019argan et la rose musqu\u00e9e<\/p>\n<\/li>\n<li data-start=\"1768\" data-end=\"1837\">\n<p data-start=\"1770\" data-end=\"1837\">Prot\u00e8ge des radicaux libres avec grenade, myrtille et airelle<\/p>\n<\/li>\n<li data-start=\"1838\" data-end=\"1894\">\n<p data-start=\"1840\" data-end=\"1894\">Parfum d\u00e9licat aux huiles essentielles naturelles<\/p>\n<\/li>\n<li data-start=\"1895\" data-end=\"1947\">\n<p data-start=\"1897\" data-end=\"1947\">\u00a0Convient \u00e0 tous types de peaux, m\u00eame sensibles<\/p>\n<\/li>\n<\/ul>\n<p data-start=\"1410\" data-end=\"1509\"><strong data-start=\"1413\" data-end=\"1445\">Certification COSMOS Ecocert<\/strong><br data-start=\"1445\" data-end=\"1448\" \/><strong data-start=\"1451\" data-end=\"1477\">100% naturel \u2013 77% bio<\/strong><\/p>\n<p data-start=\"1410\" data-end=\"1509\"><strong data-start=\"1483\" data-end=\"1507\">Vegan &amp; cruelty-free<\/strong><\/p>","protected":false},"excerpt":{"rendered":"<p>Une routine de soin d\u2019exception avec\u00a0 la <strong data-start=\"739\" data-end=\"768\">cr\u00e8me visage bio anti-\u00e2ge Retin Lift 3-en-1. <\/strong><\/p>\n<p>Formul\u00e9e \u00e0 partir de <strong data-start=\"791\" data-end=\"834\">77% d\u2019ingr\u00e9dients certifi\u00e9s biologiques<\/strong> and <strong data-start=\"838\" data-end=\"866\">100% d\u2019origine naturelle<\/strong>.<\/p>\n<ul>\n<li data-start=\"1557\" data-end=\"1616\">\n<p data-start=\"1559\" data-end=\"1616\">Hydrate et tonifie gr\u00e2ce \u00e0 l\u2019eau florale de rose bio<\/p>\n<\/li>\n<li data-start=\"1617\" data-end=\"1698\">\n<p data-start=\"1619\" data-end=\"1698\">Lisse et raffermit la peau gr\u00e2ce \u00e0 l\u2019Hexapeptide-11 et l\u2019acide hyaluronique<\/p>\n<\/li>\n<li data-start=\"1699\" data-end=\"1767\">\n<p data-start=\"1701\" data-end=\"1767\">Nourrit en profondeur avec l\u2019huile d\u2019argan et la rose musqu\u00e9e<\/p>\n<\/li>\n<li data-start=\"1768\" data-end=\"1837\">\n<p data-start=\"1770\" data-end=\"1837\">Prot\u00e8ge des radicaux libres avec grenade, myrtille et airelle<\/p>\n<\/li>\n<\/ul>\n<p>Pour tout type de peaux m\u00eames les plus sensibles<\/p>","protected":false},"featured_media":39380,"template":"","meta":{"ocean_post_layout":"","ocean_both_sidebars_style":"","ocean_both_sidebars_content_width":0,"ocean_both_sidebars_sidebars_width":0,"ocean_sidebar":"0","ocean_second_sidebar":"0","ocean_disable_margins":"enable","ocean_add_body_class":"","ocean_shortcode_before_top_bar":"","ocean_shortcode_after_top_bar":"","ocean_shortcode_before_header":"","ocean_shortcode_after_header":"","ocean_has_shortcode":"","ocean_shortcode_after_title":"","ocean_shortcode_before_footer_widgets":"","ocean_shortcode_after_footer_widgets":"","ocean_shortcode_before_footer_bottom":"","ocean_shortcode_after_footer_bottom":"","ocean_display_top_bar":"default","ocean_display_header":"default","ocean_header_style":"","ocean_center_header_left_menu":"0","ocean_custom_header_template":"0","ocean_custom_logo":0,"ocean_custom_retina_logo":0,"ocean_custom_logo_max_width":0,"ocean_custom_logo_tablet_max_width":0,"ocean_custom_logo_mobile_max_width":0,"ocean_custom_logo_max_height":0,"ocean_custom_logo_tablet_max_height":0,"ocean_custom_logo_mobile_max_height":0,"ocean_header_custom_menu":"0","ocean_menu_typo_font_family":"0","ocean_menu_typo_font_subset":"","ocean_menu_typo_font_size":0,"ocean_menu_typo_font_size_tablet":0,"ocean_menu_typo_font_size_mobile":0,"ocean_menu_typo_font_size_unit":"px","ocean_menu_typo_font_weight":"","ocean_menu_typo_font_weight_tablet":"","ocean_menu_typo_font_weight_mobile":"","ocean_menu_typo_transform":"","ocean_menu_typo_transform_tablet":"","ocean_menu_typo_transform_mobile":"","ocean_menu_typo_line_height":0,"ocean_menu_typo_line_height_tablet":0,"ocean_menu_typo_line_height_mobile":0,"ocean_menu_typo_line_height_unit":"","ocean_menu_typo_spacing":0,"ocean_menu_typo_spacing_tablet":0,"ocean_menu_typo_spacing_mobile":0,"ocean_menu_typo_spacing_unit":"","ocean_menu_link_color":"","ocean_menu_link_color_hover":"","ocean_menu_link_color_active":"","ocean_menu_link_background":"","ocean_menu_link_hover_background":"","ocean_menu_link_active_background":"","ocean_menu_social_links_bg":"","ocean_menu_social_hover_links_bg":"","ocean_menu_social_links_color":"","ocean_menu_social_hover_links_color":"","ocean_disable_title":"default","ocean_disable_heading":"default","ocean_post_title":"","ocean_post_subheading":"","ocean_post_title_style":"","ocean_post_title_background_color":"","ocean_post_title_background":0,"ocean_post_title_bg_image_position":"","ocean_post_title_bg_image_attachment":"","ocean_post_title_bg_image_repeat":"","ocean_post_title_bg_image_size":"","ocean_post_title_height":0,"ocean_post_title_bg_overlay":0.5,"ocean_post_title_bg_overlay_color":"","ocean_disable_breadcrumbs":"default","ocean_breadcrumbs_color":"","ocean_breadcrumbs_separator_color":"","ocean_breadcrumbs_links_color":"","ocean_breadcrumbs_links_hover_color":"","ocean_display_footer_widgets":"default","ocean_display_footer_bottom":"default","ocean_custom_footer_template":"0"},"product_cat":[79,410,89,87,91,88,409],"product_tag":[],"class_list":{"0":"post-39379","1":"product","2":"type-product","3":"status-publish","4":"has-post-thumbnail","6":"product_brand-flow-cosmetics","7":"product_cat-hydratants-visage-aux-huiles-bio","8":"product_cat-hyperpigmentation-taches-pigmentaires","9":"product_cat-peaux-grasses-mixtes","10":"product_cat-peaux-matures","11":"product_cat-tout-type-de-peau","12":"product_cat-peaux-sensibles-reactives","13":"product_cat-peaux-ternes","15":"entry","16":"has-media","18":"first","19":"instock","20":"taxable","21":"shipping-taxable","22":"purchasable","23":"product-type-simple","24":"has-product-nav","25":"col","26":"span_1_of_4","27":"owp-content-center","28":"owp-thumbs-layout-horizontal","29":"owp-btn-normal","30":"owp-tabs-layout-horizontal"},"_links":{"self":[{"href":"https:\/\/awesomegreenbeauty.com\/en\/wp-json\/wp\/v2\/product\/39379","targetHints":{"allow":["GET"]}}],"collection":[{"href":"https:\/\/awesomegreenbeauty.com\/en\/wp-json\/wp\/v2\/product"}],"about":[{"href":"https:\/\/awesomegreenbeauty.com\/en\/wp-json\/wp\/v2\/types\/product"}],"version-history":[{"count":0,"href":"https:\/\/awesomegreenbeauty.com\/en\/wp-json\/wp\/v2\/product\/39379\/revisions"}],"wp:featuredmedia":[{"embeddable":true,"href":"https:\/\/awesomegreenbeauty.com\/en\/wp-json\/wp\/v2\/media\/39380"}],"wp:attachment":[{"href":"https:\/\/awesomegreenbeauty.com\/en\/wp-json\/wp\/v2\/media?parent=39379"}],"wp:term":[{"taxonomy":"product_cat","embeddable":true,"href":"https:\/\/awesomegreenbeauty.com\/en\/wp-json\/wp\/v2\/product_cat?post=39379"},{"taxonomy":"product_tag","embeddable":true,"href":"https:\/\/awesomegreenbeauty.com\/en\/wp-json\/wp\/v2\/product_tag?post=39379"}],"curies":[{"name":"wp","href":"https:\/\/api.w.org\/{rel}","templated":true}]}}