{"id":39419,"date":"2025-10-03T16:48:57","date_gmt":"2025-10-03T14:48:57","guid":{"rendered":"https:\/\/awesomegreenbeauty.com\/?post_type=product&#038;p=39419"},"modified":"2026-03-12T15:26:54","modified_gmt":"2026-03-12T14:26:54","slug":"house-de-coussin-coton-fait-main-awesome-home","status":"publish","type":"product","link":"https:\/\/awesomegreenbeauty.com\/en\/product\/house-de-coussin-coton-fait-main-awesome-home\/","title":{"rendered":"AWESOME HOME &#8211; Housse de coussin coton fait main Vert \u00e9toil\u00e9 &#8211; 70X40cm"},"content":{"rendered":"<p>Housse de coussin coton fait main Vert \u00e9toil\u00e9 r\u00e9alis\u00e9 par notre petit atelier de Jaipur. La magie de l&rsquo;artisanat qui rend chaque pi\u00e8ce unique. Ce coussin s&rsquo;inscrit dans l&rsquo;esprit de la<a href=\"https:\/\/awesomegreenbeauty.com\/en\/product-category\/home\/\" target=\"_blank\" rel=\"noopener\"><strong> Collection Home de AWESOME .<\/strong><\/a><\/p>\n<p data-start=\"254\" data-end=\"581\">Apportez une touche d\u2019authenticit\u00e9 et de confort \u00e0 votre int\u00e9rieur avec cette housse de <strong data-start=\"347\" data-end=\"377\">coussin unique<\/strong>. Confectionn\u00e9 avec soin par notre petit Atelier de Jaipur\u00a0 pour lequel chaque pi\u00e8ce est unique. Son tissu en coton naturel, doux et respirant, s\u2019int\u00e8gre parfaitement dans une d\u00e9coration boh\u00e8me, scandinave, moderne ou traditionnelle.<\/p>\n<p data-start=\"583\" data-end=\"679\">Id\u00e9al pour le canap\u00e9, le lit ou un fauteuil, ce coussin artisanal allie esth\u00e9tique et confort.<\/p>\n<p>100% popeline de coton.<\/p>\n<h3 data-start=\"681\" data-end=\"705\"><strong data-start=\"681\" data-end=\"703\">Caract\u00e9ristiques de cette housse de coussin coton fait main\u00a0<\/strong><\/h3>\n<ul data-start=\"706\" data-end=\"954\">\n<li data-start=\"706\" data-end=\"742\">\n<p data-start=\"708\" data-end=\"742\">Mati\u00e8re : 100 % coton naturel<\/p>\n<\/li>\n<li data-start=\"743\" data-end=\"786\">\n<p data-start=\"745\" data-end=\"786\">\u270b Fabrication : cousu et fini \u00e0 la main<\/p>\n<\/li>\n<li data-start=\"787\" data-end=\"845\">\n<p data-start=\"789\" data-end=\"845\">\u00a0Dimensions :\u00a0 70&#215;40 cm<\/p>\n<\/li>\n<li data-start=\"787\" data-end=\"845\">\n<p data-start=\"789\" data-end=\"845\">Entretien facile : lavable en machine \u00e0 30 c<\/p>\n<\/li>\n<\/ul>\n<p data-start=\"956\" data-end=\"1001\"><strong data-start=\"956\" data-end=\"999\">Pourquoi choisir cette housse de coussin ?<\/strong><\/p>\n<ul data-start=\"1002\" data-end=\"1174\">\n<li data-start=\"1002\" data-end=\"1036\">\n<p data-start=\"1004\" data-end=\"1036\">Produit unique, non industriel<\/p>\n<\/li>\n<li data-start=\"1037\" data-end=\"1076\">\n<p data-start=\"1039\" data-end=\"1076\">Respectueux des mati\u00e8res naturelles<\/p>\n<\/li>\n<li data-start=\"1077\" data-end=\"1118\">\n<p data-start=\"1079\" data-end=\"1118\">D\u00e9coration chaleureuse et authentique<\/p>\n<\/li>\n<li data-start=\"1119\" data-end=\"1174\">\n<p data-start=\"1121\" data-end=\"1174\">Cadeau parfait pour les amateurs de d\u00e9co artisanale<\/p>\n<\/li>\n<\/ul>\n<p data-start=\"1176\" data-end=\"1342\"><br data-start=\"1204\" data-end=\"1207\" \/>coussin en coton, coussin fait main, coussin artisanal, coussin d\u00e9co coton, housse de coussin artisanale, d\u00e9coration boh\u00e8me en coton.<\/p>","protected":false},"excerpt":{"rendered":"<p>&nbsp;<\/p>\n<p>Housse de coussin coton fait main rose \u00e9toil\u00e9e r\u00e9alis\u00e9 par notre petit atelier de Jaipur. La magie de l&rsquo;artisanat qui rend chaque pi\u00e8ce unique. Ce coussin s&rsquo;inscrit dans l&rsquo;esprit de la<a href=\"https:\/\/awesomegreenbeauty.com\/en\/product-category\/home\/\" target=\"_blank\" rel=\"noopener\"><strong> Collection Home de AWESOME .<\/strong><\/a><\/p>\n<p data-start=\"254\" data-end=\"581\">Apportez une touche d\u2019authenticit\u00e9 et de confort \u00e0 votre int\u00e9rieur avec cette housse de <strong data-start=\"347\" data-end=\"377\">coussin unique<\/strong>. Confectionn\u00e9 avec soin par notre petit Atelier de Jaipur\u00a0 pour lequel chaque pi\u00e8ce est unique. Son tissu en coton naturel, doux et respirant, s\u2019int\u00e8gre parfaitement dans une d\u00e9coration boh\u00e8me, scandinave, moderne ou traditionnelle.<\/p>\n<p data-start=\"583\" data-end=\"679\">Id\u00e9al pour le canap\u00e9, le lit ou un fauteuil, ce coussin artisanal allie esth\u00e9tique et confort.<\/p>","protected":false},"featured_media":39420,"template":"","meta":{"ocean_post_layout":"","ocean_both_sidebars_style":"","ocean_both_sidebars_content_width":0,"ocean_both_sidebars_sidebars_width":0,"ocean_sidebar":"0","ocean_second_sidebar":"0","ocean_disable_margins":"enable","ocean_add_body_class":"","ocean_shortcode_before_top_bar":"","ocean_shortcode_after_top_bar":"","ocean_shortcode_before_header":"","ocean_shortcode_after_header":"","ocean_has_shortcode":"","ocean_shortcode_after_title":"","ocean_shortcode_before_footer_widgets":"","ocean_shortcode_after_footer_widgets":"","ocean_shortcode_before_footer_bottom":"","ocean_shortcode_after_footer_bottom":"","ocean_display_top_bar":"default","ocean_display_header":"default","ocean_header_style":"","ocean_center_header_left_menu":"0","ocean_custom_header_template":"0","ocean_custom_logo":0,"ocean_custom_retina_logo":0,"ocean_custom_logo_max_width":0,"ocean_custom_logo_tablet_max_width":0,"ocean_custom_logo_mobile_max_width":0,"ocean_custom_logo_max_height":0,"ocean_custom_logo_tablet_max_height":0,"ocean_custom_logo_mobile_max_height":0,"ocean_header_custom_menu":"0","ocean_menu_typo_font_family":"0","ocean_menu_typo_font_subset":"","ocean_menu_typo_font_size":0,"ocean_menu_typo_font_size_tablet":0,"ocean_menu_typo_font_size_mobile":0,"ocean_menu_typo_font_size_unit":"px","ocean_menu_typo_font_weight":"","ocean_menu_typo_font_weight_tablet":"","ocean_menu_typo_font_weight_mobile":"","ocean_menu_typo_transform":"","ocean_menu_typo_transform_tablet":"","ocean_menu_typo_transform_mobile":"","ocean_menu_typo_line_height":0,"ocean_menu_typo_line_height_tablet":0,"ocean_menu_typo_line_height_mobile":0,"ocean_menu_typo_line_height_unit":"","ocean_menu_typo_spacing":0,"ocean_menu_typo_spacing_tablet":0,"ocean_menu_typo_spacing_mobile":0,"ocean_menu_typo_spacing_unit":"","ocean_menu_link_color":"","ocean_menu_link_color_hover":"","ocean_menu_link_color_active":"","ocean_menu_link_background":"","ocean_menu_link_hover_background":"","ocean_menu_link_active_background":"","ocean_menu_social_links_bg":"","ocean_menu_social_hover_links_bg":"","ocean_menu_social_links_color":"","ocean_menu_social_hover_links_color":"","ocean_disable_title":"default","ocean_disable_heading":"default","ocean_post_title":"","ocean_post_subheading":"","ocean_post_title_style":"","ocean_post_title_background_color":"","ocean_post_title_background":0,"ocean_post_title_bg_image_position":"","ocean_post_title_bg_image_attachment":"","ocean_post_title_bg_image_repeat":"","ocean_post_title_bg_image_size":"","ocean_post_title_height":0,"ocean_post_title_bg_overlay":0.5,"ocean_post_title_bg_overlay_color":"","ocean_disable_breadcrumbs":"default","ocean_breadcrumbs_color":"","ocean_breadcrumbs_separator_color":"","ocean_breadcrumbs_links_color":"","ocean_breadcrumbs_links_hover_color":"","ocean_display_footer_widgets":"default","ocean_display_footer_bottom":"default","ocean_custom_footer_template":"0"},"product_cat":[421,187],"product_tag":[],"class_list":{"0":"post-39419","1":"product","2":"type-product","3":"status-publish","4":"has-post-thumbnail","6":"product_brand-awesome-home","7":"product_cat-coussins","8":"product_cat-home","10":"entry","11":"has-media","13":"first","14":"instock","15":"taxable","16":"shipping-taxable","17":"purchasable","18":"product-type-simple","19":"has-product-nav","20":"col","21":"span_1_of_4","22":"owp-content-center","23":"owp-thumbs-layout-horizontal","24":"owp-btn-normal","25":"owp-tabs-layout-horizontal","26":"has-no-thumbnails"},"_links":{"self":[{"href":"https:\/\/awesomegreenbeauty.com\/en\/wp-json\/wp\/v2\/product\/39419","targetHints":{"allow":["GET"]}}],"collection":[{"href":"https:\/\/awesomegreenbeauty.com\/en\/wp-json\/wp\/v2\/product"}],"about":[{"href":"https:\/\/awesomegreenbeauty.com\/en\/wp-json\/wp\/v2\/types\/product"}],"version-history":[{"count":0,"href":"https:\/\/awesomegreenbeauty.com\/en\/wp-json\/wp\/v2\/product\/39419\/revisions"}],"wp:featuredmedia":[{"embeddable":true,"href":"https:\/\/awesomegreenbeauty.com\/en\/wp-json\/wp\/v2\/media\/39420"}],"wp:attachment":[{"href":"https:\/\/awesomegreenbeauty.com\/en\/wp-json\/wp\/v2\/media?parent=39419"}],"wp:term":[{"taxonomy":"product_cat","embeddable":true,"href":"https:\/\/awesomegreenbeauty.com\/en\/wp-json\/wp\/v2\/product_cat?post=39419"},{"taxonomy":"product_tag","embeddable":true,"href":"https:\/\/awesomegreenbeauty.com\/en\/wp-json\/wp\/v2\/product_tag?post=39419"}],"curies":[{"name":"wp","href":"https:\/\/api.w.org\/{rel}","templated":true}]}}