{"id":39488,"date":"2025-10-15T15:54:09","date_gmt":"2025-10-15T13:54:09","guid":{"rendered":"https:\/\/awesomegreenbeauty.com\/?post_type=product&#038;p=39488"},"modified":"2025-10-15T15:57:03","modified_gmt":"2025-10-15T13:57:03","slug":"creme-decollete-bio-raffermissante-et-hydratante-anti-age-eclat-naturel","status":"publish","type":"product","link":"https:\/\/awesomegreenbeauty.com\/en\/product\/creme-decollete-bio-raffermissante-et-hydratante-anti-age-eclat-naturel\/","title":{"rendered":"Dafna&rsquo;s &#8211; Cr\u00e8me D\u00e9collet\u00e9 Bio \u2013 Raffermissante et Hydratante, Anti-\u00c2ge &#038; \u00c9clat Naturel -50ml"},"content":{"rendered":"<p data-start=\"597\" data-end=\"868\"><strong>Cr\u00e8me D\u00e9collet\u00e9 Bio \u2013 Raffermissante et Hydratante, Anti-\u00c2ge &amp; \u00c9clat Naturel . Convient aux peaux sensibles, aux femmes enceintes et allaitantes.<\/strong><\/p>\n<p data-start=\"597\" data-end=\"868\">Offrez \u00e0 votre <strong data-start=\"612\" data-end=\"644\">d\u00e9collet\u00e9 un soin sur-mesure<\/strong> with our <strong data-start=\"656\" data-end=\"698\">cr\u00e8me bio raffermissante et hydratante<\/strong>. Sa formule riche en <strong data-start=\"720\" data-end=\"776\">actifs naturels et ingr\u00e9dients certifi\u00e9s biologiques<\/strong> nourrit intens\u00e9ment, lisse les ridules et prot\u00e8ge la peau fragile de cette zone d\u00e9licate.<\/p>\n<p data-start=\"870\" data-end=\"1088\">Gr\u00e2ce \u00e0 une combinaison unique de <strong data-start=\"904\" data-end=\"978\">beurre de karit\u00e9, huiles v\u00e9g\u00e9tales bio, acide hyaluronique et peptides<\/strong>, cette cr\u00e8me stimule l\u2019\u00e9lasticit\u00e9, apporte confort et \u00e9clat, et aide \u00e0 pr\u00e9venir les signes visibles de l\u2019\u00e2ge.<\/p>\n<p data-start=\"1090\" data-end=\"1188\">Sa texture onctueuse p\u00e9n\u00e8tre facilement, laissant la peau douce, souple et visiblement plus ferme.<\/p>\n<h2 data-start=\"1090\" data-end=\"1188\"><strong>For whom?<\/strong><\/h2>\n<p>Peaux matures ou ab\u00eem\u00e9es par le soleil subissant des changements physiologiques et structurels au niveau du cou, du d\u00e9collet\u00e9 et de la m\u00e2choire. Convient aux peaux sensibles, aux femmes enceintes et allaitantes.<br \/>\nUtiliser sur une peau propre et s\u00e8che.<\/p>\n<h2 data-start=\"1090\" data-end=\"1188\">Bienfaits cl\u00e9s de cette Cr\u00e8me raffermissante d\u00e9collet\u00e9<\/h2>\n<p>\u2705 <strong data-start=\"1222\" data-end=\"1245\">Intense hydration<\/strong> gr\u00e2ce au beurre de karit\u00e9 et aux huiles v\u00e9g\u00e9tales bio (Crambe abyssinica, Linum usitatissimum, Gossypium herbaceum).<\/p>\n<p>\u2705 <strong data-start=\"1369\" data-end=\"1403\">Effet raffermissant et lissant<\/strong> : Acetyl hexapeptide-8 et sodium hyaluronate ciblent les ridules et am\u00e9liorent l\u2019\u00e9lasticit\u00e9.<\/p>\n<p>\u2705 <strong data-start=\"1503\" data-end=\"1530\">Protection antioxydante<\/strong> : Extraits de th\u00e9 vert, ginseng, Ganoderma lucidum et chlorella pr\u00e9servent la peau des radicaux libres.<\/p>\n<p>\u2705 <strong data-start=\"1641\" data-end=\"1670\">Nutrition et r\u00e9g\u00e9n\u00e9ration<\/strong> : Allanto\u00efne, hydrolyzed soy protein et phytost\u00e9rols nourrissent et apaisent la peau.<\/p>\n<p>\u2705 <strong data-start=\"1763\" data-end=\"1792\">Soin sensoriel et naturel<\/strong> : Huiles essentielles bio de pelargonium et d\u2019orange douce apportent un parfum d\u00e9licat et agr\u00e9able.<\/p>\n<h2 data-start=\"1899\" data-end=\"1943\">Ingr\u00e9dients principaux et leurs r\u00f4les<\/h2>\n<div class=\"_tableContainer_1rjym_1\">\n<div class=\"group _tableWrapper_1rjym_13 flex w-fit flex-col-reverse\" tabindex=\"-1\">\n<table class=\"w-fit min-w-(--thread-content-width)\" data-start=\"1945\" data-end=\"2551\">\n<thead data-start=\"1945\" data-end=\"1970\">\n<tr data-start=\"1945\" data-end=\"1970\">\n<th data-start=\"1945\" data-end=\"1958\" data-col-size=\"md\">Ingredients<\/th>\n<th data-start=\"1958\" data-end=\"1970\" data-col-size=\"sm\">Function<\/th>\n<\/tr>\n<\/thead>\n<tbody data-start=\"1996\" data-end=\"2551\">\n<tr data-start=\"1996\" data-end=\"2072\">\n<td data-start=\"1996\" data-end=\"2042\" data-col-size=\"md\"><strong data-start=\"1998\" data-end=\"2041\">Butyrospermum parkii (Beurre de karit\u00e9)<\/strong><\/td>\n<td data-col-size=\"sm\" data-start=\"2042\" data-end=\"2072\">Nourrit et prot\u00e8ge la peau<\/td>\n<\/tr>\n<tr data-start=\"2073\" data-end=\"2134\">\n<td data-start=\"2073\" data-end=\"2098\" data-col-size=\"md\"><strong data-start=\"2075\" data-end=\"2097\">Sodium Hyaluronate<\/strong><\/td>\n<td data-col-size=\"sm\" data-start=\"2098\" data-end=\"2134\">Repulpe et hydrate en profondeur<\/td>\n<\/tr>\n<tr data-start=\"2135\" data-end=\"2196\">\n<td data-start=\"2135\" data-end=\"2162\" data-col-size=\"md\"><strong data-start=\"2137\" data-end=\"2161\">Acetyl hexapeptide-8<\/strong><\/td>\n<td data-col-size=\"sm\" data-start=\"2162\" data-end=\"2196\">Raffermit et lisse les ridules<\/td>\n<\/tr>\n<tr data-start=\"2197\" data-end=\"2276\">\n<td data-start=\"2197\" data-end=\"2233\" data-col-size=\"md\"><strong data-start=\"2199\" data-end=\"2232\">Extrait de Ginseng &amp; Th\u00e9 Vert<\/strong><\/td>\n<td data-col-size=\"sm\" data-start=\"2233\" data-end=\"2276\">Antioxydants, stimulent la r\u00e9g\u00e9n\u00e9ration<\/td>\n<\/tr>\n<tr data-start=\"2277\" data-end=\"2366\">\n<td data-start=\"2277\" data-end=\"2332\" data-col-size=\"md\"><strong data-start=\"2279\" data-end=\"2331\">Crambe abyssinica &amp; Linum usitatissimum seed oil<\/strong><\/td>\n<td data-col-size=\"sm\" data-start=\"2332\" data-end=\"2366\">Huiles v\u00e9g\u00e9tales nourrissantes<\/td>\n<\/tr>\n<tr data-start=\"2367\" data-end=\"2474\">\n<td data-start=\"2367\" data-end=\"2431\" data-col-size=\"md\"><strong data-start=\"2369\" data-end=\"2430\">Pelargonium graveolens &amp; Citrus aurantium dulcis peel oil<\/strong><\/td>\n<td data-col-size=\"sm\" data-start=\"2431\" data-end=\"2474\">Doux parfum et effet sensoriel relaxant<\/td>\n<\/tr>\n<tr data-start=\"2475\" data-end=\"2551\">\n<td data-start=\"2475\" data-end=\"2517\" data-col-size=\"md\"><strong data-start=\"2477\" data-end=\"2516\">Allanto\u00efne &amp; Hydrolyzed soy protein<\/strong><\/td>\n<td data-col-size=\"sm\" data-start=\"2517\" data-end=\"2551\">Apaisent et r\u00e9g\u00e9n\u00e8rent la peau<\/td>\n<\/tr>\n<\/tbody>\n<\/table>\n<\/div>\n<\/div>\n<p data-start=\"2553\" data-end=\"2594\"><em data-start=\"2553\" data-end=\"2594\">Ingr\u00e9dients certifi\u00e9s bio selon Cosmos.<\/em><\/p>\n<ul data-start=\"2690\" data-end=\"2879\">\n<li data-start=\"2690\" data-end=\"2724\">\n<p data-start=\"2692\" data-end=\"2724\">Cr\u00e8me raffermissante d\u00e9collet\u00e9 &#8211; Soin d\u00e9collet\u00e9 anti-\u00e2ge bio &#8211; Hydratant zone d\u00e9collet\u00e9 &#8211; Cr\u00e8me anti-rides d\u00e9collet\u00e9 naturelle &#8211;\u00a0Soin peau d\u00e9licate bio &#8211; Cr\u00e8me \u00e9clat d\u00e9collet\u00e9<\/p>\n<\/li>\n<\/ul>","protected":false},"excerpt":{"rendered":"<p data-start=\"597\" data-end=\"868\">Offrez \u00e0 votre <strong data-start=\"612\" data-end=\"644\">d\u00e9collet\u00e9 un soin sur-mesure<\/strong> with our <strong data-start=\"656\" data-end=\"698\">cr\u00e8me bio raffermissante et hydratante<\/strong><\/p>\n<p data-start=\"597\" data-end=\"868\"><strong data-start=\"656\" data-end=\"698\">Voil\u00e0 une cr\u00e8me bio raffermissante et hydratante d\u00e9di\u00e9e au d\u00e9collet\u00e9<\/strong>. Sa formule riche en <strong data-start=\"720\" data-end=\"776\">actifs naturels et ingr\u00e9dients certifi\u00e9s biologiques<\/strong> nourrit intens\u00e9ment, lisse les ridules et prot\u00e8ge la peau fragile de cette zone d\u00e9licate.\u00a0Gr\u00e2ce \u00e0 une combinaison unique de <strong data-start=\"904\" data-end=\"978\">beurre de karit\u00e9, huiles v\u00e9g\u00e9tales bio, acide hyaluronique et peptides<\/strong>, cette cr\u00e8me stimule l\u2019\u00e9lasticit\u00e9, apporte confort et \u00e9clat, et aide \u00e0 pr\u00e9venir les signes visibles de l\u2019\u00e2ge.<\/p>\n<p data-start=\"1090\" data-end=\"1188\">Sa texture onctueuse p\u00e9n\u00e8tre facilement, laissant la peau douce, souple et visiblement plus ferme.<\/p>","protected":false},"featured_media":39489,"template":"","meta":{"ocean_post_layout":"","ocean_both_sidebars_style":"","ocean_both_sidebars_content_width":0,"ocean_both_sidebars_sidebars_width":0,"ocean_sidebar":"0","ocean_second_sidebar":"0","ocean_disable_margins":"enable","ocean_add_body_class":"","ocean_shortcode_before_top_bar":"","ocean_shortcode_after_top_bar":"","ocean_shortcode_before_header":"","ocean_shortcode_after_header":"","ocean_has_shortcode":"","ocean_shortcode_after_title":"","ocean_shortcode_before_footer_widgets":"","ocean_shortcode_after_footer_widgets":"","ocean_shortcode_before_footer_bottom":"","ocean_shortcode_after_footer_bottom":"","ocean_display_top_bar":"default","ocean_display_header":"default","ocean_header_style":"","ocean_center_header_left_menu":"0","ocean_custom_header_template":"0","ocean_custom_logo":0,"ocean_custom_retina_logo":0,"ocean_custom_logo_max_width":0,"ocean_custom_logo_tablet_max_width":0,"ocean_custom_logo_mobile_max_width":0,"ocean_custom_logo_max_height":0,"ocean_custom_logo_tablet_max_height":0,"ocean_custom_logo_mobile_max_height":0,"ocean_header_custom_menu":"0","ocean_menu_typo_font_family":"0","ocean_menu_typo_font_subset":"","ocean_menu_typo_font_size":0,"ocean_menu_typo_font_size_tablet":0,"ocean_menu_typo_font_size_mobile":0,"ocean_menu_typo_font_size_unit":"px","ocean_menu_typo_font_weight":"","ocean_menu_typo_font_weight_tablet":"","ocean_menu_typo_font_weight_mobile":"","ocean_menu_typo_transform":"","ocean_menu_typo_transform_tablet":"","ocean_menu_typo_transform_mobile":"","ocean_menu_typo_line_height":0,"ocean_menu_typo_line_height_tablet":0,"ocean_menu_typo_line_height_mobile":0,"ocean_menu_typo_line_height_unit":"","ocean_menu_typo_spacing":0,"ocean_menu_typo_spacing_tablet":0,"ocean_menu_typo_spacing_mobile":0,"ocean_menu_typo_spacing_unit":"","ocean_menu_link_color":"","ocean_menu_link_color_hover":"","ocean_menu_link_color_active":"","ocean_menu_link_background":"","ocean_menu_link_hover_background":"","ocean_menu_link_active_background":"","ocean_menu_social_links_bg":"","ocean_menu_social_hover_links_bg":"","ocean_menu_social_links_color":"","ocean_menu_social_hover_links_color":"","ocean_disable_title":"default","ocean_disable_heading":"default","ocean_post_title":"","ocean_post_subheading":"","ocean_post_title_style":"","ocean_post_title_background_color":"","ocean_post_title_background":0,"ocean_post_title_bg_image_position":"","ocean_post_title_bg_image_attachment":"","ocean_post_title_bg_image_repeat":"","ocean_post_title_bg_image_size":"","ocean_post_title_height":0,"ocean_post_title_bg_overlay":0.5,"ocean_post_title_bg_overlay_color":"","ocean_disable_breadcrumbs":"default","ocean_breadcrumbs_color":"","ocean_breadcrumbs_separator_color":"","ocean_breadcrumbs_links_color":"","ocean_breadcrumbs_links_hover_color":"","ocean_display_footer_widgets":"default","ocean_display_footer_bottom":"default","ocean_custom_footer_template":"0"},"product_cat":[79,20],"product_tag":[],"class_list":{"0":"post-39488","1":"product","2":"type-product","3":"status-publish","4":"has-post-thumbnail","6":"product_brand-dafnas","7":"product_cat-hydratants-visage-aux-huiles-bio","8":"product_cat-soins-du-visage","10":"entry","11":"has-media","13":"first","14":"instock","15":"taxable","16":"shipping-taxable","17":"purchasable","18":"product-type-simple","19":"has-product-nav","20":"col","21":"span_1_of_4","22":"owp-content-center","23":"owp-thumbs-layout-horizontal","24":"owp-btn-normal","25":"owp-tabs-layout-horizontal"},"_links":{"self":[{"href":"https:\/\/awesomegreenbeauty.com\/en\/wp-json\/wp\/v2\/product\/39488","targetHints":{"allow":["GET"]}}],"collection":[{"href":"https:\/\/awesomegreenbeauty.com\/en\/wp-json\/wp\/v2\/product"}],"about":[{"href":"https:\/\/awesomegreenbeauty.com\/en\/wp-json\/wp\/v2\/types\/product"}],"version-history":[{"count":0,"href":"https:\/\/awesomegreenbeauty.com\/en\/wp-json\/wp\/v2\/product\/39488\/revisions"}],"wp:featuredmedia":[{"embeddable":true,"href":"https:\/\/awesomegreenbeauty.com\/en\/wp-json\/wp\/v2\/media\/39489"}],"wp:attachment":[{"href":"https:\/\/awesomegreenbeauty.com\/en\/wp-json\/wp\/v2\/media?parent=39488"}],"wp:term":[{"taxonomy":"product_cat","embeddable":true,"href":"https:\/\/awesomegreenbeauty.com\/en\/wp-json\/wp\/v2\/product_cat?post=39488"},{"taxonomy":"product_tag","embeddable":true,"href":"https:\/\/awesomegreenbeauty.com\/en\/wp-json\/wp\/v2\/product_tag?post=39488"}],"curies":[{"name":"wp","href":"https:\/\/api.w.org\/{rel}","templated":true}]}}