{"id":39508,"date":"2025-10-15T18:04:17","date_gmt":"2025-10-15T16:04:17","guid":{"rendered":"https:\/\/awesomegreenbeauty.com\/?post_type=product&#038;p=39508"},"modified":"2026-04-17T17:35:17","modified_gmt":"2026-04-17T15:35:17","slug":"creme-corps-bio-hydratation-intense-et-peau-douce","status":"publish","type":"product","link":"https:\/\/awesomegreenbeauty.com\/en\/product\/creme-corps-bio-hydratation-intense-et-peau-douce\/","title":{"rendered":"DAFNA&rsquo;s &#8211; Cr\u00e8me Corps Bio \u2013 Hydratation Intense exfoliation et Peau Douce &#8211; 200 ml"},"content":{"rendered":"<p data-start=\"514\" data-end=\"674\"><strong>DAFNA\u2019s \u2013 Organic Body Cream \u2013 Intense Hydration and Soft Skin \u2013 200 ml<\/strong><\/p>\n<p data-start=\"514\" data-end=\"674\">Silk Renew is a 3-in-1 regenerating cream that transforms the skin from the very first application. Its next-generation formula combines gentle physical and enzymatic exfoliation, bio-retinol, and postbiotics, all in a creamy, no-rinse texture that transforms application into a truly sensory ritual.<\/p>\n<p data-start=\"514\" data-end=\"674\">Give your skin a <strong data-start=\"538\" data-end=\"573\">deep and lasting hydration<\/strong> with our <strong data-start=\"585\" data-end=\"604\">cr\u00e8me corps bio<\/strong>, formul\u00e9e pour nourrir, prot\u00e9ger et adoucir tous les types de peau.<\/p>\n<p data-start=\"676\" data-end=\"704\">Its rich formula combines:<\/p>\n<ul data-start=\"705\" data-end=\"1003\">\n<li data-start=\"705\" data-end=\"806\">\n<p data-start=\"707\" data-end=\"806\"><strong data-start=\"707\" data-end=\"751\">Shea butter and organic vegetable oils<\/strong> (coco, lin, coton) pour nourrir et prot\u00e9ger la peau.<\/p>\n<\/li>\n<li data-start=\"807\" data-end=\"904\">\n<p data-start=\"809\" data-end=\"904\"><strong data-start=\"809\" data-end=\"832\">Botanic extracts<\/strong> (centella, green tea, aloe vera) to soothe, regenerate, and brighten.<\/p>\n<\/li>\n<li data-start=\"905\" data-end=\"1003\">\n<p data-start=\"907\" data-end=\"1003\"><strong data-start=\"907\" data-end=\"947\">Natural and biotechnological assets<\/strong> to improve skin texture and elasticity.<\/p>\n<\/li>\n<\/ul>\n<p data-start=\"1005\" data-end=\"1143\">Its creamy texture is easily absorbed, leaving the skin soft, supple, and delicately scented with natural essential oils.<\/p>\n<p>Key benefits<\/p>\n<p data-start=\"1177\" data-end=\"1253\"><strong data-start=\"1179\" data-end=\"1207\">Hydration and nutrition<\/strong> : Beurre de karit\u00e9 et huiles v\u00e9g\u00e9tales bio.<\/p>\n<p data-start=\"1256\" data-end=\"1323\"><strong data-start=\"1258\" data-end=\"1281\">Soft and smooth skin<\/strong> : Rich texture that absorbs quickly.<\/p>\n<p data-start=\"1326\" data-end=\"1406\"><strong data-start=\"1328\" data-end=\"1358\">Regeneration and soothing<\/strong> : Aloe vera, centella, and botanical extracts.<\/p>\n<p data-start=\"1409\" data-end=\"1469\"><strong data-start=\"1411\" data-end=\"1428\">Natural glow<\/strong> : Th\u00e9 vert et huiles essentielles bio.<\/p>\n<p data-start=\"1472\" data-end=\"1556\"><strong data-start=\"1474\" data-end=\"1500\">100 % Natural &amp; Vegan<\/strong> Free from parabens, silicones, mineral oils, and GMOs.<\/p>\n<h3 data-start=\"1472\" data-end=\"1556\"><strong>\u00a0Key ingredients<\/strong><\/h3>\n<div class=\"_tableContainer_1rjym_1\">\n<div class=\"group _tableWrapper_1rjym_13 flex w-fit flex-col-reverse\" tabindex=\"-1\">\n<table class=\"w-fit min-w-(--thread-content-width)\" data-start=\"1590\" data-end=\"2097\">\n<thead data-start=\"1590\" data-end=\"1615\">\n<tr data-start=\"1590\" data-end=\"1615\">\n<th data-start=\"1590\" data-end=\"1603\" data-col-size=\"md\">Ingredients<\/th>\n<th data-start=\"1603\" data-end=\"1615\" data-col-size=\"sm\">Function<\/th>\n<\/tr>\n<\/thead>\n<tbody data-start=\"1641\" data-end=\"2097\">\n<tr data-start=\"1641\" data-end=\"1714\">\n<td data-start=\"1641\" data-end=\"1687\" data-col-size=\"md\"><strong data-start=\"1643\" data-end=\"1686\">Butyrospermum Parkii (shea butter)<\/strong><\/td>\n<td data-col-size=\"sm\" data-start=\"1687\" data-end=\"1714\">Moisturizing and protective<\/td>\n<\/tr>\n<tr data-start=\"1715\" data-end=\"1774\">\n<td data-start=\"1715\" data-end=\"1752\" data-col-size=\"md\"><strong data-start=\"1717\" data-end=\"1751\">Cocos Nucifera (coconut oil)<\/strong><\/td>\n<td data-col-size=\"sm\" data-start=\"1752\" data-end=\"1774\">Nourishes and softens<\/td>\n<\/tr>\n<tr data-start=\"1775\" data-end=\"1874\">\n<td data-start=\"1775\" data-end=\"1842\" data-col-size=\"md\"><strong data-start=\"1777\" data-end=\"1841\">Linum Usitatissimum &amp; Gossypium Herbaceum (vegetable oils)<\/strong><\/td>\n<td data-col-size=\"sm\" data-start=\"1842\" data-end=\"1874\">Skin protection and comfort<\/td>\n<\/tr>\n<tr data-start=\"1875\" data-end=\"1962\">\n<td data-start=\"1875\" data-end=\"1936\" data-col-size=\"md\"><strong data-start=\"1877\" data-end=\"1935\">Aloe Barbadensis, Centella Asiatica, Camellia Sinensis<\/strong><\/td>\n<td data-col-size=\"sm\" data-start=\"1936\" data-end=\"1962\">Soothe and regenerate<\/td>\n<\/tr>\n<tr data-start=\"1963\" data-end=\"2016\">\n<td data-start=\"1963\" data-end=\"1991\" data-col-size=\"md\"><strong data-start=\"1965\" data-end=\"1990\">Tocopherol &amp; Squalene<\/strong><\/td>\n<td data-col-size=\"sm\" data-start=\"1991\" data-end=\"2016\">Natural antioxidants<\/td>\n<\/tr>\n<tr data-start=\"2017\" data-end=\"2097\">\n<td data-start=\"2017\" data-end=\"2054\" data-col-size=\"md\"><strong data-start=\"2019\" data-end=\"2053\">Natural essential oils<\/strong><\/td>\n<td data-col-size=\"sm\" data-start=\"2054\" data-end=\"2097\">Fragrance and aromatherapeutic benefits<\/td>\n<\/tr>\n<\/tbody>\n<\/table>\n<\/div>\n<\/div>\n<ul data-start=\"2195\" data-end=\"2329\">\n<li data-start=\"2195\" data-end=\"2227\">\n<p data-start=\"2197\" data-end=\"2227\">Soin hydratant corps naturel . Cr\u00e8me corps nourrissante bio . Lait corps v\u00e9g\u00e9tal . Soin peau douce bio . Cr\u00e8me corps v\u00e9gan.<\/p>\n<\/li>\n<\/ul>\n<p>&nbsp;<\/p>","protected":false},"excerpt":{"rendered":"<p><strong>99% Natural | Organic | Vegan | Cream that combines enzymatic exfoliation &amp; intense hydration<\/strong><\/p>\n<p>Silk Renew is a 3-in-1 regenerating cream that transforms the skin from the very first application.<\/p>\n<p>Its new-generation formula combines gentle physical and enzymatic exfoliation, bio-retinol, and postbiotics, all in a creamy, no-rinse texture that transforms application into a truly sensory ritual.<br data-start=\"563\" data-end=\"566\" \/>Rich in <strong data-start=\"575\" data-end=\"619\">shea butter and organic vegetable oils<\/strong>It intensely moisturizes and deeply nourishes.<br data-start=\"671\" data-end=\"674\" \/>Natural mica offers a luminous finish, while titanium dioxide provides light sun protection and subtle coverage. <strong data-start=\"678\" data-end=\"701\">botanical extracts<\/strong> (centella, aloe vera, green tea) soothe and regenerate the skin.<br data-start=\"765\" data-end=\"768\" \/>Creamy texture, delicate scent of natural essential oils, 100% vegan and free from harmful substances.<\/p>\n<p>&nbsp;<\/p>","protected":false},"featured_media":39509,"template":"","meta":{"ocean_post_layout":"","ocean_both_sidebars_style":"","ocean_both_sidebars_content_width":0,"ocean_both_sidebars_sidebars_width":0,"ocean_sidebar":"0","ocean_second_sidebar":"0","ocean_disable_margins":"enable","ocean_add_body_class":"","ocean_shortcode_before_top_bar":"","ocean_shortcode_after_top_bar":"","ocean_shortcode_before_header":"","ocean_shortcode_after_header":"","ocean_has_shortcode":"","ocean_shortcode_after_title":"","ocean_shortcode_before_footer_widgets":"","ocean_shortcode_after_footer_widgets":"","ocean_shortcode_before_footer_bottom":"","ocean_shortcode_after_footer_bottom":"","ocean_display_top_bar":"default","ocean_display_header":"default","ocean_header_style":"","ocean_center_header_left_menu":"0","ocean_custom_header_template":"0","ocean_custom_logo":0,"ocean_custom_retina_logo":0,"ocean_custom_logo_max_width":0,"ocean_custom_logo_tablet_max_width":0,"ocean_custom_logo_mobile_max_width":0,"ocean_custom_logo_max_height":0,"ocean_custom_logo_tablet_max_height":0,"ocean_custom_logo_mobile_max_height":0,"ocean_header_custom_menu":"0","ocean_menu_typo_font_family":"0","ocean_menu_typo_font_subset":"","ocean_menu_typo_font_size":0,"ocean_menu_typo_font_size_tablet":0,"ocean_menu_typo_font_size_mobile":0,"ocean_menu_typo_font_size_unit":"px","ocean_menu_typo_font_weight":"","ocean_menu_typo_font_weight_tablet":"","ocean_menu_typo_font_weight_mobile":"","ocean_menu_typo_transform":"","ocean_menu_typo_transform_tablet":"","ocean_menu_typo_transform_mobile":"","ocean_menu_typo_line_height":0,"ocean_menu_typo_line_height_tablet":0,"ocean_menu_typo_line_height_mobile":0,"ocean_menu_typo_line_height_unit":"","ocean_menu_typo_spacing":0,"ocean_menu_typo_spacing_tablet":0,"ocean_menu_typo_spacing_mobile":0,"ocean_menu_typo_spacing_unit":"","ocean_menu_link_color":"","ocean_menu_link_color_hover":"","ocean_menu_link_color_active":"","ocean_menu_link_background":"","ocean_menu_link_hover_background":"","ocean_menu_link_active_background":"","ocean_menu_social_links_bg":"","ocean_menu_social_hover_links_bg":"","ocean_menu_social_links_color":"","ocean_menu_social_hover_links_color":"","ocean_disable_title":"default","ocean_disable_heading":"default","ocean_post_title":"","ocean_post_subheading":"","ocean_post_title_style":"","ocean_post_title_background_color":"","ocean_post_title_background":0,"ocean_post_title_bg_image_position":"","ocean_post_title_bg_image_attachment":"","ocean_post_title_bg_image_repeat":"","ocean_post_title_bg_image_size":"","ocean_post_title_height":0,"ocean_post_title_bg_overlay":0.5,"ocean_post_title_bg_overlay_color":"","ocean_disable_breadcrumbs":"default","ocean_breadcrumbs_color":"","ocean_breadcrumbs_separator_color":"","ocean_breadcrumbs_links_color":"","ocean_breadcrumbs_links_hover_color":"","ocean_display_footer_widgets":"default","ocean_display_footer_bottom":"default","ocean_custom_footer_template":"0"},"product_cat":[21,94,95],"product_tag":[],"class_list":{"0":"post-39508","1":"product","2":"type-product","3":"status-publish","4":"has-post-thumbnail","6":"product_brand-dafnas","7":"product_cat-soins-du-corps","8":"product_cat-exfoliants-produits-soins-du-corps","9":"product_cat-huiles-et-cremes-pour-le-corps","11":"entry","12":"has-media","14":"first","15":"instock","16":"taxable","17":"shipping-taxable","18":"purchasable","19":"product-type-simple","20":"has-product-nav","21":"col","22":"span_1_of_4","23":"owp-content-center","24":"owp-thumbs-layout-horizontal","25":"owp-btn-normal","26":"owp-tabs-layout-horizontal"},"_links":{"self":[{"href":"https:\/\/awesomegreenbeauty.com\/en\/wp-json\/wp\/v2\/product\/39508","targetHints":{"allow":["GET"]}}],"collection":[{"href":"https:\/\/awesomegreenbeauty.com\/en\/wp-json\/wp\/v2\/product"}],"about":[{"href":"https:\/\/awesomegreenbeauty.com\/en\/wp-json\/wp\/v2\/types\/product"}],"version-history":[{"count":0,"href":"https:\/\/awesomegreenbeauty.com\/en\/wp-json\/wp\/v2\/product\/39508\/revisions"}],"wp:featuredmedia":[{"embeddable":true,"href":"https:\/\/awesomegreenbeauty.com\/en\/wp-json\/wp\/v2\/media\/39509"}],"wp:attachment":[{"href":"https:\/\/awesomegreenbeauty.com\/en\/wp-json\/wp\/v2\/media?parent=39508"}],"wp:term":[{"taxonomy":"product_cat","embeddable":true,"href":"https:\/\/awesomegreenbeauty.com\/en\/wp-json\/wp\/v2\/product_cat?post=39508"},{"taxonomy":"product_tag","embeddable":true,"href":"https:\/\/awesomegreenbeauty.com\/en\/wp-json\/wp\/v2\/product_tag?post=39508"}],"curies":[{"name":"wp","href":"https:\/\/api.w.org\/{rel}","templated":true}]}}