{"id":39706,"date":"2025-11-29T16:36:44","date_gmt":"2025-11-29T15:36:44","guid":{"rendered":"https:\/\/awesomegreenbeauty.com\/?post_type=product&#038;p=39706"},"modified":"2026-03-18T13:09:29","modified_gmt":"2026-03-18T12:09:29","slug":"nettoyant-demaquillant-botanique-soin-repousse-cheveux","status":"publish","type":"product","link":"https:\/\/awesomegreenbeauty.com\/en\/product\/nettoyant-demaquillant-botanique-soin-repousse-cheveux\/","title":{"rendered":"FIFTY7KIND &#8211; Nettoyant D\u00e9maquillant Botanique &#038; Soin Repousse Cheveux &#8211; 50ml"},"content":{"rendered":"<p data-start=\"581\" data-end=\"1025\"><strong data-start=\"611\" data-end=\"642\">Nettoyant d\u00e9maquillant doux<\/strong> et un <strong data-start=\"649\" data-end=\"685\">stimulant de la repousse capillaire<\/strong> dans une formule unique riche en huiles v\u00e9g\u00e9tales, extraits ferment\u00e9s et plantes revitalisantes. Un soin multi-fonction pour une solution visage, &amp; cuir chevelu.<br data-start=\"782\" data-end=\"785\" \/>Its unique <strong data-start=\"788\" data-end=\"807\">texture soyeuse<\/strong> dissout maquillage, filtres solaires et impuret\u00e9s sans agresser la peau. Les huiles de <strong data-start=\"895\" data-end=\"956\">concombre, courge, kiwi, papaye, jojoba, argan et nigelle<\/strong> r\u00e9\u00e9quilibrent le film hydrolipidique et restaurent \u00e9clat et douceur.<\/p>\n<p data-start=\"1027\" data-end=\"1414\">En application capillaire, la synergie d\u2019huiles actives (<strong data-start=\"1084\" data-end=\"1123\">nigelle, ricin, neem, papaye, argan<\/strong>) et d\u2019extraits botaniques (<strong data-start=\"1151\" data-end=\"1209\">schisandra, r\u00e9glisse, ortie, menthe poivr\u00e9e, \u00e9chinac\u00e9e<\/strong>) favorise la microcirculation, apaise le cuir chevelu et soutient la <strong data-start=\"1279\" data-end=\"1291\">repousse<\/strong>.<br data-start=\"1292\" data-end=\"1295\" \/>Les ferments naturels am\u00e9liorent l\u2019absorption des actifs et participent \u00e0 un microbiome cutan\u00e9 et capillaire \u00e9quilibr\u00e9.<\/p>\n<p data-start=\"688\" data-end=\"1238\">Nettoyant d\u00e9maquillant botanique et soin repousse cheveux un <strong data-start=\"696\" data-end=\"706\">3-in-1<\/strong> nouvelle g\u00e9n\u00e9ration, formul\u00e9 pour nettoyer, d\u00e9maquiller et revitaliser la peau, le cuir chevelu et les cheveux gr\u00e2ce \u00e0 une synergie unique de <strong data-start=\"849\" data-end=\"874\">ferments enzymatiques<\/strong>, d\u2019huiles botaniques rares et d\u2019une infusion artisanale de plantes certifi\u00e9es bio, matur\u00e9e pendant <strong data-start=\"974\" data-end=\"986\">90 jours<\/strong>.<br data-start=\"987\" data-end=\"990\" \/>Sa texture <strong data-start=\"1001\" data-end=\"1018\">huile-to-lait<\/strong>\u00a0dissout SPF, maquillage, pollution, exc\u00e8s de s\u00e9bum et r\u00e9sidus capillaires sans perturber le microbiome. Elle laisse la peau douce, le cuir chevelu \u00e9quilibr\u00e9, et les cheveux plus \u00e9pais, plus brillants et plus r\u00e9sistants.<\/p>\n<p data-start=\"1240\" data-end=\"1646\">Enrichi en enzymes ferment\u00e9s pour une <strong data-start=\"1278\" data-end=\"1300\">exfoliation cibl\u00e9e<\/strong>, il optimise la r\u00e9g\u00e9n\u00e9ration cutan\u00e9e et encourage un environnement id\u00e9al pour la <strong data-start=\"1382\" data-end=\"1394\">repousse<\/strong>. L\u2019ALA du kiwi, la vitamine E, les phytost\u00e9rols et le squal\u00e8ne prot\u00e8gent la barri\u00e8re cutan\u00e9e et pr\u00e9viennent le dess\u00e8chement.<br data-start=\"1519\" data-end=\"1522\" \/>Formul\u00e9 <strong data-start=\"1530\" data-end=\"1568\">sans parfum ni huiles essentielles<\/strong>, ce soin convient aux peaux les plus r\u00e9actives, sensibilis\u00e9es ou fragilis\u00e9es.<\/p>\n<h2 data-start=\"1027\" data-end=\"1414\">LA FERMENTATION<\/h2>\n<p>Cinq plantes certifi\u00e9es biologiques soigneusement s\u00e9lectionn\u00e9es subissent un processus de fusion incroyablement puissant et contr\u00f4l\u00e9 dans le temps, d&rsquo;une dur\u00e9e de 90 jours. Ce processus d\u00e9lib\u00e9r\u00e9ment lent et \u00e0 temp\u00e9rature contr\u00f4l\u00e9e prot\u00e8ge les compos\u00e9s v\u00e9g\u00e9taux d\u00e9licats de la chaleur excessive, qui permet de capturer tous les compos\u00e9s phyto-biocompatibles liposolubles que votre peau reconna\u00eet et utilise naturellement. <strong>+ Feuille de th\u00e9 vert+ Feuille d&rsquo;ortie+ Fleur d&rsquo;\u00e9chinac\u00e9e+ Feuille de menthe poivr\u00e9e+ Feuille d&rsquo;\u00e9pilobe pour cr\u00e9er des synergies uniques. <\/strong>Une alchimie unique. Les graines de kiwi offrent une tr\u00e8s forte concentration en ALA (acide alpha-linol\u00e9nique), qui aide \u00e0 maintenir l&rsquo;hydratation de la peau et des cheveux et \u00e0 pr\u00e9venir le dess\u00e8chement et la desquamation. La vitamine E, les phytost\u00e9rols et le squal\u00e8ne offrent une protection antioxydante qui aide \u00e0 neutraliser les dommages caus\u00e9s par les rayons UV. Prenez soin de votre peau, de votre cuir chevelu et de vos cheveux\u00a0 avec ZUCI !<\/p>\n<p data-start=\"1416\" data-end=\"1499\">Un soin complet, intelligent, con\u00e7u pour les routines minimalistes mais exigeantes.<\/p>\n<h2 data-start=\"1506\" data-end=\"1530\"><strong data-start=\"1508\" data-end=\"1530\">B\u00e9n\u00e9fices Cl\u00e9s\u00a0<\/strong><\/h2>\n<ul data-start=\"1531\" data-end=\"1913\">\n<li data-start=\"1531\" data-end=\"1576\">\n<p data-start=\"1533\" data-end=\"1576\">D\u00e9maquille efficacement (m\u00eame waterproof)<\/p>\n<\/li>\n<li data-start=\"1577\" data-end=\"1631\">\n<p data-start=\"1579\" data-end=\"1631\">Nettoie sans d\u00e9caper, pr\u00e9serve la barri\u00e8re cutan\u00e9e<\/p>\n<\/li>\n<li data-start=\"1632\" data-end=\"1671\">\n<p data-start=\"1634\" data-end=\"1671\">Nourrit, apaise et illumine la peau<\/p>\n<\/li>\n<li data-start=\"1672\" data-end=\"1719\">\n<p data-start=\"1674\" data-end=\"1719\">Stimule la microcirculation du cuir chevelu<\/p>\n<\/li>\n<li data-start=\"1720\" data-end=\"1767\">\n<p data-start=\"1722\" data-end=\"1767\">Favorise la repousse et renforce les fibres<\/p>\n<\/li>\n<li data-start=\"1768\" data-end=\"1831\">\n<p data-start=\"1770\" data-end=\"1831\">Multi-usage : visage, contour des yeux, barbe, cuir chevelu<\/p>\n<\/li>\n<li data-start=\"1832\" data-end=\"1877\">\n<p data-start=\"1834\" data-end=\"1877\">Texture soyeuse, non grasse apr\u00e8s rin\u00e7age<\/p>\n<\/li>\n<li data-start=\"1878\" data-end=\"1913\">\n<p data-start=\"1880\" data-end=\"1913\">Parfum botanique frais, naturel<\/p>\n<\/li>\n<\/ul>\n<h2 data-start=\"1920\" data-end=\"1951\"><strong data-start=\"1922\" data-end=\"1951\">Actifs\u00a0<\/strong><\/h2>\n<ul data-start=\"1952\" data-end=\"2370\">\n<li data-start=\"1952\" data-end=\"2035\">\n<p data-start=\"1954\" data-end=\"2035\"><strong data-start=\"1954\" data-end=\"1980\">Ricin + Nigelle + Neem<\/strong> : stimulation de la croissance, ancrage du follicule<\/p>\n<\/li>\n<li data-start=\"2036\" data-end=\"2115\">\n<p data-start=\"2038\" data-end=\"2115\"><strong data-start=\"2038\" data-end=\"2073\">Concombre, Courge, Kiwi, Papaye<\/strong> : nutrition, \u00e9clat, \u00e9quilibre lipidique<\/p>\n<\/li>\n<li data-start=\"2116\" data-end=\"2208\">\n<p data-start=\"2118\" data-end=\"2208\"><strong data-start=\"2118\" data-end=\"2160\">Schisandra, R\u00e9glisse, Shiunko, Romarin<\/strong> : apaisants, r\u00e9g\u00e9n\u00e9rants, anti-inflammatoires<\/p>\n<\/li>\n<li data-start=\"2209\" data-end=\"2290\">\n<p data-start=\"2211\" data-end=\"2290\"><strong data-start=\"2211\" data-end=\"2245\">Menthe poivr\u00e9e, Ortie, \u00c9pilobe<\/strong> : tonifiants et r\u00e9\u00e9quilibrants capillaires<\/p>\n<\/li>\n<li data-start=\"2291\" data-end=\"2370\">\n<p data-start=\"2293\" data-end=\"2370\"><strong data-start=\"2293\" data-end=\"2316\">Ferments botaniques<\/strong> : meilleure biodisponibilit\u00e9 et microbiome renforc\u00e9<\/p>\n<\/li>\n<\/ul>\n<p data-start=\"2406\" data-end=\"2660\">Nettoyant d\u00e9maquillant naturel * Huile d\u00e9maquillante multi-usage * Soin repousse cheveux naturel * Huile stimulateur de pousse * D\u00e9maquillant huiles v\u00e9g\u00e9tales * Soin cuir chevelu botanique<br data-start=\"2594\" data-end=\"2597\" \/>*Rituel beaut\u00e9 minimaliste<\/p>","protected":false},"excerpt":{"rendered":"<h3>Nettoyant D\u00e9maquillant \u2013 Soin Cuir Chevelu \u2013 Stimulateur de Repousse <strong>3-en-1 multi prim\u00e9 !<\/strong><\/h3>\n<p><strong>100 % D&rsquo;ORIGINE NATURELLE | 35 % CERTIFI\u00c9 BIOLOGIQUE | 50,7 % ISSUE DE LA COLLECTE SAUVAGE DURABLE | FERMENT\u00c9E 14,3 % SANS OGM | V\u00c9G\u00c9TALIENNE | SANS CRUAUT\u00c9 | BOUTEILLE\/EMBALLAGE RECYCLABLE | SANS PARFUM<\/strong><\/p>\n<p data-start=\"1680\" data-end=\"1713\"><strong data-start=\"1683\" data-end=\"1713\">Exfoliation &amp; Purification : <\/strong>Enzymes ferment\u00e9s :<strong> exfoliation douce, pr\u00e9cise et non irritante.\u00a0<\/strong>D\u00e9toxifie et lib\u00e8re les pores. Dissout maquillage, SPF, huiles, pollution et impuret\u00e9s quotidiennes<\/p>\n<h4 data-start=\"1888\" data-end=\"1924\"><strong data-start=\"1891\" data-end=\"1924\">Microbiome &amp; Barri\u00e8re Cutan\u00e9e :<\/strong>Augmente les niveaux de microbiote a\u00e9robie\/ana\u00e9robie <strong data-start=\"2028\" data-end=\"2069\">sans perturber l\u2019\u00e9quilibre individuel. <\/strong>Convient aux peaux et cuirs chevelus sensibles, r\u00e9actifs, irrit\u00e9s<\/h4>\n<h4 data-start=\"2143\" data-end=\"2178\"><strong data-start=\"2146\" data-end=\"2178\">Repousse &amp; Volume Capillaire :<\/strong>Effet imm\u00e9diat sur le <strong data-start=\"2203\" data-end=\"2238\">diam\u00e8tre des fibres capillaires.\u00a0<\/strong>Am\u00e9liore l\u2019\u00e9lasticit\u00e9, la densit\u00e9 et la r\u00e9sistance \u00e0 la casse et\u00a0Optimise l\u2019environnement du cuir chevelu pour la repousse<\/h4>\n<h4 data-start=\"2404\" data-end=\"2433\"><strong data-start=\"2407\" data-end=\"2433\">Texture &amp; Sensorialit\u00e9 :\u00a0<\/strong>Huile luxueuse qui se transforme en lait au contact de l\u2019eau<\/h4>\n<p data-start=\"2501\" data-end=\"2534\">Aucun film gras, rin\u00e7age propre<\/p>\n<p data-start=\"2537\" data-end=\"2578\">Exp\u00e9rience dermatologique haute tol\u00e9rance<\/p>\n<p>&nbsp;<\/p>","protected":false},"featured_media":39744,"template":"","meta":{"ocean_post_layout":"","ocean_both_sidebars_style":"","ocean_both_sidebars_content_width":0,"ocean_both_sidebars_sidebars_width":0,"ocean_sidebar":"0","ocean_second_sidebar":"0","ocean_disable_margins":"enable","ocean_add_body_class":"","ocean_shortcode_before_top_bar":"","ocean_shortcode_after_top_bar":"","ocean_shortcode_before_header":"","ocean_shortcode_after_header":"","ocean_has_shortcode":"","ocean_shortcode_after_title":"","ocean_shortcode_before_footer_widgets":"","ocean_shortcode_after_footer_widgets":"","ocean_shortcode_before_footer_bottom":"","ocean_shortcode_after_footer_bottom":"","ocean_display_top_bar":"default","ocean_display_header":"default","ocean_header_style":"","ocean_center_header_left_menu":"0","ocean_custom_header_template":"0","ocean_custom_logo":0,"ocean_custom_retina_logo":0,"ocean_custom_logo_max_width":0,"ocean_custom_logo_tablet_max_width":0,"ocean_custom_logo_mobile_max_width":0,"ocean_custom_logo_max_height":0,"ocean_custom_logo_tablet_max_height":0,"ocean_custom_logo_mobile_max_height":0,"ocean_header_custom_menu":"0","ocean_menu_typo_font_family":"0","ocean_menu_typo_font_subset":"","ocean_menu_typo_font_size":0,"ocean_menu_typo_font_size_tablet":0,"ocean_menu_typo_font_size_mobile":0,"ocean_menu_typo_font_size_unit":"px","ocean_menu_typo_font_weight":"","ocean_menu_typo_font_weight_tablet":"","ocean_menu_typo_font_weight_mobile":"","ocean_menu_typo_transform":"","ocean_menu_typo_transform_tablet":"","ocean_menu_typo_transform_mobile":"","ocean_menu_typo_line_height":0,"ocean_menu_typo_line_height_tablet":0,"ocean_menu_typo_line_height_mobile":0,"ocean_menu_typo_line_height_unit":"","ocean_menu_typo_spacing":0,"ocean_menu_typo_spacing_tablet":0,"ocean_menu_typo_spacing_mobile":0,"ocean_menu_typo_spacing_unit":"","ocean_menu_link_color":"","ocean_menu_link_color_hover":"","ocean_menu_link_color_active":"","ocean_menu_link_background":"","ocean_menu_link_hover_background":"","ocean_menu_link_active_background":"","ocean_menu_social_links_bg":"","ocean_menu_social_hover_links_bg":"","ocean_menu_social_links_color":"","ocean_menu_social_hover_links_color":"","ocean_disable_title":"default","ocean_disable_heading":"default","ocean_post_title":"","ocean_post_subheading":"","ocean_post_title_style":"","ocean_post_title_background_color":"","ocean_post_title_background":0,"ocean_post_title_bg_image_position":"","ocean_post_title_bg_image_attachment":"","ocean_post_title_bg_image_repeat":"","ocean_post_title_bg_image_size":"","ocean_post_title_height":0,"ocean_post_title_bg_overlay":0.5,"ocean_post_title_bg_overlay_color":"","ocean_disable_breadcrumbs":"default","ocean_breadcrumbs_color":"","ocean_breadcrumbs_separator_color":"","ocean_breadcrumbs_links_color":"","ocean_breadcrumbs_links_hover_color":"","ocean_display_footer_widgets":"default","ocean_display_footer_bottom":"default","ocean_custom_footer_template":"0"},"product_cat":[22,36],"product_tag":[],"class_list":{"0":"post-39706","1":"product","2":"type-product","3":"status-publish","4":"has-post-thumbnail","6":"product_brand-fifty7kind","7":"product_cat-soins-des-cheveux","8":"product_cat-nettoyants-visage-bio-naturels","10":"entry","11":"has-media","13":"first","14":"instock","15":"taxable","16":"shipping-taxable","17":"purchasable","18":"product-type-simple","19":"has-product-nav","20":"col","21":"span_1_of_4","22":"owp-content-center","23":"owp-thumbs-layout-horizontal","24":"owp-btn-normal","25":"owp-tabs-layout-horizontal"},"_links":{"self":[{"href":"https:\/\/awesomegreenbeauty.com\/en\/wp-json\/wp\/v2\/product\/39706","targetHints":{"allow":["GET"]}}],"collection":[{"href":"https:\/\/awesomegreenbeauty.com\/en\/wp-json\/wp\/v2\/product"}],"about":[{"href":"https:\/\/awesomegreenbeauty.com\/en\/wp-json\/wp\/v2\/types\/product"}],"version-history":[{"count":0,"href":"https:\/\/awesomegreenbeauty.com\/en\/wp-json\/wp\/v2\/product\/39706\/revisions"}],"wp:featuredmedia":[{"embeddable":true,"href":"https:\/\/awesomegreenbeauty.com\/en\/wp-json\/wp\/v2\/media\/39744"}],"wp:attachment":[{"href":"https:\/\/awesomegreenbeauty.com\/en\/wp-json\/wp\/v2\/media?parent=39706"}],"wp:term":[{"taxonomy":"product_cat","embeddable":true,"href":"https:\/\/awesomegreenbeauty.com\/en\/wp-json\/wp\/v2\/product_cat?post=39706"},{"taxonomy":"product_tag","embeddable":true,"href":"https:\/\/awesomegreenbeauty.com\/en\/wp-json\/wp\/v2\/product_tag?post=39706"}],"curies":[{"name":"wp","href":"https:\/\/api.w.org\/{rel}","templated":true}]}}