{"id":39750,"date":"2025-12-04T17:20:57","date_gmt":"2025-12-04T16:20:57","guid":{"rendered":"https:\/\/awesomegreenbeauty.com\/?post_type=product&#038;p=39750"},"modified":"2026-03-18T14:05:59","modified_gmt":"2026-03-18T13:05:59","slug":"masque-purifiant-naturel-a-largile-detox-pores-resserres-eclat","status":"publish","type":"product","link":"https:\/\/awesomegreenbeauty.com\/en\/product\/masque-purifiant-naturel-a-largile-detox-pores-resserres-eclat\/","title":{"rendered":"PRATIMA SKINCARE &#8211; Masque Min\u00e9ral Purifiant &#038; Illuminateur \u2013 D\u00e9tox, \u00c9clat, R\u00e9\u00e9quilibrant &#8211; 60ml"},"content":{"rendered":"<h1 data-start=\"181\" data-end=\"256\"><strong data-start=\"183\" data-end=\"256\">Masque Min\u00e9ral Purifiant &amp; Illuminateur \u2013 D\u00e9tox, \u00c9clat, R\u00e9\u00e9quilibrant<\/strong><\/h1>\n<p data-start=\"258\" data-end=\"637\">D\u00e9couvrez un <strong data-start=\"271\" data-end=\"316\">masque visage purifiant haute performance<\/strong>, formul\u00e9 avec <a href=\"https:\/\/www.healthline.com\/health\/bentonite-clay-for-skin\"><strong>un complexe d\u2019argiles et de min\u00e9raux naturels<\/strong> <\/a>pour assainir, lisser et raviver l\u2019\u00e9clat de la peau. Sa synergie Bentonite\u2013Kaolin\u2013Z\u00e9olite agit comme une v\u00e9ritable <strong data-start=\"492\" data-end=\"513\">technologie d\u00e9tox<\/strong> : elle capte les impuret\u00e9s, r\u00e9gule l\u2019exc\u00e8s de s\u00e9bum et affine le grain de peau, tout en respectant les \u00e9pidermes sensibles.<\/p>\n<p data-start=\"639\" data-end=\"1058\">Enrichi en <strong data-start=\"650\" data-end=\"682\">extrait de feuille d\u2019olivier<\/strong>, <strong data-start=\"684\" data-end=\"698\">Vitamin C<\/strong> and <strong data-start=\"702\" data-end=\"735\">vitamine E d\u2019origine v\u00e9g\u00e9tale<\/strong>, ce masque offre un puissant bouclier antioxydant, illuminant et protecteur, id\u00e9al pour retrouver un teint net, uniforme et \u00e9clatant de fra\u00eecheur. Le <strong data-start=\"886\" data-end=\"899\">sel marin<\/strong> et le <strong data-start=\"906\" data-end=\"930\">sulfate de magn\u00e9sium<\/strong> boostent la remin\u00e9ralisation cutan\u00e9e, tandis que l\u2019<strong data-start=\"982\" data-end=\"1013\">huile essentielle de citron<\/strong> insuffle une sensation de puret\u00e9 vivifiante.<\/p>\n<p data-start=\"335\" data-end=\"368\"><strong data-start=\"338\" data-end=\"366\"><a href=\"https:\/\/www.vogue.in\/beauty\/content\/benefits-of-bentonite-clay-for-skin\">La Bentonite<\/a> proc\u00e8de \u00e0 une 1.purification profonde : <\/strong>Capte impuret\u00e9s, toxines, exc\u00e8s de s\u00e9bum, r\u00e9sidus urbains. Elle proc\u00e8de \u00e0 une 2.<strong data-start=\"502\" data-end=\"531\">D\u00e9toxification ionique: <\/strong>retient les mol\u00e9cules charg\u00e9es, lib\u00e8re des ions b\u00e9n\u00e9fiques. Tr\u00e8s efficace dans les rituels anti-pollution. 3.<strong data-start=\"680\" data-end=\"719\"> Matification &amp; contr\u00f4le du s\u00e9bum :<\/strong>R\u00e9gule la brillance sans ass\u00e9cher excessivement.<\/p>\n<h2 data-start=\"1065\" data-end=\"1086\"><strong data-start=\"1068\" data-end=\"1086\">B\u00e9n\u00e9fices cl\u00e9s<\/strong><\/h2>\n<ul data-start=\"1087\" data-end=\"1485\">\n<li data-start=\"1087\" data-end=\"1147\">\n<p data-start=\"1089\" data-end=\"1147\">Purifie intens\u00e9ment gr\u00e2ce aux argiles Bentonite &amp; Kaolin<\/p>\n<\/li>\n<li data-start=\"1148\" data-end=\"1203\">\n<p data-start=\"1150\" data-end=\"1203\">D\u00e9toxifie et capte les impuret\u00e9s gr\u00e2ce \u00e0<a href=\"https:\/\/pmc.ncbi.nlm.nih.gov\/articles\/PMC12295349\/?\"> <strong>la Z\u00e9olite<\/strong><\/a><\/p>\n<\/li>\n<li data-start=\"1204\" data-end=\"1265\">\n<p data-start=\"1206\" data-end=\"1265\">R\u00e9duit l\u2019exc\u00e8s de s\u00e9bum et resserre visiblement les pores<\/p>\n<\/li>\n<li data-start=\"1266\" data-end=\"1319\">\n<p data-start=\"1268\" data-end=\"1319\">Apporte \u00e9clat, luminosit\u00e9 et homog\u00e9n\u00e9it\u00e9 au teint<\/p>\n<\/li>\n<li data-start=\"1320\" data-end=\"1355\">\n<p data-start=\"1322\" data-end=\"1355\">Remin\u00e9ralise et tonifie la peau<\/p>\n<\/li>\n<li data-start=\"1356\" data-end=\"1423\">\n<p data-start=\"1358\" data-end=\"1423\">Prot\u00e8ge du stress oxydatif (Vitamine C &amp; E, Olive leaf extract)<\/p>\n<\/li>\n<li data-start=\"1424\" data-end=\"1485\">\n<p data-start=\"1426\" data-end=\"1485\">Texture cr\u00e9meuse, application confortable, rin\u00e7age facile<\/p>\n<\/li>\n<\/ul>\n<h2 data-start=\"1492\" data-end=\"1510\"><strong data-start=\"1495\" data-end=\"1510\">Indications<\/strong><\/h2>\n<ul data-start=\"1511\" data-end=\"1655\">\n<li data-start=\"1511\" data-end=\"1537\">\n<p data-start=\"1513\" data-end=\"1537\">Peaux mixtes \u00e0 grasses<\/p>\n<\/li>\n<li data-start=\"1538\" data-end=\"1583\">\n<p data-start=\"1540\" data-end=\"1583\">Peaux ternes, congestions, pores visibles<\/p>\n<\/li>\n<li data-start=\"1584\" data-end=\"1617\">\n<p data-start=\"1586\" data-end=\"1617\">Teint fatigu\u00e9, manque d\u2019\u00e9clat<\/p>\n<\/li>\n<li data-start=\"1618\" data-end=\"1655\">\n<p data-start=\"1620\" data-end=\"1655\">Besoin d\u2019un reset cutan\u00e9 imm\u00e9diat<\/p>\n<\/li>\n<\/ul>\n<h2 data-start=\"1662\" data-end=\"1687\"><strong data-start=\"1665\" data-end=\"1687\">Key ingredients<\/strong><\/h2>\n<ul data-start=\"1688\" data-end=\"2065\">\n<li data-start=\"1688\" data-end=\"1754\">\n<p data-start=\"1690\" data-end=\"1754\"><strong data-start=\"1690\" data-end=\"1712\">Bentonite &amp; Kaolin<\/strong> : purification douce, contr\u00f4le du s\u00e9bum<\/p>\n<\/li>\n<li data-start=\"1755\" data-end=\"1795\">\n<p data-start=\"1757\" data-end=\"1795\"><strong data-start=\"1757\" data-end=\"1768\">Z\u00e9olite<\/strong> : d\u00e9tox min\u00e9rale avanc\u00e9e<\/p>\n<\/li>\n<li data-start=\"1796\" data-end=\"1874\">\n<p data-start=\"1798\" data-end=\"1874\"><strong data-start=\"1798\" data-end=\"1830\">Magnesium Sulfate &amp; Sea Salt<\/strong> : remin\u00e9ralisation, \u00e9quilibrage osmotique<\/p>\n<\/li>\n<li data-start=\"1875\" data-end=\"1935\">\n<p data-start=\"1877\" data-end=\"1935\"><strong data-start=\"1877\" data-end=\"1909\">Extrait de feuille d\u2019olivier<\/strong> : apaisant, antioxydant<\/p>\n<\/li>\n<li data-start=\"1936\" data-end=\"1999\">\n<p data-start=\"1938\" data-end=\"1999\"><strong data-start=\"1938\" data-end=\"1976\">Vitamine C &amp; Vitamine E naturelles<\/strong> : \u00e9clat + protection<\/p>\n<\/li>\n<li data-start=\"2000\" data-end=\"2065\">\n<p data-start=\"2002\" data-end=\"2065\"><strong data-start=\"2002\" data-end=\"2033\">Lemon essential oil<\/strong> : fra\u00eecheur active purifiante<\/p>\n<\/li>\n<\/ul>\n<p>Masque purifiant naturel, masque visage d\u00e9tox, masque argile bentonite, masque kaolin peau mixte, masque anti-imperfections, masque \u00e9clat vitamine C, masque visage remin\u00e9ralisant, skincare naturel, masque nettoyant profond.<\/p>","protected":false},"excerpt":{"rendered":"<p data-start=\"197\" data-end=\"568\"><strong data-start=\"197\" data-end=\"240\">Masque Min\u00e9ral Purifiant &amp; Illuminateur<\/strong><br data-start=\"240\" data-end=\"243\" \/>Un soin d\u00e9tox haute performance associant Bentonite, Kaolin et Z\u00e9olite pour purifier profond\u00e9ment, resserrer les pores et raviver l\u2019\u00e9clat. Enrichi en extrait de feuille d\u2019olivier, vitamines C &amp; E d\u2019origine v\u00e9g\u00e9tale et sels min\u00e9raux pour une peau nette, lumineuse et r\u00e9\u00e9quilibr\u00e9e. Texture onctueuse, effet peau neuve imm\u00e9diat.<\/p>\n<p data-start=\"197\" data-end=\"568\">Un masque qui <strong data-start=\"2115\" data-end=\"2127\">clarifie<\/strong>, <strong data-start=\"2129\" data-end=\"2141\">illumine<\/strong> and <strong data-start=\"2145\" data-end=\"2160\">r\u00e9\u00e9quilibre<\/strong>, avec une approche propre, minimaliste et r\u00e9solument professionnelle. La peau respire. Le teint se r\u00e9initialise. Les pores se resserrent. L\u2019\u00e9clat revient \u2014 net, franc, sans artifice<\/p>\n<p data-start=\"197\" data-end=\"568\">","protected":false},"featured_media":39751,"template":"","meta":{"ocean_post_layout":"","ocean_both_sidebars_style":"","ocean_both_sidebars_content_width":0,"ocean_both_sidebars_sidebars_width":0,"ocean_sidebar":"0","ocean_second_sidebar":"0","ocean_disable_margins":"enable","ocean_add_body_class":"","ocean_shortcode_before_top_bar":"","ocean_shortcode_after_top_bar":"","ocean_shortcode_before_header":"","ocean_shortcode_after_header":"","ocean_has_shortcode":"","ocean_shortcode_after_title":"","ocean_shortcode_before_footer_widgets":"","ocean_shortcode_after_footer_widgets":"","ocean_shortcode_before_footer_bottom":"","ocean_shortcode_after_footer_bottom":"","ocean_display_top_bar":"default","ocean_display_header":"default","ocean_header_style":"","ocean_center_header_left_menu":"0","ocean_custom_header_template":"0","ocean_custom_logo":0,"ocean_custom_retina_logo":0,"ocean_custom_logo_max_width":0,"ocean_custom_logo_tablet_max_width":0,"ocean_custom_logo_mobile_max_width":0,"ocean_custom_logo_max_height":0,"ocean_custom_logo_tablet_max_height":0,"ocean_custom_logo_mobile_max_height":0,"ocean_header_custom_menu":"0","ocean_menu_typo_font_family":"0","ocean_menu_typo_font_subset":"","ocean_menu_typo_font_size":0,"ocean_menu_typo_font_size_tablet":0,"ocean_menu_typo_font_size_mobile":0,"ocean_menu_typo_font_size_unit":"px","ocean_menu_typo_font_weight":"","ocean_menu_typo_font_weight_tablet":"","ocean_menu_typo_font_weight_mobile":"","ocean_menu_typo_transform":"","ocean_menu_typo_transform_tablet":"","ocean_menu_typo_transform_mobile":"","ocean_menu_typo_line_height":0,"ocean_menu_typo_line_height_tablet":0,"ocean_menu_typo_line_height_mobile":0,"ocean_menu_typo_line_height_unit":"","ocean_menu_typo_spacing":0,"ocean_menu_typo_spacing_tablet":0,"ocean_menu_typo_spacing_mobile":0,"ocean_menu_typo_spacing_unit":"","ocean_menu_link_color":"","ocean_menu_link_color_hover":"","ocean_menu_link_color_active":"","ocean_menu_link_background":"","ocean_menu_link_hover_background":"","ocean_menu_link_active_background":"","ocean_menu_social_links_bg":"","ocean_menu_social_hover_links_bg":"","ocean_menu_social_links_color":"","ocean_menu_social_hover_links_color":"","ocean_disable_title":"default","ocean_disable_heading":"default","ocean_post_title":"","ocean_post_subheading":"","ocean_post_title_style":"","ocean_post_title_background_color":"","ocean_post_title_background":0,"ocean_post_title_bg_image_position":"","ocean_post_title_bg_image_attachment":"","ocean_post_title_bg_image_repeat":"","ocean_post_title_bg_image_size":"","ocean_post_title_height":0,"ocean_post_title_bg_overlay":0.5,"ocean_post_title_bg_overlay_color":"","ocean_disable_breadcrumbs":"default","ocean_breadcrumbs_color":"","ocean_breadcrumbs_separator_color":"","ocean_breadcrumbs_links_color":"","ocean_breadcrumbs_links_hover_color":"","ocean_display_footer_widgets":"default","ocean_display_footer_bottom":"default","ocean_custom_footer_template":"0"},"product_cat":[76,89,91,409,20],"product_tag":[],"class_list":{"0":"post-39750","1":"product","2":"type-product","3":"status-publish","4":"has-post-thumbnail","6":"product_brand-pratima-skincare","7":"product_cat-masques-traitants-naturels-bio","8":"product_cat-peaux-grasses-mixtes","9":"product_cat-tout-type-de-peau","10":"product_cat-peaux-ternes","11":"product_cat-soins-du-visage","13":"entry","14":"has-media","16":"first","17":"instock","18":"taxable","19":"shipping-taxable","20":"purchasable","21":"product-type-simple","22":"has-product-nav","23":"col","24":"span_1_of_4","25":"owp-content-center","26":"owp-thumbs-layout-horizontal","27":"owp-btn-normal","28":"owp-tabs-layout-horizontal"},"_links":{"self":[{"href":"https:\/\/awesomegreenbeauty.com\/en\/wp-json\/wp\/v2\/product\/39750","targetHints":{"allow":["GET"]}}],"collection":[{"href":"https:\/\/awesomegreenbeauty.com\/en\/wp-json\/wp\/v2\/product"}],"about":[{"href":"https:\/\/awesomegreenbeauty.com\/en\/wp-json\/wp\/v2\/types\/product"}],"version-history":[{"count":0,"href":"https:\/\/awesomegreenbeauty.com\/en\/wp-json\/wp\/v2\/product\/39750\/revisions"}],"wp:featuredmedia":[{"embeddable":true,"href":"https:\/\/awesomegreenbeauty.com\/en\/wp-json\/wp\/v2\/media\/39751"}],"wp:attachment":[{"href":"https:\/\/awesomegreenbeauty.com\/en\/wp-json\/wp\/v2\/media?parent=39750"}],"wp:term":[{"taxonomy":"product_cat","embeddable":true,"href":"https:\/\/awesomegreenbeauty.com\/en\/wp-json\/wp\/v2\/product_cat?post=39750"},{"taxonomy":"product_tag","embeddable":true,"href":"https:\/\/awesomegreenbeauty.com\/en\/wp-json\/wp\/v2\/product_tag?post=39750"}],"curies":[{"name":"wp","href":"https:\/\/api.w.org\/{rel}","templated":true}]}}