{"id":39755,"date":"2025-12-04T18:16:15","date_gmt":"2025-12-04T17:16:15","guid":{"rendered":"https:\/\/awesomegreenbeauty.com\/?post_type=product&#038;p=39755"},"modified":"2026-03-18T14:05:48","modified_gmt":"2026-03-18T13:05:48","slug":"creme-visage-eclat-correction-bakuchiol-aloe-vera-actifs-unifiants","status":"publish","type":"product","link":"https:\/\/awesomegreenbeauty.com\/en\/product\/creme-visage-eclat-correction-bakuchiol-aloe-vera-actifs-unifiants\/","title":{"rendered":"PRATIMA SKINCARE &#8211; Cr\u00e8me Visage R\u00e9paratrice &#038; Unifiante \u2013 Bakuchiol, Aloe Vera &#038; Superfruits- 60ml"},"content":{"rendered":"<h1 data-start=\"255\" data-end=\"334\"><strong data-start=\"257\" data-end=\"334\">\u00a0Cr\u00e8me Visage R\u00e9paratrice &amp; Unifiante Bakuchiol\u2013 Bakuchiol, Aloe Vera &amp; Superfruits<\/strong><\/h1>\n<p>Cette Cr\u00e8me Visage R\u00e9paratrice &amp; Unifiante Bakuchiol \u00e0 int\u00e9grer dans <a href=\"https:\/\/awesomegreenbeauty.com\/en\/les-peaux-matures-2\/\"><strong>votre routine beaut\u00e9 peaux matures<\/strong>,<\/a> <a href=\"https:\/\/awesomegreenbeauty.com\/en\/les-peaux-ternes-2\/\">peaux ternes<\/a> Or<a href=\"https:\/\/awesomegreenbeauty.com\/en\/hyperpigmentation-taches-pigmentaires\/\"> peaux sujettes \u00e0 l&rsquo;hyperpigmentation.<\/a><\/p>\n<p data-start=\"336\" data-end=\"718\">D\u00e9couvrez une <strong data-start=\"350\" data-end=\"394\">cr\u00e8me visage naturelle haute performance<\/strong>, formul\u00e9e pour am\u00e9liorer l\u2019\u00e9clat, unifier le teint et renforcer la barri\u00e8re cutan\u00e9e. Sa synergie d\u2019actifs botaniques \u2014 <strong data-start=\"514\" data-end=\"631\">Aloe Vera hydratant, Bakuchiol pro-collag\u00e8ne, Argousier antioxydant, Buriti nourrissant et Acide Kojique unifiant<\/strong> \u2014 offre une action globale : r\u00e9g\u00e9n\u00e9ration, fermet\u00e9, luminosit\u00e9 et uniformit\u00e9 du teint.<\/p>\n<p data-start=\"720\" data-end=\"952\">The <strong data-start=\"723\" data-end=\"748\">Nigelle certifi\u00e9e bio<\/strong> apporte un effet purifiant et anti-inflammatoire, tandis que le trio aromatique <strong data-start=\"829\" data-end=\"868\">Orange, Ch\u00e8vrefeuille et Santal bio<\/strong> soutient la vitalit\u00e9 cellulaire tout en cr\u00e9ant une exp\u00e9rience sensorielle raffin\u00e9e.<\/p>\n<h2 data-start=\"959\" data-end=\"980\"><strong data-start=\"962\" data-end=\"980\">B\u00e9n\u00e9fices cl\u00e9s<\/strong><\/h2>\n<ul data-start=\"981\" data-end=\"1454\">\n<li data-start=\"981\" data-end=\"1049\">\n<p data-start=\"983\" data-end=\"1049\">Am\u00e9liore la <strong data-start=\"995\" data-end=\"1006\">fermet\u00e9<\/strong> and the <strong data-start=\"1013\" data-end=\"1035\">texture de la peau<\/strong> (Bakuchiol)<\/p>\n<\/li>\n<li data-start=\"1050\" data-end=\"1135\">\n<p data-start=\"1052\" data-end=\"1135\">Unifie le teint et r\u00e9duit les taches pigmentaires (Acide Kojique + Sea Buckthorn)<\/p>\n<\/li>\n<li data-start=\"1136\" data-end=\"1194\">\n<p data-start=\"1138\" data-end=\"1194\">Hydrate intens\u00e9ment et apaise les rougeurs (Aloe Vera)<\/p>\n<\/li>\n<li data-start=\"1195\" data-end=\"1257\">\n<p data-start=\"1197\" data-end=\"1257\">Nourrit profond\u00e9ment et apporte \u00e9clat (Buriti + Argousier)<\/p>\n<\/li>\n<li data-start=\"1258\" data-end=\"1325\">\n<p data-start=\"1260\" data-end=\"1325\">R\u00e9gule, purifie et prot\u00e8ge des agressions ext\u00e9rieures (Nigelle)<\/p>\n<\/li>\n<li data-start=\"1326\" data-end=\"1400\">\n<p data-start=\"1328\" data-end=\"1400\">Antioxydants naturels puissants : protection contre le stress oxydatif<\/p>\n<\/li>\n<li data-start=\"1401\" data-end=\"1454\">\n<p data-start=\"1403\" data-end=\"1454\">Texture fondante, absorption rapide, fini velout\u00e9<\/p>\n<\/li>\n<\/ul>\n<h2 data-start=\"1461\" data-end=\"1479\"><strong data-start=\"1464\" data-end=\"1479\">Indications<\/strong><\/h2>\n<ul data-start=\"1480\" data-end=\"1645\">\n<li data-start=\"1480\" data-end=\"1516\">\n<p data-start=\"1482\" data-end=\"1516\">Teint terne, taches pigmentaires<\/p>\n<\/li>\n<li data-start=\"1517\" data-end=\"1547\">\n<p data-start=\"1519\" data-end=\"1547\">Rides \/ perte d\u2019\u00e9lasticit\u00e9<\/p>\n<\/li>\n<li data-start=\"1548\" data-end=\"1583\">\n<p data-start=\"1550\" data-end=\"1583\">Peaux sensibles, s\u00e8ches, mixtes<\/p>\n<\/li>\n<li data-start=\"1548\" data-end=\"1583\">\n<p data-start=\"1550\" data-end=\"1583\">Besoin d\u2019un soin quotidien complet, naturel et performant<\/p>\n<\/li>\n<\/ul>\n<h2 data-start=\"1652\" data-end=\"1677\"><strong data-start=\"1655\" data-end=\"1677\">Key ingredients<\/strong><\/h2>\n<ul data-start=\"1678\" data-end=\"2075\">\n<li data-start=\"1678\" data-end=\"1721\">\n<p data-start=\"1680\" data-end=\"1721\"><strong data-start=\"1680\" data-end=\"1693\">Aloe Vera<\/strong> : hydratation, apaisement<\/p>\n<\/li>\n<li data-start=\"1722\" data-end=\"1773\">\n<p data-start=\"1724\" data-end=\"1773\"><strong data-start=\"1724\" data-end=\"1737\">Bakuchiol<\/strong> : alternative v\u00e9g\u00e9tale au r\u00e9tinol<\/p>\n<\/li>\n<li data-start=\"1774\" data-end=\"1827\">\n<p data-start=\"1776\" data-end=\"1827\"><strong data-start=\"1776\" data-end=\"1793\">Sea Buckthorn ou argousier<\/strong>* : \u00e9clat, r\u00e9paration cellulaire<\/p>\n<\/li>\n<li data-start=\"1828\" data-end=\"1870\">\n<p data-start=\"1830\" data-end=\"1870\"><a href=\"https:\/\/www.schoolofnaturalskincare.com\/benefits-of-buriti-oil-for-skincare\/\"><strong data-start=\"1830\" data-end=\"1844\">Buriti Oil<\/strong><\/a> : nutrition, luminosit\u00e9. L\u2019huile de Buriti r\u00e9duit l\u2019apparence des rides et ridules, aide \u00e0 \u00e9claircir les taches brunes, restaure l\u2019\u00e9lasticit\u00e9, prot\u00e8ge contre le photodommage, hydrate et apaise les peaux sensibles.<\/p>\n<\/li>\n<li data-start=\"1871\" data-end=\"1923\">\n<p data-start=\"1873\" data-end=\"1923\"><a href=\"https:\/\/www.womenshealthmag.com\/beauty\/a67952103\/benefits-of-kojic-acid\"><strong data-start=\"1873\" data-end=\"1887\">Kojic Acid<\/strong> <\/a>: action unifiante et correctrice. La presse scientifique souligne l\u2019efficacit\u00e9 de l\u2019acide kojique contre les taches, m\u00e9lasma, cicatrices pigmentaires, tout en rappelant l\u2019importance d\u2019un usage mod\u00e9r\u00e9 et d\u2019une protection solaire.<\/p>\n<\/li>\n<li data-start=\"1924\" data-end=\"1994\">\n<p data-start=\"1926\" data-end=\"1994\"><strong data-start=\"1926\" data-end=\"1950\">Black Cumin Seed Oil<\/strong>* : anti-imperfections, anti-inflammatoire<\/p>\n<\/li>\n<li data-start=\"1995\" data-end=\"2075\">\n<p data-start=\"1997\" data-end=\"2075\"><em data-start=\"1997\" data-end=\"2033\">Orange, Honeysuckle &amp; Sandalwood<\/em>** : tonus, douceur, \u00e9quilibre sensoriel<\/p>\n<\/li>\n<\/ul>\n<p data-start=\"2077\" data-end=\"2095\">*certified organic<\/p>\n<p data-start=\"2077\" data-end=\"2095\">Cr\u00e8me visage naturelle, cr\u00e8me hydratante unifiante, cr\u00e8me anti-taches naturelle, soin bakuchiol, cr\u00e8me \u00e9clat visage, cr\u00e8me anti-\u00e2ge naturelle, cr\u00e8me aloe vera bakuchiol, cr\u00e8me r\u00e9paratrice peau sensible.<\/p>","protected":false},"excerpt":{"rendered":"<p data-start=\"203\" data-end=\"537\"><strong data-start=\"203\" data-end=\"262\">Cr\u00e8me Visage \u00c9clat &amp; R\u00e9paration \u2013 Bakuchiol &amp; Aloe Vera<\/strong><br data-start=\"262\" data-end=\"265\" \/>Soin naturel haute performance qui hydrate, unifie et illumine le teint. Bakuchiol pro-collag\u00e8ne, Argousier et Buriti pour une peau lisse, ferme et \u00e9clatante. Acide Kojique pour r\u00e9duire les taches. Nigelle bio pour purifier et apaiser. Texture cr\u00e8me soyeuse, fini velout\u00e9.<\/p>\n<p>Peau terne, fatigu\u00e9e ou sans \u00e9clat qui a besoin d&rsquo;un regain de luminosit\u00e9.\u00a0Rides fines et premiers signes de vieillissement. Teint et texture de peau irr\u00e9guliers.<br \/>\nPeau sensible n\u00e9cessitant des formules douces mais efficaces.\u00a0 Tous les doshas et tous les types de peau, y compris les peaux r\u00e9actives, d\u00e9licates ou \u00e0 imperfections<\/p>","protected":false},"featured_media":39756,"template":"","meta":{"ocean_post_layout":"","ocean_both_sidebars_style":"","ocean_both_sidebars_content_width":0,"ocean_both_sidebars_sidebars_width":0,"ocean_sidebar":"0","ocean_second_sidebar":"0","ocean_disable_margins":"enable","ocean_add_body_class":"","ocean_shortcode_before_top_bar":"","ocean_shortcode_after_top_bar":"","ocean_shortcode_before_header":"","ocean_shortcode_after_header":"","ocean_has_shortcode":"","ocean_shortcode_after_title":"","ocean_shortcode_before_footer_widgets":"","ocean_shortcode_after_footer_widgets":"","ocean_shortcode_before_footer_bottom":"","ocean_shortcode_after_footer_bottom":"","ocean_display_top_bar":"default","ocean_display_header":"default","ocean_header_style":"","ocean_center_header_left_menu":"0","ocean_custom_header_template":"0","ocean_custom_logo":0,"ocean_custom_retina_logo":0,"ocean_custom_logo_max_width":0,"ocean_custom_logo_tablet_max_width":0,"ocean_custom_logo_mobile_max_width":0,"ocean_custom_logo_max_height":0,"ocean_custom_logo_tablet_max_height":0,"ocean_custom_logo_mobile_max_height":0,"ocean_header_custom_menu":"0","ocean_menu_typo_font_family":"0","ocean_menu_typo_font_subset":"","ocean_menu_typo_font_size":0,"ocean_menu_typo_font_size_tablet":0,"ocean_menu_typo_font_size_mobile":0,"ocean_menu_typo_font_size_unit":"px","ocean_menu_typo_font_weight":"","ocean_menu_typo_font_weight_tablet":"","ocean_menu_typo_font_weight_mobile":"","ocean_menu_typo_transform":"","ocean_menu_typo_transform_tablet":"","ocean_menu_typo_transform_mobile":"","ocean_menu_typo_line_height":0,"ocean_menu_typo_line_height_tablet":0,"ocean_menu_typo_line_height_mobile":0,"ocean_menu_typo_line_height_unit":"","ocean_menu_typo_spacing":0,"ocean_menu_typo_spacing_tablet":0,"ocean_menu_typo_spacing_mobile":0,"ocean_menu_typo_spacing_unit":"","ocean_menu_link_color":"","ocean_menu_link_color_hover":"","ocean_menu_link_color_active":"","ocean_menu_link_background":"","ocean_menu_link_hover_background":"","ocean_menu_link_active_background":"","ocean_menu_social_links_bg":"","ocean_menu_social_hover_links_bg":"","ocean_menu_social_links_color":"","ocean_menu_social_hover_links_color":"","ocean_disable_title":"default","ocean_disable_heading":"default","ocean_post_title":"","ocean_post_subheading":"","ocean_post_title_style":"","ocean_post_title_background_color":"","ocean_post_title_background":0,"ocean_post_title_bg_image_position":"","ocean_post_title_bg_image_attachment":"","ocean_post_title_bg_image_repeat":"","ocean_post_title_bg_image_size":"","ocean_post_title_height":0,"ocean_post_title_bg_overlay":0.5,"ocean_post_title_bg_overlay_color":"","ocean_disable_breadcrumbs":"default","ocean_breadcrumbs_color":"","ocean_breadcrumbs_separator_color":"","ocean_breadcrumbs_links_color":"","ocean_breadcrumbs_links_hover_color":"","ocean_display_footer_widgets":"default","ocean_display_footer_bottom":"default","ocean_custom_footer_template":"0"},"product_cat":[79,410,87,409,20],"product_tag":[],"class_list":{"0":"post-39755","1":"product","2":"type-product","3":"status-publish","4":"has-post-thumbnail","6":"product_brand-pratima-skincare","7":"product_cat-hydratants-visage-aux-huiles-bio","8":"product_cat-hyperpigmentation-taches-pigmentaires","9":"product_cat-peaux-matures","10":"product_cat-peaux-ternes","11":"product_cat-soins-du-visage","13":"entry","14":"has-media","16":"first","17":"instock","18":"taxable","19":"shipping-taxable","20":"purchasable","21":"product-type-simple","22":"has-product-nav","23":"col","24":"span_1_of_4","25":"owp-content-center","26":"owp-thumbs-layout-horizontal","27":"owp-btn-normal","28":"owp-tabs-layout-horizontal"},"_links":{"self":[{"href":"https:\/\/awesomegreenbeauty.com\/en\/wp-json\/wp\/v2\/product\/39755","targetHints":{"allow":["GET"]}}],"collection":[{"href":"https:\/\/awesomegreenbeauty.com\/en\/wp-json\/wp\/v2\/product"}],"about":[{"href":"https:\/\/awesomegreenbeauty.com\/en\/wp-json\/wp\/v2\/types\/product"}],"version-history":[{"count":0,"href":"https:\/\/awesomegreenbeauty.com\/en\/wp-json\/wp\/v2\/product\/39755\/revisions"}],"wp:featuredmedia":[{"embeddable":true,"href":"https:\/\/awesomegreenbeauty.com\/en\/wp-json\/wp\/v2\/media\/39756"}],"wp:attachment":[{"href":"https:\/\/awesomegreenbeauty.com\/en\/wp-json\/wp\/v2\/media?parent=39755"}],"wp:term":[{"taxonomy":"product_cat","embeddable":true,"href":"https:\/\/awesomegreenbeauty.com\/en\/wp-json\/wp\/v2\/product_cat?post=39755"},{"taxonomy":"product_tag","embeddable":true,"href":"https:\/\/awesomegreenbeauty.com\/en\/wp-json\/wp\/v2\/product_tag?post=39755"}],"curies":[{"name":"wp","href":"https:\/\/api.w.org\/{rel}","templated":true}]}}