{"id":39768,"date":"2025-12-05T19:33:23","date_gmt":"2025-12-05T18:33:23","guid":{"rendered":"https:\/\/awesomegreenbeauty.com\/?post_type=product&#038;p=39768"},"modified":"2026-02-25T13:43:35","modified_gmt":"2026-02-25T12:43:35","slug":"pratima-skincare-contour-des-yeux-et-des-levres-revitalisant-au-safran-15ml","status":"publish","type":"product","link":"https:\/\/awesomegreenbeauty.com\/en\/product\/pratima-skincare-contour-des-yeux-et-des-levres-revitalisant-au-safran-15ml\/","title":{"rendered":"PRATIMA SKINCARE &#8211; Contour des yeux et des l\u00e8vres revitalisant au safran &#8211; 15ml"},"content":{"rendered":"<p>Un s\u00e9rum contour des yeux et des l\u00e8vres revitalisant au safran<\/p>\n<p>Rem\u00e8de profond\u00e9ment nourrissant et solution pr\u00e9ventive contre la s\u00e9cheresse, les cernes et les rides, cette formule riche \u00e0 base de ghee infus\u00e9 au safran biologique att\u00e9nue les rides tout en \u00e9claircissant et en hydratant la peau d\u00e9licate du contour des yeux.<\/p>\n<p data-start=\"920\" data-end=\"1343\"><strong>Ce baume fusionne la tradition ayurv\u00e9dique et l\u2019ing\u00e9nierie botanique moderne<\/strong> : le <strong data-start=\"1182\" data-end=\"1190\">Ghee<\/strong> comme matelas nutritif, le <strong data-start=\"1218\" data-end=\"1228\">Safran<\/strong> comme pigment solaire r\u00e9veillant l\u2019\u00e9clat, la <strong data-start=\"1274\" data-end=\"1291\">Rose Absolute<\/strong> comme souffle floral qui adoucit .\u00a0L\u2019<strong data-start=\"1347\" data-end=\"1355\">Amla<\/strong> et la <strong data-start=\"1362\" data-end=\"1380\">Guava Seed Oil<\/strong> insufflent une \u00e9nergie vitamin\u00e9e, un signal de renouveau cellulaire. Le <strong data-start=\"1453\" data-end=\"1473\">Raw Mango Butter<\/strong> scelle l\u2019hydratation avec une tendresse tropicale, tandis que la <strong data-start=\"1539\" data-end=\"1553\">Vitamine E<\/strong> et le <strong data-start=\"1560\" data-end=\"1583\">Romarin antioxydant<\/strong> veillent comme des gardiens silencieux.<\/p>\n<p data-start=\"920\" data-end=\"1343\"><strong data-start=\"251\" data-end=\"259\">L&rsquo;un des hydratants les plus riches de la nature, consid\u00e9r\u00e9 comme l&rsquo;aliment le plus riche en ojas sur terre [\u00a0Ojas d\u00e9signe l\u2019\u00ab essence vitale \u00bb du corps ] . Gr\u00e2ce \u00e0 ses propri\u00e9t\u00e9s rafra\u00eechissantes et nourrissantes, le ghee p\u00e9n\u00e8tre profond\u00e9ment dans les tissus pour renforcer et prot\u00e9ger la peau, aider \u00e0 ralentir le vieillissement cellulaire et soulager les yeux fatigu\u00e9s. Extr\u00eamement fortifiant et adoucissant pour les tissus cutan\u00e9s.<\/strong><\/p>\n<p data-start=\"920\" data-end=\"1343\">C\u2019est l\u2019\u00e9nergie la plus subtile, le condens\u00e9 de la digestion, du sommeil, du mental, des \u00e9motions et de l\u2019\u00e9quilibre global en Ayurveda.<\/p>\n<p data-start=\"1625\" data-end=\"1764\">Le r\u00e9sultat : un regard qui s\u2019ouvre, une l\u00e8vre qui se redessine, une peau qui retrouve son langage premier \u2014 souplesse, lumi\u00e8re, intention.<\/p>\n<p><strong>\u00c9tape cl\u00e9 de notre routine<a href=\"https:\/\/awesomegreenbeauty.com\/les-peaux-matures-2\/\"> de soins peaux matures.<\/a><\/strong><\/p>\n<p data-start=\"1113\" data-end=\"2096\">Un <strong data-start=\"1116\" data-end=\"1143\">baume haute performance<\/strong> pour le <strong data-start=\"1152\" data-end=\"1186\">contour des yeux et des l\u00e8vres<\/strong>, formul\u00e9 comme une micro-infusion botanique qui conjugue nutrition profonde, action antioxydante et \u00e9clat imm\u00e9diat.<br data-start=\"1302\" data-end=\"1305\" \/>Le <em data-start=\"1308\" data-end=\"1329\">Ghee certifi\u00e9 bio<\/em>* agit comme phase nourrissante intelligente, renfor\u00e7ant la barri\u00e8re cutan\u00e9e et apportant une douceur ultra-fine. Le <strong data-start=\"1446\" data-end=\"1456\">Safran<\/strong>, actif rare et lumineux, cible le teint terne et les zones fragiles du regard pour raviver l\u2019\u00e9clat et uniformiser visuellement la peau.<br data-start=\"1592\" data-end=\"1595\" \/>La <strong data-start=\"1598\" data-end=\"1615\">Rose Absolute<\/strong> apaise, harmonise et soutient les tissus d\u00e9licats du contour. L\u2019<strong data-start=\"1680\" data-end=\"1692\">Amla Oil<\/strong>*, riche en vitamine C naturelle, aide \u00e0 tonifier et lisser les micro-rides, tandis que la <strong data-start=\"1783\" data-end=\"1801\">Guava Seed Oil<\/strong> apporte ses acides gras essentiels pour repulper les l\u00e8vres et am\u00e9liorer la texture cutan\u00e9e.<br data-start=\"1894\" data-end=\"1897\" \/>Le <strong>Beurre de mangue brut*<\/strong> offre une hydratation profonde sans effet occlusif, alors que la <strong data-start=\"1987\" data-end=\"2001\">Vitamine E<\/strong> et l\u2019extrait de <strong data-start=\"2018\" data-end=\"2041\">Romarin antioxydant<\/strong> prot\u00e8gent la formule comme la peau contre l\u2019oxydation.<\/p>\n<p data-start=\"2098\" data-end=\"2399\"><strong>R\u00e9sultat :<\/strong> un contour des yeux visiblement plus repos\u00e9, une l\u00e8vre plus lisse, une zone p\u00e9ri-orale mieux d\u00e9finie, le tout envelopp\u00e9 dans une texture fondante qui fusionne instantan\u00e9ment avec la peau.<br data-start=\"2296\" data-end=\"2299\" \/>Un soin multit\u00e2che moderne, pr\u00e9cis, con\u00e7u pour les zones qui trahissent le plus rapidement le temps.<\/p>\n<p>Types de peau Vata et Pitta -Zone s\u00e8che et d\u00e9shydrat\u00e9e autour des yeux &#8211; Action de pr\u00e9vention du vieillissement pr\u00e9matur\u00e9.<\/p>\n<p>&nbsp;<\/p>\n<p data-start=\"2098\" data-end=\"2399\">\n","protected":false},"excerpt":{"rendered":"<p data-start=\"319\" data-end=\"394\">Baume Contour Yeux &amp; L\u00e8vres au Safran \u2013 Baume \u00c9clat &amp; Nutrition<\/p>\n<p data-start=\"396\" data-end=\"636\">Baume concentr\u00e9 pour zones d\u00e9licates : ghee nourrissant, safran illuminateur, rose absolue apaisante et huiles d\u2019amla &amp; de goyave pour lisser, repulper et prot\u00e9ger.<\/p>\n<p data-start=\"396\" data-end=\"636\">Texture fondante, \u00e9clat imm\u00e9diat, confort durable.<\/p>\n<p data-start=\"638\" data-end=\"879\"><strong data-start=\"638\" data-end=\"653\">Points cl\u00e9s<\/strong><br data-start=\"653\" data-end=\"656\" \/>\u2022 Nutrition profonde sans lourdeur<br data-start=\"690\" data-end=\"693\" \/>\u2022 \u00c9clat du regard, l\u00e8vres plus lisses<br data-start=\"730\" data-end=\"733\" \/>\u2022 Antioxydants naturels (Vitamine E + Romarin)<br data-start=\"779\" data-end=\"782\" \/>\u2022 Safran + Amla pour un effet revitalisant visible<br data-start=\"832\" data-end=\"835\" \/>\u2022 Beurre de mangue cru : hydratation durable<\/p>\n<p data-start=\"638\" data-end=\"879\">","protected":false},"featured_media":39775,"template":"","meta":{"ocean_post_layout":"","ocean_both_sidebars_style":"","ocean_both_sidebars_content_width":0,"ocean_both_sidebars_sidebars_width":0,"ocean_sidebar":"0","ocean_second_sidebar":"0","ocean_disable_margins":"enable","ocean_add_body_class":"","ocean_shortcode_before_top_bar":"","ocean_shortcode_after_top_bar":"","ocean_shortcode_before_header":"","ocean_shortcode_after_header":"","ocean_has_shortcode":"","ocean_shortcode_after_title":"","ocean_shortcode_before_footer_widgets":"","ocean_shortcode_after_footer_widgets":"","ocean_shortcode_before_footer_bottom":"","ocean_shortcode_after_footer_bottom":"","ocean_display_top_bar":"default","ocean_display_header":"default","ocean_header_style":"","ocean_center_header_left_menu":"0","ocean_custom_header_template":"0","ocean_custom_logo":0,"ocean_custom_retina_logo":0,"ocean_custom_logo_max_width":0,"ocean_custom_logo_tablet_max_width":0,"ocean_custom_logo_mobile_max_width":0,"ocean_custom_logo_max_height":0,"ocean_custom_logo_tablet_max_height":0,"ocean_custom_logo_mobile_max_height":0,"ocean_header_custom_menu":"0","ocean_menu_typo_font_family":"0","ocean_menu_typo_font_subset":"","ocean_menu_typo_font_size":0,"ocean_menu_typo_font_size_tablet":0,"ocean_menu_typo_font_size_mobile":0,"ocean_menu_typo_font_size_unit":"px","ocean_menu_typo_font_weight":"","ocean_menu_typo_font_weight_tablet":"","ocean_menu_typo_font_weight_mobile":"","ocean_menu_typo_transform":"","ocean_menu_typo_transform_tablet":"","ocean_menu_typo_transform_mobile":"","ocean_menu_typo_line_height":0,"ocean_menu_typo_line_height_tablet":0,"ocean_menu_typo_line_height_mobile":0,"ocean_menu_typo_line_height_unit":"","ocean_menu_typo_spacing":0,"ocean_menu_typo_spacing_tablet":0,"ocean_menu_typo_spacing_mobile":0,"ocean_menu_typo_spacing_unit":"","ocean_menu_link_color":"","ocean_menu_link_color_hover":"","ocean_menu_link_color_active":"","ocean_menu_link_background":"","ocean_menu_link_hover_background":"","ocean_menu_link_active_background":"","ocean_menu_social_links_bg":"","ocean_menu_social_hover_links_bg":"","ocean_menu_social_links_color":"","ocean_menu_social_hover_links_color":"","ocean_disable_title":"default","ocean_disable_heading":"default","ocean_post_title":"","ocean_post_subheading":"","ocean_post_title_style":"","ocean_post_title_background_color":"","ocean_post_title_background":0,"ocean_post_title_bg_image_position":"","ocean_post_title_bg_image_attachment":"","ocean_post_title_bg_image_repeat":"","ocean_post_title_bg_image_size":"","ocean_post_title_height":0,"ocean_post_title_bg_overlay":0.5,"ocean_post_title_bg_overlay_color":"","ocean_disable_breadcrumbs":"default","ocean_breadcrumbs_color":"","ocean_breadcrumbs_separator_color":"","ocean_breadcrumbs_links_color":"","ocean_breadcrumbs_links_hover_color":"","ocean_display_footer_widgets":"default","ocean_display_footer_bottom":"default","ocean_custom_footer_template":"0"},"product_cat":[410,87,81,80,20],"product_tag":[],"class_list":{"0":"post-39768","1":"product","2":"type-product","3":"status-publish","4":"has-post-thumbnail","6":"product_brand-pratima-skincare","7":"product_cat-hyperpigmentation-taches-pigmentaires","8":"product_cat-peaux-matures","9":"product_cat-soins-des-levres","10":"product_cat-soins-des-yeux","11":"product_cat-soins-du-visage","13":"entry","14":"has-media","16":"first","17":"outofstock","18":"taxable","19":"shipping-taxable","20":"purchasable","21":"product-type-simple","22":"has-product-nav","23":"col","24":"span_1_of_4","25":"owp-content-center","26":"owp-thumbs-layout-horizontal","27":"owp-btn-normal","28":"owp-tabs-layout-horizontal"},"_links":{"self":[{"href":"https:\/\/awesomegreenbeauty.com\/en\/wp-json\/wp\/v2\/product\/39768","targetHints":{"allow":["GET"]}}],"collection":[{"href":"https:\/\/awesomegreenbeauty.com\/en\/wp-json\/wp\/v2\/product"}],"about":[{"href":"https:\/\/awesomegreenbeauty.com\/en\/wp-json\/wp\/v2\/types\/product"}],"version-history":[{"count":0,"href":"https:\/\/awesomegreenbeauty.com\/en\/wp-json\/wp\/v2\/product\/39768\/revisions"}],"wp:featuredmedia":[{"embeddable":true,"href":"https:\/\/awesomegreenbeauty.com\/en\/wp-json\/wp\/v2\/media\/39775"}],"wp:attachment":[{"href":"https:\/\/awesomegreenbeauty.com\/en\/wp-json\/wp\/v2\/media?parent=39768"}],"wp:term":[{"taxonomy":"product_cat","embeddable":true,"href":"https:\/\/awesomegreenbeauty.com\/en\/wp-json\/wp\/v2\/product_cat?post=39768"},{"taxonomy":"product_tag","embeddable":true,"href":"https:\/\/awesomegreenbeauty.com\/en\/wp-json\/wp\/v2\/product_tag?post=39768"}],"curies":[{"name":"wp","href":"https:\/\/api.w.org\/{rel}","templated":true}]}}