{"id":39783,"date":"2025-12-09T18:08:49","date_gmt":"2025-12-09T17:08:49","guid":{"rendered":"https:\/\/awesomegreenbeauty.com\/?post_type=product&#038;p=39783"},"modified":"2026-03-18T13:08:36","modified_gmt":"2026-03-18T12:08:36","slug":"le-set-decouverte-les-4-iconiques","status":"publish","type":"product","link":"https:\/\/awesomegreenbeauty.com\/en\/product\/le-set-decouverte-les-4-iconiques\/","title":{"rendered":"FIFTY7KIND &#8211; Le set d\u00e9couverte les 4 Iconiques &#8211; 4x5ml"},"content":{"rendered":"<p>Le set d\u00e9couverte les 4 Iconiques.\u00a0Les miniatures de luxe FIFTY7KIND sont id\u00e9ales pour tester les produits avant de les acheter en grand format, comme id\u00e9e cadeau ou pour un week-end (elles sont conformes aux normes relatives aux cosm\u00e9tiques en cabine dans les avions). Pour les peaux r\u00e9actives ou sensibles, ce coffret permet de tester les produits en toute s\u00e9curit\u00e9 gr\u00e2ce \u00e0 des patch-tests cutan\u00e9s. Depuis leur lancement en novembre 2019, nos produits ont remport\u00e9 au total 27 International Beauty Shortlist Awards.<\/p>\n<p><a href=\"https:\/\/awesomegreenbeauty.com\/en\/product\/baume-de-nuit-repulpant-reparateur-booster-de-collagene\/\"><strong>BAUME NADI<\/strong><\/a> Apaise. Prot\u00e8ge. Hydrate. Nourrit. Renforce la barri\u00e8re cutan\u00e9e.<br \/>\nCe baume apaisant ultime <strong>aide \u00e0 calmer les peaux irrit\u00e9es et ab\u00eem\u00e9es, renforce et reconstruit la barri\u00e8re cutan\u00e9e<\/strong> pendant la nuit, rajeunit, hydrate et nourrit la peau, pour une peau ultra-douce.<br \/>\n\u00c9claircit. Raffermit. \u00c9quilibre. Prot\u00e8ge. R\u00e9g\u00e9n\u00e8re les cellules.<\/p>\n<p><a href=\"https:\/\/awesomegreenbeauty.com\/en\/product\/serum-anti-lumiere-bleue-vitaminec-luca-fifty7kind\/\"><strong>LUCA SERUM<\/strong><\/a><\/p>\n<p>Un s\u00e9rum anti-pollution luxueux, l\u00e9ger et puissant qui repulpe, <strong>revitalise et prot\u00e8ge visiblement la peau, gr\u00e2ce \u00e0 un puissant complexe de vitamine C \u00e9claircissant.<\/strong><\/p>\n<p><a href=\"https:\/\/awesomegreenbeauty.com\/en\/product\/serum-visage-bio-anti-age-eclat-tanu\/\"><strong>TANU SERUM<\/strong><\/a><\/p>\n<p>Clarifie. \u00c9quilibre. R<strong>ajeunit. \u00c9claircit. Alternative au r\u00e9tinol.<\/strong><br \/>\nUne alternative au r\u00e9tinol luxueuse, concentr\u00e9e et d&rsquo;origine v\u00e9g\u00e9tale, f<strong>ormul\u00e9e avec des actifs de pointe pour clarifier la peau en \u00e9quilibrant la production de s\u00e9bum, en att\u00e9nuant l&rsquo;apparence des imperfections<\/strong>, en rajeunissant et en \u00e9claircissant.<\/p>\n<p><a href=\"https:\/\/awesomegreenbeauty.com\/en\/product\/nettoyant-demaquillant-botanique-soin-repousse-cheveux\/\"><strong>ZUCI Soin 3-en-1<\/strong><\/a><\/p>\n<p>R\u00e9\u00e9quilibrer. Exfolier. Apaiser. Revitaliser. Peau, cuir chevelu et cheveux.<br \/>\nUn s<strong>oin nettoyant 3 en 1 luxueux, formul\u00e9 pour rafra\u00eechir la surface de la peau et du cuir chevelu<\/strong>. \u00c9limine en douceur la salet\u00e9, la pollution, les filtres solaires, le maquillage, les accumulations et les r\u00e9sidus du cuir chevelu et des cheveux sans alt\u00e9rer le microbiome.<\/p>\n<p>&nbsp;<\/p>","protected":false},"excerpt":{"rendered":"<p>Les 4 miniatures de luxe FIFTY7KIND sont id\u00e9ales pour tester les produits avant de les acheter en grand format, comme id\u00e9e cadeau ou pour un week-end.<\/p>\n<p>Baume NADI &#8211; Serum LUCA &#8211; serum TANU &#8211; ZUCI soin 3-en-1.<\/p>\n<p>Des Merveilles<\/p>\n<p>&nbsp;<\/p>","protected":false},"featured_media":39784,"template":"","meta":{"ocean_post_layout":"","ocean_both_sidebars_style":"","ocean_both_sidebars_content_width":0,"ocean_both_sidebars_sidebars_width":0,"ocean_sidebar":"0","ocean_second_sidebar":"0","ocean_disable_margins":"enable","ocean_add_body_class":"","ocean_shortcode_before_top_bar":"","ocean_shortcode_after_top_bar":"","ocean_shortcode_before_header":"","ocean_shortcode_after_header":"","ocean_has_shortcode":"","ocean_shortcode_after_title":"","ocean_shortcode_before_footer_widgets":"","ocean_shortcode_after_footer_widgets":"","ocean_shortcode_before_footer_bottom":"","ocean_shortcode_after_footer_bottom":"","ocean_display_top_bar":"default","ocean_display_header":"default","ocean_header_style":"","ocean_center_header_left_menu":"0","ocean_custom_header_template":"0","ocean_custom_logo":0,"ocean_custom_retina_logo":0,"ocean_custom_logo_max_width":0,"ocean_custom_logo_tablet_max_width":0,"ocean_custom_logo_mobile_max_width":0,"ocean_custom_logo_max_height":0,"ocean_custom_logo_tablet_max_height":0,"ocean_custom_logo_mobile_max_height":0,"ocean_header_custom_menu":"0","ocean_menu_typo_font_family":"0","ocean_menu_typo_font_subset":"","ocean_menu_typo_font_size":0,"ocean_menu_typo_font_size_tablet":0,"ocean_menu_typo_font_size_mobile":0,"ocean_menu_typo_font_size_unit":"px","ocean_menu_typo_font_weight":"","ocean_menu_typo_font_weight_tablet":"","ocean_menu_typo_font_weight_mobile":"","ocean_menu_typo_transform":"","ocean_menu_typo_transform_tablet":"","ocean_menu_typo_transform_mobile":"","ocean_menu_typo_line_height":0,"ocean_menu_typo_line_height_tablet":0,"ocean_menu_typo_line_height_mobile":0,"ocean_menu_typo_line_height_unit":"","ocean_menu_typo_spacing":0,"ocean_menu_typo_spacing_tablet":0,"ocean_menu_typo_spacing_mobile":0,"ocean_menu_typo_spacing_unit":"","ocean_menu_link_color":"","ocean_menu_link_color_hover":"","ocean_menu_link_color_active":"","ocean_menu_link_background":"","ocean_menu_link_hover_background":"","ocean_menu_link_active_background":"","ocean_menu_social_links_bg":"","ocean_menu_social_hover_links_bg":"","ocean_menu_social_links_color":"","ocean_menu_social_hover_links_color":"","ocean_disable_title":"default","ocean_disable_heading":"default","ocean_post_title":"","ocean_post_subheading":"","ocean_post_title_style":"","ocean_post_title_background_color":"","ocean_post_title_background":0,"ocean_post_title_bg_image_position":"","ocean_post_title_bg_image_attachment":"","ocean_post_title_bg_image_repeat":"","ocean_post_title_bg_image_size":"","ocean_post_title_height":0,"ocean_post_title_bg_overlay":0.5,"ocean_post_title_bg_overlay_color":"","ocean_disable_breadcrumbs":"default","ocean_breadcrumbs_color":"","ocean_breadcrumbs_separator_color":"","ocean_breadcrumbs_links_color":"","ocean_breadcrumbs_links_hover_color":"","ocean_display_footer_widgets":"default","ocean_display_footer_bottom":"default","ocean_custom_footer_template":"0"},"product_cat":[82,108],"product_tag":[],"class_list":{"0":"post-39783","1":"product","2":"type-product","3":"status-publish","4":"has-post-thumbnail","6":"product_brand-fifty7kind","7":"product_cat-sets-de-voyage","8":"product_cat-travel-trial-sets","10":"entry","11":"has-media","13":"first","14":"instock","15":"taxable","16":"shipping-taxable","17":"purchasable","18":"product-type-simple","19":"has-product-nav","20":"col","21":"span_1_of_4","22":"owp-content-center","23":"owp-thumbs-layout-horizontal","24":"owp-btn-normal","25":"owp-tabs-layout-horizontal"},"_links":{"self":[{"href":"https:\/\/awesomegreenbeauty.com\/en\/wp-json\/wp\/v2\/product\/39783","targetHints":{"allow":["GET"]}}],"collection":[{"href":"https:\/\/awesomegreenbeauty.com\/en\/wp-json\/wp\/v2\/product"}],"about":[{"href":"https:\/\/awesomegreenbeauty.com\/en\/wp-json\/wp\/v2\/types\/product"}],"version-history":[{"count":0,"href":"https:\/\/awesomegreenbeauty.com\/en\/wp-json\/wp\/v2\/product\/39783\/revisions"}],"wp:featuredmedia":[{"embeddable":true,"href":"https:\/\/awesomegreenbeauty.com\/en\/wp-json\/wp\/v2\/media\/39784"}],"wp:attachment":[{"href":"https:\/\/awesomegreenbeauty.com\/en\/wp-json\/wp\/v2\/media?parent=39783"}],"wp:term":[{"taxonomy":"product_cat","embeddable":true,"href":"https:\/\/awesomegreenbeauty.com\/en\/wp-json\/wp\/v2\/product_cat?post=39783"},{"taxonomy":"product_tag","embeddable":true,"href":"https:\/\/awesomegreenbeauty.com\/en\/wp-json\/wp\/v2\/product_tag?post=39783"}],"curies":[{"name":"wp","href":"https:\/\/api.w.org\/{rel}","templated":true}]}}