{"id":39788,"date":"2025-12-09T18:45:33","date_gmt":"2025-12-09T17:45:33","guid":{"rendered":"https:\/\/awesomegreenbeauty.com\/?post_type=product&#038;p=39788"},"modified":"2025-12-09T18:51:45","modified_gmt":"2025-12-09T17:51:45","slug":"pratima-skincare-les-sets-decouverte-4-produits-vata-pitta-kapha-4x15ml","status":"publish","type":"product","link":"https:\/\/awesomegreenbeauty.com\/en\/product\/pratima-skincare-les-sets-decouverte-4-produits-vata-pitta-kapha-4x15ml\/","title":{"rendered":"PRATIMA SKINCARE &#8211; Les Sets D\u00e9couverte 4 produits VATA, PITTA &#038; KAPHA- 4x15ml"},"content":{"rendered":"<p>Les Sets D\u00e9couverte 4 produits VATA, PITTA &amp; KAPHA<\/p>\n<p><a href=\"https:\/\/awesomegreenbeauty.com\/en\/les-peaux-matures-2\/\"><strong>VATA STARTER SET<\/strong><\/a><\/p>\n<p><em><strong>Pour les peaux s\u00e8ches et d\u00e9shydrat\u00e9es<\/strong><\/em><\/p>\n<p>Dans une pochette en mousseline \u00e9cologique, cet ensemble comprend :<\/p>\n<p><strong>Nettoyant \u00e0 base de plantes Vata, 30 g.<\/strong><br \/>\nUn nettoyant nourrissant qui exfolie en douceur et r\u00e9tablit l&rsquo;hydratation gr\u00e2ce \u00e0 la consoude et au citron revitalisant pour une peau douce, lisse et hydrat\u00e9e.<\/p>\n<p><strong>Huile essentielle Vata, 7 ml.<\/strong><br \/>\nUne formule hydratante qui r\u00e9tablit l&rsquo;hydratation, tonifie et r\u00e9duit l&rsquo;apparence des ridules gr\u00e2ce au s\u00e9same, \u00e0 l&rsquo;orange, \u00e0 la cardamome et au g\u00e9ranium.<\/p>\n<p>Liposomes, 15 ml.<br \/>\n<strong>Un s\u00e9rum antioxydant puissant qui transporte les huiles essentielles en profondeur dans la peau pour favoriser le renouvellement cellulaire, stimuler le collag\u00e8ne et minimiser l&rsquo;apparence des pores et des cicatrices.<\/strong><\/p>\n<p><strong>Cr\u00e8me au collag\u00e8ne Amla, 15 g.<\/strong><br \/>\nCette cr\u00e8me nourrissante aide \u00e0 am\u00e9liorer l&rsquo;\u00e9lasticit\u00e9 et \u00e0 minimiser l&rsquo;apparence des ridules tout en renfor\u00e7ant les tissus et en favorisant la production de collag\u00e8ne.<\/p>\n<p><a href=\"https:\/\/awesomegreenbeauty.com\/en\/routines-peaux-sensibles-reactives\/\"><strong>PITTA STARTER KIT<\/strong><\/a><\/p>\n<p><em><strong>Pour les peaux mixtes et sensibles<\/strong><\/em><\/p>\n<p>Dans une pochette en mousseline \u00e9cologique, cet ensemble comprend :<\/p>\n<p><strong>Nettoyant \u00e0 base de plantes Pitta, 30 g.<\/strong><br \/>\nUn nettoyant \u00e9quilibrant pour les peaux sensibles ou sujettes aux imperfections, qui nettoie, apaise et r\u00e9pare gr\u00e2ce au bois de santal, \u00e0 la coriandre et \u00e0 la lavande aux propri\u00e9t\u00e9s curatives.<\/p>\n<p><strong>Huile essentielle Pitta, 7 ml.<\/strong><br \/>\nUne formule \u00e9quilibrante \u00e0 base de bois de santal, de jasmin et de rose qui nourrit, apaise et r\u00e9pare efficacement les peaux mixtes.<\/p>\n<p><strong>Liposomes, 15 ml.<\/strong><br \/>\nUn s\u00e9rum antioxydant puissant qui transporte les huiles essentielles en profondeur dans la peau pour favoriser le renouvellement cellulaire, stimuler le collag\u00e8ne et minimiser l&rsquo;apparence des pores et des cicatrices.<\/p>\n<p><strong>Cr\u00e8me hydratante botanique, 15 g.<\/strong><br \/>\nCette formule l\u00e9g\u00e8re hydrate et laisse la peau douce et souple gr\u00e2ce aux vitamines A et E et aux plantes telles que le fenouil, l&rsquo;orange douce et la rose.<\/p>\n<p><a href=\"https:\/\/awesomegreenbeauty.com\/en\/les-peaux-a-imperfections\/\"><strong>KAPHA STARTER KIT<\/strong><\/a><\/p>\n<p><em><strong>Pour les peaux grasses<\/strong><\/em><\/p>\n<p>Dans une pochette en mousseline \u00e9cologique, cet ensemble comprend :<\/p>\n<p><strong><em>Nettoyant \u00e0 base de plantes Kapha,<\/em> 30 g.<\/strong><br \/>\nUn nettoyant purifiant \u00e0 base de ritha et de lentilles qui aide \u00e0 r\u00e9duire l&rsquo;exc\u00e8s de s\u00e9bum et la congestion, tout en exfoliant et en resserrant les pores.<\/p>\n<p><strong>Huile essentielle Kapha, 7<\/strong> ml.<br \/>\nUne formule purifiante \u00e0 base de menthe, de lavande et de romarin pour nourrir et d\u00e9congestionner la peau, tout en minimisant les pores et en r\u00e9duisant l&rsquo;exc\u00e8s de s\u00e9bum.<\/p>\n<p><strong>Liposomes<\/strong>, 15 ml.<br \/>\nUn s\u00e9rum antioxydant puissant qui transporte les huiles essentielles en profondeur dans la peau pour favoriser le renouvellement cellulaire, stimuler le collag\u00e8ne et minimiser l&rsquo;apparence des pores et des cicatrices.<\/p>\n<p><strong>Cr\u00e8me purifiante au neem,<\/strong> 15 g.<br \/>\nCon\u00e7ue pour les peaux congestionn\u00e9es et sujettes \u00e0 l&rsquo;acn\u00e9, cette combinaison l\u00e9g\u00e8re de neem, de brahmi et de tulsi antibact\u00e9riens et antiseptiques aide \u00e0 \u00e9liminer la congestion, les imperfections et les \u00e9ruptions cutan\u00e9es. Elle hydrate en douceur et am\u00e9liore la sant\u00e9 globale de la peau.<\/p>\n<p>&nbsp;<\/p>\n<p>&nbsp;<\/p>","protected":false},"excerpt":{"rendered":"<p><strong>Les sets d\u00e9couverte 4 produits<\/strong> de Pratima Skincare VATA, PITTA &amp; KAPHA.<\/p>\n<p><strong>Set Vata<\/strong> :\u00a0 <em><strong>\u00a0peaux s\u00e8ches et d\u00e9shydrat\u00e9es<\/strong><\/em><\/p>\n<p><strong>Set Pitta<\/strong> : peaux sensibles &amp; mixtes<\/p>\n<p>Set Kapha : peaux grasses<\/p>\n<p>4 produits iconiques pour d\u00e9couvrir et retrouver une peau magnifique !<\/p>\n<p>&nbsp;<\/p>","protected":false},"featured_media":39792,"template":"","meta":{"ocean_post_layout":"","ocean_both_sidebars_style":"","ocean_both_sidebars_content_width":0,"ocean_both_sidebars_sidebars_width":0,"ocean_sidebar":"0","ocean_second_sidebar":"0","ocean_disable_margins":"enable","ocean_add_body_class":"","ocean_shortcode_before_top_bar":"","ocean_shortcode_after_top_bar":"","ocean_shortcode_before_header":"","ocean_shortcode_after_header":"","ocean_has_shortcode":"","ocean_shortcode_after_title":"","ocean_shortcode_before_footer_widgets":"","ocean_shortcode_after_footer_widgets":"","ocean_shortcode_before_footer_bottom":"","ocean_shortcode_after_footer_bottom":"","ocean_display_top_bar":"default","ocean_display_header":"default","ocean_header_style":"","ocean_center_header_left_menu":"0","ocean_custom_header_template":"0","ocean_custom_logo":0,"ocean_custom_retina_logo":0,"ocean_custom_logo_max_width":0,"ocean_custom_logo_tablet_max_width":0,"ocean_custom_logo_mobile_max_width":0,"ocean_custom_logo_max_height":0,"ocean_custom_logo_tablet_max_height":0,"ocean_custom_logo_mobile_max_height":0,"ocean_header_custom_menu":"0","ocean_menu_typo_font_family":"0","ocean_menu_typo_font_subset":"","ocean_menu_typo_font_size":0,"ocean_menu_typo_font_size_tablet":0,"ocean_menu_typo_font_size_mobile":0,"ocean_menu_typo_font_size_unit":"px","ocean_menu_typo_font_weight":"","ocean_menu_typo_font_weight_tablet":"","ocean_menu_typo_font_weight_mobile":"","ocean_menu_typo_transform":"","ocean_menu_typo_transform_tablet":"","ocean_menu_typo_transform_mobile":"","ocean_menu_typo_line_height":0,"ocean_menu_typo_line_height_tablet":0,"ocean_menu_typo_line_height_mobile":0,"ocean_menu_typo_line_height_unit":"","ocean_menu_typo_spacing":0,"ocean_menu_typo_spacing_tablet":0,"ocean_menu_typo_spacing_mobile":0,"ocean_menu_typo_spacing_unit":"","ocean_menu_link_color":"","ocean_menu_link_color_hover":"","ocean_menu_link_color_active":"","ocean_menu_link_background":"","ocean_menu_link_hover_background":"","ocean_menu_link_active_background":"","ocean_menu_social_links_bg":"","ocean_menu_social_hover_links_bg":"","ocean_menu_social_links_color":"","ocean_menu_social_hover_links_color":"","ocean_disable_title":"default","ocean_disable_heading":"default","ocean_post_title":"","ocean_post_subheading":"","ocean_post_title_style":"","ocean_post_title_background_color":"","ocean_post_title_background":0,"ocean_post_title_bg_image_position":"","ocean_post_title_bg_image_attachment":"","ocean_post_title_bg_image_repeat":"","ocean_post_title_bg_image_size":"","ocean_post_title_height":0,"ocean_post_title_bg_overlay":0.5,"ocean_post_title_bg_overlay_color":"","ocean_disable_breadcrumbs":"default","ocean_breadcrumbs_color":"","ocean_breadcrumbs_separator_color":"","ocean_breadcrumbs_links_color":"","ocean_breadcrumbs_links_hover_color":"","ocean_display_footer_widgets":"default","ocean_display_footer_bottom":"default","ocean_custom_footer_template":"0"},"product_cat":[79,36,84,20],"product_tag":[],"class_list":{"0":"post-39788","1":"product","2":"type-product","3":"status-publish","4":"has-post-thumbnail","6":"product_brand-pratima-skincare","7":"product_cat-hydratants-visage-aux-huiles-bio","8":"product_cat-nettoyants-visage-bio-naturels","9":"product_cat-serums-bio-huiles-de-beaute","10":"product_cat-soins-du-visage","12":"entry","13":"has-media","15":"first","16":"instock","17":"taxable","18":"shipping-taxable","19":"purchasable","20":"product-type-variable","21":"has-product-nav","22":"col","23":"span_1_of_4","24":"owp-content-center","25":"owp-thumbs-layout-horizontal","26":"owp-btn-normal","27":"owp-tabs-layout-horizontal","28":"has-no-thumbnails"},"_links":{"self":[{"href":"https:\/\/awesomegreenbeauty.com\/en\/wp-json\/wp\/v2\/product\/39788","targetHints":{"allow":["GET"]}}],"collection":[{"href":"https:\/\/awesomegreenbeauty.com\/en\/wp-json\/wp\/v2\/product"}],"about":[{"href":"https:\/\/awesomegreenbeauty.com\/en\/wp-json\/wp\/v2\/types\/product"}],"version-history":[{"count":0,"href":"https:\/\/awesomegreenbeauty.com\/en\/wp-json\/wp\/v2\/product\/39788\/revisions"}],"wp:featuredmedia":[{"embeddable":true,"href":"https:\/\/awesomegreenbeauty.com\/en\/wp-json\/wp\/v2\/media\/39792"}],"wp:attachment":[{"href":"https:\/\/awesomegreenbeauty.com\/en\/wp-json\/wp\/v2\/media?parent=39788"}],"wp:term":[{"taxonomy":"product_cat","embeddable":true,"href":"https:\/\/awesomegreenbeauty.com\/en\/wp-json\/wp\/v2\/product_cat?post=39788"},{"taxonomy":"product_tag","embeddable":true,"href":"https:\/\/awesomegreenbeauty.com\/en\/wp-json\/wp\/v2\/product_tag?post=39788"}],"curies":[{"name":"wp","href":"https:\/\/api.w.org\/{rel}","templated":true}]}}