{"id":40036,"date":"2026-02-24T13:08:49","date_gmt":"2026-02-24T12:08:49","guid":{"rendered":"https:\/\/awesomegreenbeauty.com\/?post_type=product&#038;p=40036"},"modified":"2026-02-24T13:32:23","modified_gmt":"2026-02-24T12:32:23","slug":"gressa-baume-a-levres-teinte-lip-boost-aux-rouge-4g","status":"publish","type":"product","link":"https:\/\/awesomegreenbeauty.com\/en\/product\/gressa-baume-a-levres-teinte-lip-boost-aux-rouge-4g\/","title":{"rendered":"GRESSA - Lip Boost Aux Rouge - Tinted Lip Balm 4g"},"content":{"rendered":"<h3 data-start=\"150\" data-end=\"220\">Un Baume \u00e0 L\u00e8vres Naturel Teint\u00e9 \u2013 Hydratation &amp; Couleur \u2013 100% naturel &amp; Bio<\/h3>\n<p data-start=\"222\" data-end=\"460\"><strong data-start=\"222\" data-end=\"460\">Offrez \u00e0 vos l\u00e8vres une touche de couleur naturelle \u00a0\u00bbLe rouge : classique, audacieux, sensuel\u00a0\u00bb\u00a0tout en les nourrissant en profondeur gr\u00e2ce \u00e0 ce baume \u00e0 l\u00e8vres naturel teint\u00e9. Fabriqu\u00e9 avec des ingr\u00e9dients issus de l\u2019agriculture biologique, ce soin allie beaut\u00e9 et bien-\u00eatre.<\/strong><\/p>\n<p>Un Baume \u00e0 L\u00e8vres Naturel Teint\u00e9 \u00e0<strong>\u00a0porter seul ou par-dessus le rouge \u00e0 l\u00e8vres de votre choix. Peut \u00e9galement \u00eatre utilis\u00e9 comme fard \u00e0 joues ou blush cr\u00e9meux.<\/strong><\/p>\n<h4 data-start=\"467\" data-end=\"525\"><strong data-start=\"473\" data-end=\"523\">Les bienfaits du baume \u00e0 l\u00e8vres naturel teint\u00e9<\/strong> :<\/h4>\n<ul data-start=\"526\" data-end=\"899\">\n<li data-start=\"526\" data-end=\"607\">\n<p data-start=\"528\" data-end=\"607\"><strong data-start=\"531\" data-end=\"554\">Hydratation intense<\/strong> : gr\u00e2ce aux beurres de karit\u00e9, de cacao et de mangue<\/p>\n<\/li>\n<li data-start=\"608\" data-end=\"691\">\n<p data-start=\"610\" data-end=\"691\"><strong data-start=\"613\" data-end=\"632\">Couleur subtile<\/strong> : pigments min\u00e9raux pour une teinte naturelle et modulable<\/p>\n<\/li>\n<li data-start=\"692\" data-end=\"796\">\n<p data-start=\"694\" data-end=\"796\"><strong data-start=\"697\" data-end=\"719\">100% naturel &amp; bio<\/strong> : certifi\u00e9 bio, sans parab\u00e8nes, sans silicones, sans produits p\u00e9trochimiques<\/p>\n<\/li>\n<li data-start=\"797\" data-end=\"864\">\n<p data-start=\"799\" data-end=\"864\"><strong data-start=\"802\" data-end=\"823\">Texture onctueuse<\/strong> : fond sur les l\u00e8vres sans effet collant<\/p>\n<\/li>\n<li data-start=\"865\" data-end=\"899\">\n<p data-start=\"867\" data-end=\"899\"><strong data-start=\"870\" data-end=\"899\">Emballage \u00e9co-responsable<\/strong><\/p>\n<\/li>\n<\/ul>\n<h4 data-start=\"906\" data-end=\"935\"><strong data-start=\"913\" data-end=\"933\">Ingr\u00e9dients cl\u00e9s<\/strong> :<\/h4>\n<ul data-start=\"936\" data-end=\"1268\">\n<li data-start=\"936\" data-end=\"990\">\n<p data-start=\"938\" data-end=\"990\"><strong data-start=\"938\" data-end=\"960\">Huile de ricin bio<\/strong> : adoucissante et protectrice<\/p>\n<\/li>\n<li data-start=\"991\" data-end=\"1046\">\n<p data-start=\"993\" data-end=\"1046\"><a href=\"https:\/\/www.regard-sur-les-cosmetiques.fr\/nos-regards\/la-cire-de-carnauba-du-hamburger-au-stick-a-levres-entre-fast-food-et-slow-cosmetique-1770\/\"><strong data-start=\"993\" data-end=\"1013\">Cire de carnauba<\/strong> <\/a>: apporte de la tenue au produit<\/p>\n<\/li>\n<li data-start=\"1047\" data-end=\"1105\">\n<p data-start=\"1049\" data-end=\"1105\"><strong data-start=\"1049\" data-end=\"1073\">Beurre de karit\u00e9 bio<\/strong> : r\u00e9pare et nourrit intens\u00e9ment<\/p>\n<\/li>\n<li data-start=\"1106\" data-end=\"1198\">\n<p data-start=\"1108\" data-end=\"1198\"><a href=\"https:\/\/www.plantes-et-sante.fr\/articles\/remedes-naturels\/5299-le-beurre-de-cacao-chaud-et-nourrissant?\" target=\"_blank\" rel=\"noopener\"><strong data-start=\"1108\" data-end=\"1140\">Beurre de mangue et de cacao<\/strong><\/a> : adoucissent les l\u00e8vres et pr\u00e9viennent la d\u00e9shydratation<\/p>\n<\/li>\n<\/ul>\n<p><span class=\"relative -mx-px my-[-0.2rem] rounded px-px py-[0.2rem] transition-colors duration-100 ease-in-out\">\u00a0 \u00a0 \u00a0 Riche en acides gras (ol\u00e9i\u00adque, st\u00e9ari\u00adque, palmitique), en b\u00eata\u2011carot\u00e8ne et en polyph\u00e9nols, il est hydratant, \u00e9mollient, antioxydant et non com\u00e9dog\u00e8ne.<\/span>\u00a0<span class=\"relative -mx-px my-[-0.2rem] rounded px-px py-[0.2rem] transition-colors duration-100 ease-in-out\">Id\u00e9al pour la peau, les cheveux secs, ou en baume\u00a0 \u00a0 \u00a0 \u00a0 \u00a0 \u00a0 \u00a0 \u00a0 \u00a0 \u00a0 \u00a0 \u00a0 \u00a0 \u00a0 \u00a0 r\u00e9parateur. Le <strong data-start=\"1429\" data-end=\"1448\">beurre de cacao<\/strong> est un hydratant solide, filmog\u00e8ne, anti-\u00e2ge, apaisant particuli\u00e8rement adapt\u00e9 aux peaux tr\u00e8s s\u00e8ches.<\/span><\/p>\n<ul data-start=\"936\" data-end=\"1268\">\n<li data-start=\"1199\" data-end=\"1268\">\n<p data-start=\"1201\" data-end=\"1268\"><strong data-start=\"1201\" data-end=\"1231\">Pigments min\u00e9raux naturels<\/strong> : pour une teinte douce, sans danger<\/p>\n<\/li>\n<\/ul>\n<h3 data-start=\"1423\" data-end=\"1446\"><strong data-start=\"1430\" data-end=\"1446\">Convient \u00e0 t<\/strong><span style=\"font-size: 16px;\">ous types de peaux<\/span><\/h3>\n<ul data-start=\"1447\" data-end=\"1516\">\n<li data-start=\"1469\" data-end=\"1498\">\n<p data-start=\"1471\" data-end=\"1498\">Femmes enceintes et enfants<\/p>\n<\/li>\n<li data-start=\"1499\" data-end=\"1516\">\n<p data-start=\"1501\" data-end=\"1516\">Peaux sensibles<\/p>\n<\/li>\n<\/ul>\n","protected":false},"excerpt":{"rendered":"<h3 class=\"ai-optimize-29\" data-start=\"150\" data-end=\"220\">A Tinted Natural Lip Balm | 100% Natural | Bio<\/h3>\n<p class=\"ai-optimize-30 ai-optimize-introduction\" data-start=\"222\" data-end=\"460\">Give your lips a touch of natural \u201cther red: classic,audace,sensual'' color while nourishing them deep down with this natural tinted lip balm. Made with organic ingredients, it combines beauty and well-being.<\/p>\n<p class=\"ai-optimize-29\" data-start=\"222\" data-end=\"460\"><strong>Beauty tip<\/strong> : Wear alone or over the lipstick of your choice. Can also be used as a blush or creamy blush.<\/p>","protected":false},"featured_media":40039,"template":"","meta":{"ocean_post_layout":"","ocean_both_sidebars_style":"","ocean_both_sidebars_content_width":0,"ocean_both_sidebars_sidebars_width":0,"ocean_sidebar":"0","ocean_second_sidebar":"0","ocean_disable_margins":"enable","ocean_add_body_class":"","ocean_shortcode_before_top_bar":"","ocean_shortcode_after_top_bar":"","ocean_shortcode_before_header":"","ocean_shortcode_after_header":"","ocean_has_shortcode":"","ocean_shortcode_after_title":"","ocean_shortcode_before_footer_widgets":"","ocean_shortcode_after_footer_widgets":"","ocean_shortcode_before_footer_bottom":"","ocean_shortcode_after_footer_bottom":"","ocean_display_top_bar":"default","ocean_display_header":"default","ocean_header_style":"","ocean_center_header_left_menu":"0","ocean_custom_header_template":"0","ocean_custom_logo":0,"ocean_custom_retina_logo":0,"ocean_custom_logo_max_width":0,"ocean_custom_logo_tablet_max_width":0,"ocean_custom_logo_mobile_max_width":0,"ocean_custom_logo_max_height":0,"ocean_custom_logo_tablet_max_height":0,"ocean_custom_logo_mobile_max_height":0,"ocean_header_custom_menu":"0","ocean_menu_typo_font_family":"0","ocean_menu_typo_font_subset":"","ocean_menu_typo_font_size":0,"ocean_menu_typo_font_size_tablet":0,"ocean_menu_typo_font_size_mobile":0,"ocean_menu_typo_font_size_unit":"px","ocean_menu_typo_font_weight":"","ocean_menu_typo_font_weight_tablet":"","ocean_menu_typo_font_weight_mobile":"","ocean_menu_typo_transform":"","ocean_menu_typo_transform_tablet":"","ocean_menu_typo_transform_mobile":"","ocean_menu_typo_line_height":0,"ocean_menu_typo_line_height_tablet":0,"ocean_menu_typo_line_height_mobile":0,"ocean_menu_typo_line_height_unit":"","ocean_menu_typo_spacing":0,"ocean_menu_typo_spacing_tablet":0,"ocean_menu_typo_spacing_mobile":0,"ocean_menu_typo_spacing_unit":"","ocean_menu_link_color":"","ocean_menu_link_color_hover":"","ocean_menu_link_color_active":"","ocean_menu_link_background":"","ocean_menu_link_hover_background":"","ocean_menu_link_active_background":"","ocean_menu_social_links_bg":"","ocean_menu_social_hover_links_bg":"","ocean_menu_social_links_color":"","ocean_menu_social_hover_links_color":"","ocean_disable_title":"default","ocean_disable_heading":"default","ocean_post_title":"","ocean_post_subheading":"","ocean_post_title_style":"","ocean_post_title_background_color":"","ocean_post_title_background":0,"ocean_post_title_bg_image_position":"","ocean_post_title_bg_image_attachment":"","ocean_post_title_bg_image_repeat":"","ocean_post_title_bg_image_size":"","ocean_post_title_height":0,"ocean_post_title_bg_overlay":0.5,"ocean_post_title_bg_overlay_color":"","ocean_disable_breadcrumbs":"default","ocean_breadcrumbs_color":"","ocean_breadcrumbs_separator_color":"","ocean_breadcrumbs_links_color":"","ocean_breadcrumbs_links_hover_color":"","ocean_display_footer_widgets":"default","ocean_display_footer_bottom":"default","ocean_custom_footer_template":"0"},"product_cat":[113,115,23,114],"product_tag":[],"class_list":{"0":"post-40036","1":"product","2":"type-product","3":"status-publish","4":"has-post-thumbnail","6":"product_brand-gressa-skincare","7":"product_cat-baumes-a-levres","8":"product_cat-blush-cremes","9":"product_cat-cosmetique","10":"product_cat-rouges-a-levres","12":"entry","13":"has-media","15":"first","16":"instock","17":"taxable","18":"shipping-taxable","19":"purchasable","20":"product-type-simple","21":"has-product-nav","22":"col","23":"span_1_of_4","24":"owp-content-center","25":"owp-thumbs-layout-horizontal","26":"owp-btn-normal","27":"owp-tabs-layout-horizontal"},"_links":{"self":[{"href":"https:\/\/awesomegreenbeauty.com\/en\/wp-json\/wp\/v2\/product\/40036","targetHints":{"allow":["GET"]}}],"collection":[{"href":"https:\/\/awesomegreenbeauty.com\/en\/wp-json\/wp\/v2\/product"}],"about":[{"href":"https:\/\/awesomegreenbeauty.com\/en\/wp-json\/wp\/v2\/types\/product"}],"version-history":[{"count":0,"href":"https:\/\/awesomegreenbeauty.com\/en\/wp-json\/wp\/v2\/product\/40036\/revisions"}],"wp:featuredmedia":[{"embeddable":true,"href":"https:\/\/awesomegreenbeauty.com\/en\/wp-json\/wp\/v2\/media\/40039"}],"wp:attachment":[{"href":"https:\/\/awesomegreenbeauty.com\/en\/wp-json\/wp\/v2\/media?parent=40036"}],"wp:term":[{"taxonomy":"product_cat","embeddable":true,"href":"https:\/\/awesomegreenbeauty.com\/en\/wp-json\/wp\/v2\/product_cat?post=40036"},{"taxonomy":"product_tag","embeddable":true,"href":"https:\/\/awesomegreenbeauty.com\/en\/wp-json\/wp\/v2\/product_tag?post=40036"}],"curies":[{"name":"wp","href":"https:\/\/api.w.org\/{rel}","templated":true}]}}