{"id":40147,"date":"2026-03-13T16:17:43","date_gmt":"2026-03-13T15:17:43","guid":{"rendered":"https:\/\/awesomegreenbeauty.com\/?post_type=product&#038;p=40147"},"modified":"2026-04-24T18:57:06","modified_gmt":"2026-04-24T16:57:06","slug":"flow-cosmetics-creme-visage-bilberry-centella-50ml","status":"publish","type":"product","link":"https:\/\/awesomegreenbeauty.com\/en\/product\/flow-cosmetics-creme-visage-bilberry-centella-50ml\/","title":{"rendered":"FLOW COSMETICS &#8211; Cr\u00e8me visage Bilberry &#038; centella -50ML"},"content":{"rendered":"<div class=\"flex flex-col text-sm pb-25\">\n<article class=\"text-token-text-primary w-full focus:outline-none [--shadow-height:45px] has-data-writing-block:pointer-events-none has-data-writing-block:-mt-(--shadow-height) has-data-writing-block:pt-(--shadow-height) [&amp;:has([data-writing-block])&gt;*]:pointer-events-auto scroll-mt-[calc(var(--header-height)+min(200px,max(70px,20svh)))]\" dir=\"auto\" tabindex=\"-1\" data-turn-id=\"request-WEB:905a868e-b441-4d44-a805-300092a82d2b-0\" data-testid=\"conversation-turn-2\" data-scroll-anchor=\"true\" data-turn=\"assistant\">\n<div class=\"text-base my-auto mx-auto pb-10 [--thread-content-margin:var(--thread-content-margin-xs,calc(var(--spacing)*4))] @w-sm\/main:[--thread-content-margin:var(--thread-content-margin-sm,calc(var(--spacing)*6))] @w-lg\/main:[--thread-content-margin:var(--thread-content-margin-lg,calc(var(--spacing)*16))] px-(--thread-content-margin)\">\n<div class=\"[--thread-content-max-width:40rem] @w-lg\/main:[--thread-content-max-width:48rem] mx-auto max-w-(--thread-content-max-width) flex-1 group\/turn-messages focus-visible:outline-hidden relative flex w-full min-w-0 flex-col agent-turn\" tabindex=\"-1\">\n<div class=\"flex max-w-full flex-col gap-4 grow\">\n<div class=\"min-h-8 text-message relative flex w-full flex-col items-end gap-2 text-start break-words whitespace-normal [.text-message+&amp;]:mt-1\" dir=\"auto\" data-message-author-role=\"assistant\" data-message-id=\"f72cc226-66a5-4532-a00c-c4e734154183\" data-message-model-slug=\"gpt-5-3\">\n<div class=\"flex w-full flex-col gap-1 empty:hidden\">\n<div class=\"markdown prose dark:prose-invert w-full wrap-break-word light markdown-new-styling\">\n<p data-start=\"0\" data-end=\"327\"><strong>100 % d\u2019origine naturelle | Bio<\/strong><\/p>\n<p data-start=\"0\" data-end=\"327\">La Cr\u00e8me visage Bilberry &amp; Centella est un <strong data-start=\"3\" data-end=\"55\">soin hydratant \u00e9quilibrant et anti-imperfections<\/strong> pour <strong>les peaux normales,<\/strong><a href=\"https:\/\/awesomegreenbeauty.com\/les-peaux-a-imperfections\/\"><strong> mixtes et grasses<\/strong>.<\/a> La formule l\u00e9g\u00e8re et \u00e0 absorption rapide contient des ingr\u00e9dients puissants qui aident \u00e0 pr\u00e9venir l\u2019exc\u00e8s de s\u00e9bum et la brillance de la peau. C\u2019est un excellent hydratant pour les peaux sujettes <a href=\"https:\/\/awesomegreenbeauty.com\/les-peaux-a-imperfections\/\">aux pores obstru\u00e9s ou \u00e0 l\u2019acn\u00e9.<\/a><\/p>\n<h3>B\u00e9n\u00e9fices de la Cr\u00e8me visage Bilberry &amp; Centella<\/h3>\n<ul>\n<li data-start=\"347\" data-end=\"390\">Contr\u00f4le la brillance et l\u2019exc\u00e8s de s\u00e9bum<\/li>\n<li>Apaise la peau et aide \u00e0 pr\u00e9venir les imperfections<\/li>\n<li data-start=\"1383\" data-end=\"1446\">Stoppe le cycle de production excessive de s\u00e9bum dans la peau<\/li>\n<li data-start=\"1588\" data-end=\"1617\">Illumine et unifie le tei<\/li>\n<li>Formule l\u00e9g\u00e8re mais hydratante, id\u00e9ale pour les peaux grasses<\/li>\n<\/ul>\n<\/div>\n<\/div>\n<\/div>\n<\/div>\n<div class=\"z-0 flex min-h-[46px] justify-start\">\n<h3>Ingr\u00e9dients actifs de la Cr\u00e8me visage Bilberry &amp; Centella<\/h3>\n<ul>\n<li><strong data-start=\"2569\" data-end=\"2602\"><a href=\"https:\/\/www.pharma-gdd.com\/fr\/les-bienfaits-de-la-centella-asiatica?srsltid=AfmBOoruSb8i2E8j8zQylmeTmvvAYxKf01Wx8S4OU-D4rDUePZQbmBwE\">Centella asiatica (Gotu kola)<\/a>:<\/strong>Favorise le renouvellement cellulaire, soutient la cicatrisation des cicatrices et le processus naturel de r\u00e9paration de la peau. Effet anti-inflammatoire et stimulation de la production de collag\u00e8ne.<\/li>\n<li><strong data-start=\"239\" data-end=\"279\">Huile de graines de myrtille sauvage<\/strong> : aliment naturel, puissant antioxydant. Hydrate et illumine le teint. Favorise le renouvellement de la peau et apaise les inflammations.<\/li>\n<li><a href=\"https:\/\/www.clinikally.com\/blogs\/news\/lemon-myrtle-advantages-in-skin-and-hair-care?srsltid=AfmBOorG43g_5PqRzW5EzhHd17iYkxugoDr09THhC9rNibRShiToWqaV\"><strong data-start=\"425\" data-end=\"441\">Lemon myrtle<\/strong>:<\/a> \u00e9quilibre la production de s\u00e9bum. <strong>Pr\u00e9serve la stabilit\u00e9 oxydative.<\/strong> R\u00e9duit l\u2019inflammation et la formation d\u2019un exc\u00e8s de s\u00e9bum dans les glandes s\u00e9bac\u00e9es.<\/li>\n<li><a href=\"https:\/\/www.zicail.com\/fr\/lecorce-de-saule-dans-les-soins-de-la-peau\/\"><strong data-start=\"611\" data-end=\"640\">Extrait d\u2019\u00e9corce de saule<\/strong> <\/a>:utilis\u00e9 comme <strong data-start=\"197\" data-end=\"237\">source naturelle d\u2019acide salicylique.<\/strong> Il agit <strong data-start=\"300\" data-end=\"318\">dans les pores<\/strong>, l\u00e0 o\u00f9 les acides classiques travaillent surtout en surface. Il <strong data-start=\"401\" data-end=\"476\">d\u00e9sobstrue les pores, r\u00e9gule le s\u00e9bum et am\u00e9liore la texture de la peau<\/strong>.<\/li>\n<li><strong data-start=\"745\" data-end=\"777\">Huile essentielle de lavande<\/strong> : huile essentielle antimicrobienne qui \u00e9quilibre la s\u00e9cr\u00e9tion de s\u00e9bum et apaise les irritations cutan\u00e9es. Favorise la cicatrisation et pr\u00e9vient l\u2019inflammation. Id\u00e9ale pour les peaux sujettes \u00e0 l\u2019acn\u00e9 ou \u00e0 la rosac\u00e9e.<\/li>\n<\/ul>\n<p>La cr\u00e8me contient \u00e9galement d\u2019autres huiles essentielles, notamment <strong data-start=\"1068\" data-end=\"1102\">vanille, encens<\/strong>\u00a0et <strong data-start=\"1106\" data-end=\"1116\">orange<\/strong>.<\/p>\n<\/div>\n<div class=\"mt-3 w-full empty:hidden\">\n<div class=\"text-center\"><b>La<\/b><strong> Cr\u00e8me\u00a0 visage Bilberry &amp; Centella <\/strong>\u00a0a re\u00e7u le certificat <strong data-start=\"1738\" data-end=\"1764\">Ecocert Cosmos Natural<\/strong>.<\/div>\n<\/div>\n<\/div>\n<\/div>\n<\/article>\n<\/div>\n<div class=\"pointer-events-none h-px w-px absolute bottom-0\" aria-hidden=\"true\" data-edge=\"true\"><\/div>\n","protected":false},"excerpt":{"rendered":"<p data-start=\"0\" data-end=\"327\"><strong>100 % d\u2019origine naturelle | 23 % Bio<\/strong><\/p>\n<p data-start=\"0\" data-end=\"327\">La Cr\u00e8me visage Bilberry &amp; Centella est un <strong data-start=\"3\" data-end=\"55\">soin hydratant \u00e9quilibrant et anti-imperfections<\/strong> to <strong>les peaux normales,<\/strong><a href=\"https:\/\/awesomegreenbeauty.com\/en\/les-peaux-a-imperfections\/\"><strong> mixtes et grasses<\/strong>.<\/a> La formule l\u00e9g\u00e8re et \u00e0 absorption rapide contient des ingr\u00e9dients puissants qui aident \u00e0 pr\u00e9venir l\u2019exc\u00e8s de s\u00e9bum et la brillance de la peau. C\u2019est un excellent hydratant pour les peaux sujettes aux pores obstru\u00e9s ou \u00e0 l\u2019acn\u00e9. A\u00a0\u00e9t\u00e9 formul\u00e9 avec des ingr\u00e9dients tr\u00e8s sp\u00e9ciaux ! La tendance <a href=\"https:\/\/www.pharma-gdd.com\/fr\/les-bienfaits-de-la-centella-asiatica?srsltid=AfmBOoruSb8i2E8j8zQylmeTmvvAYxKf01Wx8S4OU-D4rDUePZQbmBwE\"><strong data-start=\"165\" data-end=\"198\">Centella asiatica (Gotu kola)<\/strong><\/a> ainsi que la derni\u00e8re innovation en cosm\u00e9tique naturelle, le<a href=\"https:\/\/www.zicail.com\/fr\/lecorce-de-saule-dans-les-soins-de-la-peau\/\"> <strong data-start=\"260\" data-end=\"276\">lemon myrtle<\/strong><\/a>, apportent un v\u00e9ritable coup de boost \u00e0 la cr\u00e8me afin de mieux contr\u00f4ler la brillance et les imperfections.<\/p>\n<div class=\"mt-3 w-full empty:hidden\">\n<div class=\"text-center\">\n<div>\n<div class=\"inline-flex border border-gray-100 dark:border-gray-700 rounded-xl\">\n<div class=\"bg-token-main-surface-tertiary w-px flex-1 self-stretch\"><\/div>\n<\/div>\n<\/div>\n<\/div>\n<\/div>","protected":false},"featured_media":40150,"template":"","meta":{"ocean_post_layout":"","ocean_both_sidebars_style":"","ocean_both_sidebars_content_width":0,"ocean_both_sidebars_sidebars_width":0,"ocean_sidebar":"0","ocean_second_sidebar":"0","ocean_disable_margins":"enable","ocean_add_body_class":"","ocean_shortcode_before_top_bar":"","ocean_shortcode_after_top_bar":"","ocean_shortcode_before_header":"","ocean_shortcode_after_header":"","ocean_has_shortcode":"","ocean_shortcode_after_title":"","ocean_shortcode_before_footer_widgets":"","ocean_shortcode_after_footer_widgets":"","ocean_shortcode_before_footer_bottom":"","ocean_shortcode_after_footer_bottom":"","ocean_display_top_bar":"default","ocean_display_header":"default","ocean_header_style":"","ocean_center_header_left_menu":"0","ocean_custom_header_template":"0","ocean_custom_logo":0,"ocean_custom_retina_logo":0,"ocean_custom_logo_max_width":0,"ocean_custom_logo_tablet_max_width":0,"ocean_custom_logo_mobile_max_width":0,"ocean_custom_logo_max_height":0,"ocean_custom_logo_tablet_max_height":0,"ocean_custom_logo_mobile_max_height":0,"ocean_header_custom_menu":"0","ocean_menu_typo_font_family":"0","ocean_menu_typo_font_subset":"","ocean_menu_typo_font_size":0,"ocean_menu_typo_font_size_tablet":0,"ocean_menu_typo_font_size_mobile":0,"ocean_menu_typo_font_size_unit":"px","ocean_menu_typo_font_weight":"","ocean_menu_typo_font_weight_tablet":"","ocean_menu_typo_font_weight_mobile":"","ocean_menu_typo_transform":"","ocean_menu_typo_transform_tablet":"","ocean_menu_typo_transform_mobile":"","ocean_menu_typo_line_height":0,"ocean_menu_typo_line_height_tablet":0,"ocean_menu_typo_line_height_mobile":0,"ocean_menu_typo_line_height_unit":"","ocean_menu_typo_spacing":0,"ocean_menu_typo_spacing_tablet":0,"ocean_menu_typo_spacing_mobile":0,"ocean_menu_typo_spacing_unit":"","ocean_menu_link_color":"","ocean_menu_link_color_hover":"","ocean_menu_link_color_active":"","ocean_menu_link_background":"","ocean_menu_link_hover_background":"","ocean_menu_link_active_background":"","ocean_menu_social_links_bg":"","ocean_menu_social_hover_links_bg":"","ocean_menu_social_links_color":"","ocean_menu_social_hover_links_color":"","ocean_disable_title":"default","ocean_disable_heading":"default","ocean_post_title":"","ocean_post_subheading":"","ocean_post_title_style":"","ocean_post_title_background_color":"","ocean_post_title_background":0,"ocean_post_title_bg_image_position":"","ocean_post_title_bg_image_attachment":"","ocean_post_title_bg_image_repeat":"","ocean_post_title_bg_image_size":"","ocean_post_title_height":0,"ocean_post_title_bg_overlay":0.5,"ocean_post_title_bg_overlay_color":"","ocean_disable_breadcrumbs":"default","ocean_breadcrumbs_color":"","ocean_breadcrumbs_separator_color":"","ocean_breadcrumbs_links_color":"","ocean_breadcrumbs_links_hover_color":"","ocean_display_footer_widgets":"default","ocean_display_footer_bottom":"default","ocean_custom_footer_template":"0"},"product_cat":[79,89,91,20],"product_tag":[],"class_list":{"0":"post-40147","1":"product","2":"type-product","3":"status-publish","4":"has-post-thumbnail","6":"product_brand-flow-cosmetics","7":"product_cat-hydratants-visage-aux-huiles-bio","8":"product_cat-peaux-grasses-mixtes","9":"product_cat-tout-type-de-peau","10":"product_cat-soins-du-visage","12":"entry","13":"has-media","15":"first","16":"instock","17":"taxable","18":"shipping-taxable","19":"purchasable","20":"product-type-simple","21":"has-product-nav","22":"col","23":"span_1_of_4","24":"owp-content-center","25":"owp-thumbs-layout-horizontal","26":"owp-btn-normal","27":"owp-tabs-layout-horizontal","28":"has-no-thumbnails"},"_links":{"self":[{"href":"https:\/\/awesomegreenbeauty.com\/en\/wp-json\/wp\/v2\/product\/40147","targetHints":{"allow":["GET"]}}],"collection":[{"href":"https:\/\/awesomegreenbeauty.com\/en\/wp-json\/wp\/v2\/product"}],"about":[{"href":"https:\/\/awesomegreenbeauty.com\/en\/wp-json\/wp\/v2\/types\/product"}],"version-history":[{"count":2,"href":"https:\/\/awesomegreenbeauty.com\/en\/wp-json\/wp\/v2\/product\/40147\/revisions"}],"predecessor-version":[{"id":40339,"href":"https:\/\/awesomegreenbeauty.com\/en\/wp-json\/wp\/v2\/product\/40147\/revisions\/40339"}],"wp:featuredmedia":[{"embeddable":true,"href":"https:\/\/awesomegreenbeauty.com\/en\/wp-json\/wp\/v2\/media\/40150"}],"wp:attachment":[{"href":"https:\/\/awesomegreenbeauty.com\/en\/wp-json\/wp\/v2\/media?parent=40147"}],"wp:term":[{"taxonomy":"product_cat","embeddable":true,"href":"https:\/\/awesomegreenbeauty.com\/en\/wp-json\/wp\/v2\/product_cat?post=40147"},{"taxonomy":"product_tag","embeddable":true,"href":"https:\/\/awesomegreenbeauty.com\/en\/wp-json\/wp\/v2\/product_tag?post=40147"}],"curies":[{"name":"wp","href":"https:\/\/api.w.org\/{rel}","templated":true}]}}