{"id":4377,"date":"2021-09-24T15:49:20","date_gmt":"2021-09-24T13:49:20","guid":{"rendered":"https:\/\/mygreenbrands.com\/?post_type=product&#038;p=4377"},"modified":"2025-11-14T16:48:20","modified_gmt":"2025-11-14T15:48:20","slug":"serum-visage-bio-eclat-anti-taches","status":"publish","type":"product","link":"https:\/\/awesomegreenbeauty.com\/en\/product\/serum-visage-bio-eclat-anti-taches\/","title":{"rendered":"DAFNA&rsquo;S &#8211; S\u00e9rum Visage Bio \u00c9clat et Anti-Taches  Unify &#8211; 30 ml"},"content":{"rendered":"<p><strong>S\u00e9rum Visage Bio \u00c9clat et Anti-Taches \u2013 Vitamines C &amp; B3, Gingembre &amp; Th\u00e9 Vert<\/strong><\/p>\n<p data-start=\"614\" data-end=\"802\">R\u00e9v\u00e9lez l\u2019\u00e9clat naturel de votre peau avec notre <strong data-start=\"663\" data-end=\"683\">s\u00e9rum visage bio<\/strong>, con\u00e7u pour <strong data-start=\"696\" data-end=\"761\">uniformiser le teint, att\u00e9nuer les taches et prot\u00e9ger la peau<\/strong> gr\u00e2ce \u00e0 des actifs naturels puissants. A int\u00e9grer dans <a href=\"https:\/\/awesomegreenbeauty.com\/en\/hyperpigmentation-taches-pigmentaires\/\">votre routine beaut\u00e9 Hyperpigmentation n&amp; t\u00e2ches pigmentaires.<\/a><\/p>\n<p data-start=\"804\" data-end=\"837\">Ce s\u00e9rum anti-taches bio a une formule concentr\u00e9e qui associe :<\/p>\n<ul data-start=\"838\" data-end=\"1189\">\n<li data-start=\"838\" data-end=\"949\">\n<p data-start=\"840\" data-end=\"949\"><strong data-start=\"840\" data-end=\"885\">Vitamine C stable (Glucoside d\u2019ascorbyle)<\/strong> and <strong data-start=\"889\" data-end=\"904\">niacinamide<\/strong> pour un effet illuminateur et anti-taches.<\/p>\n<\/li>\n<li data-start=\"950\" data-end=\"1076\">\n<p data-start=\"952\" data-end=\"1076\"><strong data-start=\"952\" data-end=\"975\">Extrait de th\u00e9 vert<\/strong> and <strong data-start=\"979\" data-end=\"992\">gingembre<\/strong> pour prot\u00e9ger la peau des radicaux libres et stimuler la r\u00e9g\u00e9n\u00e9ration cellulaire.<\/p>\n<\/li>\n<li data-start=\"1077\" data-end=\"1189\">\n<p data-start=\"1079\" data-end=\"1189\"><strong data-start=\"1079\" data-end=\"1113\">Huiles v\u00e9g\u00e9tales nourrissantes<\/strong> (Cam\u00e9lia, Eremanthus, Oxalis) pour un toucher doux et un confort optimal.<\/p>\n<\/li>\n<\/ul>\n<p data-start=\"1191\" data-end=\"1343\">Sa texture l\u00e9g\u00e8re p\u00e9n\u00e8tre rapidement, laissant la peau hydrat\u00e9e, lisse et visiblement plus \u00e9clatante. Convient \u00e0 tous les types de peau, m\u00eame sensibles.<\/p>\n<p>Unify serum helps to reduce hyper-pigmentation and gives the skin a more even appearance. It acts as an antioxidant inhibiting melanin production and helps to prevent the appearance of new dark spots.<\/p>\n<p>Creamy and light texture that penetrates into the deepest layers of the skin, leaving it feeling hydrated, instantly comfortable and allowing deeper repair of the skin.<\/p>\n<p>Immediate calming effect thanks to organic ginger with great antiseptic power, which gives this feeling of freshness while eliminating dead cells and stimulating blood circulation.<\/p>\n<h2 data-start=\"1350\" data-end=\"1375\"><strong data-start=\"1357\" data-end=\"1375\">Key benefits<\/strong><\/h2>\n<p>\u00c9clat et uniformit\u00e9 du teint gr\u00e2ce \u00e0 la vitamine C et la niacinamide<br data-start=\"1446\" data-end=\"1449\" \/>Hydratation et confort avec les huiles v\u00e9g\u00e9tales bio<br data-start=\"1503\" data-end=\"1506\" \/>Action anti-\u00e2ge et protection antioxydante avec gingembre et th\u00e9 vert<br data-start=\"1577\" data-end=\"1580\" \/>Apaise et r\u00e9g\u00e9n\u00e8re la peau gr\u00e2ce au calendula bio et au bisabolol<br data-start=\"1647\" data-end=\"1650\" \/>Texture l\u00e9g\u00e8re, non grasse, id\u00e9ale sous la cr\u00e8me ou le maquillage<\/p>\n<h2 data-start=\"1726\" data-end=\"1759\"><strong data-start=\"1733\" data-end=\"1759\">Main Ingredients<\/strong><\/h2>\n<ul data-start=\"1760\" data-end=\"2292\">\n<li data-start=\"1760\" data-end=\"1800\">\n<p data-start=\"1762\" data-end=\"1800\"><strong data-start=\"1762\" data-end=\"1777\">Propanediol<\/strong>* \u2013 Hydratant naturel<\/p>\n<\/li>\n<li data-start=\"1801\" data-end=\"1852\">\n<p data-start=\"1803\" data-end=\"1852\"><strong data-start=\"1803\" data-end=\"1828\">Sodium hyaluronate<\/strong>* \u2013 Repulpe et hydrate<\/p>\n<\/li>\n<li data-start=\"1853\" data-end=\"1926\">\n<p data-start=\"1855\" data-end=\"1926\"><em data-start=\"1855\" data-end=\"1900\">Vitamine C stable (Glucoside d\u2019ascorbyle)<\/em>* \u2013 Antioxydant et \u00e9clat<\/p>\n<\/li>\n<li data-start=\"1927\" data-end=\"1994\">\n<p data-start=\"1929\" data-end=\"1994\"><strong data-start=\"1929\" data-end=\"1958\">Niacinamide (vitamin B3)<\/strong> \u2013 Anti-taches et barri\u00e8re cutan\u00e9e<\/p>\n<\/li>\n<li data-start=\"1995\" data-end=\"2071\">\n<p data-start=\"1997\" data-end=\"2071\"><strong data-start=\"1997\" data-end=\"2040\">Extrait de th\u00e9 vert (Camellia sinensis)<\/strong> \u2013 Anti-oxydant et protecteur<\/p>\n<\/li>\n<li data-start=\"2072\" data-end=\"2145\">\n<p data-start=\"2074\" data-end=\"2145\"><strong data-start=\"2074\" data-end=\"2119\">Gingembre (racine de Zingiber officinale)<\/strong> \u2013 Stimule et revitalise<\/p>\n<\/li>\n<li data-start=\"2146\" data-end=\"2197\">\n<p data-start=\"2148\" data-end=\"2197\"><strong data-start=\"2148\" data-end=\"2173\">Calendula Officinalis<\/strong>* \u2013 Apaise et r\u00e9g\u00e9n\u00e8re<\/p>\n<\/li>\n<li data-start=\"2198\" data-end=\"2292\">\n<p data-start=\"2200\" data-end=\"2292\"><strong data-start=\"2200\" data-end=\"2263\">Huiles v\u00e9g\u00e9tales (Cam\u00e9lia, Eremanthus, Oxalis, Pelargonium)<\/strong> \u2013 Nourrissent et prot\u00e8gent<\/p>\n<\/li>\n<\/ul>\n<p data-start=\"2294\" data-end=\"2341\">*Ingr\u00e9dients issus de l\u2019agriculture biologique.<\/p>\n<p>s\u00e9rum \u00e9clat visage, s\u00e9rum vitamine C bio, soin visage naturel, s\u00e9rum anti-\u00e2ge bio, s\u00e9rum peau sensible, serum hydratant bio.<\/p>","protected":false},"excerpt":{"rendered":"<p><strong>S\u00e9rum Visage Bio \u00c9clat et Anti-Taches \u2013 Vitamines C &amp; B3, Gingembre &amp; Th\u00e9 Vert &#8211; Bio |\u00a0 Vegan | Sp\u00e9cial t\u00e2ches pigmentaires\u00a0<\/strong><\/p>\n<p>Unify Serum helps reduce hyperpigmentation and gives skin a more even appearance.<\/p>\n<p>Il agit comme un antioxydant inhibant la production de m\u00e9lanine et aide \u00e0 pr\u00e9venir l&rsquo;apparition de nouvelles taches brunes.<\/p>","protected":false},"featured_media":36902,"template":"","meta":{"ocean_post_layout":"","ocean_both_sidebars_style":"","ocean_both_sidebars_content_width":0,"ocean_both_sidebars_sidebars_width":0,"ocean_sidebar":"0","ocean_second_sidebar":"0","ocean_disable_margins":"enable","ocean_add_body_class":"","ocean_shortcode_before_top_bar":"","ocean_shortcode_after_top_bar":"","ocean_shortcode_before_header":"","ocean_shortcode_after_header":"","ocean_has_shortcode":"","ocean_shortcode_after_title":"","ocean_shortcode_before_footer_widgets":"","ocean_shortcode_after_footer_widgets":"","ocean_shortcode_before_footer_bottom":"","ocean_shortcode_after_footer_bottom":"","ocean_display_top_bar":"default","ocean_display_header":"default","ocean_header_style":"","ocean_center_header_left_menu":"0","ocean_custom_header_template":"0","ocean_custom_logo":0,"ocean_custom_retina_logo":0,"ocean_custom_logo_max_width":0,"ocean_custom_logo_tablet_max_width":0,"ocean_custom_logo_mobile_max_width":0,"ocean_custom_logo_max_height":0,"ocean_custom_logo_tablet_max_height":0,"ocean_custom_logo_mobile_max_height":0,"ocean_header_custom_menu":"0","ocean_menu_typo_font_family":"0","ocean_menu_typo_font_subset":"","ocean_menu_typo_font_size":0,"ocean_menu_typo_font_size_tablet":0,"ocean_menu_typo_font_size_mobile":0,"ocean_menu_typo_font_size_unit":"px","ocean_menu_typo_font_weight":"","ocean_menu_typo_font_weight_tablet":"","ocean_menu_typo_font_weight_mobile":"","ocean_menu_typo_transform":"","ocean_menu_typo_transform_tablet":"","ocean_menu_typo_transform_mobile":"","ocean_menu_typo_line_height":0,"ocean_menu_typo_line_height_tablet":0,"ocean_menu_typo_line_height_mobile":0,"ocean_menu_typo_line_height_unit":"","ocean_menu_typo_spacing":0,"ocean_menu_typo_spacing_tablet":0,"ocean_menu_typo_spacing_mobile":0,"ocean_menu_typo_spacing_unit":"","ocean_menu_link_color":"","ocean_menu_link_color_hover":"","ocean_menu_link_color_active":"","ocean_menu_link_background":"","ocean_menu_link_hover_background":"","ocean_menu_link_active_background":"","ocean_menu_social_links_bg":"","ocean_menu_social_hover_links_bg":"","ocean_menu_social_links_color":"","ocean_menu_social_hover_links_color":"","ocean_disable_title":"default","ocean_disable_heading":"default","ocean_post_title":"","ocean_post_subheading":"","ocean_post_title_style":"","ocean_post_title_background_color":"","ocean_post_title_background":0,"ocean_post_title_bg_image_position":"","ocean_post_title_bg_image_attachment":"","ocean_post_title_bg_image_repeat":"","ocean_post_title_bg_image_size":"","ocean_post_title_height":0,"ocean_post_title_bg_overlay":0.5,"ocean_post_title_bg_overlay_color":"","ocean_disable_breadcrumbs":"default","ocean_breadcrumbs_color":"","ocean_breadcrumbs_separator_color":"","ocean_breadcrumbs_links_color":"","ocean_breadcrumbs_links_hover_color":"","ocean_display_footer_widgets":"default","ocean_display_footer_bottom":"default","ocean_custom_footer_template":"0"},"product_cat":[410,87,409,84,20],"product_tag":[],"class_list":{"0":"post-4377","1":"product","2":"type-product","3":"status-publish","4":"has-post-thumbnail","6":"product_brand-dafnas","7":"product_cat-hyperpigmentation-taches-pigmentaires","8":"product_cat-peaux-matures","9":"product_cat-peaux-ternes","10":"product_cat-serums-bio-huiles-de-beaute","11":"product_cat-soins-du-visage","13":"entry","14":"has-media","16":"first","17":"instock","18":"featured","19":"taxable","20":"shipping-taxable","21":"purchasable","22":"product-type-simple","23":"has-product-nav","24":"col","25":"span_1_of_4","26":"owp-content-center","27":"owp-thumbs-layout-horizontal","28":"owp-btn-normal","29":"owp-tabs-layout-horizontal"},"_links":{"self":[{"href":"https:\/\/awesomegreenbeauty.com\/en\/wp-json\/wp\/v2\/product\/4377","targetHints":{"allow":["GET"]}}],"collection":[{"href":"https:\/\/awesomegreenbeauty.com\/en\/wp-json\/wp\/v2\/product"}],"about":[{"href":"https:\/\/awesomegreenbeauty.com\/en\/wp-json\/wp\/v2\/types\/product"}],"version-history":[{"count":0,"href":"https:\/\/awesomegreenbeauty.com\/en\/wp-json\/wp\/v2\/product\/4377\/revisions"}],"wp:featuredmedia":[{"embeddable":true,"href":"https:\/\/awesomegreenbeauty.com\/en\/wp-json\/wp\/v2\/media\/36902"}],"wp:attachment":[{"href":"https:\/\/awesomegreenbeauty.com\/en\/wp-json\/wp\/v2\/media?parent=4377"}],"wp:term":[{"taxonomy":"product_cat","embeddable":true,"href":"https:\/\/awesomegreenbeauty.com\/en\/wp-json\/wp\/v2\/product_cat?post=4377"},{"taxonomy":"product_tag","embeddable":true,"href":"https:\/\/awesomegreenbeauty.com\/en\/wp-json\/wp\/v2\/product_tag?post=4377"}],"curies":[{"name":"wp","href":"https:\/\/api.w.org\/{rel}","templated":true}]}}