{"id":4594,"date":"2021-11-27T18:45:42","date_gmt":"2021-11-27T17:45:42","guid":{"rendered":"https:\/\/mygreenbrands.com\/?post_type=product&#038;p=4594"},"modified":"2025-10-31T18:03:40","modified_gmt":"2025-10-31T17:03:40","slug":"rasasara-skinfood-lait-nettoyant-demaquillant-240ml","status":"publish","type":"product","link":"https:\/\/awesomegreenbeauty.com\/en\/product\/rasasara-skinfood-lait-nettoyant-demaquillant-240ml\/","title":{"rendered":"RASASARA SKINFOOD &#8211; Lait nettoyant &#038; d\u00e9maquillant visage &#8211; 240ml"},"content":{"rendered":"<h3>Un lait nettoyant d\u00e9maquillant de r\u00eave qui purifie, \u00e9limine les impuret\u00e9s et redonne \u00e0 votre peau confort et souplesse. Adapt\u00e9 \u00e0 toute<a href=\"https:\/\/awesomegreenbeauty.com\/en\/les-peaux-matures-2\/\" target=\"_blank\" rel=\"noopener\">s<strong> les routines beaut\u00e9<\/strong><\/a> pr\u00e9conis\u00e9es par AWESOME.<\/h3>\n<p>tridoshic - all skin types - deeply hydrates while cleansing<\/p>\n<p>Cleanser + moisturizer for dry skin (Vata); soothing and refreshing for sensitive skin (Pitta); calming + antibacterial for acne and blemish-prone skin (Kapha).<\/p>\n<h3 data-start=\"349\" data-end=\"427\">Une peau \u00e9clatante de vitalit\u00e9, saine &amp; nourrie par la force des plantes<\/h3>\n<p data-start=\"429\" data-end=\"641\">D\u00e9couvrez notre lait nettoyant d\u00e9maquillant qui\u00a0 r\u00e9g\u00e9n\u00e8re et apaise. Une alchimie pr\u00e9cieuse d\u2019huiles v\u00e9g\u00e9tales biologiques, d&rsquo;eaux florales restructur\u00e9es et de plantes sacr\u00e9es reconnues pour leurs vertus \u00e9nerg\u00e9tiques et cosm\u00e9tiques.<\/p>\n<h3 data-start=\"648\" data-end=\"672\">Key ingredients <span style=\"font-size: 16px;\">\u00a0de ce lait nettoyant &amp; d\u00e9maquillant<\/span><\/h3>\n<ul data-start=\"674\" data-end=\"1812\">\n<li data-start=\"674\" data-end=\"792\">\n<p data-start=\"676\" data-end=\"792\"><strong data-start=\"676\" data-end=\"722\">Huile de coco fractionn\u00e9e (Cocos nucifera)<\/strong> : Ultral\u00e9g\u00e8re, nourrit sans alourdir, apporte douceur et protection.<\/p>\n<\/li>\n<li data-start=\"793\" data-end=\"919\">\n<p data-start=\"795\" data-end=\"919\"><strong data-start=\"795\" data-end=\"841\">Huile de jojoba bio (Simmondsia chinensis)<\/strong> : R\u00e9gule naturellement la production de s\u00e9bum, \u00e9quilibre tous types de peaux.<\/p>\n<\/li>\n<li data-start=\"920\" data-end=\"1043\">\n<p data-start=\"922\" data-end=\"1043\"><strong data-start=\"922\" data-end=\"962\">Huile de cam\u00e9lia (Camellia oleifera)<\/strong> : Tr\u00e9sor d&rsquo;Asie, riche en antioxydants, id\u00e9ale pour lisser et assouplir la peau.<\/p>\n<\/li>\n<li data-start=\"1044\" data-end=\"1146\">\n<p data-start=\"1046\" data-end=\"1146\"><strong data-start=\"1046\" data-end=\"1075\">Eau purifi\u00e9e restructur\u00e9e<\/strong> : Am\u00e9liore l\u2019absorption des actifs et respecte l&rsquo;\u00e9quilibre cellulaire.<\/p>\n<\/li>\n<li data-start=\"1147\" data-end=\"1232\">\n<p data-start=\"1149\" data-end=\"1232\"><strong data-start=\"1149\" data-end=\"1175\">Eau de rose bio (Rosa)<\/strong> : Rafra\u00eechissante, tonifiante, redonne \u00e9clat et fermet\u00e9.<\/p>\n<\/li>\n<li data-start=\"1233\" data-end=\"1343\">\n<p data-start=\"1235\" data-end=\"1343\"><strong data-start=\"1235\" data-end=\"1286\">Camomille allemande bio (Matricaria chamomilla)<\/strong> : Apaise intens\u00e9ment, parfaite pour les peaux sensibles.<\/p>\n<\/li>\n<li data-start=\"1344\" data-end=\"1460\">\n<p data-start=\"1346\" data-end=\"1460\"><strong data-start=\"1346\" data-end=\"1376\">Tulsi bio (Ocimum sanctum)<\/strong> : Plante sacr\u00e9e ayurv\u00e9dique, purifiante, renforce la vitalit\u00e9 naturelle de la peau.<\/p>\n<\/li>\n<li data-start=\"1461\" data-end=\"1576\">\n<p data-start=\"1463\" data-end=\"1576\"><strong data-start=\"1463\" data-end=\"1497\">Lotus bleu (Nymphaea caerulea)<\/strong> : Symbole de s\u00e9r\u00e9nit\u00e9, riche en antioxydants, aide \u00e0 apaiser le stress cutan\u00e9.<\/p>\n<\/li>\n<li data-start=\"1577\" data-end=\"1686\">\n<p data-start=\"1579\" data-end=\"1686\"><strong data-start=\"1579\" data-end=\"1613\">Natural essential oils<\/strong> : Subtilement dos\u00e9es pour un parfum envo\u00fbtant et un effet th\u00e9rapeutique.<\/p>\n<\/li>\n<li data-start=\"1687\" data-end=\"1812\">\n<p data-start=\"1689\" data-end=\"1812\"><strong data-start=\"1689\" data-end=\"1737\">Extrait de ch\u00e8vrefeuille (Lonicera japonica)<\/strong> : Conservateur naturel doux, protecteur contre les agressions ext\u00e9rieures.<\/p>\n<\/li>\n<\/ul>\n<p>En savoir plus:<\/p>\n<p data-start=\"104\" data-end=\"321\"><strong data-start=\"107\" data-end=\"116\">Le Tulsi<\/strong> (aussi appel\u00e9 <strong data-start=\"131\" data-end=\"148\">basilic sacr\u00e9<\/strong>) est une plante sacr\u00e9e de l\u2019Ayurveda, r\u00e9put\u00e9e pour ses <strong data-start=\"204\" data-end=\"270\">puissantes propri\u00e9t\u00e9s antioxydantes, purifiantes et apaisantes<\/strong>. Voici ses principaux <strong data-start=\"293\" data-end=\"319\">bienfaits pour la peau<\/strong> :<\/p>\n<ul data-start=\"363\" data-end=\"1007\">\n<li data-start=\"363\" data-end=\"500\">\n<p data-start=\"365\" data-end=\"500\"><strong data-start=\"365\" data-end=\"389\">Powerful antioxidant<\/strong> :<br data-start=\"391\" data-end=\"394\" \/>Prot\u00e8ge la peau contre les radicaux libres et le stress oxydatif, ralentissant le vieillissement cutan\u00e9.<\/p>\n<\/li>\n<li data-start=\"502\" data-end=\"646\">\n<p data-start=\"504\" data-end=\"646\"><strong data-start=\"504\" data-end=\"526\">Anti-inflammatoire<\/strong> :<br data-start=\"528\" data-end=\"531\" \/>Apaise les irritations, rougeurs, inflammations (parfait pour les peaux sensibles ou sujettes aux imperfections).<\/p>\n<\/li>\n<li data-start=\"648\" data-end=\"764\">\n<p data-start=\"650\" data-end=\"764\"><strong data-start=\"650\" data-end=\"683\">Antibact\u00e9rien et antifongique<\/strong> :<br data-start=\"685\" data-end=\"688\" \/>Id\u00e9al pour purifier la peau, notamment pour les peaux \u00e0 tendance acn\u00e9ique.<\/p>\n<\/li>\n<li data-start=\"766\" data-end=\"872\">\n<p data-start=\"768\" data-end=\"872\"><strong data-start=\"768\" data-end=\"791\">D\u00e9toxifiant naturel<\/strong> :<br data-start=\"793\" data-end=\"796\" \/>Aide la peau \u00e0 \u00e9liminer les toxines, pour un teint plus clair et \u00e9clatant.<\/p>\n<\/li>\n<li data-start=\"874\" data-end=\"1007\">\n<p data-start=\"876\" data-end=\"1007\"><strong data-start=\"876\" data-end=\"890\">Adaptog\u00e8ne<\/strong> (\u00e9nerg\u00e9tique) :<br data-start=\"906\" data-end=\"909\" \/>Aide \u00e0 renforcer la barri\u00e8re cutan\u00e9e face aux agressions ext\u00e9rieures et au stress environnemental.<\/p>\n<\/li>\n<\/ul>\n<h3 data-start=\"1819\" data-end=\"1835\">Les Bienfaits de ce lait nettoyant &amp; d\u00e9maquillant<\/h3>\n<ul data-start=\"1837\" data-end=\"2083\">\n<li data-start=\"1837\" data-end=\"1886\">\n<p data-start=\"1839\" data-end=\"1886\">Nourrit et hydrate profond\u00e9ment sans effet gras<\/p>\n<\/li>\n<li data-start=\"1887\" data-end=\"1928\">\n<p data-start=\"1889\" data-end=\"1928\">Apaise les peaux stress\u00e9es ou sensibles<\/p>\n<\/li>\n<li data-start=\"1929\" data-end=\"1974\">\n<p data-start=\"1931\" data-end=\"1974\">Illumine le teint et ravive l&rsquo;\u00e9clat naturel<\/p>\n<\/li>\n<li data-start=\"1975\" data-end=\"2024\">\n<p data-start=\"1977\" data-end=\"2024\">Prot\u00e8ge contre les agressions environnementales<\/p>\n<\/li>\n<li data-start=\"2025\" data-end=\"2083\">\n<p data-start=\"2027\" data-end=\"2083\">Favorise une sensation de calme et d&rsquo;harmonie int\u00e9rieure<\/p>\n<\/li>\n<\/ul>\n<p>&nbsp;<\/p>\n<p>&nbsp;<\/p>","protected":false},"excerpt":{"rendered":"<p><strong>Face cleanser &amp; makeup remover | 100% Natural | Bio | All skin types<\/strong><\/p>\n<p>A dream cleanser that purifies, eliminates impurities and gives your skin comfort and suppleness. It can be used with Pitta or Vata exfoliant for a smooth exfoliation.<\/p>\n<p>It hydrates dry skin and soothes sensitive skin. We love it !<\/p>\n<h2 class=\"\" data-start=\"349\" data-end=\"427\"><\/h2>","protected":false},"featured_media":4598,"template":"","meta":{"ocean_post_layout":"","ocean_both_sidebars_style":"","ocean_both_sidebars_content_width":0,"ocean_both_sidebars_sidebars_width":0,"ocean_sidebar":"0","ocean_second_sidebar":"0","ocean_disable_margins":"enable","ocean_add_body_class":"","ocean_shortcode_before_top_bar":"","ocean_shortcode_after_top_bar":"","ocean_shortcode_before_header":"","ocean_shortcode_after_header":"","ocean_has_shortcode":"","ocean_shortcode_after_title":"","ocean_shortcode_before_footer_widgets":"","ocean_shortcode_after_footer_widgets":"","ocean_shortcode_before_footer_bottom":"","ocean_shortcode_after_footer_bottom":"","ocean_display_top_bar":"default","ocean_display_header":"default","ocean_header_style":"","ocean_center_header_left_menu":"0","ocean_custom_header_template":"0","ocean_custom_logo":0,"ocean_custom_retina_logo":0,"ocean_custom_logo_max_width":0,"ocean_custom_logo_tablet_max_width":0,"ocean_custom_logo_mobile_max_width":0,"ocean_custom_logo_max_height":0,"ocean_custom_logo_tablet_max_height":0,"ocean_custom_logo_mobile_max_height":0,"ocean_header_custom_menu":"0","ocean_menu_typo_font_family":"0","ocean_menu_typo_font_subset":"","ocean_menu_typo_font_size":0,"ocean_menu_typo_font_size_tablet":0,"ocean_menu_typo_font_size_mobile":0,"ocean_menu_typo_font_size_unit":"px","ocean_menu_typo_font_weight":"","ocean_menu_typo_font_weight_tablet":"","ocean_menu_typo_font_weight_mobile":"","ocean_menu_typo_transform":"","ocean_menu_typo_transform_tablet":"","ocean_menu_typo_transform_mobile":"","ocean_menu_typo_line_height":0,"ocean_menu_typo_line_height_tablet":0,"ocean_menu_typo_line_height_mobile":0,"ocean_menu_typo_line_height_unit":"","ocean_menu_typo_spacing":0,"ocean_menu_typo_spacing_tablet":0,"ocean_menu_typo_spacing_mobile":0,"ocean_menu_typo_spacing_unit":"","ocean_menu_link_color":"","ocean_menu_link_color_hover":"","ocean_menu_link_color_active":"","ocean_menu_link_background":"","ocean_menu_link_hover_background":"","ocean_menu_link_active_background":"","ocean_menu_social_links_bg":"","ocean_menu_social_hover_links_bg":"","ocean_menu_social_links_color":"","ocean_menu_social_hover_links_color":"","ocean_disable_title":"default","ocean_disable_heading":"default","ocean_post_title":"","ocean_post_subheading":"","ocean_post_title_style":"","ocean_post_title_background_color":"","ocean_post_title_background":0,"ocean_post_title_bg_image_position":"","ocean_post_title_bg_image_attachment":"","ocean_post_title_bg_image_repeat":"","ocean_post_title_bg_image_size":"","ocean_post_title_height":0,"ocean_post_title_bg_overlay":0.5,"ocean_post_title_bg_overlay_color":"","ocean_disable_breadcrumbs":"default","ocean_breadcrumbs_color":"","ocean_breadcrumbs_separator_color":"","ocean_breadcrumbs_links_color":"","ocean_breadcrumbs_links_hover_color":"","ocean_display_footer_widgets":"default","ocean_display_footer_bottom":"default","ocean_custom_footer_template":"0"},"product_cat":[410,36,89,87,91,90,88,409,20],"product_tag":[],"class_list":{"0":"post-4594","1":"product","2":"type-product","3":"status-publish","4":"has-post-thumbnail","6":"product_brand-rasasara-skinfood","7":"product_cat-hyperpigmentation-taches-pigmentaires","8":"product_cat-nettoyants-visage-bio-naturels","9":"product_cat-peaux-grasses-mixtes","10":"product_cat-peaux-matures","11":"product_cat-tout-type-de-peau","12":"product_cat-peaux-seches-deshydratees","13":"product_cat-peaux-sensibles-reactives","14":"product_cat-peaux-ternes","15":"product_cat-soins-du-visage","17":"entry","18":"has-media","20":"first","21":"instock","22":"taxable","23":"shipping-taxable","24":"purchasable","25":"product-type-simple","26":"has-product-nav","27":"col","28":"span_1_of_4","29":"owp-content-center","30":"owp-thumbs-layout-horizontal","31":"owp-btn-normal","32":"owp-tabs-layout-horizontal","33":"has-no-thumbnails"},"_links":{"self":[{"href":"https:\/\/awesomegreenbeauty.com\/en\/wp-json\/wp\/v2\/product\/4594","targetHints":{"allow":["GET"]}}],"collection":[{"href":"https:\/\/awesomegreenbeauty.com\/en\/wp-json\/wp\/v2\/product"}],"about":[{"href":"https:\/\/awesomegreenbeauty.com\/en\/wp-json\/wp\/v2\/types\/product"}],"version-history":[{"count":0,"href":"https:\/\/awesomegreenbeauty.com\/en\/wp-json\/wp\/v2\/product\/4594\/revisions"}],"wp:featuredmedia":[{"embeddable":true,"href":"https:\/\/awesomegreenbeauty.com\/en\/wp-json\/wp\/v2\/media\/4598"}],"wp:attachment":[{"href":"https:\/\/awesomegreenbeauty.com\/en\/wp-json\/wp\/v2\/media?parent=4594"}],"wp:term":[{"taxonomy":"product_cat","embeddable":true,"href":"https:\/\/awesomegreenbeauty.com\/en\/wp-json\/wp\/v2\/product_cat?post=4594"},{"taxonomy":"product_tag","embeddable":true,"href":"https:\/\/awesomegreenbeauty.com\/en\/wp-json\/wp\/v2\/product_tag?post=4594"}],"curies":[{"name":"wp","href":"https:\/\/api.w.org\/{rel}","templated":true}]}}