{"id":4727,"date":"2022-01-12T22:25:55","date_gmt":"2022-01-12T21:25:55","guid":{"rendered":"https:\/\/mygreenbrands.com\/?post_type=product&#038;p=4727"},"modified":"2025-07-29T12:52:11","modified_gmt":"2025-07-29T10:52:11","slug":"korento-blush-joues-et-levres","status":"publish","type":"product","link":"https:\/\/awesomegreenbeauty.com\/en\/product\/korento-blush-joues-et-levres\/","title":{"rendered":"KORENTO &#8211; Multisticks Lips &amp; Cheeks &#8211; 5ML"},"content":{"rendered":"<p><a href=\"https:\/\/awesomegreenbeauty.com\/en\/product-category\/cosmetique\/\" target=\"_blank\" rel=\"noopener\"><strong>Blush joues et l\u00e8vres<\/strong> <\/a>KORENTO 6 nuances qui se combinent pour cr\u00e9er la teinte de vos r\u00eaves.<\/p>\n<p>Les multisticks de KORENTO l\u00e8vres et joues sont hautement pigment\u00e9s pour un rendu efficace mais tout en subtilit\u00e9 !<\/p>\n<p>Une synergie unique d\u2019huiles v\u00e9g\u00e9tales pr\u00e9cieuses, de beurres nourrissants et d\u2019extraits de fruits nordiques, pens\u00e9e pour sublimer et prot\u00e9ger les l\u00e8vres tout en respectant leur \u00e9quilibre naturel. Texture fondante, fini velout\u00e9, \u00e9clat naturel.<\/p>\n<p>Ces Blush joues et l\u00e8vres sont propos\u00e9s dans un \u00e9tui 100 % carton mignon et pratique.<\/p>\n<h3 data-start=\"644\" data-end=\"696\"><strong data-start=\"650\" data-end=\"696\">Bienfaits des actifs v\u00e9g\u00e9taux &amp; min\u00e9raux contenus dans le blush joues et l\u00e8vres Korento<\/strong><\/h3>\n<ul data-start=\"698\" data-end=\"1970\">\n<li data-start=\"698\" data-end=\"854\">\n<p data-start=\"700\" data-end=\"854\"><em data-start=\"700\" data-end=\"750\">Huile de graines de Ricinus Communis (Ricin) :<\/em>* \u00e9molliente et filmog\u00e8ne, elle forme une barri\u00e8re protectrice tout en maintenant une bonne hydratation.<\/p>\n<\/li>\n<li data-start=\"856\" data-end=\"1056\">\n<p data-start=\"858\" data-end=\"1056\"><strong data-start=\"858\" data-end=\"913\">Ester \u00e9thylique de Silybum Marianum (Chardon-Marie)<\/strong> : actif innovant, reconnu pour ses propri\u00e9t\u00e9s <strong data-start=\"960\" data-end=\"977\">antioxidants<\/strong> and <strong data-start=\"981\" data-end=\"997\">r\u00e9g\u00e9n\u00e9rantes<\/strong>, id\u00e9al pour les l\u00e8vres sensibles ou sujettes aux ger\u00e7ures.<\/p>\n<\/li>\n<li data-start=\"1058\" data-end=\"1190\">\n<p data-start=\"1060\" data-end=\"1190\"><em data-start=\"1060\" data-end=\"1081\"><a href=\"https:\/\/dreamteamafrica.com\/beurre-de-cacao\/beurre-de-cacao-composition\" target=\"_blank\" rel=\"noopener\"><strong>Beurre de cacao<\/strong> <\/a>:<\/em>* ultra-nourrissant, riche en acides gras et en phytost\u00e9rols, il adoucit intens\u00e9ment et r\u00e9pare en profondeur.<\/p>\n<\/li>\n<li data-start=\"1192\" data-end=\"1327\">\n<p data-start=\"1194\" data-end=\"1327\"><em data-start=\"1194\" data-end=\"1228\"><strong>Poudre de riz (Oryza Sativa)<\/strong> :<\/em>* apporte un toucher doux et velout\u00e9, effet \u00ab\u00a0blur\u00a0\u00bb naturel, tout en absorbant l\u2019exc\u00e8s de brillance.<\/p>\n<\/li>\n<li data-start=\"1329\" data-end=\"1469\">\n<p data-start=\"1331\" data-end=\"1469\"><strong data-start=\"1331\" data-end=\"1339\">Mica<\/strong> : nacre min\u00e9rale naturelle, utilis\u00e9e ici pour refl\u00e9ter la lumi\u00e8re en douceur et donner un <strong data-start=\"1430\" data-end=\"1457\">\u00e9clat subtil et naturel<\/strong> aux l\u00e8vres.<\/p>\n<\/li>\n<li data-start=\"1471\" data-end=\"1625\">\n<p data-start=\"1473\" data-end=\"1625\"><strong data-start=\"1473\" data-end=\"1510\">Triglyc\u00e9rides caprylique\/caprique<\/strong> : d\u00e9riv\u00e9s d\u2019huiles v\u00e9g\u00e9tales, ils apportent une texture onctueuse et non grasse, tout en facilitant l\u2019application.<\/p>\n<\/li>\n<li data-start=\"1627\" data-end=\"1768\">\n<p data-start=\"1629\" data-end=\"1768\"><strong data-start=\"1629\" data-end=\"1651\">Cire de son de riz<\/strong> &amp; <em data-start=\"1654\" data-end=\"1698\">cire de Carnauba (Copernicia Cerifera) :<\/em>* fixent la formule sur les l\u00e8vres tout en prot\u00e9geant du dess\u00e8chement.<\/p>\n<\/li>\n<li data-start=\"1770\" data-end=\"1845\">\n<p data-start=\"1772\" data-end=\"1845\"><strong data-start=\"1772\" data-end=\"1785\">Cellulose<\/strong> : donne du corps au baume et offre un effet matifiant doux.<\/p>\n<\/li>\n<li data-start=\"1847\" data-end=\"1970\">\n<p data-start=\"1849\" data-end=\"1970\"><strong data-start=\"1849\" data-end=\"1894\">L\u00e9cithine hydrog\u00e9n\u00e9e &amp; l\u00e9cithine v\u00e9g\u00e9tale<\/strong>* : facilitent la p\u00e9n\u00e9tration des actifs et am\u00e9liorent la souplesse cutan\u00e9e.<\/p>\n<\/li>\n<\/ul>","protected":false},"excerpt":{"rendered":"<p><strong>KORENTO Multisticks Lips &amp; Cheeks | 100% Natural | vegan<\/strong><\/p>\n<p>KORENTO Multisticks Lips and Cheeks are highly pigmented.<br \/>\nKORENTO offers 6 shades that combine to create the shade of your dreams !<\/p>\n<p>These multisticks are offered in a cute and practical 100% cardboard case.<\/p>","protected":false},"featured_media":4755,"template":"","meta":{"ocean_post_layout":"","ocean_both_sidebars_style":"","ocean_both_sidebars_content_width":0,"ocean_both_sidebars_sidebars_width":0,"ocean_sidebar":"0","ocean_second_sidebar":"0","ocean_disable_margins":"enable","ocean_add_body_class":"","ocean_shortcode_before_top_bar":"","ocean_shortcode_after_top_bar":"","ocean_shortcode_before_header":"","ocean_shortcode_after_header":"","ocean_has_shortcode":"","ocean_shortcode_after_title":"","ocean_shortcode_before_footer_widgets":"","ocean_shortcode_after_footer_widgets":"","ocean_shortcode_before_footer_bottom":"","ocean_shortcode_after_footer_bottom":"","ocean_display_top_bar":"default","ocean_display_header":"default","ocean_header_style":"","ocean_center_header_left_menu":"0","ocean_custom_header_template":"0","ocean_custom_logo":0,"ocean_custom_retina_logo":0,"ocean_custom_logo_max_width":0,"ocean_custom_logo_tablet_max_width":0,"ocean_custom_logo_mobile_max_width":0,"ocean_custom_logo_max_height":0,"ocean_custom_logo_tablet_max_height":0,"ocean_custom_logo_mobile_max_height":0,"ocean_header_custom_menu":"0","ocean_menu_typo_font_family":"0","ocean_menu_typo_font_subset":"","ocean_menu_typo_font_size":0,"ocean_menu_typo_font_size_tablet":0,"ocean_menu_typo_font_size_mobile":0,"ocean_menu_typo_font_size_unit":"px","ocean_menu_typo_font_weight":"","ocean_menu_typo_font_weight_tablet":"","ocean_menu_typo_font_weight_mobile":"","ocean_menu_typo_transform":"","ocean_menu_typo_transform_tablet":"","ocean_menu_typo_transform_mobile":"","ocean_menu_typo_line_height":0,"ocean_menu_typo_line_height_tablet":0,"ocean_menu_typo_line_height_mobile":0,"ocean_menu_typo_line_height_unit":"","ocean_menu_typo_spacing":0,"ocean_menu_typo_spacing_tablet":0,"ocean_menu_typo_spacing_mobile":0,"ocean_menu_typo_spacing_unit":"","ocean_menu_link_color":"","ocean_menu_link_color_hover":"","ocean_menu_link_color_active":"","ocean_menu_link_background":"","ocean_menu_link_hover_background":"","ocean_menu_link_active_background":"","ocean_menu_social_links_bg":"","ocean_menu_social_hover_links_bg":"","ocean_menu_social_links_color":"","ocean_menu_social_hover_links_color":"","ocean_disable_title":"default","ocean_disable_heading":"default","ocean_post_title":"","ocean_post_subheading":"","ocean_post_title_style":"","ocean_post_title_background_color":"","ocean_post_title_background":0,"ocean_post_title_bg_image_position":"","ocean_post_title_bg_image_attachment":"","ocean_post_title_bg_image_repeat":"","ocean_post_title_bg_image_size":"","ocean_post_title_height":0,"ocean_post_title_bg_overlay":0.5,"ocean_post_title_bg_overlay_color":"","ocean_disable_breadcrumbs":"default","ocean_breadcrumbs_color":"","ocean_breadcrumbs_separator_color":"","ocean_breadcrumbs_links_color":"","ocean_breadcrumbs_links_hover_color":"","ocean_display_footer_widgets":"default","ocean_display_footer_bottom":"default","ocean_custom_footer_template":"0"},"product_cat":[115,23],"product_tag":[],"class_list":{"0":"post-4727","1":"product","2":"type-product","3":"status-publish","4":"has-post-thumbnail","6":"product_brand-korento","7":"product_cat-blush-cremes","8":"product_cat-cosmetique","10":"entry","11":"has-media","13":"first","14":"instock","15":"taxable","16":"shipping-taxable","17":"purchasable","18":"product-type-variable","19":"has-product-nav","20":"col","21":"span_1_of_4","22":"owp-content-center","23":"owp-thumbs-layout-horizontal","24":"owp-btn-normal","25":"owp-tabs-layout-horizontal"},"_links":{"self":[{"href":"https:\/\/awesomegreenbeauty.com\/en\/wp-json\/wp\/v2\/product\/4727","targetHints":{"allow":["GET"]}}],"collection":[{"href":"https:\/\/awesomegreenbeauty.com\/en\/wp-json\/wp\/v2\/product"}],"about":[{"href":"https:\/\/awesomegreenbeauty.com\/en\/wp-json\/wp\/v2\/types\/product"}],"version-history":[{"count":0,"href":"https:\/\/awesomegreenbeauty.com\/en\/wp-json\/wp\/v2\/product\/4727\/revisions"}],"wp:featuredmedia":[{"embeddable":true,"href":"https:\/\/awesomegreenbeauty.com\/en\/wp-json\/wp\/v2\/media\/4755"}],"wp:attachment":[{"href":"https:\/\/awesomegreenbeauty.com\/en\/wp-json\/wp\/v2\/media?parent=4727"}],"wp:term":[{"taxonomy":"product_cat","embeddable":true,"href":"https:\/\/awesomegreenbeauty.com\/en\/wp-json\/wp\/v2\/product_cat?post=4727"},{"taxonomy":"product_tag","embeddable":true,"href":"https:\/\/awesomegreenbeauty.com\/en\/wp-json\/wp\/v2\/product_tag?post=4727"}],"curies":[{"name":"wp","href":"https:\/\/api.w.org\/{rel}","templated":true}]}}