{"id":5034,"date":"2022-04-30T12:55:38","date_gmt":"2022-04-30T10:55:38","guid":{"rendered":"https:\/\/mygreenbrands.com\/?post_type=product&#038;p=5034"},"modified":"2025-04-16T15:44:39","modified_gmt":"2025-04-16T13:44:39","slug":"le-pure-eye-euphoria-serum-raffermissant-yeux-et-levres-bio-50-ml","status":"publish","type":"product","link":"https:\/\/awesomegreenbeauty.com\/en\/product\/le-pure-eye-euphoria-serum-raffermissant-yeux-et-levres-bio-50-ml\/","title":{"rendered":"LE PURE &#8211; Eye Euphoria S\u00e9rum raffermissant yeux &#038; l\u00e8vres &#8211; 50 ml"},"content":{"rendered":"<p>Ce S\u00e9rum raffermissant yeux et l\u00e8vres bio est le r\u00e9sultat d&rsquo;une formulation complexe <strong><a href=\"https:\/\/www.marieclaire.fr\/ceramides,1365554.asp\" target=\"_blank\" rel=\"noopener\">qui allie 97 % de c\u00e9ramides<\/a>, qui ressemblent aux \u00e9l\u00e9ments constitutifs de la peau.<\/strong><\/p>\n<p>Les c\u00e9ramides sont des lipides naturellement pr\u00e9sents dans la peau. Ils aident \u00e0 former la barri\u00e8re cutan\u00e9e et \u00e0 maintenir la peau hydrat\u00e9e. La recherche a m\u00eame montr\u00e9 que\u00a0les c\u00e9ramides aident \u00e0 contr\u00f4ler l&rsquo;inflammation qui a tendance \u00e0 augmenter \u00e0 mesure que la production de c\u00e9ramides naturels baisse.\u00a0\u00bb<\/p>\n<p>Ce S\u00e9rum raffermissant yeux et l\u00e8vres bio est une combinaison d&rsquo;antioxydants puissants et de lipides raffermissants qui calment, nourrissent et r\u00e9g\u00e9n\u00e8rent le contour des yeux et des l\u00e8vres. Les extraits de plantes traitent et prot\u00e8gent efficacement la peau \u00a0d\u00e9licate du contour des yeux et des l\u00e8vres. Le jojoba, la vanille et l&rsquo;ylang ylang \u00a0pr\u00e9viennent le dess\u00e8chement et en restaurent l&rsquo;\u00e9lasticit\u00e9 de la peau.<\/p>\n<p>L&rsquo;huile de jojoba contient de pr\u00e9cieux nutriments apaisants et procurent \u00e0 la peau hydratation.<\/p>\n<p>A ceramide deficiency can be the cause of skin problems such as acne, eczema, psoriasis and rosacea. UV rays, temperature variations, and age are factors that impact the quantity of ceramides, and can alter the skin barrier, thus contributing to dry skin.<\/p>\n<p>La formule de ce S\u00e9rum raffermissant contour des yeux et l\u00e8vres bio contient \u00e9galement de l&rsquo;acide linol\u00e9ique qui r\u00e9g\u00e9n\u00e8re et am\u00e9liore l&rsquo;\u00e9lasticit\u00e9 des tissus. Les teneurs \u00e9lev\u00e9es en antioxydants et en vitamine E agissent comme une photoprotection naturelle. Ce s\u00e9rum-huile offre aux zones cutan\u00e9es les plus sensibles une protection optimale.<\/p>\n<p><strong>D\u00e9couvrez le massage facial par ventouses avec Le Sculpteur Cup \u2013 Visage<\/strong><\/p>\n<p>+ Commencez par nettoyer d\u00e9licatement votre visage en suivant le rituel de Nettoyage du Visage Anti-\u00e2ge.<\/p>\n<p>+ Appliquez 2 \u00e0 3 pressions d\u2019huile raffermissante Eye Euphoria sur le visage, le cou et le d\u00e9collet\u00e9 afin d\u2019\u00e9viter les frottements excessifs pendant le massage.<\/p>\n<p>+ Tenez l\u2019embout de la ventouse dans votre paume et pressez-la avec tous vos doigts. Placez la ventouse sur votre peau et rel\u00e2chez lentement la poire pour cr\u00e9er un vide qui aspire doucement la peau dans le tube de verre. Faites glisser doucement la ventouse sur votre peau, en r\u00e9glant l\u2019intensit\u00e9 de l\u2019aspiration en pressant ou en rel\u00e2chant la poire. Pour vous entra\u00eener, nous vous recommandons d\u2019essayer d\u2019abord sur votre bras pour obtenir la bonne pression avant de passer \u00e0 votre visage.<\/p>\n<p><strong>Il y a deux fa\u00e7ons d\u2019utiliser la ventouse<\/strong><\/p>\n<p>La premi\u00e8re consiste \u00e0 appliquer la ventouse sur la peau et \u00e0 suivre les lignes comme indiqu\u00e9 sur l\u2019image. En fonction de la zone et de l\u2019anatomie de votre visage, certaines zones seront plus faciles \u00e0 traiter que d\u2019autres.<\/p>\n<p>La seconde m\u00e9thode consiste \u00e0 rester pendant une seconde sur un point sp\u00e9cifique de la ligne, puis \u00e0 faire glisser la ventouse de 1 \u00e0 2 cm jusqu\u2019au point suivant de la ligne. Cette m\u00e9thode est plus facile dans les zones o\u00f9 la peau est tr\u00e8s fine. Soyez prudent avec la pression et le temps pass\u00e9 sur un point particulier pour \u00e9viter les ecchymoses ou la surstimulation, surtout au d\u00e9but.<\/p>\n<p>+<strong> Commencez toujours par ouvrir les lymphes et le cou<\/strong><\/p>\n<p>D\u00e9placez la ecchymoses vers le bas, depuis le dessous de l\u2019oreille jusqu\u2019\u00e0 la clavicule \u00e0 l\u2019avant, puis le long de la ligne parall\u00e8le jusqu\u2019\u00e0 l\u2019\u00e9paule. \u00c0 l\u2019arri\u00e8re du cou, pr\u00e8s de la moelle \u00e9pini\u00e8re, commencez par la racine des cheveux et descendez.<\/p>\n<p>+ <strong>R\u00e9p\u00e9tez chaque ligne deux \u00e0 trois fois<\/strong><\/p>\n<p>\u00c9vitez d\u2019utiliser la ventouse sur la m\u00eame zone plus de trois fois pour \u00e9viter les effets n\u00e9gatifs d\u2019une surstimulation et adaptez les r\u00e9p\u00e9titions en fonction de la r\u00e9action de votre peau. Soyez doux, utilisez vos doigts pour soutenir le mouvement de la ventouse et assurez-vous toujours que vous avez appliqu\u00e9 une quantit\u00e9 suffisante d\u2019huile.<\/p>\n<h3 class=\"\" data-start=\"817\" data-end=\"836\"><strong data-start=\"823\" data-end=\"836\">Bienfaits de ce S\u00e9rum raffermissant yeux et l\u00e8vres bio\u00a0<\/strong><\/h3>\n<ul data-start=\"837\" data-end=\"1055\">\n<li class=\"\" data-start=\"837\" data-end=\"883\">\n<p class=\"\" data-start=\"839\" data-end=\"883\">Nourrit et adoucit la peau (huile de jojoba)<\/p>\n<\/li>\n<li class=\"\" data-start=\"884\" data-end=\"954\">\n<p class=\"\" data-start=\"886\" data-end=\"954\">Apaise les irritations et hydrate en profondeur (huile de tournesol)<\/p>\n<\/li>\n<li class=\"\" data-start=\"955\" data-end=\"995\">\n<p class=\"\" data-start=\"957\" data-end=\"995\">Parfum naturel et envo\u00fbtant de vanille<\/p>\n<\/li>\n<li class=\"\" data-start=\"996\" data-end=\"1055\">\n<p class=\"\" data-start=\"998\" data-end=\"1055\">Convient \u00e0 un usage quotidien sur le corps et les cheveux<\/p>\n<\/li>\n<\/ul>\n<hr class=\"\" data-start=\"1057\" data-end=\"1060\" \/>\n<h3 class=\"\" data-start=\"1062\" data-end=\"1089\"><strong data-start=\"1069\" data-end=\"1089\">Ingr\u00e9dients cl\u00e9s &amp; b\u00e9n\u00e9fices<\/strong><\/h3>\n<ul data-start=\"1091\" data-end=\"1488\">\n<li class=\"\" data-start=\"1091\" data-end=\"1200\">\n<p class=\"\" data-start=\"1093\" data-end=\"1200\"><a href=\"https:\/\/incibeauty.com\/ingredients\/5598-simmondsia-chinensis-seed-oil\" target=\"_blank\" rel=\"noopener\"><strong data-start=\"1093\" data-end=\"1144\">Simmondsia chinensis seed oil (Huile de jojoba)<\/strong><\/a><br data-start=\"1144\" data-end=\"1147\" \/>\u2192 R\u00e9gulatrice de s\u00e9bum, hydratante, non com\u00e9dog\u00e8ne.<\/p>\n<\/li>\n<li class=\"\" data-start=\"1202\" data-end=\"1309\">\n<p class=\"\" data-start=\"1204\" data-end=\"1309\"><strong data-start=\"1204\" data-end=\"1240\">Vanilla planifolia fruit extract<\/strong><br data-start=\"1240\" data-end=\"1243\" \/>\u2192 Parfum naturel sucr\u00e9, aux vertus apaisantes et r\u00e9confortantes.<\/p>\n<\/li>\n<li class=\"\" data-start=\"1311\" data-end=\"1411\">\n<p class=\"\" data-start=\"1313\" data-end=\"1411\"><a href=\"https:\/\/cosmileeurope.eu\/fr\/inci\/ingredient\/6310\/helianthus-annuus-seed-oil\/\" target=\"_blank\" rel=\"noopener\"><strong data-start=\"1313\" data-end=\"1364\">Helianthus annuus seed oil (Huile de tournesol)<\/strong><\/a><br data-start=\"1364\" data-end=\"1367\" \/>\u2192 Nourrit et renforce la barri\u00e8re cutan\u00e9e.<\/p>\n<\/li>\n<li class=\"\" data-start=\"1413\" data-end=\"1488\">\n<p class=\"\" data-start=\"1415\" data-end=\"1488\"><strong data-start=\"1415\" data-end=\"1427\">Parfum*<\/strong><br data-start=\"1427\" data-end=\"1430\" \/>\u2192 Fragrance 100 % naturelle issue d\u2019huiles essentielles.<\/p>\n<\/li>\n<\/ul>\n<hr class=\"\" data-start=\"1490\" data-end=\"1493\" \/>\n<h3 class=\"\" data-start=\"1495\" data-end=\"1539\"><strong data-start=\"1502\" data-end=\"1537\">Composants aromatiques naturels<\/strong><\/h3>\n<p class=\"\" data-start=\"1540\" data-end=\"1661\"><em data-start=\"1540\" data-end=\"1584\">(issus d\u2019huiles essentielles naturelles) :<\/em><br data-start=\"1584\" data-end=\"1587\" \/>Linalool, Benzyl benzoate, Farnesol, Geraniol, Benzyl salicylate, Limonene<\/p>\n<hr class=\"\" data-start=\"1663\" data-end=\"1666\" \/>\n<h3 class=\"\" data-start=\"1668\" data-end=\"1692\"><strong data-start=\"1674\" data-end=\"1692\">Formule propre<\/strong><\/h3>\n<ul data-start=\"1693\" data-end=\"1832\">\n<li class=\"\" data-start=\"1693\" data-end=\"1722\">\n<p class=\"\" data-start=\"1695\" data-end=\"1722\">100 % d\u2019origine naturelle<\/p>\n<\/li>\n<li class=\"\" data-start=\"1723\" data-end=\"1761\">\n<p class=\"\" data-start=\"1725\" data-end=\"1761\">Vegan &amp; non test\u00e9e sur les animaux<\/p>\n<\/li>\n<li class=\"\" data-start=\"1762\" data-end=\"1812\">\n<p class=\"\" data-start=\"1764\" data-end=\"1812\">Sans conservateurs ni ingr\u00e9dients controvers\u00e9s<\/p>\n<\/li>\n<li class=\"\" data-start=\"1813\" data-end=\"1832\">\n<p class=\"\" data-start=\"1815\" data-end=\"1832\">Flacon recyclable<\/p>\n<\/li>\n<\/ul>\n<p>&nbsp;<\/p>","protected":false},"excerpt":{"rendered":"<p style=\"text-align: center;\"><strong>LE PURE |100% active ingredients | 100% natural | Organic | Vegan<\/strong><\/p>\n<p>Une formulation complexe qui allie 97 % de c\u00e9ramides. Une combinaison d&rsquo;antioxydants puissants et de lipides raffermissants qui calment, nourrissent et r\u00e9g\u00e9n\u00e8rent le contour des yeux et des l\u00e8vres.<\/p>\n<p>Ideal for ALL skin types and particularly beneficial for the following problems<\/p>\n<p><strong>+ Eye and Lip Contour Wrinkles<\/strong><\/p>\n<p><strong>+ Rides d&rsquo;expression<\/strong><\/p>\n<p><strong>+ Dry skin Skin with couperose<\/strong><\/p>\n<p>Your eye contour will never be the same again!<\/p>\n<p>&nbsp;<\/p>","protected":false},"featured_media":5391,"template":"","meta":{"ocean_post_layout":"","ocean_both_sidebars_style":"","ocean_both_sidebars_content_width":0,"ocean_both_sidebars_sidebars_width":0,"ocean_sidebar":"0","ocean_second_sidebar":"0","ocean_disable_margins":"enable","ocean_add_body_class":"","ocean_shortcode_before_top_bar":"","ocean_shortcode_after_top_bar":"","ocean_shortcode_before_header":"","ocean_shortcode_after_header":"","ocean_has_shortcode":"","ocean_shortcode_after_title":"","ocean_shortcode_before_footer_widgets":"","ocean_shortcode_after_footer_widgets":"","ocean_shortcode_before_footer_bottom":"","ocean_shortcode_after_footer_bottom":"","ocean_display_top_bar":"default","ocean_display_header":"default","ocean_header_style":"","ocean_center_header_left_menu":"0","ocean_custom_header_template":"0","ocean_custom_logo":0,"ocean_custom_retina_logo":0,"ocean_custom_logo_max_width":0,"ocean_custom_logo_tablet_max_width":0,"ocean_custom_logo_mobile_max_width":0,"ocean_custom_logo_max_height":0,"ocean_custom_logo_tablet_max_height":0,"ocean_custom_logo_mobile_max_height":0,"ocean_header_custom_menu":"0","ocean_menu_typo_font_family":"0","ocean_menu_typo_font_subset":"","ocean_menu_typo_font_size":0,"ocean_menu_typo_font_size_tablet":0,"ocean_menu_typo_font_size_mobile":0,"ocean_menu_typo_font_size_unit":"px","ocean_menu_typo_font_weight":"","ocean_menu_typo_font_weight_tablet":"","ocean_menu_typo_font_weight_mobile":"","ocean_menu_typo_transform":"","ocean_menu_typo_transform_tablet":"","ocean_menu_typo_transform_mobile":"","ocean_menu_typo_line_height":0,"ocean_menu_typo_line_height_tablet":0,"ocean_menu_typo_line_height_mobile":0,"ocean_menu_typo_line_height_unit":"","ocean_menu_typo_spacing":0,"ocean_menu_typo_spacing_tablet":0,"ocean_menu_typo_spacing_mobile":0,"ocean_menu_typo_spacing_unit":"","ocean_menu_link_color":"","ocean_menu_link_color_hover":"","ocean_menu_link_color_active":"","ocean_menu_link_background":"","ocean_menu_link_hover_background":"","ocean_menu_link_active_background":"","ocean_menu_social_links_bg":"","ocean_menu_social_hover_links_bg":"","ocean_menu_social_links_color":"","ocean_menu_social_hover_links_color":"","ocean_disable_title":"default","ocean_disable_heading":"default","ocean_post_title":"","ocean_post_subheading":"","ocean_post_title_style":"","ocean_post_title_background_color":"","ocean_post_title_background":0,"ocean_post_title_bg_image_position":"","ocean_post_title_bg_image_attachment":"","ocean_post_title_bg_image_repeat":"","ocean_post_title_bg_image_size":"","ocean_post_title_height":0,"ocean_post_title_bg_overlay":0.5,"ocean_post_title_bg_overlay_color":"","ocean_disable_breadcrumbs":"default","ocean_breadcrumbs_color":"","ocean_breadcrumbs_separator_color":"","ocean_breadcrumbs_links_color":"","ocean_breadcrumbs_links_hover_color":"","ocean_display_footer_widgets":"default","ocean_display_footer_bottom":"default","ocean_custom_footer_template":"0"},"product_cat":[34,81,80,119,20],"product_tag":[],"class_list":{"0":"post-5034","1":"product","2":"type-product","3":"status-publish","4":"has-post-thumbnail","6":"product_brand-le-pure","7":"product_cat-pere","8":"product_cat-soins-des-levres","9":"product_cat-soins-des-yeux","10":"product_cat-soins-du-visage-pere","11":"product_cat-soins-du-visage","13":"entry","14":"has-media","16":"first","17":"onbackorder","18":"featured","19":"taxable","20":"shipping-taxable","21":"purchasable","22":"product-type-variable","23":"has-product-nav","24":"col","25":"span_1_of_4","26":"owp-content-center","27":"owp-thumbs-layout-horizontal","28":"owp-btn-normal","29":"owp-tabs-layout-horizontal"},"_links":{"self":[{"href":"https:\/\/awesomegreenbeauty.com\/en\/wp-json\/wp\/v2\/product\/5034","targetHints":{"allow":["GET"]}}],"collection":[{"href":"https:\/\/awesomegreenbeauty.com\/en\/wp-json\/wp\/v2\/product"}],"about":[{"href":"https:\/\/awesomegreenbeauty.com\/en\/wp-json\/wp\/v2\/types\/product"}],"version-history":[{"count":0,"href":"https:\/\/awesomegreenbeauty.com\/en\/wp-json\/wp\/v2\/product\/5034\/revisions"}],"wp:featuredmedia":[{"embeddable":true,"href":"https:\/\/awesomegreenbeauty.com\/en\/wp-json\/wp\/v2\/media\/5391"}],"wp:attachment":[{"href":"https:\/\/awesomegreenbeauty.com\/en\/wp-json\/wp\/v2\/media?parent=5034"}],"wp:term":[{"taxonomy":"product_cat","embeddable":true,"href":"https:\/\/awesomegreenbeauty.com\/en\/wp-json\/wp\/v2\/product_cat?post=5034"},{"taxonomy":"product_tag","embeddable":true,"href":"https:\/\/awesomegreenbeauty.com\/en\/wp-json\/wp\/v2\/product_tag?post=5034"}],"curies":[{"name":"wp","href":"https:\/\/api.w.org\/{rel}","templated":true}]}}