{"id":5048,"date":"2022-05-10T18:52:54","date_gmt":"2022-05-10T16:52:54","guid":{"rendered":"https:\/\/mygreenbrands.com\/?post_type=product&#038;p=5048"},"modified":"2026-04-11T19:32:28","modified_gmt":"2026-04-11T17:32:28","slug":"less-is-more-shampoing-a-la-guimauve-cheveux-secs-abimes-200-ml","status":"publish","type":"product","link":"https:\/\/awesomegreenbeauty.com\/en\/product\/less-is-more-shampoing-a-la-guimauve-cheveux-secs-abimes-200-ml\/","title":{"rendered":"LESS IS MORE MALLOWSMOOTH \u2013 Shampoo for dry &amp; damaged hair 200 ml"},"content":{"rendered":"<p><strong>LESS IS MORE\u00a0 Shampooing bio pour cheveux secs &amp; cassants<\/strong><\/p>\n<div id=\"tab-contenu2_1-1\" class=\"onglet-contenu-2\">\n<div class=\"description\">\n<p>Ce shampooing <strong>\u00e0 la guimauve est un shampooing r\u00e9parateur qui redonne \u00e9clat aux cheveux secs et ab\u00eem\u00e9s et les prot\u00e8gent contre le dess\u00e9chement.<\/strong><\/p>\n<p>Sa formule riche en vitamines combine l\u2018extrait de mauve, de l\u2018huile de p\u00e9pins de cynorrhodon et de coco qui\u00a0 aident la fibre capillaire s\u00e8che \u00e0 se r\u00e9g\u00e9n\u00e9rer. Les cheveux sont brillants, souples et sentent divinement bons l\u2018ylang ylang et la palmarosa.<\/p>\n<p>Shampooing doux et naturel, sans sulfate ni silicone,\u00a0 est \u00e9galement un soin aromath\u00e9rapeutique\u00a0 pour r\u00e9parer cheveux et moral ab\u00eem\u00e9s !<\/p>\n<p><em>Essential ingredients<\/em><\/p>\n<ul>\n<li><strong>rosier sauvage\u00a0\u2013\u00a0<\/strong>riche en acides gras om\u00e9ga 3 et om\u00e9ga 6 insatur\u00e9s (acide linol\u00e9ique et alphalinol\u00e9ique) ainsi qu\u2019en acides trans-retino\u00efques et en vitamine E. Il a des vertus curatives pour les cheveux ou cuir chevelu secs et ab\u00eem\u00e9s<\/li>\n<li><strong>guimauve\u00a0<\/strong><strong>\u2013<\/strong>\u00a0d\u00e8s l\u2019Antiquit\u00e9, les feuilles et racines de la guimauve officinale\u00a0\u00e9taient tr\u00e8s appr\u00e9ci\u00e9es en raison de leur forte teneur en substances mucilagineuses ; apaise le cuir chevelu, hydrate et assouplit le cheveu<\/li>\n<li><strong>noix de coco\u00a0\u2013\u00a0<\/strong>huile v\u00e9g\u00e9tale riche en acides gras \u00e0 cha\u00eene courte qui p\u00e9n\u00e8tre au coeur de la fibre pour nourrir et hydrater le cheveu en profondeur ; action d\u00e9m\u00ealante, nettoyante et d\u00e9toxifiante sur le cuir chevelu &#8211; en Ayurveda, le cuir chevelu est consid\u00e9r\u00e9 comme un vecteur d\u00e9limination des impuret\u00e9s<\/li>\n<li><strong>palmarosa\u00a0\u2013\u00a0<\/strong>action calmante, r\u00e9\u00e9quilibrante,\u00a0anti-stress et stimulante au parfum frais et floral absolument fabuleux ; son\u00a0action curative et r\u00e9g\u00e9n\u00e9ratrice convient particuli\u00e8rement bien aux cuirs chevelus\u00a0secs<\/li>\n<li><strong>ylang ylang \u2013<\/strong>\u00a0huile essentielle \u00e0 l&rsquo;action stimulante pour les sens et l&rsquo;humeur<\/li>\n<li><strong>orange \u2013\u00a0<\/strong>huile essentielle tonifiante pour l&rsquo;humeur, incitant \u00e0 l&rsquo;optimisme<\/li>\n<li><strong>g\u00e9ranium rosat \u2013\u00a0<\/strong>huile harmonisante et relaxante \u00e0 l&rsquo;ar\u00f4me frais et fleuri<\/li>\n<\/ul>\n<p>Shampooing bio pour cheveux fris\u00e9s, secs \u00e0 tr\u00e8s secs ou ab\u00eem\u00e9s.\u00a0Adapt\u00e9 au soin des cheveux color\u00e9s.<\/p>\n<p><img decoding=\"async\" class=\"alignleft\" src=\"https:\/\/cdn.shopify.com\/s\/files\/1\/0520\/0822\/2903\/files\/Cosmos_90x134.png?v=8975809079372852771\" alt=\"Cosmos\" width=\"55\" height=\"81\" \/><\/p>\n<p><img decoding=\"async\" class=\"alignleft\" src=\"https:\/\/cdn.shopify.com\/s\/files\/1\/0520\/0822\/2903\/files\/Peta-vegan_170x112.png?v=11987833656074716155\" alt=\"Peta Vegan\" width=\"100\" height=\"66\" \/><\/p>\n<\/div>\n<\/div>","protected":false},"excerpt":{"rendered":"<p><strong>LESS IS MORE\u00a0 Shampooing Bio | Vegan | Sp\u00e9cial cheveux secs &amp; cassants<\/strong><\/p>\n<div id=\"tab-contenu2_1-1\" class=\"onglet-contenu-2\">\n<div class=\"description\">\n<p>Un shampooing \u00e0 la guimauve r\u00e9parateur qui r\u00e9g\u00e9n\u00e8re et donne de l&rsquo;\u00e9clat aux cheveux secs et ab\u00eem\u00e9s<\/p>\n<p>tout en gardant la fibre capillaire hydrat\u00e9e afin de la prot\u00e9ger du dess\u00e9chement.<\/p>\n<p>Les cheveux sont brillants, souples, faciles \u00e0 placer\u00a0 et sentent divinement bons l\u2018ylang ylang et la palmarosa.<\/p>\n<p>&nbsp;<\/p>\n<\/div>\n<\/div>","protected":false},"featured_media":5306,"template":"","meta":{"ocean_post_layout":"","ocean_both_sidebars_style":"","ocean_both_sidebars_content_width":0,"ocean_both_sidebars_sidebars_width":0,"ocean_sidebar":"0","ocean_second_sidebar":"0","ocean_disable_margins":"enable","ocean_add_body_class":"","ocean_shortcode_before_top_bar":"","ocean_shortcode_after_top_bar":"","ocean_shortcode_before_header":"","ocean_shortcode_after_header":"","ocean_has_shortcode":"","ocean_shortcode_after_title":"","ocean_shortcode_before_footer_widgets":"","ocean_shortcode_after_footer_widgets":"","ocean_shortcode_before_footer_bottom":"","ocean_shortcode_after_footer_bottom":"","ocean_display_top_bar":"default","ocean_display_header":"default","ocean_header_style":"","ocean_center_header_left_menu":"0","ocean_custom_header_template":"0","ocean_custom_logo":0,"ocean_custom_retina_logo":0,"ocean_custom_logo_max_width":0,"ocean_custom_logo_tablet_max_width":0,"ocean_custom_logo_mobile_max_width":0,"ocean_custom_logo_max_height":0,"ocean_custom_logo_tablet_max_height":0,"ocean_custom_logo_mobile_max_height":0,"ocean_header_custom_menu":"0","ocean_menu_typo_font_family":"0","ocean_menu_typo_font_subset":"","ocean_menu_typo_font_size":0,"ocean_menu_typo_font_size_tablet":0,"ocean_menu_typo_font_size_mobile":0,"ocean_menu_typo_font_size_unit":"px","ocean_menu_typo_font_weight":"","ocean_menu_typo_font_weight_tablet":"","ocean_menu_typo_font_weight_mobile":"","ocean_menu_typo_transform":"","ocean_menu_typo_transform_tablet":"","ocean_menu_typo_transform_mobile":"","ocean_menu_typo_line_height":0,"ocean_menu_typo_line_height_tablet":0,"ocean_menu_typo_line_height_mobile":0,"ocean_menu_typo_line_height_unit":"","ocean_menu_typo_spacing":0,"ocean_menu_typo_spacing_tablet":0,"ocean_menu_typo_spacing_mobile":0,"ocean_menu_typo_spacing_unit":"","ocean_menu_link_color":"","ocean_menu_link_color_hover":"","ocean_menu_link_color_active":"","ocean_menu_link_background":"","ocean_menu_link_hover_background":"","ocean_menu_link_active_background":"","ocean_menu_social_links_bg":"","ocean_menu_social_hover_links_bg":"","ocean_menu_social_links_color":"","ocean_menu_social_hover_links_color":"","ocean_disable_title":"default","ocean_disable_heading":"default","ocean_post_title":"","ocean_post_subheading":"","ocean_post_title_style":"","ocean_post_title_background_color":"","ocean_post_title_background":0,"ocean_post_title_bg_image_position":"","ocean_post_title_bg_image_attachment":"","ocean_post_title_bg_image_repeat":"","ocean_post_title_bg_image_size":"","ocean_post_title_height":0,"ocean_post_title_bg_overlay":0.5,"ocean_post_title_bg_overlay_color":"","ocean_disable_breadcrumbs":"default","ocean_breadcrumbs_color":"","ocean_breadcrumbs_separator_color":"","ocean_breadcrumbs_links_color":"","ocean_breadcrumbs_links_hover_color":"","ocean_display_footer_widgets":"default","ocean_display_footer_bottom":"default","ocean_custom_footer_template":"0"},"product_cat":[22,111,109,34,102,121],"product_tag":[],"class_list":{"0":"post-5048","1":"product","2":"type-product","3":"status-publish","4":"has-post-thumbnail","6":"product_brand-less-is-more","7":"product_cat-soins-des-cheveux","8":"product_cat-cheveux-colores","9":"product_cat-cheveux-secs-abimes","10":"product_cat-pere","11":"product_cat-shampoing","12":"product_cat-soins-des-cheveux-pere","14":"entry","15":"has-media","17":"first","18":"instock","19":"taxable","20":"shipping-taxable","21":"purchasable","22":"product-type-simple","23":"has-product-nav","24":"col","25":"span_1_of_4","26":"owp-content-center","27":"owp-thumbs-layout-horizontal","28":"owp-btn-normal","29":"owp-tabs-layout-horizontal","30":"has-no-thumbnails"},"_links":{"self":[{"href":"https:\/\/awesomegreenbeauty.com\/en\/wp-json\/wp\/v2\/product\/5048","targetHints":{"allow":["GET"]}}],"collection":[{"href":"https:\/\/awesomegreenbeauty.com\/en\/wp-json\/wp\/v2\/product"}],"about":[{"href":"https:\/\/awesomegreenbeauty.com\/en\/wp-json\/wp\/v2\/types\/product"}],"version-history":[{"count":0,"href":"https:\/\/awesomegreenbeauty.com\/en\/wp-json\/wp\/v2\/product\/5048\/revisions"}],"wp:featuredmedia":[{"embeddable":true,"href":"https:\/\/awesomegreenbeauty.com\/en\/wp-json\/wp\/v2\/media\/5306"}],"wp:attachment":[{"href":"https:\/\/awesomegreenbeauty.com\/en\/wp-json\/wp\/v2\/media?parent=5048"}],"wp:term":[{"taxonomy":"product_cat","embeddable":true,"href":"https:\/\/awesomegreenbeauty.com\/en\/wp-json\/wp\/v2\/product_cat?post=5048"},{"taxonomy":"product_tag","embeddable":true,"href":"https:\/\/awesomegreenbeauty.com\/en\/wp-json\/wp\/v2\/product_tag?post=5048"}],"curies":[{"name":"wp","href":"https:\/\/api.w.org\/{rel}","templated":true}]}}