{"id":5058,"date":"2022-05-13T18:26:05","date_gmt":"2022-05-13T16:26:05","guid":{"rendered":"https:\/\/mygreenbrands.com\/?post_type=product&#038;p=5058"},"modified":"2026-04-11T19:32:15","modified_gmt":"2026-04-11T17:32:15","slug":"less-is-more-mallowsmooth-baume-hydratant-200ml","status":"publish","type":"product","link":"https:\/\/awesomegreenbeauty.com\/en\/product\/less-is-more-mallowsmooth-baume-hydratant-200ml\/","title":{"rendered":"LESS IS MORE MALLOWSMOOTH &#8211;  Baume hydratant  &#8211; 200ml"},"content":{"rendered":"<p>Complexe de soin bio-actif\u00a0 nourrissant est adapt\u00e9 aux cheveux secs, \u00e9pais et fragiles.\u00a0 Pourquoi est-il efficace ?<\/p>\n<p>Its formula includes:<\/p>\n<p><strong>HUILE DE P\u00c9PINS DE CYNORHODON<sup>1<\/sup><\/strong>\u00a0Huile v\u00e9g\u00e9tale native issue de la pression \u00e0 froid des p\u00e9pins du fruit. Elle est riche en acides gras om\u00e9ga 3 et om\u00e9ga 6 insatur\u00e9s (acide linol\u00e9ique et alpha-linol\u00e9ique) ainsi qu\u2019en acides trans-retino\u00efques et en vitamine E. C\u2019est une huile ultra efficace, notamment pour des cheveux ou un cuir chevelu secs et ab\u00eem\u00e9s.<\/p>\n<p><strong>EXTRAIT DE MAUVE<sup>1<\/sup>(GUIMAUVE)<\/strong>\u00a0D\u00e8s l\u2019Antiquit\u00e9, les feuilles tr\u00e8s poilues et les racines de la guimauve officinale \u00e9taient tr\u00e8s appr\u00e9ci\u00e9es en raison de leur forte teneur en substances mucilagineuses. Elles apaisent le cuir chevelu, hydratent et assouplissent le cheveu.<\/p>\n<p><strong>HUILE DE COCO<sup>1<\/sup><\/strong>\u00a0Huile v\u00e9g\u00e9tale native, riche en acides gras \u00e0 cha\u00eene courte qui p\u00e9n\u00e8trent dans le cheveu en profondeur, puis le nourrissent et l\u2018hydratent de l\u2018int\u00e9rieur.<\/p>\n<p><strong>ACTION AROMATIQUE \u2013 HUILES ESSENTIELLES 100% NATURELLES<\/strong>\u00a0Ylang ylang<sup>1<\/sup>, Palma rosa<sup>1<\/sup>, G\u00e9ranium rosat<sup>1<\/sup>, Mandarine<sup>1<\/sup>. Enivrante, tranquillisante, harmonisante. Apaise le cuir chevelu.<\/p>\n<p><sup>1<\/sup>de l\u2019agriculture biologique<\/p>\n<p><img decoding=\"async\" class=\"alignleft\" src=\"https:\/\/cdn.shopify.com\/s\/files\/1\/0520\/0822\/2903\/files\/Cosmos_90x134.png?v=8975809079372852771\" alt=\"Cosmos\" width=\"56\" height=\"83\" \/><img decoding=\"async\" class=\"alignleft\" src=\"https:\/\/cdn.shopify.com\/s\/files\/1\/0520\/0822\/2903\/files\/Peta-vegan_170x112.png?v=11987833656074716155\" alt=\"Peta Vegan\" width=\"100\" height=\"66\" \/><\/p>","protected":false},"excerpt":{"rendered":"<p><strong>LESS IS MORE | Bio| Conditionner cheveux secs, \u00e9pais &amp; fragiles\u00a0<\/strong><\/p>\n<p>Ce soin rend les cheveux incroyablement doux, soyeux,\u00a0 faciles \u00e0 coiffer cheveux et parfaitement hydrat\u00e9s .<\/p>\n<p>Awesome !<\/p>\n<p>&nbsp;<\/p>","protected":false},"featured_media":5305,"template":"","meta":{"ocean_post_layout":"","ocean_both_sidebars_style":"","ocean_both_sidebars_content_width":0,"ocean_both_sidebars_sidebars_width":0,"ocean_sidebar":"0","ocean_second_sidebar":"0","ocean_disable_margins":"enable","ocean_add_body_class":"","ocean_shortcode_before_top_bar":"","ocean_shortcode_after_top_bar":"","ocean_shortcode_before_header":"","ocean_shortcode_after_header":"","ocean_has_shortcode":"","ocean_shortcode_after_title":"","ocean_shortcode_before_footer_widgets":"","ocean_shortcode_after_footer_widgets":"","ocean_shortcode_before_footer_bottom":"","ocean_shortcode_after_footer_bottom":"","ocean_display_top_bar":"default","ocean_display_header":"default","ocean_header_style":"","ocean_center_header_left_menu":"0","ocean_custom_header_template":"0","ocean_custom_logo":0,"ocean_custom_retina_logo":0,"ocean_custom_logo_max_width":0,"ocean_custom_logo_tablet_max_width":0,"ocean_custom_logo_mobile_max_width":0,"ocean_custom_logo_max_height":0,"ocean_custom_logo_tablet_max_height":0,"ocean_custom_logo_mobile_max_height":0,"ocean_header_custom_menu":"0","ocean_menu_typo_font_family":"0","ocean_menu_typo_font_subset":"","ocean_menu_typo_font_size":0,"ocean_menu_typo_font_size_tablet":0,"ocean_menu_typo_font_size_mobile":0,"ocean_menu_typo_font_size_unit":"px","ocean_menu_typo_font_weight":"","ocean_menu_typo_font_weight_tablet":"","ocean_menu_typo_font_weight_mobile":"","ocean_menu_typo_transform":"","ocean_menu_typo_transform_tablet":"","ocean_menu_typo_transform_mobile":"","ocean_menu_typo_line_height":0,"ocean_menu_typo_line_height_tablet":0,"ocean_menu_typo_line_height_mobile":0,"ocean_menu_typo_line_height_unit":"","ocean_menu_typo_spacing":0,"ocean_menu_typo_spacing_tablet":0,"ocean_menu_typo_spacing_mobile":0,"ocean_menu_typo_spacing_unit":"","ocean_menu_link_color":"","ocean_menu_link_color_hover":"","ocean_menu_link_color_active":"","ocean_menu_link_background":"","ocean_menu_link_hover_background":"","ocean_menu_link_active_background":"","ocean_menu_social_links_bg":"","ocean_menu_social_hover_links_bg":"","ocean_menu_social_links_color":"","ocean_menu_social_hover_links_color":"","ocean_disable_title":"default","ocean_disable_heading":"default","ocean_post_title":"","ocean_post_subheading":"","ocean_post_title_style":"","ocean_post_title_background_color":"","ocean_post_title_background":0,"ocean_post_title_bg_image_position":"","ocean_post_title_bg_image_attachment":"","ocean_post_title_bg_image_repeat":"","ocean_post_title_bg_image_size":"","ocean_post_title_height":0,"ocean_post_title_bg_overlay":0.5,"ocean_post_title_bg_overlay_color":"","ocean_disable_breadcrumbs":"default","ocean_breadcrumbs_color":"","ocean_breadcrumbs_separator_color":"","ocean_breadcrumbs_links_color":"","ocean_breadcrumbs_links_hover_color":"","ocean_display_footer_widgets":"default","ocean_display_footer_bottom":"default","ocean_custom_footer_template":"0"},"product_cat":[103,22,111,109],"product_tag":[],"class_list":{"0":"post-5058","1":"product","2":"type-product","3":"status-publish","4":"has-post-thumbnail","6":"product_brand-less-is-more","7":"product_cat-baumes-demelants","8":"product_cat-soins-des-cheveux","9":"product_cat-cheveux-colores","10":"product_cat-cheveux-secs-abimes","12":"entry","13":"has-media","15":"first","16":"instock","17":"taxable","18":"shipping-taxable","19":"purchasable","20":"product-type-simple","21":"has-product-nav","22":"col","23":"span_1_of_4","24":"owp-content-center","25":"owp-thumbs-layout-horizontal","26":"owp-btn-normal","27":"owp-tabs-layout-horizontal","28":"has-no-thumbnails"},"_links":{"self":[{"href":"https:\/\/awesomegreenbeauty.com\/en\/wp-json\/wp\/v2\/product\/5058","targetHints":{"allow":["GET"]}}],"collection":[{"href":"https:\/\/awesomegreenbeauty.com\/en\/wp-json\/wp\/v2\/product"}],"about":[{"href":"https:\/\/awesomegreenbeauty.com\/en\/wp-json\/wp\/v2\/types\/product"}],"version-history":[{"count":0,"href":"https:\/\/awesomegreenbeauty.com\/en\/wp-json\/wp\/v2\/product\/5058\/revisions"}],"wp:featuredmedia":[{"embeddable":true,"href":"https:\/\/awesomegreenbeauty.com\/en\/wp-json\/wp\/v2\/media\/5305"}],"wp:attachment":[{"href":"https:\/\/awesomegreenbeauty.com\/en\/wp-json\/wp\/v2\/media?parent=5058"}],"wp:term":[{"taxonomy":"product_cat","embeddable":true,"href":"https:\/\/awesomegreenbeauty.com\/en\/wp-json\/wp\/v2\/product_cat?post=5058"},{"taxonomy":"product_tag","embeddable":true,"href":"https:\/\/awesomegreenbeauty.com\/en\/wp-json\/wp\/v2\/product_tag?post=5058"}],"curies":[{"name":"wp","href":"https:\/\/api.w.org\/{rel}","templated":true}]}}