{"id":5089,"date":"2022-05-14T15:11:29","date_gmt":"2022-05-14T13:11:29","guid":{"rendered":"https:\/\/mygreenbrands.com\/?post_type=product&#038;p=5089"},"modified":"2026-04-11T19:30:07","modified_gmt":"2026-04-11T17:30:07","slug":"less-is-more-lindengloss-shampooing-cheveux-colores-abimes-200ml","status":"publish","type":"product","link":"https:\/\/awesomegreenbeauty.com\/en\/product\/less-is-more-lindengloss-shampooing-cheveux-colores-abimes-200ml\/","title":{"rendered":"LESS IS MORE LINDENGLOSS &#8211; Shampoing Cheveux color\u00e9s &amp; ab\u00eem\u00e9s &#8211; 200ml"},"content":{"rendered":"<p>Gentle formula that brings back shine and vibrancy to colour treated and damaged hair, protecting it from colour fading and drying out. Why is is effective?<\/p>\n<p>Its formula includes:<\/p>\n<p><strong>CISTUS EXTRACT -<\/strong> Medical plant with the highest polyphenol-content in Europe \u2013 exceeds red wine and green tea highly. anti-oxidative, protects hair and hair colour, has a repair effect.<\/p>\n<p><strong>COMPLEXE D&rsquo;HUILE D&rsquo;OLIVE<\/strong> &#8211; C&rsquo;est une alternative naturelle au silicone et un excellent produit de soin pour les cheveux secs et cassants.<\/p>\n<p><strong>PEA PROTEIN<\/strong> &#8211; Restaure l&rsquo;hydratation des cheveux et revitalise la sant\u00e9 des cheveux perdus par les dommages. Comme la composition en acides amin\u00e9s est similaire \u00e0 celle de la k\u00e9ratine hydrolys\u00e9e, la fonction est similaire<\/p>\n<p><strong>AROMATIC BENEFIT<\/strong> - 100 % Certified organic essences Linden Flower1, Petitgrain Key Lime1, Vanilla1. Mood brightening, balancing, destress. Scalp soothing.<\/p>\n<ol>\n<li>Organic agriculture<\/li>\n<\/ol>\n<p><img decoding=\"async\" class=\"alignleft\" src=\"https:\/\/cdn.shopify.com\/s\/files\/1\/0520\/0822\/2903\/files\/Cosmos_90x134.png?v=8975809079372852771\" alt=\"Cosmos\" width=\"58\" height=\"86\" \/><img decoding=\"async\" class=\"alignleft\" src=\"https:\/\/cdn.shopify.com\/s\/files\/1\/0520\/0822\/2903\/files\/Peta-vegan_170x112.png?v=11987833656074716155\" alt=\"Peta Vegan\" width=\"92\" height=\"61\" \/><\/p>","protected":false},"excerpt":{"rendered":"<p><strong>LESS IS MORE | Bio shampoo | Vegan | For coloured &amp; damaged hair<\/strong><\/p>\n<p>Repairs, gives shine and protects the damaged and coloured hair. Brings back the vibrancy of colour treated hair. Scalp soothing properties.<\/p>","protected":false},"featured_media":5300,"template":"","meta":{"ocean_post_layout":"","ocean_both_sidebars_style":"","ocean_both_sidebars_content_width":0,"ocean_both_sidebars_sidebars_width":0,"ocean_sidebar":"0","ocean_second_sidebar":"0","ocean_disable_margins":"enable","ocean_add_body_class":"","ocean_shortcode_before_top_bar":"","ocean_shortcode_after_top_bar":"","ocean_shortcode_before_header":"","ocean_shortcode_after_header":"","ocean_has_shortcode":"","ocean_shortcode_after_title":"","ocean_shortcode_before_footer_widgets":"","ocean_shortcode_after_footer_widgets":"","ocean_shortcode_before_footer_bottom":"","ocean_shortcode_after_footer_bottom":"","ocean_display_top_bar":"default","ocean_display_header":"default","ocean_header_style":"","ocean_center_header_left_menu":"0","ocean_custom_header_template":"0","ocean_custom_logo":0,"ocean_custom_retina_logo":0,"ocean_custom_logo_max_width":0,"ocean_custom_logo_tablet_max_width":0,"ocean_custom_logo_mobile_max_width":0,"ocean_custom_logo_max_height":0,"ocean_custom_logo_tablet_max_height":0,"ocean_custom_logo_mobile_max_height":0,"ocean_header_custom_menu":"0","ocean_menu_typo_font_family":"0","ocean_menu_typo_font_subset":"","ocean_menu_typo_font_size":0,"ocean_menu_typo_font_size_tablet":0,"ocean_menu_typo_font_size_mobile":0,"ocean_menu_typo_font_size_unit":"px","ocean_menu_typo_font_weight":"","ocean_menu_typo_font_weight_tablet":"","ocean_menu_typo_font_weight_mobile":"","ocean_menu_typo_transform":"","ocean_menu_typo_transform_tablet":"","ocean_menu_typo_transform_mobile":"","ocean_menu_typo_line_height":0,"ocean_menu_typo_line_height_tablet":0,"ocean_menu_typo_line_height_mobile":0,"ocean_menu_typo_line_height_unit":"","ocean_menu_typo_spacing":0,"ocean_menu_typo_spacing_tablet":0,"ocean_menu_typo_spacing_mobile":0,"ocean_menu_typo_spacing_unit":"","ocean_menu_link_color":"","ocean_menu_link_color_hover":"","ocean_menu_link_color_active":"","ocean_menu_link_background":"","ocean_menu_link_hover_background":"","ocean_menu_link_active_background":"","ocean_menu_social_links_bg":"","ocean_menu_social_hover_links_bg":"","ocean_menu_social_links_color":"","ocean_menu_social_hover_links_color":"","ocean_disable_title":"default","ocean_disable_heading":"default","ocean_post_title":"","ocean_post_subheading":"","ocean_post_title_style":"","ocean_post_title_background_color":"","ocean_post_title_background":0,"ocean_post_title_bg_image_position":"","ocean_post_title_bg_image_attachment":"","ocean_post_title_bg_image_repeat":"","ocean_post_title_bg_image_size":"","ocean_post_title_height":0,"ocean_post_title_bg_overlay":0.5,"ocean_post_title_bg_overlay_color":"","ocean_disable_breadcrumbs":"default","ocean_breadcrumbs_color":"","ocean_breadcrumbs_separator_color":"","ocean_breadcrumbs_links_color":"","ocean_breadcrumbs_links_hover_color":"","ocean_display_footer_widgets":"default","ocean_display_footer_bottom":"default","ocean_custom_footer_template":"0"},"product_cat":[111,109,102],"product_tag":[],"class_list":{"0":"post-5089","1":"product","2":"type-product","3":"status-publish","4":"has-post-thumbnail","6":"product_brand-less-is-more","7":"product_cat-cheveux-colores","8":"product_cat-cheveux-secs-abimes","9":"product_cat-shampoing","11":"entry","12":"has-media","14":"first","15":"instock","16":"taxable","17":"shipping-taxable","18":"purchasable","19":"product-type-simple","20":"has-product-nav","21":"col","22":"span_1_of_4","23":"owp-content-center","24":"owp-thumbs-layout-horizontal","25":"owp-btn-normal","26":"owp-tabs-layout-horizontal","27":"has-no-thumbnails"},"_links":{"self":[{"href":"https:\/\/awesomegreenbeauty.com\/en\/wp-json\/wp\/v2\/product\/5089","targetHints":{"allow":["GET"]}}],"collection":[{"href":"https:\/\/awesomegreenbeauty.com\/en\/wp-json\/wp\/v2\/product"}],"about":[{"href":"https:\/\/awesomegreenbeauty.com\/en\/wp-json\/wp\/v2\/types\/product"}],"version-history":[{"count":0,"href":"https:\/\/awesomegreenbeauty.com\/en\/wp-json\/wp\/v2\/product\/5089\/revisions"}],"wp:featuredmedia":[{"embeddable":true,"href":"https:\/\/awesomegreenbeauty.com\/en\/wp-json\/wp\/v2\/media\/5300"}],"wp:attachment":[{"href":"https:\/\/awesomegreenbeauty.com\/en\/wp-json\/wp\/v2\/media?parent=5089"}],"wp:term":[{"taxonomy":"product_cat","embeddable":true,"href":"https:\/\/awesomegreenbeauty.com\/en\/wp-json\/wp\/v2\/product_cat?post=5089"},{"taxonomy":"product_tag","embeddable":true,"href":"https:\/\/awesomegreenbeauty.com\/en\/wp-json\/wp\/v2\/product_tag?post=5089"}],"curies":[{"name":"wp","href":"https:\/\/api.w.org\/{rel}","templated":true}]}}