{"id":5091,"date":"2022-05-14T15:27:30","date_gmt":"2022-05-14T13:27:30","guid":{"rendered":"https:\/\/mygreenbrands.com\/?post_type=product&#038;p=5091"},"modified":"2026-04-18T12:02:08","modified_gmt":"2026-04-18T10:02:08","slug":"less-is-more-lindengloss-baume-demelant-cheveux-colores-abimes-200ml","status":"publish","type":"product","link":"https:\/\/awesomegreenbeauty.com\/en\/product\/less-is-more-lindengloss-baume-demelant-cheveux-colores-abimes-200ml\/","title":{"rendered":"LESS IS MORE LINDENGLOSS &#8211; Baume d\u00e9m\u00ealant cheveux color\u00e9s &amp; ab\u00eem\u00e9s &#8211; 200ml"},"content":{"rendered":"<p>Repairing conditioner, seals hair cuticles to help lock in color and shine, makes combing easier, leaving hair wonderfully soft and supple. Why is it effective?<\/p>\n<p>Its formula includes:<\/p>\n<p><strong>WHEAT GERM OIL<\/strong> - Virgin plant oil, cold pressed from the germ buds, with the highest vitamin E content, furthermore rich in phospholipids and carotinoids. The hair-anti-aging oil \u2013 protects (against UV, heat, color fading), smoothes and deeply nourishes at the same time.<\/p>\n<p><strong>CISTUS EXTRACT<\/strong> - Medical plant with the highest polyphenol content in Europe \u2013 exceeding red wine and green tea. Highly anti-oxidative, protects hair and fortifies the scalp.<\/p>\n<p><strong>SOY LECITHIN<\/strong> - Soy oil extract, rich in phospholipids, naturally conditioning, nourishes with moisture-regenerating properties for wonderful shine and softness.<\/p>\n<p><strong>AROMATIC BENEFIT<\/strong> - 100% certified organic essences Linden Flower1, Petitgrain Key Lime1, Vanilla1, Atlas Cedar1. Mood brightening, balancing, destress. Scalp soothing.<\/p>\n<ol>\n<li>Organic agriculture<\/li>\n<\/ol>\n<p><img decoding=\"async\" class=\"alignleft\" src=\"https:\/\/cdn.shopify.com\/s\/files\/1\/0520\/0822\/2903\/files\/Cosmos_90x134.png?v=8975809079372852771\" alt=\"Cosmos\" width=\"63\" height=\"93\" \/><img decoding=\"async\" class=\"alignleft\" src=\"https:\/\/cdn.shopify.com\/s\/files\/1\/0520\/0822\/2903\/files\/Peta-vegan_170x112.png?v=11987833656074716155\" alt=\"Peta Vegan\" width=\"101\" height=\"67\" \/><\/p>","protected":false},"excerpt":{"rendered":"<p><b>LESS IS MORE | Rebalancing detangling hair balm | Bio | Coloured and damaged hair\u00a0<\/b><\/p>\n<p>Bio-active conditioning complex, seals hair cuticles to help lock in color and shine, makes combing easier, leaving hair wonderfully soft and supple.<\/p>","protected":false},"featured_media":5299,"template":"","meta":{"ocean_post_layout":"","ocean_both_sidebars_style":"","ocean_both_sidebars_content_width":0,"ocean_both_sidebars_sidebars_width":0,"ocean_sidebar":"0","ocean_second_sidebar":"0","ocean_disable_margins":"enable","ocean_add_body_class":"","ocean_shortcode_before_top_bar":"","ocean_shortcode_after_top_bar":"","ocean_shortcode_before_header":"","ocean_shortcode_after_header":"","ocean_has_shortcode":"","ocean_shortcode_after_title":"","ocean_shortcode_before_footer_widgets":"","ocean_shortcode_after_footer_widgets":"","ocean_shortcode_before_footer_bottom":"","ocean_shortcode_after_footer_bottom":"","ocean_display_top_bar":"default","ocean_display_header":"default","ocean_header_style":"","ocean_center_header_left_menu":"0","ocean_custom_header_template":"0","ocean_custom_logo":0,"ocean_custom_retina_logo":0,"ocean_custom_logo_max_width":0,"ocean_custom_logo_tablet_max_width":0,"ocean_custom_logo_mobile_max_width":0,"ocean_custom_logo_max_height":0,"ocean_custom_logo_tablet_max_height":0,"ocean_custom_logo_mobile_max_height":0,"ocean_header_custom_menu":"0","ocean_menu_typo_font_family":"0","ocean_menu_typo_font_subset":"","ocean_menu_typo_font_size":0,"ocean_menu_typo_font_size_tablet":0,"ocean_menu_typo_font_size_mobile":0,"ocean_menu_typo_font_size_unit":"px","ocean_menu_typo_font_weight":"","ocean_menu_typo_font_weight_tablet":"","ocean_menu_typo_font_weight_mobile":"","ocean_menu_typo_transform":"","ocean_menu_typo_transform_tablet":"","ocean_menu_typo_transform_mobile":"","ocean_menu_typo_line_height":0,"ocean_menu_typo_line_height_tablet":0,"ocean_menu_typo_line_height_mobile":0,"ocean_menu_typo_line_height_unit":"","ocean_menu_typo_spacing":0,"ocean_menu_typo_spacing_tablet":0,"ocean_menu_typo_spacing_mobile":0,"ocean_menu_typo_spacing_unit":"","ocean_menu_link_color":"","ocean_menu_link_color_hover":"","ocean_menu_link_color_active":"","ocean_menu_link_background":"","ocean_menu_link_hover_background":"","ocean_menu_link_active_background":"","ocean_menu_social_links_bg":"","ocean_menu_social_hover_links_bg":"","ocean_menu_social_links_color":"","ocean_menu_social_hover_links_color":"","ocean_disable_title":"default","ocean_disable_heading":"default","ocean_post_title":"","ocean_post_subheading":"","ocean_post_title_style":"","ocean_post_title_background_color":"","ocean_post_title_background":0,"ocean_post_title_bg_image_position":"","ocean_post_title_bg_image_attachment":"","ocean_post_title_bg_image_repeat":"","ocean_post_title_bg_image_size":"","ocean_post_title_height":0,"ocean_post_title_bg_overlay":0.5,"ocean_post_title_bg_overlay_color":"","ocean_disable_breadcrumbs":"default","ocean_breadcrumbs_color":"","ocean_breadcrumbs_separator_color":"","ocean_breadcrumbs_links_color":"","ocean_breadcrumbs_links_hover_color":"","ocean_display_footer_widgets":"default","ocean_display_footer_bottom":"default","ocean_custom_footer_template":"0"},"product_cat":[103,22,111,109],"product_tag":[],"class_list":{"0":"post-5091","1":"product","2":"type-product","3":"status-publish","4":"has-post-thumbnail","6":"product_brand-less-is-more","7":"product_cat-baumes-demelants","8":"product_cat-soins-des-cheveux","9":"product_cat-cheveux-colores","10":"product_cat-cheveux-secs-abimes","12":"entry","13":"has-media","15":"first","16":"instock","17":"taxable","18":"shipping-taxable","19":"purchasable","20":"product-type-simple","21":"has-product-nav","22":"col","23":"span_1_of_4","24":"owp-content-center","25":"owp-thumbs-layout-horizontal","26":"owp-btn-normal","27":"owp-tabs-layout-horizontal","28":"has-no-thumbnails"},"_links":{"self":[{"href":"https:\/\/awesomegreenbeauty.com\/en\/wp-json\/wp\/v2\/product\/5091","targetHints":{"allow":["GET"]}}],"collection":[{"href":"https:\/\/awesomegreenbeauty.com\/en\/wp-json\/wp\/v2\/product"}],"about":[{"href":"https:\/\/awesomegreenbeauty.com\/en\/wp-json\/wp\/v2\/types\/product"}],"version-history":[{"count":0,"href":"https:\/\/awesomegreenbeauty.com\/en\/wp-json\/wp\/v2\/product\/5091\/revisions"}],"wp:featuredmedia":[{"embeddable":true,"href":"https:\/\/awesomegreenbeauty.com\/en\/wp-json\/wp\/v2\/media\/5299"}],"wp:attachment":[{"href":"https:\/\/awesomegreenbeauty.com\/en\/wp-json\/wp\/v2\/media?parent=5091"}],"wp:term":[{"taxonomy":"product_cat","embeddable":true,"href":"https:\/\/awesomegreenbeauty.com\/en\/wp-json\/wp\/v2\/product_cat?post=5091"},{"taxonomy":"product_tag","embeddable":true,"href":"https:\/\/awesomegreenbeauty.com\/en\/wp-json\/wp\/v2\/product_tag?post=5091"}],"curies":[{"name":"wp","href":"https:\/\/api.w.org\/{rel}","templated":true}]}}