{"id":5094,"date":"2022-05-14T15:53:10","date_gmt":"2022-05-14T13:53:10","guid":{"rendered":"https:\/\/mygreenbrands.com\/?post_type=product&#038;p=5094"},"modified":"2026-04-18T12:04:55","modified_gmt":"2026-04-18T10:04:55","slug":"less-is-more-tangerine-baume-cheveux-boucle-200ml","status":"publish","type":"product","link":"https:\/\/awesomegreenbeauty.com\/en\/product\/less-is-more-tangerine-baume-cheveux-boucle-200ml\/","title":{"rendered":"LESS IS MORE TANGERINE &#8211; Baume cheveux boucl\u00e9s &#8211; 50ml\/150ml"},"content":{"rendered":"<p>Le Baume Cheveux Boucl\u00e9s Tangerine de Less is More est un soin coiffant sp\u00e9cialement con\u00e7u pour sublimer et d\u00e9finir les boucles tout en apportant hydratation, souplesse et brillance. Ce baume cheveux boucl\u00e9s naturel et l\u00e9ger, enrichi en extraits d\u2019agrumes et en huiles v\u00e9g\u00e9tales nourrissantes, nourrit les cheveux boucl\u00e9s tout en leur offrant une tenue souple et naturelle. Id\u00e9al pour les cheveux boucl\u00e9s, fris\u00e9s ou ondul\u00e9s, ce produit aide \u00e0 contr\u00f4ler les frisottis et \u00e0 accentuer la texture des boucles, pour un look d\u00e9fini et naturel, sans alourdir.<\/p>\n<p>Le Baume Cheveux Boucl\u00e9s Tangerine est \u00e9galement formul\u00e9 pour prot\u00e9ger les cheveux des agressions ext\u00e9rieures, tout en leur apportant un parfum frais et vivifiant d&rsquo;agrumes. Sa formule douce et biod\u00e9gradable respecte la fibre capillaire, tout en offrant un r\u00e9sultat impeccable.<\/p>\n<p><strong>Benefits:<\/strong><\/p>\n<ul>\n<li><strong>D\u00e9finition et Souplesse des Boucles<\/strong> : D\u00e9finit les boucles tout en offrant une souplesse naturelle, sans effet carton.<\/li>\n<li><strong>Hydratation et Nutrition<\/strong> : Apporte une hydratation en profondeur gr\u00e2ce \u00e0 ses ingr\u00e9dients naturels, pour des cheveux doux et brillants.<\/li>\n<li><strong>Contr\u00f4le des Frisottis<\/strong> : Lutte contre les frisottis et les cheveux rebelles, laissant vos boucles nettes et disciplin\u00e9es.<\/li>\n<li><strong>Formule L\u00e9g\u00e8re<\/strong> : Ne p\u00e8se pas sur les cheveux, pour une texture l\u00e9g\u00e8re et a\u00e9r\u00e9e.<\/li>\n<\/ul>\n<p><strong>Ingr\u00e9dients Cl\u00e9s :<\/strong><\/p>\n<ul>\n<li data-start=\"24\" data-end=\"219\"><strong data-start=\"26\" data-end=\"39\">Mandarin<\/strong> (Tangerine): Huile essentielle apaisante, relaxante et euphorisante, elle est aussi antioxydante, tonifiante et immunostimulante, id\u00e9ale pour d\u00e9finir et apporter de la brillance aux boucles.<\/li>\n<li data-start=\"220\" data-end=\"382\"><strong data-start=\"222\" data-end=\"235\">Aloe Vera<\/strong> : <span style=\"color: #993300;\"><strong><a style=\"color: #993300;\" href=\"https:\/\/camillealbane.com\/beauty-mag\/quels-sont-les-bienfaits-de-laloe-vera-pour-les-cheveux\" target=\"_blank\" rel=\"noopener\">Puissant hydratant pour les cheveux<\/a><\/strong><\/span> et le cuir chevelu, il favorise la r\u00e9g\u00e9n\u00e9ration cellulaire et offre une action rafra\u00eechissante et apaisante.<\/li>\n<li data-start=\"383\" data-end=\"511\"><strong data-start=\"385\" data-end=\"396\">M\u00e9lisse<\/strong> : Antioxydante, antibact\u00e9rienne et apaisante, elle prot\u00e8ge le cuir chevelu tout en soutenant la sant\u00e9 des cheveux.<\/li>\n<li data-start=\"512\" data-end=\"674\" data-is-only-node=\"\"><strong data-start=\"514\" data-end=\"532\">Graine de Guar<\/strong> : Forme un film protecteur autour du cheveu, facilite le d\u00e9m\u00ealage, am\u00e9liore l&rsquo;\u00e9lasticit\u00e9 et donne une tenue l\u00e9g\u00e8re aux boucles sans alourdir.<\/li>\n<li data-start=\"675\" data-end=\"802\"><strong data-start=\"677\" data-end=\"700\">Huile de Jojoba Bio<\/strong> : Nourrit et hydrate sans alourdir, \u00e9quilibrant le s\u00e9bum du cuir chevelu pour une texture plus lisse.<\/li>\n<li data-start=\"803\" data-end=\"925\"><strong data-start=\"805\" data-end=\"829\">Organic Shea Butter<\/strong> : Hydrate intens\u00e9ment et nourrit la fibre capillaire, pour des boucles douces et bien d\u00e9finies.<\/li>\n<li data-start=\"926\" data-end=\"1038\"><strong data-start=\"928\" data-end=\"961\">Extrait de Racine de Guimauve<\/strong> : Aide \u00e0 d\u00e9m\u00ealer, r\u00e9duit les frisottis et am\u00e9liore l\u2019\u00e9lasticit\u00e9 des boucles.<\/li>\n<li data-start=\"1039\" data-end=\"1178\"><strong data-start=\"1041\" data-end=\"1073\">Prot\u00e9ines de Bl\u00e9 Hydrolys\u00e9es<\/strong> : Renforcent les cheveux, am\u00e9liorant leur r\u00e9sistance et \u00e9lasticit\u00e9 tout en donnant du corps aux boucles.<\/li>\n<\/ul>\n<p><strong>Conseils d&rsquo;Utilisation :<\/strong><\/p>\n<p>Appliquez une petite quantit\u00e9 du Baume Cheveux Boucl\u00e9s Tangerine sur cheveux humides, en r\u00e9partissant uniform\u00e9ment des racines aux pointes. Utilisez vos mains ou un peigne pour d\u00e9finir les boucles, puis laissez s\u00e9cher \u00e0 l&rsquo;air libre ou utilisez un diffuseur pour un s\u00e9chage plus rapide et un volume suppl\u00e9mentaire. Vous pouvez \u00e9galement l&rsquo;utiliser pour retoucher vos boucles tout au long de la journ\u00e9e.<\/p>\n<p>Transformez vos boucles avec le Baume Cheveux Boucl\u00e9s Tangerine, un soin coiffant bio qui d\u00e9finit, hydrate et prot\u00e8ge vos cheveux tout en leur offrant un parfum frais et agr\u00e9able. Explorez <strong><span style=\"color: #993300;\"><a style=\"color: #993300;\" href=\"https:\/\/awesomegreenbeauty.com\/en\/marques\/less-is-more\/\" target=\"_blank\" rel=\"noopener\">cet espace<\/a><\/span><\/strong> pour plus de produits de soins capillaires de Less is More.<\/p>","protected":false},"excerpt":{"rendered":"<p><strong>LESS IS MORE | Leave in balm - <\/strong><strong>heat protection <\/strong><strong>| Bio | Baume Cheveux Boucl\u00e9s<\/strong><\/p>\n<p><em>Tangerine Curl Balm<\/em>\u00a0de la marque Less Is More est un soin l\u00e9ger et sans rin\u00e7age id\u00e9al pour les cheveux boucl\u00e9s : il permet un coiffage facile, redonne \u00e9clat et volume aux cheveux, les boucles sont gain\u00e9es et dessin\u00e9es sans \u00eatre trop marqu\u00e9es.<\/p>\n<p>Cr\u00e8me d\u00e9m\u00ealante bio pour cheveux boucl\u00e9s, adapt\u00e9 au soin des cheveux color\u00e9s.<\/p>","protected":false},"featured_media":5307,"template":"","meta":{"ocean_post_layout":"","ocean_both_sidebars_style":"","ocean_both_sidebars_content_width":0,"ocean_both_sidebars_sidebars_width":0,"ocean_sidebar":"0","ocean_second_sidebar":"0","ocean_disable_margins":"enable","ocean_add_body_class":"","ocean_shortcode_before_top_bar":"","ocean_shortcode_after_top_bar":"","ocean_shortcode_before_header":"","ocean_shortcode_after_header":"","ocean_has_shortcode":"","ocean_shortcode_after_title":"","ocean_shortcode_before_footer_widgets":"","ocean_shortcode_after_footer_widgets":"","ocean_shortcode_before_footer_bottom":"","ocean_shortcode_after_footer_bottom":"","ocean_display_top_bar":"default","ocean_display_header":"default","ocean_header_style":"","ocean_center_header_left_menu":"0","ocean_custom_header_template":"0","ocean_custom_logo":0,"ocean_custom_retina_logo":0,"ocean_custom_logo_max_width":0,"ocean_custom_logo_tablet_max_width":0,"ocean_custom_logo_mobile_max_width":0,"ocean_custom_logo_max_height":0,"ocean_custom_logo_tablet_max_height":0,"ocean_custom_logo_mobile_max_height":0,"ocean_header_custom_menu":"0","ocean_menu_typo_font_family":"0","ocean_menu_typo_font_subset":"","ocean_menu_typo_font_size":0,"ocean_menu_typo_font_size_tablet":0,"ocean_menu_typo_font_size_mobile":0,"ocean_menu_typo_font_size_unit":"px","ocean_menu_typo_font_weight":"","ocean_menu_typo_font_weight_tablet":"","ocean_menu_typo_font_weight_mobile":"","ocean_menu_typo_transform":"","ocean_menu_typo_transform_tablet":"","ocean_menu_typo_transform_mobile":"","ocean_menu_typo_line_height":0,"ocean_menu_typo_line_height_tablet":0,"ocean_menu_typo_line_height_mobile":0,"ocean_menu_typo_line_height_unit":"","ocean_menu_typo_spacing":0,"ocean_menu_typo_spacing_tablet":0,"ocean_menu_typo_spacing_mobile":0,"ocean_menu_typo_spacing_unit":"","ocean_menu_link_color":"","ocean_menu_link_color_hover":"","ocean_menu_link_color_active":"","ocean_menu_link_background":"","ocean_menu_link_hover_background":"","ocean_menu_link_active_background":"","ocean_menu_social_links_bg":"","ocean_menu_social_hover_links_bg":"","ocean_menu_social_links_color":"","ocean_menu_social_hover_links_color":"","ocean_disable_title":"default","ocean_disable_heading":"default","ocean_post_title":"","ocean_post_subheading":"","ocean_post_title_style":"","ocean_post_title_background_color":"","ocean_post_title_background":0,"ocean_post_title_bg_image_position":"","ocean_post_title_bg_image_attachment":"","ocean_post_title_bg_image_repeat":"","ocean_post_title_bg_image_size":"","ocean_post_title_height":0,"ocean_post_title_bg_overlay":0.5,"ocean_post_title_bg_overlay_color":"","ocean_disable_breadcrumbs":"default","ocean_breadcrumbs_color":"","ocean_breadcrumbs_separator_color":"","ocean_breadcrumbs_links_color":"","ocean_breadcrumbs_links_hover_color":"","ocean_display_footer_widgets":"default","ocean_display_footer_bottom":"default","ocean_custom_footer_template":"0"},"product_cat":[22,218],"product_tag":[],"class_list":{"0":"post-5094","1":"product","2":"type-product","3":"status-publish","4":"has-post-thumbnail","6":"product_brand-less-is-more","7":"product_cat-soins-des-cheveux","8":"product_cat-sprays-baumes-coiffants","10":"entry","11":"has-media","13":"first","14":"outofstock","15":"taxable","16":"shipping-taxable","17":"purchasable","18":"product-type-variable","19":"has-product-nav","20":"col","21":"span_1_of_4","22":"owp-content-center","23":"owp-thumbs-layout-horizontal","24":"owp-btn-normal","25":"owp-tabs-layout-horizontal","26":"has-no-thumbnails"},"_links":{"self":[{"href":"https:\/\/awesomegreenbeauty.com\/en\/wp-json\/wp\/v2\/product\/5094","targetHints":{"allow":["GET"]}}],"collection":[{"href":"https:\/\/awesomegreenbeauty.com\/en\/wp-json\/wp\/v2\/product"}],"about":[{"href":"https:\/\/awesomegreenbeauty.com\/en\/wp-json\/wp\/v2\/types\/product"}],"version-history":[{"count":0,"href":"https:\/\/awesomegreenbeauty.com\/en\/wp-json\/wp\/v2\/product\/5094\/revisions"}],"wp:featuredmedia":[{"embeddable":true,"href":"https:\/\/awesomegreenbeauty.com\/en\/wp-json\/wp\/v2\/media\/5307"}],"wp:attachment":[{"href":"https:\/\/awesomegreenbeauty.com\/en\/wp-json\/wp\/v2\/media?parent=5094"}],"wp:term":[{"taxonomy":"product_cat","embeddable":true,"href":"https:\/\/awesomegreenbeauty.com\/en\/wp-json\/wp\/v2\/product_cat?post=5094"},{"taxonomy":"product_tag","embeddable":true,"href":"https:\/\/awesomegreenbeauty.com\/en\/wp-json\/wp\/v2\/product_tag?post=5094"}],"curies":[{"name":"wp","href":"https:\/\/api.w.org\/{rel}","templated":true}]}}