{"id":5126,"date":"2022-05-17T18:50:42","date_gmt":"2022-05-17T16:50:42","guid":{"rendered":"https:\/\/mygreenbrands.com\/?post_type=product&#038;p=5126"},"modified":"2026-04-18T12:00:40","modified_gmt":"2026-04-18T10:00:40","slug":"less-is-more-lindengloss-masque-intensif-cheveux-150ml","status":"publish","type":"product","link":"https:\/\/awesomegreenbeauty.com\/en\/product\/less-is-more-lindengloss-masque-intensif-cheveux-150ml\/","title":{"rendered":"LESS IS MORE LINDENGLOSS &#8211; Masque Intensif Cheveux &#8211; 150ml"},"content":{"rendered":"<p>Offrez \u00e0 vos cheveux un soin d&rsquo;exception avec le <strong>Lidengloss Masque Intensif Cheveux<\/strong>\u00a0the <a href=\"https:\/\/awesomegreenbeauty.com\/en\/marques\/less-is-more\/\" target=\"_blank\" rel=\"noopener\"><span style=\"color: #993300;\"><strong>Less is More<\/strong><\/span><\/a>, sp\u00e9cialement con\u00e7u pour les cheveux color\u00e9s, secs et ab\u00eem\u00e9s. Ce masque capillaire biologique hydrate intens\u00e9ment, nourrit en profondeur et restaure la brillance naturelle des cheveux sans les alourdir. Gr\u00e2ce \u00e0 son complexe unique d&rsquo;huiles v\u00e9g\u00e9tales pr\u00e9cieuses et de prot\u00e9ines fortifiantes, il aide \u00e0 reconstruire la fibre capillaire et prot\u00e8ge contre les agressions ext\u00e9rieures.<\/p>\n<h3><strong>Bienfaits du Masque Intensif Cheveux<\/strong><\/h3>\n<ul>\n<li><strong>Nutrition et Hydratation Intense<\/strong> : Redonne souplesse et \u00e9clat aux cheveux d\u00e9shydrat\u00e9s.<\/li>\n<li><strong>Protection et R\u00e9paration<\/strong> : Renforce la barri\u00e8re lipidique naturelle du cheveu.<\/li>\n<li><strong>Brillance et Douceur<\/strong> : Effet lissant sans alourdir la chevelure.<\/li>\n<li><strong>Alternative Vegan \u00e0 la K\u00e9ratine<\/strong> : Prot\u00e8ge contre la casse et les pointes fourchues.<\/li>\n<li><strong>Soin Sensoriel et Apaisant<\/strong> : Un parfum naturel aux notes de tilleul, vanille et c\u00e8dre pour un instant de bien-\u00eatre.<\/li>\n<\/ul>\n<h3><strong>Key Ingredients<\/strong><\/h3>\n<ul>\n<li><strong>Inuline<\/strong> : <span style=\"color: #993300;\"><strong><a style=\"color: #993300;\" href=\"https:\/\/evolutiondemescheveux.blogspot.com\/2015\/01\/linuline-un-ingredient-magique.html\" target=\"_blank\" rel=\"noopener\">Un actif naturel<\/a><\/strong><\/span> qui hydrate et lisse les cheveux ab\u00eem\u00e9s, leur apportant douceur et discipline.<\/li>\n<li><strong>Complexe d\u2019Huiles Pr\u00e9cieuses<\/strong> :\n<ul>\n<li>Ester de jojoba, cire de tournesol, huile de coco et huile d\u2019olive insaponifiable : Ce m\u00e9lange exceptionnel renforce la structure capillaire, \u00e9quilibre l\u2019hydratation et apporte de la brillance sans alourdir. Il aide \u00e9galement \u00e0 r\u00e9duire l&rsquo;\u00e9lectricit\u00e9 statique et prot\u00e8ge la fibre capillaire.<\/li>\n<\/ul>\n<\/li>\n<li><strong>Complexe de Prot\u00e9ines et de Peptides<\/strong> :\n<ul>\n<li>Prot\u00e9ines de pois et peptides de bl\u00e9 : Une alternative v\u00e9g\u00e9tale \u00e0 la k\u00e9ratine qui p\u00e9n\u00e8tre profond\u00e9ment dans les cheveux, les fortifie et les prot\u00e8ge contre la casse et les agressions ext\u00e9rieures.<\/li>\n<\/ul>\n<\/li>\n<li><strong>Action Aromatique Relaxante<\/strong> :\n<ul>\n<li>Un m\u00e9lange d\u2019extraits botaniques issus de l\u2019agriculture biologique \u2013 tilleul, petitgrain key lime, vanille et c\u00e8dre de l\u2019Atlas \u2013 aux propri\u00e9t\u00e9s apaisantes et \u00e9quilibrantes, parfait pour calmer le cuir chevelu et revitaliser l\u2019esprit.<\/li>\n<\/ul>\n<\/li>\n<\/ul>\n<h3><strong>Conseils d\u2019Utilisation<\/strong><\/h3>\n<p>Apr\u00e8s le shampooing, appliquez une quantit\u00e9 g\u00e9n\u00e9reuse du <strong>Lidengloss Masque Intensif Cheveux<\/strong>\u00a0sur cheveux essor\u00e9s. Laissez poser <strong>5 \u00e0 10 minutes<\/strong> pour un soin intense, puis rincez abondamment. Pour de meilleurs r\u00e9sultats, utilisez le <a href=\"https:\/\/awesomegreenbeauty.com\/en\/product\/less-is-more-lindengloss-shampooing-cheveux-colores-abimes-200ml\/\" target=\"_blank\" rel=\"noopener\"><span style=\"color: #993300;\"><strong>Lidengloss shampooing<\/strong><\/span><\/a> and <a href=\"https:\/\/awesomegreenbeauty.com\/en\/product\/less-is-more-lindengloss-baume-demelant-cheveux-colores-abimes-200ml\/\" target=\"_blank\" rel=\"noopener\"><span style=\"color: #993300;\"><strong>l&rsquo;apr\u00e8s-shampooing<\/strong><\/span><\/a> pour cheveux color\u00e9s. Pour des cheveux encore plus soyeux, utilisez-le en combinaison avec les autres soins capillaires <strong>Less is More<\/strong> adapt\u00e9s \u00e0 votre type de cheveux.<\/p>\n<p><strong>Transformez vos cheveux color\u00e9s et ab\u00eem\u00e9s en une chevelure \u00e9clatante, nourrie et prot\u00e9g\u00e9e avec le Lidengloss Masque Intensif Cheveux.<\/strong><\/p>","protected":false},"excerpt":{"rendered":"<p><strong>LESS IS MORE | Intensive hair mask <\/strong><strong>| Bio | Cheveux color\u00e9s et ab\u00eem\u00e9s<\/strong><\/p>\n<p>Nourishing. Restructuring. Repair. Intensive hair masque for coloured and damaged hair.<\/p>","protected":false},"featured_media":5290,"template":"","meta":{"ocean_post_layout":"","ocean_both_sidebars_style":"","ocean_both_sidebars_content_width":0,"ocean_both_sidebars_sidebars_width":0,"ocean_sidebar":"0","ocean_second_sidebar":"0","ocean_disable_margins":"enable","ocean_add_body_class":"","ocean_shortcode_before_top_bar":"","ocean_shortcode_after_top_bar":"","ocean_shortcode_before_header":"","ocean_shortcode_after_header":"","ocean_has_shortcode":"","ocean_shortcode_after_title":"","ocean_shortcode_before_footer_widgets":"","ocean_shortcode_after_footer_widgets":"","ocean_shortcode_before_footer_bottom":"","ocean_shortcode_after_footer_bottom":"","ocean_display_top_bar":"default","ocean_display_header":"default","ocean_header_style":"","ocean_center_header_left_menu":"0","ocean_custom_header_template":"0","ocean_custom_logo":0,"ocean_custom_retina_logo":0,"ocean_custom_logo_max_width":0,"ocean_custom_logo_tablet_max_width":0,"ocean_custom_logo_mobile_max_width":0,"ocean_custom_logo_max_height":0,"ocean_custom_logo_tablet_max_height":0,"ocean_custom_logo_mobile_max_height":0,"ocean_header_custom_menu":"0","ocean_menu_typo_font_family":"0","ocean_menu_typo_font_subset":"","ocean_menu_typo_font_size":0,"ocean_menu_typo_font_size_tablet":0,"ocean_menu_typo_font_size_mobile":0,"ocean_menu_typo_font_size_unit":"px","ocean_menu_typo_font_weight":"","ocean_menu_typo_font_weight_tablet":"","ocean_menu_typo_font_weight_mobile":"","ocean_menu_typo_transform":"","ocean_menu_typo_transform_tablet":"","ocean_menu_typo_transform_mobile":"","ocean_menu_typo_line_height":0,"ocean_menu_typo_line_height_tablet":0,"ocean_menu_typo_line_height_mobile":0,"ocean_menu_typo_line_height_unit":"","ocean_menu_typo_spacing":0,"ocean_menu_typo_spacing_tablet":0,"ocean_menu_typo_spacing_mobile":0,"ocean_menu_typo_spacing_unit":"","ocean_menu_link_color":"","ocean_menu_link_color_hover":"","ocean_menu_link_color_active":"","ocean_menu_link_background":"","ocean_menu_link_hover_background":"","ocean_menu_link_active_background":"","ocean_menu_social_links_bg":"","ocean_menu_social_hover_links_bg":"","ocean_menu_social_links_color":"","ocean_menu_social_hover_links_color":"","ocean_disable_title":"default","ocean_disable_heading":"default","ocean_post_title":"","ocean_post_subheading":"","ocean_post_title_style":"","ocean_post_title_background_color":"","ocean_post_title_background":0,"ocean_post_title_bg_image_position":"","ocean_post_title_bg_image_attachment":"","ocean_post_title_bg_image_repeat":"","ocean_post_title_bg_image_size":"","ocean_post_title_height":0,"ocean_post_title_bg_overlay":0.5,"ocean_post_title_bg_overlay_color":"","ocean_disable_breadcrumbs":"default","ocean_breadcrumbs_color":"","ocean_breadcrumbs_separator_color":"","ocean_breadcrumbs_links_color":"","ocean_breadcrumbs_links_hover_color":"","ocean_display_footer_widgets":"default","ocean_display_footer_bottom":"default","ocean_custom_footer_template":"0"},"product_cat":[103,22,111,109],"product_tag":[],"class_list":{"0":"post-5126","1":"product","2":"type-product","3":"status-publish","4":"has-post-thumbnail","6":"product_brand-less-is-more","7":"product_cat-baumes-demelants","8":"product_cat-soins-des-cheveux","9":"product_cat-cheveux-colores","10":"product_cat-cheveux-secs-abimes","12":"entry","13":"has-media","15":"first","16":"instock","17":"taxable","18":"shipping-taxable","19":"purchasable","20":"product-type-simple","21":"has-product-nav","22":"col","23":"span_1_of_4","24":"owp-content-center","25":"owp-thumbs-layout-horizontal","26":"owp-btn-normal","27":"owp-tabs-layout-horizontal","28":"has-no-thumbnails"},"_links":{"self":[{"href":"https:\/\/awesomegreenbeauty.com\/en\/wp-json\/wp\/v2\/product\/5126","targetHints":{"allow":["GET"]}}],"collection":[{"href":"https:\/\/awesomegreenbeauty.com\/en\/wp-json\/wp\/v2\/product"}],"about":[{"href":"https:\/\/awesomegreenbeauty.com\/en\/wp-json\/wp\/v2\/types\/product"}],"version-history":[{"count":0,"href":"https:\/\/awesomegreenbeauty.com\/en\/wp-json\/wp\/v2\/product\/5126\/revisions"}],"wp:featuredmedia":[{"embeddable":true,"href":"https:\/\/awesomegreenbeauty.com\/en\/wp-json\/wp\/v2\/media\/5290"}],"wp:attachment":[{"href":"https:\/\/awesomegreenbeauty.com\/en\/wp-json\/wp\/v2\/media?parent=5126"}],"wp:term":[{"taxonomy":"product_cat","embeddable":true,"href":"https:\/\/awesomegreenbeauty.com\/en\/wp-json\/wp\/v2\/product_cat?post=5126"},{"taxonomy":"product_tag","embeddable":true,"href":"https:\/\/awesomegreenbeauty.com\/en\/wp-json\/wp\/v2\/product_tag?post=5126"}],"curies":[{"name":"wp","href":"https:\/\/api.w.org\/{rel}","templated":true}]}}