{"id":5134,"date":"2022-05-25T15:26:46","date_gmt":"2022-05-25T13:26:46","guid":{"rendered":"https:\/\/mygreenbrands.com\/?post_type=product&#038;p=5134"},"modified":"2026-04-17T18:08:44","modified_gmt":"2026-04-17T16:08:44","slug":"fred-mecene-le-bio-de-teint-fond-de-teint-fluide","status":"publish","type":"product","link":"https:\/\/awesomegreenbeauty.com\/en\/product\/fred-mecene-le-bio-de-teint-fond-de-teint-fluide\/","title":{"rendered":"FRED M\u00c9C\u00c8NE LE BIO DE TEINT &#8211; Fond de teint fluide Bio &#038; Vegan- 30ml"},"content":{"rendered":"<p>Ce fond de teint fluide bio et vegan\u00a0 est compos\u00e9 \u00e0 50% de produits actifs biologiques et 99,5% d\u2019ingr\u00e9dients d\u2019origine naturelle. Formul\u00e9 sans eau, il offre une texture unique fluide avec un effet seconde peau id\u00e9al au fil des saisons.<\/p>\n<p>Le Fred M\u00e9c\u00e8ne <a href=\"https:\/\/awesomegreenbeauty.com\/en\/marques\/fred-mecene\/\" target=\"_blank\" rel=\"noopener\"><strong>fond de teint fluide bio<\/strong><\/a> et vegan est enrichi en eau de tige d\u2019orge et en huiles v\u00e9g\u00e9tales. Ce bio de teint est un v\u00e9ritable concentr\u00e9 de propri\u00e9t\u00e9s antioxydantes, hydratantes, r\u00e9g\u00e9n\u00e9ratrices et fortifiantes.<\/p>\n<p>Le Fred M\u00e9c\u00e8ne fond de teint fluide bio et vegan contient des ingr\u00e9dients particuli\u00e8rement nourrissants sans \u00eatre gras, anti-inflammatoires et hydratants pour une peau souple, un teint uni et un effet seconde peau..<\/p>\n<p><strong>LES INGREDIENTS PRINCIPAUX<\/strong><\/p>\n<p><strong>EXTRAIT DE FLEUR DE <a href=\"https:\/\/www.franceagrimer.fr\/content\/download\/69568\/document\/20220919_Rapport_%C3%A9tude_cosm%C3%A9tique_bio_def.pd\" target=\"_blank\" rel=\"noopener\">CAMOMILLE SAUVAGE <\/a><\/strong>- Rich in essential substances, with healing properties, soothing and antiseptic, it contains an anti-allergen oil, used cosmetology in hypoallergenic product's preparation. Ideal for sensitive and irritated skin.<\/p>\n<p><a href=\"https:\/\/www.naturactive.fr\/plantes-actifs\/cameline-huile?srsltid=AfmBOooH-4f_BqEGmSaLOWxC5QkdsMbsue2myoV5RvCEK9QCm2POCdtO\" target=\"_blank\" rel=\"noopener\"><strong>CAMELINA SEED OIL <\/strong><\/a>- The main particularity of this ingredient is its high concentration in alpha linolenic acid, an essential and very rare Omega 3. When applied to the skin, the camelina oil is excellent for cell renewal and offers a double anti-inflammatory and soothing action. Its regenerating and emollient properties are ideal for combating skin aging.<\/p>\n<p><strong>EVENING PRIMROSE OIL <\/strong>\u2013 Oil cherished by all skin types, it is found in many products. With a high content of linoleic acid (between 8 and 13%), essential for preserving cell walls, it contributes to the suppleness of the skin and to enhance its radiance. Beyond its anti-aging and moisturizing power, it is used to calm eczema attacks and to fight against acne by stimulating the zinc present in the skin.<\/p>\n<p><strong>SUNFLOWER SEED OIL <\/strong>\u2013 Composed mainly of linoleic acid (fatty acid, omega 6), sunflower seed oil provides good hydration to the skin. And that's not to mention its vitamin E content, a powerful antioxidant. Used as an emollient, it softens and relax the skin.<\/p>\n<p><a href=\"https:\/\/goodbeerspa.com\/fr\/avantages-cosmetiques-de-lorge-du-houblon-et-de-la-levure\/\" target=\"_blank\" rel=\"noopener\"><strong>BARLEY STEM WATER<\/strong><\/a>\u2013 Barley stem water has emollient, fortifying and regenerating properties. This vegetable water replaces the water which paradoxically dries the skin.<\/p>\n<p><strong>VITAMIN C <\/strong>For skin glow<\/p>\n<p><strong>VITAMIN E <\/strong>- Fights against skin aging.<\/p>","protected":false},"excerpt":{"rendered":"<p><strong>Fred M\u00e9c\u00e8ne | Fond de teint fluide | 99.5 % d&rsquo;origine naturelle | Bio | <\/strong><b>Vegan<\/b><\/p>\n<p style=\"text-align: left;\">The fluid foundation owns antioxidant, hydrating, regenerating and fortifying properties. Among its assests we also count the Vitamin C for skin glow and Vitamin E, an asset which fights against skin aging.<\/p>\n<p>A 100% natural second skin finish. Nothing to say!<\/p>\n<p><img decoding=\"async\" class=\"\" src=\"https:\/\/cdn.shopify.com\/s\/files\/1\/0869\/8393\/4293\/files\/Cosmebio_2_e18ba4b4-5bac-4cff-bb88-be51ef9e9c47.webp?v=1716902614\" width=\"61\" height=\"73\" \/> \u00a0<img decoding=\"async\" class=\"\" src=\"https:\/\/cdn.shopify.com\/s\/files\/1\/0869\/8393\/4293\/files\/PETA-webp.webp?v=1716902503\" width=\"108\" height=\"72\" \/> \u00a0<img decoding=\"async\" class=\"\" src=\"https:\/\/cdn.shopify.com\/s\/files\/1\/0869\/8393\/4293\/files\/ECOCERT.webp?v=1716902289\" width=\"65\" height=\"65\" \/><\/p>\n<p>&nbsp;<\/p>","protected":false},"featured_media":5881,"template":"","meta":{"ocean_post_layout":"","ocean_both_sidebars_style":"","ocean_both_sidebars_content_width":0,"ocean_both_sidebars_sidebars_width":0,"ocean_sidebar":"0","ocean_second_sidebar":"0","ocean_disable_margins":"enable","ocean_add_body_class":"","ocean_shortcode_before_top_bar":"","ocean_shortcode_after_top_bar":"","ocean_shortcode_before_header":"","ocean_shortcode_after_header":"","ocean_has_shortcode":"","ocean_shortcode_after_title":"","ocean_shortcode_before_footer_widgets":"","ocean_shortcode_after_footer_widgets":"","ocean_shortcode_before_footer_bottom":"","ocean_shortcode_after_footer_bottom":"","ocean_display_top_bar":"default","ocean_display_header":"default","ocean_header_style":"","ocean_center_header_left_menu":"0","ocean_custom_header_template":"0","ocean_custom_logo":0,"ocean_custom_retina_logo":0,"ocean_custom_logo_max_width":0,"ocean_custom_logo_tablet_max_width":0,"ocean_custom_logo_mobile_max_width":0,"ocean_custom_logo_max_height":0,"ocean_custom_logo_tablet_max_height":0,"ocean_custom_logo_mobile_max_height":0,"ocean_header_custom_menu":"0","ocean_menu_typo_font_family":"0","ocean_menu_typo_font_subset":"","ocean_menu_typo_font_size":0,"ocean_menu_typo_font_size_tablet":0,"ocean_menu_typo_font_size_mobile":0,"ocean_menu_typo_font_size_unit":"px","ocean_menu_typo_font_weight":"","ocean_menu_typo_font_weight_tablet":"","ocean_menu_typo_font_weight_mobile":"","ocean_menu_typo_transform":"","ocean_menu_typo_transform_tablet":"","ocean_menu_typo_transform_mobile":"","ocean_menu_typo_line_height":0,"ocean_menu_typo_line_height_tablet":0,"ocean_menu_typo_line_height_mobile":0,"ocean_menu_typo_line_height_unit":"","ocean_menu_typo_spacing":0,"ocean_menu_typo_spacing_tablet":0,"ocean_menu_typo_spacing_mobile":0,"ocean_menu_typo_spacing_unit":"","ocean_menu_link_color":"","ocean_menu_link_color_hover":"","ocean_menu_link_color_active":"","ocean_menu_link_background":"","ocean_menu_link_hover_background":"","ocean_menu_link_active_background":"","ocean_menu_social_links_bg":"","ocean_menu_social_hover_links_bg":"","ocean_menu_social_links_color":"","ocean_menu_social_hover_links_color":"","ocean_disable_title":"default","ocean_disable_heading":"default","ocean_post_title":"","ocean_post_subheading":"","ocean_post_title_style":"","ocean_post_title_background_color":"","ocean_post_title_background":0,"ocean_post_title_bg_image_position":"","ocean_post_title_bg_image_attachment":"","ocean_post_title_bg_image_repeat":"","ocean_post_title_bg_image_size":"","ocean_post_title_height":0,"ocean_post_title_bg_overlay":0.5,"ocean_post_title_bg_overlay_color":"","ocean_disable_breadcrumbs":"default","ocean_breadcrumbs_color":"","ocean_breadcrumbs_separator_color":"","ocean_breadcrumbs_links_color":"","ocean_breadcrumbs_links_hover_color":"","ocean_display_footer_widgets":"default","ocean_display_footer_bottom":"default","ocean_custom_footer_template":"0"},"product_cat":[112,23,88],"product_tag":[],"class_list":{"0":"post-5134","1":"product","2":"type-product","3":"status-publish","4":"has-post-thumbnail","6":"product_brand-fond-de-teint-bio-fred-mecene","7":"product_cat-fonds-de-teint","8":"product_cat-cosmetique","9":"product_cat-peaux-sensibles-reactives","11":"entry","12":"has-media","14":"first","15":"instock","16":"taxable","17":"shipping-taxable","18":"purchasable","19":"product-type-variable","20":"has-product-nav","21":"col","22":"span_1_of_4","23":"owp-content-center","24":"owp-thumbs-layout-horizontal","25":"owp-btn-normal","26":"owp-tabs-layout-horizontal"},"_links":{"self":[{"href":"https:\/\/awesomegreenbeauty.com\/en\/wp-json\/wp\/v2\/product\/5134","targetHints":{"allow":["GET"]}}],"collection":[{"href":"https:\/\/awesomegreenbeauty.com\/en\/wp-json\/wp\/v2\/product"}],"about":[{"href":"https:\/\/awesomegreenbeauty.com\/en\/wp-json\/wp\/v2\/types\/product"}],"version-history":[{"count":0,"href":"https:\/\/awesomegreenbeauty.com\/en\/wp-json\/wp\/v2\/product\/5134\/revisions"}],"wp:featuredmedia":[{"embeddable":true,"href":"https:\/\/awesomegreenbeauty.com\/en\/wp-json\/wp\/v2\/media\/5881"}],"wp:attachment":[{"href":"https:\/\/awesomegreenbeauty.com\/en\/wp-json\/wp\/v2\/media?parent=5134"}],"wp:term":[{"taxonomy":"product_cat","embeddable":true,"href":"https:\/\/awesomegreenbeauty.com\/en\/wp-json\/wp\/v2\/product_cat?post=5134"},{"taxonomy":"product_tag","embeddable":true,"href":"https:\/\/awesomegreenbeauty.com\/en\/wp-json\/wp\/v2\/product_tag?post=5134"}],"curies":[{"name":"wp","href":"https:\/\/api.w.org\/{rel}","templated":true}]}}